{"id":937,"date":"2022-12-17T15:48:37","date_gmt":"2022-12-17T14:48:37","guid":{"rendered":"https:\/\/www.vfl-kirchheim.de\/tischtennis\/\/ti-sm-2023-einladung\/"},"modified":"2023-05-20T17:31:09","modified_gmt":"2023-05-20T15:31:09","slug":"ti-sm-2023-einladung","status":"publish","type":"page","link":"https:\/\/www.vfl-kirchheim.de\/tischtennis\/ti-sm-2023-einladung\/","title":{"rendered":"SM_2023_Einladung"},"content":{"rendered":"<table style=\"height: 28px;\" width=\"750\">\n<tbody>\n<tr>\n<td><span style=\"font-size: 12pt;\"><a title=\"Turnierinfos auf click-tt\" href=\"https:\/\/ttbw.click-tt.de\/cgi-bin\/WebObjects\/nuLigaTTDE.woa\/wa\/tournamentCalendarDetail?tournament=533928&amp;federation=TTBW&amp;date=2023-01-01\" target=\"_blank\" rel=\"noopener noreferrer\">Turnierinfos und Ergebnisse auf click-tt<\/a><\/span><\/td>\n<td style=\"text-align: right;\"><span style=\"font-size: 12pt;\"> <a href=\"https:\/\/www.vfl-kirchheim.de\/tischtennis\/\/ti-sm-2023-uebersicht\/\">zur\u00fcck zur \u00dcbersicht<\/a><\/span><\/td>\n<\/tr>\n<\/tbody>\n<\/table>\n<p><span style=\"font-size: 12pt;\"><span style=\"font-size: 12pt;\"><strong><br \/><span style=\"color: #000000;\"><span style=\"font-size: 18pt;\">Einladung zu den 55. Kirchheimer Stadtmeisterschaften <\/span><span style=\"font-size: medium;\"><span style=\"font-size: 18pt;\">2023<\/span><br \/><\/span><\/span><\/strong><\/span><\/span><\/p>\n<table style=\"height: 1604px;\" width=\"750\">\n<tbody>\n<tr>\n<td style=\"width: 150px;\" scope=\"col\">\u00a0<\/td>\n<td style=\"text-align: right;\">\u00a0<\/td>\n<\/tr>\n<tr>\n<td style=\"width: 150px;\" scope=\"col\"><strong>Austragungsort<\/strong><\/td>\n<td>Sporthalle des Ludwig-Uhland-Gymnasiums Kirchheim, Hahnweidstr. 30<\/td>\n<\/tr>\n<tr>\n<td style=\"width: 150px;\" scope=\"col\"><strong>Termin<\/strong><\/td>\n<td><span style=\"color: #000042;\">07. und 08. Januar 2023<\/span><\/td>\n<\/tr>\n<tr>\n<td style=\"width: 150px;\" scope=\"col\"><strong>Teilnehmer<\/strong><\/td>\n<td style=\"vertical-align: top;\">Teilnahmeberechtigt sind alle Spielerinnen und Spieler, die einem Verein des TTBW angeh\u00f6ren und <br \/>dort in der Vorrunde 2022-2023 in einer Mannschaft gemeldet waren, sowie eingeladene SpielerInnen<\/td>\n<\/tr>\n<tr>\n<td style=\"width: 150px;\" scope=\"col\"><strong>Austragungssystem<\/strong><\/td>\n<td style=\"vertical-align: top;\">Alle Doppelkonkurrenzen werden im einfachen KO-System ausgetragen. In den Einzelkonkurrenzen wird zun\u00e4chst in Gruppen mit 4-5 Teilnehmern gespielt. Die beiden Erstplazierten jeder Gruppe qualifizieren sich f\u00fcr die Endrunde, die dann im einfachen KO-System ausgetragen wird. Dritte Pl\u00e4tze werden nicht ausgespielt.<\/td>\n<\/tr>\n<tr>\n<td style=\"width: 150px;\" scope=\"col\"><strong>Turnierklassen<\/strong><\/td>\n<td>\n<table width=\"487\">\n<tbody>\n<tr>\n<td width=\"188\">M\u00e4dchen U15:<\/td>\n<td width=\"299\">1.1.08 und j\u00fcnger<\/td>\n<\/tr>\n<tr>\n<td width=\"188\">Jungen U15 B:<\/td>\n<td width=\"299\">1.1.08 und j\u00fcnger QTTR bis 950<\/td>\n<\/tr>\n<tr>\n<td width=\"188\">Jungen U15 A:<\/td>\n<td width=\"299\">1.1.08 und j\u00fcnger QTTR ab 951 und h\u00f6her<\/td>\n<\/tr>\n<tr>\n<td width=\"188\">M\u00e4dchen U19:<\/td>\n<td width=\"299\">1.1.04 und j\u00fcnger<\/td>\n<\/tr>\n<tr>\n<td width=\"188\">Jungen U19 B:<\/td>\n<td width=\"299\">1.1.04 und j\u00fcnger QTTR bis 1050<\/td>\n<\/tr>\n<tr>\n<td width=\"188\">Jungen U19 A:<\/td>\n<td width=\"299\">1.1.04 und j\u00fcnger QTTR ab 1051 und h\u00f6her<\/td>\n<\/tr>\n<tr>\n<td width=\"188\">Damen A-Klasse<\/td>\n<td width=\"299\">QTTR-Wert 1301 und h\u00f6her<\/td>\n<\/tr>\n<tr>\n<td width=\"188\">Damen B-Klasse<\/td>\n<td width=\"299\">QTTR-Wert bis 1300<\/td>\n<\/tr>\n<tr>\n<td width=\"188\">Herren A-Klasse<\/td>\n<td width=\"299\">QTTR-Wert 1701 und h\u00f6her<\/td>\n<\/tr>\n<tr>\n<td width=\"188\">Herren B-Klasse<\/td>\n<td width=\"299\">QTTR-Wert 1551 &#8211; 1700<\/td>\n<\/tr>\n<tr>\n<td width=\"188\">Herren C-Klasse<\/td>\n<td width=\"299\">QTTR-Wert 1351 &#8211; 1550<\/td>\n<\/tr>\n<tr>\n<td width=\"188\">Herren D-Klasse<\/td>\n<td width=\"299\">QTTR-Wert bis 1350<\/td>\n<\/tr>\n<\/tbody>\n<\/table>\n<\/td>\n<\/tr>\n<tr>\n<td><strong>Hinweise<\/strong><\/td>\n<td>\n<table style=\"height: 182px;\" width=\"500\">\n<tbody>\n<tr style=\"height: 28px;\">\n<td style=\"height: 28px; width: 494px;\">Die Einzelkonkurrenzen sind TTR-relevant!<\/td>\n<\/tr>\n<tr style=\"height: 28px;\">\n<td style=\"height: 28px; width: 494px;\">Die Setzung erfolgt anhand der QTTR-Rangliste, Stichtag 11.12.2022.<\/td>\n<\/tr>\n<tr style=\"height: 47.7833px;\">\n<td style=\"height: 47.7833px; width: 494px;\">Auf Wunsch kann bei den Erwachsenen in der gem\u00e4\u00df QTTR-Wert unmittelbar dar\u00fcberliegenden Turnierklasse gestartet werden.<\/td>\n<\/tr>\n<tr style=\"height: 28px;\">\n<td style=\"height: 28px; width: 494px;\">An einem Turniertag darf nur in einer Turnierklasse gespielt werden.<\/td>\n<\/tr>\n<tr style=\"height: 28px;\">\n<td style=\"height: 28px; width: 494px;\">In den Jugendklassen U15 und U19 werden nur Einzelwettbewerbe ausgetragen.<\/td>\n<\/tr>\n<\/tbody>\n<\/table>\n<\/td>\n<\/tr>\n<tr>\n<td><strong>Zeitplan<\/strong><\/td>\n<td>\n<table style=\"height: 333px;\" width=\"542\">\n<tbody>\n<tr>\n<td width=\"142\"><strong>Samstag, 7.1.2023<\/strong><\/td>\n<td style=\"width: 100px;\" scope=\"col\" width=\"175\">09.00 Uhr<\/td>\n<td width=\"269\">M\u00e4dchen 15 Einzel <br \/>Jungen 15 B und Jungen 15 A Einzel<\/td>\n<\/tr>\n<tr>\n<td>\u00a0<\/td>\n<td style=\"width: 100px;\" scope=\"col\">11.00 Uhr<\/td>\n<td>M\u00e4dchen 19 Einzel <br \/>Jungen 19 B und Jungen 19 A Einzel<\/td>\n<\/tr>\n<tr>\n<td>\u00a0<\/td>\n<td style=\"width: 100px;\" scope=\"col\">13.30 Uhr<\/td>\n<td>Herren D-Klasse Doppel<\/td>\n<\/tr>\n<tr>\n<td>\u00a0<\/td>\n<td style=\"width: 100px;\" scope=\"col\">14.00 Uhr<\/td>\n<td>Herren B-Klasse\u00a0Doppel<\/td>\n<\/tr>\n<tr>\n<td>\u00a0<\/td>\n<td style=\"width: 100px;\" scope=\"col\">15.00 Uhr<\/td>\n<td>Herren D-Klasse Einzel<\/td>\n<\/tr>\n<tr>\n<td>\u00a0<\/td>\n<td style=\"width: 100px;\" scope=\"col\">15.30 Uhr<\/td>\n<td>Herren B-Klasse Einzel<\/td>\n<\/tr>\n<tr>\n<td><strong>Sonntag, 8.1.2023<\/strong><\/td>\n<td style=\"width: 100px;\" scope=\"col\">09.00 Uhr<\/td>\n<td>Herren C-Klasse Doppel<\/td>\n<\/tr>\n<tr>\n<td>\u00a0<\/td>\n<td style=\"width: 100px;\" scope=\"col\">10.00 Uhr<\/td>\n<td>Mixed Aktive<\/td>\n<\/tr>\n<tr>\n<td>\u00a0<\/td>\n<td style=\"width: 100px;\" scope=\"col\">10.30 Uhr<\/td>\n<td>Herren C-Klasse Einzel<\/td>\n<\/tr>\n<tr>\n<td>\u00a0<\/td>\n<td style=\"width: 100px;\" scope=\"col\">12.00 Uhr<\/td>\n<td>Damen B-, Damen A-, Herren A-Klasse Doppel<\/td>\n<\/tr>\n<tr>\n<td>\u00a0<\/td>\n<td style=\"width: 100px;\" scope=\"col\">13.15 Uhr<\/td>\n<td>Damen B- und Damen A-Klasse Einzel<\/td>\n<\/tr>\n<tr>\n<td>\u00a0<\/td>\n<td style=\"width: 100px;\" scope=\"col\">14.00 Uhr<\/td>\n<td>Herren A-Klasse Einzel<\/td>\n<\/tr>\n<\/tbody>\n<\/table>\n<\/td>\n<\/tr>\n<tr>\n<td><strong>Meldungen<\/strong><\/td>\n<td>Bis Donnerstag, <strong>05.01.2023, 23.59 Uhr<\/strong> online \u00fcber <a title=\"mytischtennis.de\" href=\"https:\/\/www.mytischtennis.de\/community\/tournament?fromlogin=1&amp;tournamentId=533928\" target=\"_blank\" rel=\"noopener noreferrer\">mytischtennis.de<\/a>\u00a0oder per Mail an rike.goelz@web.de.<br \/>Jede per Mail erfolgte Meldung wird best\u00e4tigt und gilt dann als eingegangen.<br \/>Bei R\u00fcckfragen: rike.goelz@web.de oder Tel.: 07021 &#8211; 807101 oder 0177 &#8211; 2389441.<\/td>\n<\/tr>\n<tr>\n<td><strong>Startgeld<\/strong><\/td>\n<td>\n<table width=\"444\">\n<tbody>\n<tr>\n<td colspan=\"2\" width=\"444\">Jeweils pro Teilnehmer und Turnierklasse:<\/td>\n<\/tr>\n<tr>\n<td>M\u00e4dchen und Jungen U15<\/td>\n<td>5,00 \u20ac<\/td>\n<\/tr>\n<tr>\n<td>M\u00e4dchen und Jungen U19<\/td>\n<td>6,00 \u20ac<\/td>\n<\/tr>\n<tr>\n<td>Damen und Herren Einzel<\/td>\n<td>8,00 \u20ac<\/td>\n<\/tr>\n<tr>\n<td>Damen und Herren Doppel<\/td>\n<td>2,00 \u20ac<\/td>\n<\/tr>\n<tr>\n<td>Mixed Aktive<\/td>\n<td>2,00 \u20ac<\/td>\n<\/tr>\n<\/tbody>\n<\/table>\n<\/td>\n<\/tr>\n<tr>\n<td><strong>Urkunden, Preise<\/strong><\/td>\n<td>Die vier Erstplatzierten jeder Klasse erhalten Urkunden, die vier Erstplatzierten der Einzelkonkurrenzen erhalten zus\u00e4tzlich Geld- bzw. Sachpreise.<\/td>\n<\/tr>\n<tr>\n<td><strong>Sponsoren<\/strong><\/td>\n<td>Das Preisgeld f\u00fcr die Herren A-Klasse wird gesponsert von: <br \/><strong>SV SparkassenVersicherung<\/strong> Gebietsdirektion Owen Schmid-Raichle \u2219 Precker GbR Das Preisgeld f\u00fcr die Damen A-Klasse wird gesponsert von: <br \/><strong>Augenoptik im Alten Haus,<\/strong> Dettinger Str. 2, 73230 Kirchheim\/Teck <br \/>Das Preisgeld f\u00fcr die Herren B-Klasse wird gesponsert von: <br \/><strong>Zahnarztpraxis Herrmann &amp; Kollegen<\/strong>, Wellingstr. 20, 73230 Kirchheim\/Teck<\/td>\n<\/tr>\n<tr>\n<td><strong> Verpflegung<\/strong><\/td>\n<td>W\u00e4hrend der beiden Turniertage ist f\u00fcr die Verpflegung bestens gesorgt.<\/td>\n<\/tr>\n<tr>\n<td><strong>Weitere Details<\/strong><\/td>\n<td style=\"text-align: left;\"><a title=\"Ausschreibung\" href=\"https:\/\/ttbw.click-tt.de\/pdfuploads\/2022\/2023\/533928\/2022-12-15-22-16-28\/Ausschreibung.pdf\" target=\"_blank\" rel=\"noopener noreferrer\">Ausschreibung<\/a><\/td>\n<\/tr>\n<tr>\n<td>\u00a0<\/td>\n<td style=\"text-align: left;\">\u00a0<\/td>\n<\/tr>\n<tr>\n<td>\u00a0<\/td>\n<td style=\"text-align: left;\"><span style=\"font-size: 12pt;\"><a title=\"Zu den Stadtmeisterschaften 2020\" href=\"https:\/\/www.vfl-kirchheim.de\/tischtennis\/\/ti-sm-2020-uebersicht\/\">Zu den Stadtmeisterschaften 2020<\/a><\/span><\/td>\n<\/tr>\n<\/tbody>\n<\/table>\n","protected":false},"excerpt":{"rendered":"<p>Turnierinfos und Ergebnisse auf click-tt zur\u00fcck zur \u00dcbersicht Einladung zu den 55. Kirchheimer Stadtmeisterschaften 2023 \u00a0 \u00a0 Austragungsort Sporthalle des Ludwig-Uhland-Gymnasiums Kirchheim, Hahnweidstr. 30 Termin 07. und 08. Januar 2023 Teilnehmer Teilnahmeberechtigt sind alle Spielerinnen und Spieler, die einem Verein des TTBW angeh\u00f6ren und dort in der Vorrunde 2022-2023 in einer Mannschaft gemeldet waren, sowie [&hellip;]<\/p>\n","protected":false},"author":1,"featured_media":0,"parent":0,"menu_order":1002,"comment_status":"closed","ping_status":"closed","template":"","meta":{"_et_pb_use_builder":"","_et_pb_old_content":"","_et_gb_content_width":"","ngg_post_thumbnail":0},"_links":{"self":[{"href":"https:\/\/www.vfl-kirchheim.de\/tischtennis\/wp-json\/wp\/v2\/pages\/937"}],"collection":[{"href":"https:\/\/www.vfl-kirchheim.de\/tischtennis\/wp-json\/wp\/v2\/pages"}],"about":[{"href":"https:\/\/www.vfl-kirchheim.de\/tischtennis\/wp-json\/wp\/v2\/types\/page"}],"author":[{"embeddable":true,"href":"https:\/\/www.vfl-kirchheim.de\/tischtennis\/wp-json\/wp\/v2\/users\/1"}],"replies":[{"embeddable":true,"href":"https:\/\/www.vfl-kirchheim.de\/tischtennis\/wp-json\/wp\/v2\/comments?post=937"}],"version-history":[{"count":2,"href":"https:\/\/www.vfl-kirchheim.de\/tischtennis\/wp-json\/wp\/v2\/pages\/937\/revisions"}],"predecessor-version":[{"id":1419,"href":"https:\/\/www.vfl-kirchheim.de\/tischtennis\/wp-json\/wp\/v2\/pages\/937\/revisions\/1419"}],"wp:attachment":[{"href":"https:\/\/www.vfl-kirchheim.de\/tischtennis\/wp-json\/wp\/v2\/media?parent=937"}],"curies":[{"name":"wp","href":"https:\/\/api.w.org\/{rel}","templated":true}]}}