{"id":936,"date":"2022-09-18T22:30:31","date_gmt":"2022-09-18T20:30:31","guid":{"rendered":"https:\/\/www.vfl-kirchheim.de\/tischtennis\/\/ti-saison-22-23-u15\/"},"modified":"2023-05-20T17:31:27","modified_gmt":"2023-05-20T15:31:27","slug":"ti-saison-22-23-u15","status":"publish","type":"page","link":"https:\/\/www.vfl-kirchheim.de\/tischtennis\/ti-saison-22-23-u15\/","title":{"rendered":"Saison_22-23_U15"},"content":{"rendered":"<p style=\"text-align: left;\"><span style=\"font-size: 18pt;\"><span style=\"font-size: 24pt;\"><strong>Jungen 15<\/strong><\/span>\u00a0&#8211;\u00a0Bezirksklasse\u00a0 2022-23\u00a0\u00a0<\/span><\/p>\n<div style=\"text-align: right;\"><span style=\"font-size: 14pt;\"><a href=\"https:\/\/www.vfl-kirchheim.de\/tischtennis\/\/ti-mannschaften-22-23\/\">Zur\u00fcck zur \u00dcbersicht<\/a><\/span><br \/><img decoding=\"async\" loading=\"lazy\" class=\" size-full wp-image-732\" style=\"display: block; margin-left: auto; margin-right: auto;\" src=\"https:\/\/www.vfl-kirchheim.de\/tischtennis\/\/wp-content\/uploads\/2018\/09\/U15_Team_klein.jpg\" alt=\"\" width=\"534\" height=\"400\" srcset=\"https:\/\/www.vfl-kirchheim.de\/tischtennis\/wp-content\/uploads\/2018\/09\/U15_Team_klein.jpg 534w, https:\/\/www.vfl-kirchheim.de\/tischtennis\/wp-content\/uploads\/2018\/09\/U15_Team_klein-300x225.jpg 300w\" sizes=\"(max-width: 534px) 100vw, 534px\" \/><\/div>\n<div style=\"text-align: center;\">Carlo, Anh-Quan, Fabian, Daniel, Arne<\/div>\n<p><span style=\"font-size: 14pt;\"><strong>Aufstellung<\/strong><\/span><\/p>\n<table style=\"border-color: #eaff00; height: 155px; margin-left: auto; margin-right: auto;\" width=\"359\" rules=\"none\" cellspacing=\"20\">\n<thead>\n<tr style=\"background-color: #fff700; height: 23px;\">\n<td style=\"width: 81px; height: 23px;\"><span style=\"font-size: 12pt; font-family: arial, helvetica, sans-serif;\"><strong>Rang<\/strong><\/span><\/td>\n<td style=\"width: 81px; height: 23px;\"><span style=\"font-size: 12pt; font-family: arial, helvetica, sans-serif;\"><strong>Q-TTR<\/strong><\/span><\/td>\n<td style=\"width: 181px; height: 23px;\"><span style=\"font-size: 12pt; font-family: arial, helvetica, sans-serif;\"><strong>Name, Vorname<\/strong><\/span><\/td>\n<\/tr>\n<\/thead>\n<tbody>\n<tr style=\"height: 17.5px;\">\n<td style=\"background-color: #e6e6e6; height: 17.5px; width: 81px; text-align: center;\"><span style=\"font-size: 12pt; font-family: arial, helvetica, sans-serif;\">1<\/span><\/td>\n<td style=\"background-color: #e6e6e6; height: 17.5px; width: 81px; text-align: center;\"><span style=\"font-family: arial, helvetica, sans-serif;\"><span style=\"font-size: 16px;\">877<\/span><\/span><\/td>\n<td style=\"background-color: #e6e6e6; height: 17.5px; width: 181px;\"><span style=\"font-size: 12pt;\">Nieters, Daniel<\/span><\/td>\n<\/tr>\n<tr style=\"height: 23px;\">\n<td style=\"width: 81px; height: 23px; text-align: center;\"><span style=\"font-size: 12pt; font-family: arial, helvetica, sans-serif;\">2<\/span><\/td>\n<td style=\"width: 81px; height: 23px; text-align: center;\"><span style=\"font-size: 12pt; font-family: arial, helvetica, sans-serif;\">&#8211;<\/span><\/td>\n<td style=\"width: 181px; height: 23px;\"><span style=\"font-size: 12pt;\">Nguyen, Anh-Quan<\/span><\/td>\n<\/tr>\n<tr style=\"height: 23px;\">\n<td style=\"background-color: #e6e6e6; height: 23px; width: 81px; text-align: center;\"><span style=\"font-size: 12pt; font-family: arial, helvetica, sans-serif;\">3<\/span><\/td>\n<td style=\"background-color: #e6e6e6; height: 23px; width: 81px; text-align: center;\"><span style=\"font-size: 12pt;\"><span style=\"font-family: arial, helvetica, sans-serif;\">&#8211;<\/span><\/span><\/td>\n<td style=\"background-color: #e6e6e6; height: 23px; width: 181px;\"><span style=\"font-size: 12pt;\">Spieth, Arne<\/span><\/td>\n<\/tr>\n<tr style=\"height: 23px;\">\n<td style=\"width: 81px; height: 23px; text-align: center;\"><span style=\"font-size: 12pt; font-family: arial, helvetica, sans-serif;\">4<\/span><\/td>\n<td style=\"width: 81px; height: 23px; text-align: center;\"><span style=\"font-size: 12pt; font-family: arial, helvetica, sans-serif;\">810<\/span><\/td>\n<td style=\"width: 181px; height: 23px;\"><span style=\"font-size: 12pt;\">Vetter, Fabian<\/span><\/td>\n<\/tr>\n<tr style=\"height: 23px;\">\n<td style=\"background-color: #e6e6e6; text-align: center;\"><span style=\"font-size: 12pt; font-family: arial, helvetica, sans-serif;\">5<\/span><\/td>\n<td style=\"background-color: #e6e6e6; text-align: center;\"><span style=\"font-size: 12pt; font-family: arial, helvetica, sans-serif;\">&#8211;<\/span><\/td>\n<td style=\"background-color: #e6e6e6;\"><span style=\"font-size: 12pt;\">Spieth, Carlo<\/span><\/td>\n<\/tr>\n<tr style=\"height: 23px;\">\n<td style=\"width: 81px; height: 23px; text-align: center;\"><span style=\"font-size: 12pt; font-family: arial, helvetica, sans-serif;\">6<\/span><\/td>\n<td style=\"width: 81px; height: 23px; text-align: center;\"><span style=\"font-size: 12pt; font-family: arial, helvetica, sans-serif;\">806<\/span><\/td>\n<td style=\"width: 181px; height: 23px;\"><span style=\"font-size: 12pt;\">B\u00f6hringer, Hannes<\/span><\/td>\n<\/tr>\n<\/tbody>\n<\/table>\n<p><\/p>\n<div style=\"text-align: right;\"><span style=\"font-size: 14pt;\"><a title=\"Tabelle und Spielplan RR\" href=\"https:\/\/www.mytischtennis.de\/clicktt\/TTBW\/22-23\/ligen\/Bezirksklasse-Gr-1-RR\/gruppe\/433475\/tabelle\/gesamt\" target=\"_blank\" rel=\"noopener noreferrer\">Tabelle und Spielplan RR<br \/><\/a><a title=\"Tabelle und Spielplan VR\" href=\"https:\/\/www.mytischtennis.de\/clicktt\/TTBW\/22-23\/ligen\/Jungen-15-Bezirksklasse-Gr-1-VR\/gruppe\/425870\/tabelle\/gesamt\/\" target=\"_blank\" rel=\"noopener noreferrer\">Tabelle und Spielplan VR<\/a><\/span><\/div>\n<p><strong><span style=\"font-size: 14pt;\"><br \/>R\u00fcckblick 2021-22<br \/><\/span><\/strong>Die U15 konnte in der letzten Runde in der Bezirksklasse nach der Vorrunde den zweiten Platz belegen. Diese Leistung ist umso mehr zu w\u00fcrdigen, da f\u00fcr fast alle Spiele der verletzte Lukas Ritter ersetzt werden musste und dadurch auch Fabian und Hannes zu ihren ersten Mannschafts-Eins\u00e4tzen kamen. Neben der normalen Runde war die U15 auch bei den Bezirksmannschaftsmeisterschaften souver\u00e4n erfolgreich und holte sich auch den Bezirkspokal. Bei diesen Wettbewerben wurde die Mannschaft durch Sebastian, Lukas Br\u00fcckner und Kilian verst\u00e4rkt, die im Bezirk in der U15 konkurrenzlos sind.<\/p>\n<p><span style=\"font-size: 14pt;\"><span style=\"font-size: 14pt;\"><strong>Vorschau 2022-23<\/strong><\/span><\/span><\/p>\n<p style=\"margin: 0cm 0cm 10pt;\">In der kommenden Saison wird sich die Mannschaft extrem verj\u00fcngen, denn nur noch Daniel als neue Nummer eins bleibt von der letztj\u00e4hrigen Stamm-Mannschaft erhalten. Neben Fabian und Hannes dr\u00e4ngen unsere sehr jungen Talente Anh-Quan, Arne und Carlo in die Mannschaft und wenn die Entwicklung so weitergeht wie im letzten Jahr und der Trainingseifer anh\u00e4lt, wird uns diese Mannschaft noch viel Freude machen.<\/p>\n","protected":false},"excerpt":{"rendered":"<p>Jungen 15\u00a0&#8211;\u00a0Bezirksklasse\u00a0 2022-23\u00a0\u00a0 Zur\u00fcck zur \u00dcbersicht Carlo, Anh-Quan, Fabian, Daniel, Arne Aufstellung Rang Q-TTR Name, Vorname 1 877 Nieters, Daniel 2 &#8211; Nguyen, Anh-Quan 3 &#8211; Spieth, Arne 4 810 Vetter, Fabian 5 &#8211; Spieth, Carlo 6 806 B\u00f6hringer, Hannes Tabelle und Spielplan RRTabelle und Spielplan VR R\u00fcckblick 2021-22Die U15 konnte in der letzten Runde [&hellip;]<\/p>\n","protected":false},"author":1,"featured_media":732,"parent":0,"menu_order":1003,"comment_status":"closed","ping_status":"closed","template":"","meta":{"_et_pb_use_builder":"","_et_pb_old_content":"","_et_gb_content_width":"","ngg_post_thumbnail":0},"_links":{"self":[{"href":"https:\/\/www.vfl-kirchheim.de\/tischtennis\/wp-json\/wp\/v2\/pages\/936"}],"collection":[{"href":"https:\/\/www.vfl-kirchheim.de\/tischtennis\/wp-json\/wp\/v2\/pages"}],"about":[{"href":"https:\/\/www.vfl-kirchheim.de\/tischtennis\/wp-json\/wp\/v2\/types\/page"}],"author":[{"embeddable":true,"href":"https:\/\/www.vfl-kirchheim.de\/tischtennis\/wp-json\/wp\/v2\/users\/1"}],"replies":[{"embeddable":true,"href":"https:\/\/www.vfl-kirchheim.de\/tischtennis\/wp-json\/wp\/v2\/comments?post=936"}],"version-history":[{"count":2,"href":"https:\/\/www.vfl-kirchheim.de\/tischtennis\/wp-json\/wp\/v2\/pages\/936\/revisions"}],"predecessor-version":[{"id":1420,"href":"https:\/\/www.vfl-kirchheim.de\/tischtennis\/wp-json\/wp\/v2\/pages\/936\/revisions\/1420"}],"wp:featuredmedia":[{"embeddable":true,"href":"https:\/\/www.vfl-kirchheim.de\/tischtennis\/wp-json\/wp\/v2\/media\/732"}],"wp:attachment":[{"href":"https:\/\/www.vfl-kirchheim.de\/tischtennis\/wp-json\/wp\/v2\/media?parent=936"}],"curies":[{"name":"wp","href":"https:\/\/api.w.org\/{rel}","templated":true}]}}