{"id":933,"date":"2022-09-17T09:14:54","date_gmt":"2022-09-17T07:14:54","guid":{"rendered":"https:\/\/www.vfl-kirchheim.de\/tischtennis\/\/ti-saison-22-23-u19-2\/"},"modified":"2023-05-20T17:31:52","modified_gmt":"2023-05-20T15:31:52","slug":"ti-saison-22-23-u19-2","status":"publish","type":"page","link":"https:\/\/www.vfl-kirchheim.de\/tischtennis\/ti-saison-22-23-u19-2\/","title":{"rendered":"Saison_22-23_U19-2"},"content":{"rendered":"<p style=\"text-align: left;\"><span style=\"font-size: 18pt;\"><span style=\"font-size: 24pt;\"><strong>Jungen 19-2<\/strong><\/span>\u00a0&#8211;\u00a0Bezirksliga \u00a02022-23\u00a0\u00a0<\/span><\/p>\n<div style=\"text-align: right;\"><span style=\"font-size: 14pt;\"><a href=\"https:\/\/www.vfl-kirchheim.de\/tischtennis\/\/ti-mannschaften-22-23\/\">Zur\u00fcck zur \u00dcbersicht<\/a><\/span><br \/><img decoding=\"async\" class=\" size-full wp-image-932\" style=\"display: block; margin-left: auto; margin-right: auto;\" src=\"https:\/\/www.vfl-kirchheim.de\/tischtennis\/\/wp-content\/uploads\/2022\/09\/U19-2_Team_klein.jpg\" width=\"600\" srcset=\"https:\/\/www.vfl-kirchheim.de\/tischtennis\/wp-content\/uploads\/2022\/09\/U19-2_Team_klein.jpg 591w, https:\/\/www.vfl-kirchheim.de\/tischtennis\/wp-content\/uploads\/2022\/09\/U19-2_Team_klein-300x225.jpg 300w\" sizes=\"(max-width: 591px) 100vw, 591px\" \/><\/div>\n<div style=\"text-align: center;\">Simon K., Simon G., Simon N., Lukas R.<\/div>\n<p><span style=\"font-size: 14pt;\"><strong>Aufstellung<\/strong><\/span><\/p>\n<table style=\"border-color: #eaff00; height: 155px; margin-left: auto; margin-right: auto;\" width=\"359\" rules=\"none\" cellspacing=\"20\">\n<thead>\n<tr style=\"background-color: #fff700; height: 23px;\">\n<td style=\"width: 81px; height: 23px;\"><span style=\"font-size: 12pt; font-family: arial, helvetica, sans-serif;\"><strong>Rang<\/strong><\/span><\/td>\n<td style=\"width: 81px; height: 23px;\"><span style=\"font-size: 12pt; font-family: arial, helvetica, sans-serif;\"><strong>Q-TTR<\/strong><\/span><\/td>\n<td style=\"width: 181px; height: 23px;\"><span style=\"font-size: 12pt; font-family: arial, helvetica, sans-serif;\"><strong>Name, Vorname<\/strong><\/span><\/td>\n<\/tr>\n<\/thead>\n<tbody>\n<tr style=\"height: 17.5px;\">\n<td style=\"background-color: #e6e6e6; height: 17.5px; width: 81px; text-align: center;\"><span style=\"font-size: 12pt; font-family: arial, helvetica, sans-serif;\">1<\/span><\/td>\n<td style=\"background-color: #e6e6e6; height: 17.5px; width: 81px; text-align: center;\"><span style=\"font-size: 12pt; font-family: arial, helvetica, sans-serif;\">1093<\/span><\/td>\n<td style=\"background-color: #e6e6e6; height: 17.5px; width: 181px;\"><span style=\"font-size: 12pt;\">Nieters, Simon<\/span><\/td>\n<\/tr>\n<tr style=\"height: 23px;\">\n<td style=\"width: 81px; height: 23px; text-align: center;\"><span style=\"font-size: 12pt; font-family: arial, helvetica, sans-serif;\">2<\/span><\/td>\n<td style=\"width: 81px; height: 23px; text-align: center;\"><span style=\"font-size: 12pt; font-family: arial, helvetica, sans-serif;\">993<\/span><\/td>\n<td style=\"width: 181px; height: 23px;\"><span style=\"font-size: 12pt;\">Kaczmarek, Simon<\/span><\/td>\n<\/tr>\n<tr style=\"height: 23px;\">\n<td style=\"background-color: #e6e6e6; height: 23px; width: 81px; text-align: center;\"><span style=\"font-size: 12pt; font-family: arial, helvetica, sans-serif;\">3<\/span><\/td>\n<td style=\"background-color: #e6e6e6; height: 23px; width: 81px; text-align: center;\"><span style=\"font-size: 12pt;\"><span style=\"font-family: arial, helvetica, sans-serif;\">999<\/span><\/span><\/td>\n<td style=\"background-color: #e6e6e6; height: 23px; width: 181px;\"><span style=\"font-size: 12pt;\">G\u00f6lz, Simon<\/span><\/td>\n<\/tr>\n<tr style=\"height: 23px;\">\n<td style=\"width: 81px; height: 23px; text-align: center;\"><span style=\"font-size: 12pt; font-family: arial, helvetica, sans-serif;\">4<\/span><\/td>\n<td style=\"width: 81px; height: 23px; text-align: center;\"><span style=\"font-size: 12pt; font-family: arial, helvetica, sans-serif;\">992<\/span><\/td>\n<td style=\"width: 181px; height: 23px;\"><span style=\"font-size: 12pt;\">Ritter, Lukas<\/span><\/td>\n<\/tr>\n<\/tbody>\n<\/table>\n<p><\/p>\n<div style=\"text-align: right;\"><span style=\"font-size: 14pt;\"><a title=\"Tabelle und Spielplan RR\" href=\"https:\/\/www.mytischtennis.de\/clicktt\/TTBW\/22-23\/ligen\/Bezirksliga-Gr-1-RR\/gruppe\/433454\/tabelle\/gesamt\/\" target=\"_blank\" rel=\"noopener noreferrer\">Tabelle und Spielplan RR<\/a><br \/><a href=\"https:\/\/www.mytischtennis.de\/clicktt\/TTBW\/22-23\/ligen\/Bezirksliga-Gr-1-VR\/gruppe\/425854\/tabelle\/gesamt\/\" target=\"_blank\" rel=\"noopener noreferrer\">Tabelle und Spielplan VR<\/a><\/span><\/div>\n<p><strong><span style=\"font-size: 14pt;\"><br \/>R\u00fcckblick 2021-22<\/span><\/strong><br \/>Die U18-2 konnte sich in der letzten Runde in der Bezirksliga gut behaupten, die allerdings nur aus 4 Teams bestand. Aufgrund des Zusammenschlusses mit dem Bezirk Staufen auf dem Niveau der Bezirksliga sollten eigentlich zwei Halbrunden mit Auf- und Absteigern gespielt werden. Corona hat da einen Strich durch die Rechnung gemacht und es konnte nur eine Halbrunde gespielt werden. Die Jungs aus Kirchheim konnten einen Nicht-Abstiegsplatz ergattern und somit darf die neu formierte U19-2 wieder in der Bezirksliga starten.<\/p>\n<p><span style=\"font-size: 14pt;\"><span style=\"font-size: 14pt;\"><strong>Vorschau 2022-23<\/strong><\/span><\/span><\/p>\n<p style=\"margin: 0cm 0cm 10pt;\">Neben der Nummer eins Simon Nieters sto\u00dfen nun die erfolgreichen U15 Bezirksmannschaftsmeister Lukas Ritter und Simon G\u00f6lz neu dazu. Ebenso neu in der Mannschaft ist Simon Kaczmarek, der als Erster der U13 Bezirksrangliste von der TG N\u00fcrtingen zum VfL wechselt. Diese schlagkr\u00e4ftige Truppe wird in der n\u00e4chsten Saison auch gegen die besten Teams des Bezirks Staufen antreten m\u00fcssen, da ab diesem Jahr die Bezirke Esslingen und Staufen wie geplant eine gemeinsame Bezirksliga bilden werden. Die Konkurrenz ist stark und es wird bei den trainingsflei\u00dfigen Jungs aus Kirchheim das Ziel sein, einen Platz im Mittelfeld zu ergattern und nicht in Abstiegsgefahr zu geraten. Favoriten auf den Titel sind der TSV Wendlingen und der TGV Ro\u00dfw\u00e4lden.<\/p>\n","protected":false},"excerpt":{"rendered":"<p>Jungen 19-2\u00a0&#8211;\u00a0Bezirksliga \u00a02022-23\u00a0\u00a0 Zur\u00fcck zur \u00dcbersicht Simon K., Simon G., Simon N., Lukas R. Aufstellung Rang Q-TTR Name, Vorname 1 1093 Nieters, Simon 2 993 Kaczmarek, Simon 3 999 G\u00f6lz, Simon 4 992 Ritter, Lukas Tabelle und Spielplan RRTabelle und Spielplan VR R\u00fcckblick 2021-22Die U18-2 konnte sich in der letzten Runde in der Bezirksliga gut [&hellip;]<\/p>\n","protected":false},"author":1,"featured_media":932,"parent":0,"menu_order":1005,"comment_status":"closed","ping_status":"closed","template":"","meta":{"_et_pb_use_builder":"","_et_pb_old_content":"","_et_gb_content_width":"","ngg_post_thumbnail":0},"_links":{"self":[{"href":"https:\/\/www.vfl-kirchheim.de\/tischtennis\/wp-json\/wp\/v2\/pages\/933"}],"collection":[{"href":"https:\/\/www.vfl-kirchheim.de\/tischtennis\/wp-json\/wp\/v2\/pages"}],"about":[{"href":"https:\/\/www.vfl-kirchheim.de\/tischtennis\/wp-json\/wp\/v2\/types\/page"}],"author":[{"embeddable":true,"href":"https:\/\/www.vfl-kirchheim.de\/tischtennis\/wp-json\/wp\/v2\/users\/1"}],"replies":[{"embeddable":true,"href":"https:\/\/www.vfl-kirchheim.de\/tischtennis\/wp-json\/wp\/v2\/comments?post=933"}],"version-history":[{"count":2,"href":"https:\/\/www.vfl-kirchheim.de\/tischtennis\/wp-json\/wp\/v2\/pages\/933\/revisions"}],"predecessor-version":[{"id":1422,"href":"https:\/\/www.vfl-kirchheim.de\/tischtennis\/wp-json\/wp\/v2\/pages\/933\/revisions\/1422"}],"wp:featuredmedia":[{"embeddable":true,"href":"https:\/\/www.vfl-kirchheim.de\/tischtennis\/wp-json\/wp\/v2\/media\/932"}],"wp:attachment":[{"href":"https:\/\/www.vfl-kirchheim.de\/tischtennis\/wp-json\/wp\/v2\/media?parent=933"}],"curies":[{"name":"wp","href":"https:\/\/api.w.org\/{rel}","templated":true}]}}