{"id":931,"date":"2022-09-17T09:12:31","date_gmt":"2022-09-17T07:12:31","guid":{"rendered":"https:\/\/www.vfl-kirchheim.de\/tischtennis\/\/ti-saison-22-23-u19-1\/"},"modified":"2023-05-20T17:32:04","modified_gmt":"2023-05-20T15:32:04","slug":"ti-saison-22-23-u19-1","status":"publish","type":"page","link":"https:\/\/www.vfl-kirchheim.de\/tischtennis\/ti-saison-22-23-u19-1\/","title":{"rendered":"Saison_22-23_U19-1"},"content":{"rendered":"<p style=\"text-align: left;\"><span style=\"font-size: 18pt;\"><span style=\"font-size: 24pt;\"><strong>Jungen 19-1<\/strong><\/span>\u00a0&#8211; Verbandsoberliga 2022-23\u00a0\u00a0<\/span><\/p>\n<div style=\"text-align: right;\"><span style=\"font-size: 14pt;\"><a href=\"https:\/\/www.vfl-kirchheim.de\/tischtennis\/\/ti-mannschaften-22-23\/\">Zur\u00fcck zur \u00dcbersicht<\/a><\/span><br \/><img decoding=\"async\" class=\" size-full wp-image-930\" style=\"display: block; margin-left: auto; margin-right: auto;\" src=\"https:\/\/www.vfl-kirchheim.de\/tischtennis\/\/wp-content\/uploads\/2022\/09\/U19-1_22-23.jpg\" width=\"650\" srcset=\"https:\/\/www.vfl-kirchheim.de\/tischtennis\/wp-content\/uploads\/2022\/09\/U19-1_22-23.jpg 1103w, https:\/\/www.vfl-kirchheim.de\/tischtennis\/wp-content\/uploads\/2022\/09\/U19-1_22-23-300x211.jpg 300w, https:\/\/www.vfl-kirchheim.de\/tischtennis\/wp-content\/uploads\/2022\/09\/U19-1_22-23-1024x719.jpg 1024w, https:\/\/www.vfl-kirchheim.de\/tischtennis\/wp-content\/uploads\/2022\/09\/U19-1_22-23-768x540.jpg 768w\" sizes=\"(max-width: 1103px) 100vw, 1103px\" \/><\/div>\n<div style=\"text-align: center;\">Kilian, Lukas, David, Christian, Sebastian<\/div>\n<p><span style=\"font-size: 14pt;\"><strong>Aufstellung<\/strong><\/span><\/p>\n<table style=\"border-color: #eaff00; height: 155px; margin-left: auto; margin-right: auto;\" width=\"359\" rules=\"none\" cellspacing=\"20\">\n<thead>\n<tr style=\"background-color: #fff700; height: 23px;\">\n<td style=\"width: 81px; height: 23px;\"><span style=\"font-size: 12pt; font-family: arial, helvetica, sans-serif;\"><strong>Rang<\/strong><\/span><\/td>\n<td style=\"width: 81px; height: 23px;\"><span style=\"font-size: 12pt; font-family: arial, helvetica, sans-serif;\"><strong>Q-TTR<\/strong><\/span><\/td>\n<td style=\"width: 181px; height: 23px;\"><span style=\"font-size: 12pt; font-family: arial, helvetica, sans-serif;\"><strong>Name, Vorname<\/strong><\/span><\/td>\n<\/tr>\n<\/thead>\n<tbody>\n<tr style=\"height: 17.5px;\">\n<td style=\"background-color: #e6e6e6; height: 17.5px; width: 81px; text-align: center;\"><span style=\"font-size: 12pt; font-family: arial, helvetica, sans-serif;\">1<\/span><\/td>\n<td style=\"background-color: #e6e6e6; height: 17.5px; width: 81px; text-align: center;\"><span style=\"font-size: 12pt; font-family: arial, helvetica, sans-serif;\">1456<\/span><\/td>\n<td style=\"background-color: #e6e6e6; height: 17.5px; width: 181px;\"><span style=\"font-size: 12pt;\">Gl\u00f6ckner, Christian<\/span><\/td>\n<\/tr>\n<tr style=\"height: 23px;\">\n<td style=\"width: 81px; height: 23px; text-align: center;\"><span style=\"font-size: 12pt; font-family: arial, helvetica, sans-serif;\">2<\/span><\/td>\n<td style=\"width: 81px; height: 23px; text-align: center;\"><span style=\"font-size: 12pt; font-family: arial, helvetica, sans-serif;\">1410<\/span><\/td>\n<td style=\"width: 181px; height: 23px;\"><span style=\"font-size: 12pt;\">Steinh\u00fcbl, Sebastian<\/span><\/td>\n<\/tr>\n<tr style=\"height: 23px;\">\n<td style=\"background-color: #e6e6e6; height: 23px; width: 81px; text-align: center;\"><span style=\"font-size: 12pt; font-family: arial, helvetica, sans-serif;\">3<\/span><\/td>\n<td style=\"background-color: #e6e6e6; height: 23px; width: 81px; text-align: center;\"><span style=\"font-size: 12pt;\"><span style=\"font-family: arial, helvetica, sans-serif;\">1361<\/span><\/span><\/td>\n<td style=\"background-color: #e6e6e6; height: 23px; width: 181px;\"><span style=\"font-size: 12pt;\">H\u00e4user, David<\/span><\/td>\n<\/tr>\n<tr style=\"height: 23px;\">\n<td style=\"width: 81px; height: 23px; text-align: center;\"><span style=\"font-size: 12pt; font-family: arial, helvetica, sans-serif;\">4<\/span><\/td>\n<td style=\"width: 81px; height: 23px; text-align: center;\"><span style=\"font-size: 12pt; font-family: arial, helvetica, sans-serif;\">1318<\/span><\/td>\n<td style=\"width: 181px; height: 23px;\"><span style=\"font-size: 12pt;\">Br\u00fcckner, Lukas<\/span><\/td>\n<\/tr>\n<tr style=\"height: 23px;\">\n<td style=\"background-color: #e6e6e6; text-align: center;\"><span style=\"font-size: 12pt; font-family: arial, helvetica, sans-serif;\">5<\/span><\/td>\n<td style=\"background-color: #e6e6e6; text-align: center;\"><span style=\"font-size: 12pt; font-family: arial, helvetica, sans-serif;\">1309<\/span><\/td>\n<td style=\"background-color: #e6e6e6;\"><span style=\"font-size: 12pt;\">Steinh\u00fcbl, Kilian<\/span><\/td>\n<\/tr>\n<\/tbody>\n<\/table>\n<p><\/p>\n<div style=\"text-align: right;\"><span style=\"font-size: 14pt;\"><a href=\"https:\/\/www.mytischtennis.de\/clicktt\/TTBW\/22-23\/ligen\/Jungen-Verbandsoberliga-Gr-A3\/gruppe\/422959\/tabelle\/gesamt\/\" target=\"_blank\" rel=\"noopener noreferrer\">Tabelle und Spielplan &#8211; Runde 1<\/a><\/span><\/div>\n<div style=\"text-align: right;\"><span style=\"font-size: 14pt;\"><a href=\"https:\/\/www.mytischtennis.de\/clicktt\/VOL%20R5\/22-23\/ligen\/VOL-Gr-B5--Rd-2-Platz-17-32\/gruppe\/429839\/tabelle\/gesamt\" target=\"_blank\" rel=\"noopener noreferrer\">Tabelle und Spielplan &#8211; Runde 2<br \/><\/a><a title=\"Tabelle und Spielplan - Runde 3\" href=\"https:\/\/www.mytischtennis.de\/clicktt\/DTTB\/22-23\/ligen\/VOL-Gr-C7-Rd-2-Platz-25-28\/gruppe\/430078\/tabelle\/gesamt\/\">Tabelle und Spielplan &#8211; Runde 3<br \/><\/a><a href=\"https:\/\/www.mytischtennis.de\/clicktt\/DTTB\/22-23\/ligen\/VOL-Gr-D4-Rd-1-RR\/gruppe\/433596\/tabelle\/gesamt\/\" target=\"_blank\" rel=\"noopener noreferrer\">Tabelle und Spielplan &#8211; Runde 4<br \/><\/a><a href=\"https:\/\/www.mytischtennis.de\/clicktt\/DTTB\/22-23\/ligen\/VOL-Gr-E7-Rd-2-RR-Platz-17-32\/gruppe\/434798\/tabelle\/gesamt\/\" target=\"_blank\" rel=\"noopener noreferrer\">Tabelle und Spielplan &#8211; Runde 5<br \/><\/a><a href=\"https:\/\/www.mytischtennis.de\/clicktt\/DTTB\/22-23\/ligen\/VOL-Gr-F7-Rd-3-RR-Platz-25-28\/gruppe\/435297\/tabelle\/gesamt\/\" target=\"_blank\" rel=\"noopener noreferrer\">Tabelle und Spielplan &#8211; Runde 6<\/a><br \/><\/span><\/div>\n<p><strong><span style=\"font-size: 14pt;\"><br \/>R\u00fcckblick 2021-22<br \/><\/span><\/strong>Nach der erzwungenen Corona-Pause war es nat\u00fcrlich gewagt, mit unserer sehr jungen Mannschaft in der obersten U18-Klasse, der Verbandsoberliga, zu starten, aber die 5 Jungs waren sehr motiviert und somit wagten wir diesen Schritt. Durch den Zusammenschluss der Verb\u00e4nde S\u00fcdbaden und W\u00fcrttemberg zum TTBW wurden die ehemaligen Verbandsligen zusammengelegt und es wurde eine gemeinsame Verbandsoberliga des TTBW und Nordbaden mit planm\u00e4\u00dfig 32 Mannschaften gebildet. Durch das besondere Spielsystem, bei dem jeweils in Vierergruppen in einem turnier\u00e4hnlichen Modus die besten Mannschaften ermittelt wurden, konnte trotz der Corona-Pause im Winter die komplette Runde mit einem Nachholspieltag im Mai zu Ende gespielt werden. Mit insgesamt 4 Siegen (davon einer kampflos), 4 Unentschieden und 8 Niederlagen konnten die VfL-Jungs den Tabellenplatz 20 im Endklassement erspielen. Damit haben sie die Erwartungen mehr als erf\u00fcllt und haben keinen Zweifel daran gelassen, dass sie in dieser Klasse richtig sind.<\/p>\n<p><span style=\"font-size: 14pt;\"><span style=\"font-size: 14pt;\"><strong>Vorschau 2022-23<\/strong><\/span><\/span><\/p>\n<p style=\"margin: 0cm 0cm 10pt; text-align: left;\">Die n\u00e4chste Saison wird jedoch eher noch schwieriger als die erste und der Klassenerhalt ist das erkl\u00e4rte Ziel. Die Erweiterung auf eine U19-Runde ist f\u00fcr den VfL einerseits erfreulich, da Christian als Nummer eins noch weiter dabei bleiben kann, andererseits ist der Anteil der Spieler im letzten Jugendjahr in vielen anderen Vereinen der VOL naturgem\u00e4\u00df recht hoch und somit wird sich die Situation f\u00fcr die VfL-Jungs nicht verbessern. Gleich in der ersten Runde wird es ein Aufeinandertreffen mit der benachbarten TSG Eislingen geben, die sich als Meister der Landesliga und Aufsteiger gleich mit drei Spielern verst\u00e4rkt hat und damit eine gro\u00dfe H\u00fcrde f\u00fcr die Kirchheimer darstellen wird. Favoriten auf den Gesamtsieg sind der ASV Gr\u00fcnwettersbach mit Louis Price aus der Herren Regionalliga, DJK Stuttgart und der letztj\u00e4hrige Meister GSV Hemmingen, der sich mit Felix Tr\u00e4nkle aus Stuttgart noch verst\u00e4rkt hat. Auch wenn die Trauben die n\u00e4chste Saison wieder hoch h\u00e4ngen, werden die Jungs alles daran setzen, die Topteams zu \u00e4rgern und gegen die Teams auf Augenh\u00f6he zu punkten, um nicht in Abstiegsgefahr zu geraten.<\/p>\n","protected":false},"excerpt":{"rendered":"<p>Jungen 19-1\u00a0&#8211; Verbandsoberliga 2022-23\u00a0\u00a0 Zur\u00fcck zur \u00dcbersicht Kilian, Lukas, David, Christian, Sebastian Aufstellung Rang Q-TTR Name, Vorname 1 1456 Gl\u00f6ckner, Christian 2 1410 Steinh\u00fcbl, Sebastian 3 1361 H\u00e4user, David 4 1318 Br\u00fcckner, Lukas 5 1309 Steinh\u00fcbl, Kilian Tabelle und Spielplan &#8211; Runde 1 Tabelle und Spielplan &#8211; Runde 2Tabelle und Spielplan &#8211; Runde 3Tabelle und [&hellip;]<\/p>\n","protected":false},"author":1,"featured_media":930,"parent":0,"menu_order":1006,"comment_status":"closed","ping_status":"closed","template":"","meta":{"_et_pb_use_builder":"","_et_pb_old_content":"","_et_gb_content_width":"","ngg_post_thumbnail":0},"_links":{"self":[{"href":"https:\/\/www.vfl-kirchheim.de\/tischtennis\/wp-json\/wp\/v2\/pages\/931"}],"collection":[{"href":"https:\/\/www.vfl-kirchheim.de\/tischtennis\/wp-json\/wp\/v2\/pages"}],"about":[{"href":"https:\/\/www.vfl-kirchheim.de\/tischtennis\/wp-json\/wp\/v2\/types\/page"}],"author":[{"embeddable":true,"href":"https:\/\/www.vfl-kirchheim.de\/tischtennis\/wp-json\/wp\/v2\/users\/1"}],"replies":[{"embeddable":true,"href":"https:\/\/www.vfl-kirchheim.de\/tischtennis\/wp-json\/wp\/v2\/comments?post=931"}],"version-history":[{"count":2,"href":"https:\/\/www.vfl-kirchheim.de\/tischtennis\/wp-json\/wp\/v2\/pages\/931\/revisions"}],"predecessor-version":[{"id":1423,"href":"https:\/\/www.vfl-kirchheim.de\/tischtennis\/wp-json\/wp\/v2\/pages\/931\/revisions\/1423"}],"wp:featuredmedia":[{"embeddable":true,"href":"https:\/\/www.vfl-kirchheim.de\/tischtennis\/wp-json\/wp\/v2\/media\/930"}],"wp:attachment":[{"href":"https:\/\/www.vfl-kirchheim.de\/tischtennis\/wp-json\/wp\/v2\/media?parent=931"}],"curies":[{"name":"wp","href":"https:\/\/api.w.org\/{rel}","templated":true}]}}