{"id":929,"date":"2022-09-17T09:06:42","date_gmt":"2022-09-17T07:06:42","guid":{"rendered":"https:\/\/www.vfl-kirchheim.de\/tischtennis\/\/ti-saison-22-23-damen\/"},"modified":"2023-05-20T17:32:16","modified_gmt":"2023-05-20T15:32:16","slug":"ti-saison-22-23-damen","status":"publish","type":"page","link":"https:\/\/www.vfl-kirchheim.de\/tischtennis\/ti-saison-22-23-damen\/","title":{"rendered":"Saison_22-23_Damen"},"content":{"rendered":"<p style=\"text-align: left;\"><span style=\"font-size: 18pt;\"><span style=\"font-size: 24pt;\"><strong>Damen<\/strong><\/span>\u00a0&#8211; Bezirksliga 2022-23\u00a0\u00a0<\/span><\/p>\n<div style=\"text-align: right;\"><span style=\"font-size: 14pt;\"><a href=\"https:\/\/www.vfl-kirchheim.de\/tischtennis\/\/ti-mannschaften-22-23\/\">Zur\u00fcck zur \u00dcbersicht<\/a><\/span><br \/><img decoding=\"async\" loading=\"lazy\" class=\" size-full wp-image-928\" style=\"display: block; margin-left: auto; margin-right: auto;\" src=\"https:\/\/www.vfl-kirchheim.de\/tischtennis\/\/wp-content\/uploads\/2022\/09\/Damen1_Team.jpg\" alt=\"\" width=\"568\" height=\"583\" srcset=\"https:\/\/www.vfl-kirchheim.de\/tischtennis\/wp-content\/uploads\/2022\/09\/Damen1_Team.jpg 568w, https:\/\/www.vfl-kirchheim.de\/tischtennis\/wp-content\/uploads\/2022\/09\/Damen1_Team-292x300.jpg 292w\" sizes=\"(max-width: 568px) 100vw, 568px\" \/><\/div>\n<div style=\"text-align: center;\">hinten: K. Brauner, D. Burger, A. Blankenhorn<br \/>vorne: R. G\u00f6lz, E. K\u00e4rcher-Goll, T. Zimmermann<\/p>\n<\/div>\n<p><span style=\"font-size: 14pt;\"><strong>Aufstellung<\/strong><\/span><\/p>\n<table style=\"border-color: #eaff00; height: 155px; margin-left: auto; margin-right: auto;\" width=\"359\" rules=\"none\" cellspacing=\"20\">\n<thead>\n<tr style=\"background-color: #fff700; height: 23px;\">\n<td style=\"width: 81px; height: 23px;\"><span style=\"font-size: 12pt; font-family: arial, helvetica, sans-serif;\"><strong>Rang<\/strong><\/span><\/td>\n<td style=\"width: 81px; height: 23px;\"><span style=\"font-size: 12pt; font-family: arial, helvetica, sans-serif;\"><strong>Q-TTR<\/strong><\/span><\/td>\n<td style=\"width: 181px; height: 23px;\"><span style=\"font-size: 12pt; font-family: arial, helvetica, sans-serif;\"><strong>Name, Vorname<\/strong><\/span><\/td>\n<\/tr>\n<\/thead>\n<tbody>\n<tr style=\"height: 17.5px;\">\n<td style=\"background-color: #e6e6e6; height: 17.5px; width: 81px; text-align: center;\"><span style=\"font-size: 12pt; font-family: arial, helvetica, sans-serif;\">1<\/span><\/td>\n<td style=\"background-color: #e6e6e6; height: 17.5px; width: 81px; text-align: center;\"><span style=\"font-size: 12pt; font-family: arial, helvetica, sans-serif;\">1321<\/span><\/td>\n<td style=\"background-color: #e6e6e6; height: 17.5px; width: 181px;\"><span style=\"font-size: 12pt;\">K\u00e4rcher-Goll, Elke<\/span><\/td>\n<\/tr>\n<tr style=\"height: 23px;\">\n<td style=\"width: 81px; height: 23px; text-align: center;\"><span style=\"font-size: 12pt; font-family: arial, helvetica, sans-serif;\">2<\/span><\/td>\n<td style=\"width: 81px; height: 23px; text-align: center;\"><span style=\"font-size: 12pt; font-family: arial, helvetica, sans-serif;\">1354<\/span><\/td>\n<td style=\"width: 181px; height: 23px;\"><span style=\"font-size: 12pt;\">Zimmermann, Tetiana<\/span><\/td>\n<\/tr>\n<tr style=\"height: 23px;\">\n<td style=\"background-color: #e6e6e6; height: 23px; width: 81px; text-align: center;\"><span style=\"font-size: 12pt; font-family: arial, helvetica, sans-serif;\">3<\/span><\/td>\n<td style=\"background-color: #e6e6e6; height: 23px; width: 81px; text-align: center;\"><span style=\"font-size: 12pt;\"><span style=\"font-family: arial, helvetica, sans-serif;\">1149<\/span><\/span><\/td>\n<td style=\"background-color: #e6e6e6; height: 23px; width: 181px;\"><span style=\"font-size: 12pt;\">Blankenhorn, Astrid<\/span><\/td>\n<\/tr>\n<tr style=\"height: 23px;\">\n<td style=\"width: 81px; height: 23px; text-align: center;\"><span style=\"font-size: 12pt; font-family: arial, helvetica, sans-serif;\">4<\/span><\/td>\n<td style=\"width: 81px; height: 23px; text-align: center;\"><span style=\"font-size: 12pt; font-family: arial, helvetica, sans-serif;\">1152<\/span><\/td>\n<td style=\"width: 181px; height: 23px;\"><span style=\"font-size: 12pt;\">Schuster, Jasmin<\/span><\/td>\n<\/tr>\n<tr style=\"height: 23px;\">\n<td style=\"background-color: #e6e6e6; text-align: center;\"><span style=\"font-size: 12pt; font-family: arial, helvetica, sans-serif;\">5<\/span><\/td>\n<td style=\"background-color: #e6e6e6; text-align: center;\"><span style=\"font-size: 12pt; font-family: arial, helvetica, sans-serif;\">1165<\/span><\/td>\n<td style=\"background-color: #e6e6e6;\"><span style=\"font-size: 12pt;\">Burger, Dagmar<\/span><\/td>\n<\/tr>\n<tr style=\"height: 23px;\">\n<td style=\"width: 81px; height: 23px; text-align: center;\"><span style=\"font-size: 12pt; font-family: arial, helvetica, sans-serif;\">6<\/span><\/td>\n<td style=\"width: 81px; height: 23px; text-align: center;\"><span style=\"font-size: 12pt; font-family: arial, helvetica, sans-serif;\">1091<\/span><\/td>\n<td style=\"width: 181px; height: 23px;\"><span style=\"font-size: 12pt;\">G\u00f6lz, Rike<\/span><\/td>\n<\/tr>\n<tr style=\"height: 23px;\">\n<td style=\"background-color: #e6e6e6; text-align: center;\"><span style=\"font-size: 12pt; font-family: arial, helvetica, sans-serif;\">7<\/span><\/td>\n<td style=\"background-color: #e6e6e6; text-align: center;\"><span style=\"font-size: 12pt; font-family: arial, helvetica, sans-serif;\">1075<\/span><\/td>\n<td style=\"background-color: #e6e6e6;\"><span style=\"font-size: 12pt;\">Brauner, Kerstin<\/span><\/td>\n<\/tr>\n<tr style=\"height: 23px;\">\n<td style=\"background-color: #ffffff; text-align: center;\"><span style=\"font-size: 12pt; font-family: arial, helvetica, sans-serif;\">8<\/span><\/td>\n<td style=\"background-color: #ffffff; text-align: center;\"><span style=\"font-size: 12pt; font-family: arial, helvetica, sans-serif;\">896<\/span><\/td>\n<td style=\"background-color: #ffffff;\"><span style=\"font-size: 12pt;\">Hummel, Martina<\/span><\/td>\n<\/tr>\n<\/tbody>\n<\/table>\n<p><\/p>\n<div style=\"text-align: right;\"><span style=\"font-size: 14pt;\"><a href=\"https:\/\/www.mytischtennis.de\/clicktt\/TTBW\/22-23\/ligen\/Damen-Bezirksliga\/gruppe\/415639\/tabelle\/gesamt\/\" target=\"_blank\" rel=\"noopener noreferrer\">Tabelle und Spielplan<\/a><\/span><\/div>\n<p><strong><span style=\"font-size: 14pt;\"><br \/>R\u00fcckblick 2021-22<\/span><\/strong><br \/>Als wir noch vor Beginn der Saison erfuhren, dass Astrid Blankenhorn wegen einer langwierigen Verletzungen bis auf Weiteres ausfallen w\u00fcrde, hatten wir allergr\u00f6\u00dfte Zweifel, ob wir die Spiele \u00fcberhaupt alle w\u00fcrden bestreiten k\u00f6nnen. Wenn uns da jemand erz\u00e4hlt h\u00e4tte, dass wir Meister werden, h\u00e4tten wir denjenigen f\u00fcr verr\u00fcckt erkl\u00e4rt. Nicht mal Platz zwei mit Aufstiegsberechtigung h\u00e4tten wir im Entferntesten f\u00fcr m\u00f6glich gehalten und haben das auch gar nicht angestrebt. Wir wollten einfach nur gute Spiele abliefern und Spa\u00df dabei haben. Und das hat geklappt!<br \/>Ob in Neckartenzlingen oder gegen Sielmingen oder dann beim alles \u00fcberragenden (und mit 8:1 etwas zu hoch ausgefallenen) Kantersieg in Musberg: Die Doppel harmonierten, die Stimmung passte und auch das n\u00f6tige Qu\u00e4ntchen Gl\u00fcck war des \u00d6fteren auf Kirchheimer Seite. Mit dem neuen Selbstvertrauen aus 4 siegreichen Spielen in Folge brannte dann auch beim knappen 8:5-Erfolg gegen die Reserve aus Neuhausen nichts mehr an. Der Lohn: Die Herbstmeisterschaft mit 12:0 Punkten.<br \/>In der R\u00fcckrunde w\u00e4re es dennoch hart geworden, je nachdem, wie schnell Astrid Blankenhorn wieder fit geworden w\u00e4re und wie lange Jasmin Schuster vor der Geburt ihres zweiten Kindes noch h\u00e4tte spielen k\u00f6nnen. Aber dann wurde die Saison Corona-bedingt abgebrochen, womit f\u00fcr uns feststand: Wir sind MEISTER!<br \/>Anl\u00e4sslich einer kleinen Meisterschaftsfeier bei Pizza und Salat entschieden wir uns, das Wagnis Aufstieg tats\u00e4chlich einzugehen und unser (spielerisches) Gl\u00fcck in der kommenden Saison in der Bezirksliga zu versuchen.<\/p>\n<p><span style=\"font-size: 14pt;\"><span style=\"font-size: 14pt;\"><strong>Vorschau 2022-23<\/strong><\/span><\/span><\/p>\n<p style=\"margin: 0cm 0cm 10pt;\">Von den QTTR-Werten her geht der Bezirksliga-Meistertitel in der neuen Saison nur \u00fcber die Damen des SV Nabern.<br \/>Dahinter wirken die Aufstellungen der Teams ziemlich ausgeglichen, so dass viele spannende und \u201eenge\u201c Partien zu erwarten sind.<br \/> Wir als Neulinge haben ein erkl\u00e4rtes Ziel: Den Klassenerhalt.<br \/> Und wir hoffen sehr, dass es trotz Energiekrise und trotz Corona eine \u201enormale\u201c Punktspielrunde geben wird und wir alle \u2013 aber nat\u00fcrlich auch die Spielerinnen der anderen Mannschaften \u2013 gesund und verletzungsfrei bleiben!<\/p>\n","protected":false},"excerpt":{"rendered":"<p>Damen\u00a0&#8211; Bezirksliga 2022-23\u00a0\u00a0 Zur\u00fcck zur \u00dcbersicht hinten: K. Brauner, D. Burger, A. Blankenhornvorne: R. G\u00f6lz, E. K\u00e4rcher-Goll, T. Zimmermann Aufstellung Rang Q-TTR Name, Vorname 1 1321 K\u00e4rcher-Goll, Elke 2 1354 Zimmermann, Tetiana 3 1149 Blankenhorn, Astrid 4 1152 Schuster, Jasmin 5 1165 Burger, Dagmar 6 1091 G\u00f6lz, Rike 7 1075 Brauner, Kerstin 8 896 Hummel, [&hellip;]<\/p>\n","protected":false},"author":1,"featured_media":928,"parent":0,"menu_order":1007,"comment_status":"closed","ping_status":"closed","template":"","meta":{"_et_pb_use_builder":"","_et_pb_old_content":"","_et_gb_content_width":"","ngg_post_thumbnail":0},"_links":{"self":[{"href":"https:\/\/www.vfl-kirchheim.de\/tischtennis\/wp-json\/wp\/v2\/pages\/929"}],"collection":[{"href":"https:\/\/www.vfl-kirchheim.de\/tischtennis\/wp-json\/wp\/v2\/pages"}],"about":[{"href":"https:\/\/www.vfl-kirchheim.de\/tischtennis\/wp-json\/wp\/v2\/types\/page"}],"author":[{"embeddable":true,"href":"https:\/\/www.vfl-kirchheim.de\/tischtennis\/wp-json\/wp\/v2\/users\/1"}],"replies":[{"embeddable":true,"href":"https:\/\/www.vfl-kirchheim.de\/tischtennis\/wp-json\/wp\/v2\/comments?post=929"}],"version-history":[{"count":2,"href":"https:\/\/www.vfl-kirchheim.de\/tischtennis\/wp-json\/wp\/v2\/pages\/929\/revisions"}],"predecessor-version":[{"id":1424,"href":"https:\/\/www.vfl-kirchheim.de\/tischtennis\/wp-json\/wp\/v2\/pages\/929\/revisions\/1424"}],"wp:featuredmedia":[{"embeddable":true,"href":"https:\/\/www.vfl-kirchheim.de\/tischtennis\/wp-json\/wp\/v2\/media\/928"}],"wp:attachment":[{"href":"https:\/\/www.vfl-kirchheim.de\/tischtennis\/wp-json\/wp\/v2\/media?parent=929"}],"curies":[{"name":"wp","href":"https:\/\/api.w.org\/{rel}","templated":true}]}}