{"id":927,"date":"2022-09-17T09:02:22","date_gmt":"2022-09-17T07:02:22","guid":{"rendered":"https:\/\/www.vfl-kirchheim.de\/tischtennis\/\/ti-saison-22-23-herren7\/"},"modified":"2023-05-20T17:32:27","modified_gmt":"2023-05-20T15:32:27","slug":"ti-saison-22-23-herren7","status":"publish","type":"page","link":"https:\/\/www.vfl-kirchheim.de\/tischtennis\/ti-saison-22-23-herren7\/","title":{"rendered":"Saison_22-23_Herren7"},"content":{"rendered":"<p style=\"text-align: left;\"><span style=\"font-size: 18pt;\"><span style=\"font-size: 24pt;\"><strong>Herren 7<\/strong><\/span>\u00a0&#8211;\u00a0Kreisliga B\u00a0 2022-23\u00a0\u00a0<\/span><\/p>\n<div style=\"text-align: right;\"><span style=\"font-size: 14pt;\"><a href=\"https:\/\/www.vfl-kirchheim.de\/tischtennis\/\/ti-mannschaften-22-23\/\">Zur\u00fcck zur \u00dcbersicht<\/a><\/span><br \/><img decoding=\"async\" class=\" size-full wp-image-926\" style=\"display: block; margin-left: auto; margin-right: auto;\" src=\"https:\/\/www.vfl-kirchheim.de\/tischtennis\/\/wp-content\/uploads\/2022\/09\/H7_Team_k.jpg\" width=\"650\" srcset=\"https:\/\/www.vfl-kirchheim.de\/tischtennis\/wp-content\/uploads\/2022\/09\/H7_Team_k.jpg 919w, https:\/\/www.vfl-kirchheim.de\/tischtennis\/wp-content\/uploads\/2022\/09\/H7_Team_k-300x211.jpg 300w, https:\/\/www.vfl-kirchheim.de\/tischtennis\/wp-content\/uploads\/2022\/09\/H7_Team_k-768x540.jpg 768w\" sizes=\"(max-width: 919px) 100vw, 919px\" \/><\/div>\n<div style=\"text-align: center;\">N. Sch\u00f6nbeck, B. Gutberlet, A. Raichle, B. Lingner, R. Ge\u00dfner, A. Heinz<\/div>\n<p><span style=\"font-size: 14pt;\"><strong>Aufstellung<\/strong><\/span><\/p>\n<table style=\"border-color: #eaff00; height: 155px; margin-left: auto; margin-right: auto;\" width=\"359\" rules=\"none\" cellspacing=\"20\">\n<thead>\n<tr style=\"background-color: #fff700; height: 23px;\">\n<td style=\"width: 81px; height: 23px;\"><span style=\"font-size: 12pt; font-family: arial, helvetica, sans-serif;\"><strong>Rang<\/strong><\/span><\/td>\n<td style=\"width: 81px; height: 23px;\"><span style=\"font-size: 12pt; font-family: arial, helvetica, sans-serif;\"><strong>Q-TTR<\/strong><\/span><\/td>\n<td style=\"width: 181px; height: 23px;\"><span style=\"font-size: 12pt; font-family: arial, helvetica, sans-serif;\"><strong>Name, Vorname<\/strong><\/span><\/td>\n<\/tr>\n<\/thead>\n<tbody>\n<tr style=\"height: 17.5px;\">\n<td style=\"background-color: #e6e6e6; height: 17.5px; width: 81px; text-align: center;\"><span style=\"font-size: 12pt; font-family: arial, helvetica, sans-serif;\">1<\/span><\/td>\n<td style=\"background-color: #e6e6e6; height: 17.5px; width: 81px; text-align: center;\"><span style=\"font-size: 12pt; font-family: arial, helvetica, sans-serif;\">1456<\/span><\/td>\n<td style=\"background-color: #e6e6e6; height: 17.5px; width: 181px;\"><span style=\"font-size: 16px;\">Gl\u00f6ckner, Christian<\/span><\/td>\n<\/tr>\n<tr style=\"height: 23px;\">\n<td style=\"width: 81px; height: 23px; text-align: center;\"><span style=\"font-size: 12pt; font-family: arial, helvetica, sans-serif;\">2<\/span><\/td>\n<td style=\"width: 81px; height: 23px; text-align: center;\"><span style=\"font-size: 12pt; font-family: arial, helvetica, sans-serif;\">1410<\/span><\/td>\n<td style=\"width: 181px; height: 23px;\"><span style=\"font-size: 12pt;\">Steinh\u00fcbl, Sebastian<\/span><\/td>\n<\/tr>\n<tr style=\"height: 23px;\">\n<td style=\"background-color: #e6e6e6; height: 23px; width: 81px; text-align: center;\"><span style=\"font-size: 12pt; font-family: arial, helvetica, sans-serif;\">3<\/span><\/td>\n<td style=\"background-color: #e6e6e6; height: 23px; width: 81px; text-align: center;\"><span style=\"font-size: 12pt;\"><span style=\"font-family: arial, helvetica, sans-serif;\">1403<\/span><\/span><\/td>\n<td style=\"background-color: #e6e6e6; height: 23px; width: 181px;\"><span style=\"font-size: 12pt;\">Raichle, Albert<\/span><\/td>\n<\/tr>\n<tr style=\"height: 23px;\">\n<td style=\"width: 81px; height: 23px; text-align: center;\"><span style=\"font-size: 12pt; font-family: arial, helvetica, sans-serif;\">4<\/span><\/td>\n<td style=\"width: 81px; height: 23px; text-align: center;\"><span style=\"font-size: 12pt; font-family: arial, helvetica, sans-serif;\">1361<\/span><\/td>\n<td style=\"width: 181px; height: 23px;\"><span style=\"font-size: 12pt;\">H\u00e4user, David<\/span><\/td>\n<\/tr>\n<tr style=\"height: 23px;\">\n<td style=\"background-color: #e6e6e6; text-align: center;\"><span style=\"font-size: 12pt; font-family: arial, helvetica, sans-serif;\">5<\/span><\/td>\n<td style=\"background-color: #e6e6e6; text-align: center;\"><span style=\"font-size: 12pt; font-family: arial, helvetica, sans-serif;\">1384<\/span><\/td>\n<td style=\"background-color: #e6e6e6;\"><span style=\"font-size: 12pt;\">St\u00e4bler, Karl-Heinz<\/span><\/td>\n<\/tr>\n<tr style=\"height: 23px;\">\n<td style=\"width: 81px; height: 23px; text-align: center;\"><span style=\"font-size: 12pt; font-family: arial, helvetica, sans-serif;\">6<\/span><\/td>\n<td style=\"width: 81px; height: 23px; text-align: center;\"><span style=\"font-size: 12pt; font-family: arial, helvetica, sans-serif;\">1318<\/span><\/td>\n<td style=\"width: 181px; height: 23px;\"><span style=\"font-size: 12pt;\">Br\u00fcckner, Lukas<\/span><\/td>\n<\/tr>\n<tr style=\"height: 23px;\">\n<td style=\"background-color: #e6e6e6; text-align: center;\"><span style=\"font-size: 12pt; font-family: arial, helvetica, sans-serif;\">7<\/span><\/td>\n<td style=\"background-color: #e6e6e6; text-align: center;\"><span style=\"font-size: 12pt; font-family: arial, helvetica, sans-serif;\">1309<\/span><\/td>\n<td style=\"background-color: #e6e6e6;\"><span style=\"font-size: 12pt;\">Steinh\u00fcbl, Kilian<\/span><\/td>\n<\/tr>\n<tr style=\"height: 23px;\">\n<td style=\"background-color: #ffffff; text-align: center;\"><span style=\"font-size: 12pt; font-family: arial, helvetica, sans-serif;\">8<\/span><\/td>\n<td style=\"background-color: #ffffff; text-align: center;\"><span style=\"font-size: 12pt; font-family: arial, helvetica, sans-serif;\">1328<\/span><\/td>\n<td style=\"background-color: #ffffff;\"><span style=\"font-size: 12pt;\">Gutberlet, Bernd<\/span><\/td>\n<\/tr>\n<tr style=\"height: 23px;\">\n<td style=\"background-color: #e6e6e6; text-align: center;\"><span style=\"font-size: 12pt; font-family: arial, helvetica, sans-serif;\">9<\/span><\/td>\n<td style=\"background-color: #e6e6e6; text-align: center;\"><span style=\"font-size: 12pt; font-family: arial, helvetica, sans-serif;\">1261<\/span><\/td>\n<td style=\"background-color: #e6e6e6;\"><span style=\"font-size: 12pt;\">Krieg, Dietmar<\/span><\/td>\n<\/tr>\n<tr style=\"height: 23px;\">\n<td style=\"background-color: #ffffff; text-align: center;\"><span style=\"font-size: 12pt; font-family: arial, helvetica, sans-serif;\">10<\/span><\/td>\n<td style=\"background-color: #ffffff; text-align: center;\"><span style=\"font-size: 12pt; font-family: arial, helvetica, sans-serif;\">1256<\/span><\/td>\n<td style=\"background-color: #ffffff;\"><span style=\"font-size: 12pt;\">Ge\u00dfner, Roderich<\/span><\/td>\n<\/tr>\n<tr style=\"height: 23px;\">\n<td style=\"background-color: #e6e6e6; text-align: center;\"><span style=\"font-size: 12pt; font-family: arial, helvetica, sans-serif;\">11<\/span><\/td>\n<td style=\"background-color: #e6e6e6; text-align: center;\"><span style=\"font-size: 12pt; font-family: arial, helvetica, sans-serif;\">1228<\/span><\/td>\n<td style=\"background-color: #e6e6e6;\"><span style=\"font-size: 12pt;\">Lingner, Bernhard<\/span><\/td>\n<\/tr>\n<tr style=\"height: 23px;\">\n<td style=\"background-color: #ffffff; text-align: center;\"><span style=\"font-size: 12pt; font-family: arial, helvetica, sans-serif;\">12<\/span><\/td>\n<td style=\"background-color: #ffffff; text-align: center;\"><span style=\"font-size: 12pt; font-family: arial, helvetica, sans-serif;\">1125<\/span><\/td>\n<td style=\"background-color: #ffffff;\"><span style=\"font-size: 12pt;\">Locher, Helmut<\/span><\/td>\n<\/tr>\n<tr style=\"height: 23px;\">\n<td style=\"background-color: #e6e6e6; text-align: center;\"><span style=\"font-size: 12pt; font-family: arial, helvetica, sans-serif;\">13<\/span><\/td>\n<td style=\"background-color: #e6e6e6; text-align: center;\"><span style=\"font-size: 12pt; font-family: arial, helvetica, sans-serif;\">1119<\/span><\/td>\n<td style=\"background-color: #e6e6e6;\"><span style=\"font-size: 12pt;\">Grimmeisen, Oliver<\/span><\/td>\n<\/tr>\n<tr style=\"height: 23px;\">\n<td style=\"background-color: #ffffff; text-align: center;\"><span style=\"font-size: 12pt; font-family: arial, helvetica, sans-serif;\">14<\/span><\/td>\n<td style=\"background-color: #ffffff; text-align: center;\"><span style=\"font-size: 12pt; font-family: arial, helvetica, sans-serif;\">1094<\/span><\/td>\n<td style=\"background-color: #ffffff;\"><span style=\"font-size: 12pt;\">Sch\u00f6nbeck, Norbert<\/span><\/td>\n<\/tr>\n<\/tbody>\n<\/table>\n<p><\/p>\n<div style=\"text-align: right;\"><span style=\"font-size: 14pt;\"><a href=\"https:\/\/www.mytischtennis.de\/clicktt\/TTBW\/22-23\/ligen\/Herren-Kreisliga-B-Gr-3\/gruppe\/415783\/tabelle\/gesamt\/\" target=\"_blank\" rel=\"noopener noreferrer\">Tabelle und Spielplan<\/a><\/span><\/div>\n<p><strong><span style=\"font-size: 14pt;\"><br \/>R\u00fcckblick 2021-22<br \/><\/span><\/strong>Erstmals hatte der VfL eine siebte Mannschaft gemeldet und war so im Bezirk Esslingen der Verein mit dem gr\u00f6\u00dften Spielbetrieb bei den Herren.\u00a0Die Einstufung als Neuling in die Kreisliga A erwies sich mehr als\u00a0gerechtfertigt, denn am Ende der coronabedingt verk\u00fcrzten Spielrunde\u00a0schafften wir, nat\u00fcrlich auch mit etwas Gl\u00fcck, den Meistertitel.\u00a0Wir profitierten dabei vom Ausrutscher unseres Konkurrenten TTF\u00a0Neckarhausen, der am letzten Spieltag \u00fcberraschenderweise sein Spiel und\u00a0auch die Meisterschaft verlor. Das Fehlen unseres Kameraden Uwe Dorner im vorderen Paarkreuz konnten wir &#8222;Oldies&#8220; durch den dankenswerten Einsatz unserer Erg\u00e4nzungs- und Jugendspieler gut ausgleichen, so dass am Ende dreizehn Spieler zu diesem sch\u00f6nen Erfolg beigetragen haben.<\/p>\n<p><span style=\"font-size: 14pt;\"><span style=\"font-size: 14pt;\"><strong>Vorschau 2022-23<\/strong><\/span><\/span><\/p>\n<p style=\"margin: 0cm 0cm 10pt;\">Die 7. Mannschaft startet in dieser Saison in der Kreisliga B mit einem ver\u00e4nderten Gesicht, da drei Spieler aus der Meistermannschaft ersetzt werden m\u00fcssen. Wie schon im Vorjahr besteht das Ger\u00fcst der Mannschaft aus den Oldies (but Goldies). Wir setzen wie in der vorigen Saison auf die Jugend, die uns hoffentlich wieder tatkr\u00e4ftig unterst\u00fctzen wird. Um die Meisterschaft wird vermutlich Hochdorf und Aichtal spielen. Wenn wir, die 7. Mannschaft, mit einer mannschaftlichen Geschlossenheit auftreten, werden wir wohl auch f\u00fcr \u00dcberraschungen gut sein.<\/p>\n","protected":false},"excerpt":{"rendered":"<p>Herren 7\u00a0&#8211;\u00a0Kreisliga B\u00a0 2022-23\u00a0\u00a0 Zur\u00fcck zur \u00dcbersicht N. Sch\u00f6nbeck, B. Gutberlet, A. Raichle, B. Lingner, R. Ge\u00dfner, A. Heinz Aufstellung Rang Q-TTR Name, Vorname 1 1456 Gl\u00f6ckner, Christian 2 1410 Steinh\u00fcbl, Sebastian 3 1403 Raichle, Albert 4 1361 H\u00e4user, David 5 1384 St\u00e4bler, Karl-Heinz 6 1318 Br\u00fcckner, Lukas 7 1309 Steinh\u00fcbl, Kilian 8 1328 Gutberlet, [&hellip;]<\/p>\n","protected":false},"author":1,"featured_media":926,"parent":0,"menu_order":1008,"comment_status":"closed","ping_status":"closed","template":"","meta":{"_et_pb_use_builder":"","_et_pb_old_content":"","_et_gb_content_width":"","ngg_post_thumbnail":0},"_links":{"self":[{"href":"https:\/\/www.vfl-kirchheim.de\/tischtennis\/wp-json\/wp\/v2\/pages\/927"}],"collection":[{"href":"https:\/\/www.vfl-kirchheim.de\/tischtennis\/wp-json\/wp\/v2\/pages"}],"about":[{"href":"https:\/\/www.vfl-kirchheim.de\/tischtennis\/wp-json\/wp\/v2\/types\/page"}],"author":[{"embeddable":true,"href":"https:\/\/www.vfl-kirchheim.de\/tischtennis\/wp-json\/wp\/v2\/users\/1"}],"replies":[{"embeddable":true,"href":"https:\/\/www.vfl-kirchheim.de\/tischtennis\/wp-json\/wp\/v2\/comments?post=927"}],"version-history":[{"count":2,"href":"https:\/\/www.vfl-kirchheim.de\/tischtennis\/wp-json\/wp\/v2\/pages\/927\/revisions"}],"predecessor-version":[{"id":1425,"href":"https:\/\/www.vfl-kirchheim.de\/tischtennis\/wp-json\/wp\/v2\/pages\/927\/revisions\/1425"}],"wp:featuredmedia":[{"embeddable":true,"href":"https:\/\/www.vfl-kirchheim.de\/tischtennis\/wp-json\/wp\/v2\/media\/926"}],"wp:attachment":[{"href":"https:\/\/www.vfl-kirchheim.de\/tischtennis\/wp-json\/wp\/v2\/media?parent=927"}],"curies":[{"name":"wp","href":"https:\/\/api.w.org\/{rel}","templated":true}]}}