{"id":925,"date":"2022-09-17T08:54:14","date_gmt":"2022-09-17T06:54:14","guid":{"rendered":"https:\/\/www.vfl-kirchheim.de\/tischtennis\/\/ti-saison-22-23-herren6\/"},"modified":"2023-05-20T17:32:40","modified_gmt":"2023-05-20T15:32:40","slug":"ti-saison-22-23-herren6","status":"publish","type":"page","link":"https:\/\/www.vfl-kirchheim.de\/tischtennis\/ti-saison-22-23-herren6\/","title":{"rendered":"Saison_22-23_Herren6"},"content":{"rendered":"<p style=\"text-align: left;\"><span style=\"font-size: 18pt;\"><span style=\"font-size: 24pt;\"><strong>Herren 6<\/strong><\/span>\u00a0&#8211;\u00a0Bezirksklasse\u00a0 2022-23\u00a0\u00a0<\/span><\/p>\n<div style=\"text-align: right;\"><span style=\"font-size: 14pt;\"><a href=\"https:\/\/www.vfl-kirchheim.de\/tischtennis\/\/ti-mannschaften-22-23\/\">Zur\u00fcck zur \u00dcbersicht<\/a><\/span><br \/><img decoding=\"async\" class=\" size-full wp-image-924\" style=\"display: block; margin: 0px auto 0px auto;\" src=\"https:\/\/www.vfl-kirchheim.de\/tischtennis\/\/wp-content\/uploads\/2022\/09\/Herren6_Team_klein.jpg\" width=\"600\" srcset=\"https:\/\/www.vfl-kirchheim.de\/tischtennis\/wp-content\/uploads\/2022\/09\/Herren6_Team_klein.jpg 627w, https:\/\/www.vfl-kirchheim.de\/tischtennis\/wp-content\/uploads\/2022\/09\/Herren6_Team_klein-300x200.jpg 300w\" sizes=\"(max-width: 627px) 100vw, 627px\" \/><\/div>\n<div style=\"text-align: center;\">hinten: J. Schatschneider, U. Dorner, J. Nieters, Si. Steinh\u00fcbl<br \/>vorne: D. H\u00e4user, Se. Steinh\u00fcbl, K. Steinh\u00fcbl<\/div>\n<p><span style=\"font-size: 14pt;\"><strong>Aufstellung<\/strong><\/span><\/p>\n<table style=\"border-color: #eaff00; height: 155px; margin-left: auto; margin-right: auto;\" width=\"359\" rules=\"none\" cellspacing=\"20\">\n<thead>\n<tr style=\"background-color: #fff700; height: 23px;\">\n<td style=\"width: 81px; height: 23px;\"><span style=\"font-size: 12pt; font-family: arial, helvetica, sans-serif;\"><strong>Rang<\/strong><\/span><\/td>\n<td style=\"width: 81px; height: 23px;\"><span style=\"font-size: 12pt; font-family: arial, helvetica, sans-serif;\"><strong>Q-TTR<\/strong><\/span><\/td>\n<td style=\"width: 181px; height: 23px;\"><span style=\"font-size: 12pt; font-family: arial, helvetica, sans-serif;\"><strong>Name, Vorname<\/strong><\/span><\/td>\n<\/tr>\n<\/thead>\n<tbody>\n<tr style=\"height: 17.5px;\">\n<td style=\"background-color: #e6e6e6; height: 17.5px; width: 81px; text-align: center;\"><span style=\"font-size: 12pt; font-family: arial, helvetica, sans-serif;\">1<\/span><\/td>\n<td style=\"background-color: #e6e6e6; height: 17.5px; width: 81px; text-align: center;\"><span style=\"font-size: 12pt; font-family: arial, helvetica, sans-serif;\">1557<\/span><\/td>\n<td style=\"background-color: #e6e6e6; height: 17.5px; width: 181px;\"><span style=\"font-size: 12pt;\">Steinh\u00fcbl, Simon<\/span><\/td>\n<\/tr>\n<tr style=\"height: 23px;\">\n<td style=\"width: 81px; height: 23px; text-align: center;\"><span style=\"font-size: 12pt; font-family: arial, helvetica, sans-serif;\">2<\/span><\/td>\n<td style=\"width: 81px; height: 23px; text-align: center;\"><span style=\"font-size: 12pt; font-family: arial, helvetica, sans-serif;\">1538<\/span><\/td>\n<td style=\"width: 181px; height: 23px;\"><span style=\"font-size: 12pt;\">Schorradt, Thomas<\/span><\/td>\n<\/tr>\n<tr style=\"height: 23px;\">\n<td style=\"background-color: #e6e6e6; height: 23px; width: 81px; text-align: center;\"><span style=\"font-size: 12pt; font-family: arial, helvetica, sans-serif;\">3<\/span><\/td>\n<td style=\"background-color: #e6e6e6; height: 23px; width: 81px; text-align: center;\"><span style=\"font-size: 12pt;\"><span style=\"font-family: arial, helvetica, sans-serif;\">1550<\/span><\/span><\/td>\n<td style=\"background-color: #e6e6e6; height: 23px; width: 181px;\"><span style=\"font-size: 12pt;\">Nieters, Jan<\/span><\/td>\n<\/tr>\n<tr style=\"height: 23px;\">\n<td style=\"width: 81px; height: 23px; text-align: center;\"><span style=\"font-size: 12pt; font-family: arial, helvetica, sans-serif;\">4<\/span><\/td>\n<td style=\"width: 81px; height: 23px; text-align: center;\"><span style=\"font-size: 12pt; font-family: arial, helvetica, sans-serif;\">1542<\/span><\/td>\n<td style=\"width: 181px; height: 23px;\"><span style=\"font-size: 12pt;\">Kadura, Michael<\/span><\/td>\n<\/tr>\n<tr style=\"height: 23px;\">\n<td style=\"background-color: #e6e6e6; text-align: center;\"><span style=\"font-size: 12pt; font-family: arial, helvetica, sans-serif;\">5<\/span><\/td>\n<td style=\"background-color: #e6e6e6; text-align: center;\"><span style=\"font-size: 12pt; font-family: arial, helvetica, sans-serif;\">1538<\/span><\/td>\n<td style=\"background-color: #e6e6e6;\"><span style=\"font-size: 12pt;\">Dorner, Uwe<\/span><\/td>\n<\/tr>\n<tr style=\"height: 23px;\">\n<td style=\"width: 81px; height: 23px; text-align: center;\"><span style=\"font-size: 12pt; font-family: arial, helvetica, sans-serif;\">6<\/span><\/td>\n<td style=\"width: 81px; height: 23px; text-align: center;\"><span style=\"font-size: 12pt; font-family: arial, helvetica, sans-serif;\">1435<\/span><\/td>\n<td style=\"width: 181px; height: 23px;\"><span style=\"font-size: 12pt;\">Schatschneider, Joahnn<\/span><\/td>\n<\/tr>\n<\/tbody>\n<\/table>\n<p><\/p>\n<div style=\"text-align: right;\"><span style=\"font-size: 14pt;\"><a href=\"https:\/\/www.mytischtennis.de\/clicktt\/TTBW\/22-23\/ligen\/Herren-Bezirksklasse-Gr-1\/gruppe\/415601\/tabelle\/gesamt\/\" target=\"_blank\" rel=\"noopener noreferrer\">Tabelle und Spielplan<\/a><\/span><\/div>\n<p><strong><span style=\"font-size: 14pt;\"><br \/>R\u00fcckblick 2021-22<br \/><\/span><\/strong><\/p>\n<p>Die vergangene Spielrunde stand ganz klar unter\u00a0dem Vorzeichen &#8222;Aufstieg&#8220;. Genauso hatte sich das Team dann auch pr\u00e4sentiert.\u00a0Trotz vielz\u00e4hliger Ausf\u00e4lle geplagt, konnte das Team immer wieder von Neuem\u00a0zeigen, was es zu leisten im Stande war.\u00a0Hierbei gilt ein besonderer Dank unseren Nachwuchsspielern sowie den etablierten Kr\u00e4ften aus Team 7. Ungl\u00fccklich lief nat\u00fcrlich die Unterbrechung sowie die\u00a0Verk\u00fcrzung der Spielrunde. Somit hatte man insgesamt nur die H\u00e4lfte aller Spiele absolviert.\u00a0Letztendlich war es jedoch tats\u00e4chlich so, dass sich die besten drei Teams &#8211; bestehend aus Notzingen II, Reudern I und VfL VI, in den letzten Spielen der Runde noch gegen\u00fcberstanden.\u00a0Durch eine sehr starke Leistung konnte man im vorletzten Spiel den SV Reudern mit 9:0 wieder nach Hause schicken.Im daraufhin letzten Spiel trat der Konkurrent aus Notzingen erst gar nicht mehr an. Die Folge war ein sehr souver\u00e4ner Aufstieg!<\/p>\n<p><span style=\"font-size: 14pt;\"><span style=\"font-size: 14pt;\"><strong>Vorschau 2022-23<\/strong><\/span><\/span><\/p>\n<p style=\"margin: 0cm 0cm 10pt;\">Nach der \u201ehalben\u201c Saison 2021\/2022 und der am Ende souver\u00e4nen Meisterschaft verbunden mit dem Aufstieg in die Bezirksklasse freuen wir uns auf eine neue Saison, die nach 3 Jahren hoffentlich wieder voll durchgespielt werden kann.\u00a0Allerdings sind die Vorzeichen ganz anders als vor einem Jahr. Zum einen spielen wir nach dem Aufstieg in der h\u00f6heren Bezirksklasse und zum anderen hat sich das Gesicht der Mannschaft auch erheblich ver\u00e4ndert. Bedingt durch den Abstieg der 1. Mannschaft, die jetzt wieder mit 6 Spielern antritt, und weiteren Spielern, die den Verein verlassen haben, mussten wir 3 Stammspieler an die 5. Mannschaft abgeben. Und die letzten Jahre haben gezeigt, dass im Laufe der Saison auch durch Verletzungen der eine oder andere Ersatz in h\u00f6heren Mannschaften spielen musste.\u00a0Hinzugekommen sind 2 Spieler aus der 7. Mannschaft, Uwe Dorner und Johann Schatschneider, die bereits in der Vergangenheit sehr gute Spiele in dieser Klasse absolviert haben. Nach den sehr guten Erfahrungen aus der letzten Saison werden wir sicherlich \u00f6fters bei Engp\u00e4ssen auf unsere aufstrebenden Jugendspieler zur\u00fcckgreifen.<br \/>Unser prim\u00e4res Ziel als Aufsteiger ist der Klassenerhalt, v.a. aufgrund der personellen \u00c4nderungen und der starken Konkurrenz. Als einer der Favoriten gilt Aichtal II, aber auch die Mannschaften von Oberesslingen\/Zell II, Neuhausen IV,\u00a0Grossbettlingen und\u00a0Hardt sind oben zu erwarten.\u00a0Wir freuen uns auf jeden Fall auf eine spannende Saison, die vom ersten bis zum letzten Spieltag gespielt werden kann. Hoffentlich bleiben wir von Verletzungen verschont und werden mit sportlichem Einsatz, Teamgeist und guter Gemeinschaft eine interessante Runde erleben.<\/p>\n","protected":false},"excerpt":{"rendered":"<p>Herren 6\u00a0&#8211;\u00a0Bezirksklasse\u00a0 2022-23\u00a0\u00a0 Zur\u00fcck zur \u00dcbersicht hinten: J. Schatschneider, U. Dorner, J. Nieters, Si. Steinh\u00fcblvorne: D. H\u00e4user, Se. Steinh\u00fcbl, K. Steinh\u00fcbl Aufstellung Rang Q-TTR Name, Vorname 1 1557 Steinh\u00fcbl, Simon 2 1538 Schorradt, Thomas 3 1550 Nieters, Jan 4 1542 Kadura, Michael 5 1538 Dorner, Uwe 6 1435 Schatschneider, Joahnn Tabelle und Spielplan R\u00fcckblick 2021-22 [&hellip;]<\/p>\n","protected":false},"author":1,"featured_media":924,"parent":0,"menu_order":1009,"comment_status":"closed","ping_status":"closed","template":"","meta":{"_et_pb_use_builder":"","_et_pb_old_content":"","_et_gb_content_width":"","ngg_post_thumbnail":0},"_links":{"self":[{"href":"https:\/\/www.vfl-kirchheim.de\/tischtennis\/wp-json\/wp\/v2\/pages\/925"}],"collection":[{"href":"https:\/\/www.vfl-kirchheim.de\/tischtennis\/wp-json\/wp\/v2\/pages"}],"about":[{"href":"https:\/\/www.vfl-kirchheim.de\/tischtennis\/wp-json\/wp\/v2\/types\/page"}],"author":[{"embeddable":true,"href":"https:\/\/www.vfl-kirchheim.de\/tischtennis\/wp-json\/wp\/v2\/users\/1"}],"replies":[{"embeddable":true,"href":"https:\/\/www.vfl-kirchheim.de\/tischtennis\/wp-json\/wp\/v2\/comments?post=925"}],"version-history":[{"count":2,"href":"https:\/\/www.vfl-kirchheim.de\/tischtennis\/wp-json\/wp\/v2\/pages\/925\/revisions"}],"predecessor-version":[{"id":1426,"href":"https:\/\/www.vfl-kirchheim.de\/tischtennis\/wp-json\/wp\/v2\/pages\/925\/revisions\/1426"}],"wp:featuredmedia":[{"embeddable":true,"href":"https:\/\/www.vfl-kirchheim.de\/tischtennis\/wp-json\/wp\/v2\/media\/924"}],"wp:attachment":[{"href":"https:\/\/www.vfl-kirchheim.de\/tischtennis\/wp-json\/wp\/v2\/media?parent=925"}],"curies":[{"name":"wp","href":"https:\/\/api.w.org\/{rel}","templated":true}]}}