{"id":923,"date":"2022-09-17T08:51:16","date_gmt":"2022-09-17T06:51:16","guid":{"rendered":"https:\/\/www.vfl-kirchheim.de\/tischtennis\/\/ti-saison-22-23-herren5\/"},"modified":"2023-05-20T17:32:52","modified_gmt":"2023-05-20T15:32:52","slug":"ti-saison-22-23-herren5","status":"publish","type":"page","link":"https:\/\/www.vfl-kirchheim.de\/tischtennis\/ti-saison-22-23-herren5\/","title":{"rendered":"Saison_22-23_Herren5"},"content":{"rendered":"<p style=\"text-align: left;\"><span style=\"font-size: 18pt;\"><span style=\"font-size: 24pt;\"><strong>Herren 5<\/strong><\/span>\u00a0&#8211;\u00a0Bezirksliga \u00a02022-23\u00a0\u00a0<\/span><\/p>\n<div style=\"text-align: right;\"><span style=\"font-size: 14pt;\"><a href=\"https:\/\/www.vfl-kirchheim.de\/tischtennis\/\/ti-mannschaften-22-23\/\">Zur\u00fcck zur \u00dcbersicht<\/a><\/span><br \/><img decoding=\"async\" class=\" size-full wp-image-922\" style=\"display: block; margin-left: auto; margin-right: auto;\" src=\"https:\/\/www.vfl-kirchheim.de\/tischtennis\/\/wp-content\/uploads\/2022\/09\/H5_Team_k.jpg\" width=\"650\" srcset=\"https:\/\/www.vfl-kirchheim.de\/tischtennis\/wp-content\/uploads\/2022\/09\/H5_Team_k.jpg 1051w, https:\/\/www.vfl-kirchheim.de\/tischtennis\/wp-content\/uploads\/2022\/09\/H5_Team_k-300x214.jpg 300w, https:\/\/www.vfl-kirchheim.de\/tischtennis\/wp-content\/uploads\/2022\/09\/H5_Team_k-1024x731.jpg 1024w, https:\/\/www.vfl-kirchheim.de\/tischtennis\/wp-content\/uploads\/2022\/09\/H5_Team_k-768x548.jpg 768w\" sizes=\"(max-width: 1051px) 100vw, 1051px\" \/><\/div>\n<div style=\"text-align: center;\">S. Steinh\u00fcbl, K. Thalheim, K. Bretz, R. Titze, H. Trinkle, M. Braun<\/div>\n<p><span style=\"font-size: 14pt;\"><strong>Aufstellung<\/strong><\/span><\/p>\n<table style=\"border-color: #eaff00; height: 155px; margin-left: auto; margin-right: auto;\" width=\"359\" rules=\"none\" cellspacing=\"20\">\n<thead>\n<tr style=\"background-color: #fff700; height: 23px;\">\n<td style=\"width: 81px; height: 23px;\"><span style=\"font-size: 12pt; font-family: arial, helvetica, sans-serif;\"><strong>Rang<\/strong><\/span><\/td>\n<td style=\"width: 81px; height: 23px;\"><span style=\"font-size: 12pt; font-family: arial, helvetica, sans-serif;\"><strong>Q-TTR<\/strong><\/span><\/td>\n<td style=\"width: 181px; height: 23px;\"><span style=\"font-size: 12pt; font-family: arial, helvetica, sans-serif;\"><strong>Name, Vorname<\/strong><\/span><\/td>\n<\/tr>\n<\/thead>\n<tbody>\n<tr style=\"height: 17.5px;\">\n<td style=\"background-color: #e6e6e6; height: 17.5px; width: 81px; text-align: center;\"><span style=\"font-size: 12pt; font-family: arial, helvetica, sans-serif;\">1<\/span><\/td>\n<td style=\"background-color: #e6e6e6; height: 17.5px; width: 81px; text-align: center;\"><span style=\"font-size: 12pt; font-family: arial, helvetica, sans-serif;\">1600<\/span><\/td>\n<td style=\"background-color: #e6e6e6; height: 17.5px; width: 181px;\"><span style=\"font-size: 12pt;\">Zimmermann, Rene<\/span><\/td>\n<\/tr>\n<tr style=\"height: 23px;\">\n<td style=\"width: 81px; height: 23px; text-align: center;\"><span style=\"font-size: 12pt; font-family: arial, helvetica, sans-serif;\">2<\/span><\/td>\n<td style=\"width: 81px; height: 23px; text-align: center;\"><span style=\"font-size: 12pt; font-family: arial, helvetica, sans-serif;\">1623<\/span><\/td>\n<td style=\"width: 181px; height: 23px;\"><span style=\"font-size: 12pt;\">Bretz, Klaus<\/span><\/td>\n<\/tr>\n<tr style=\"height: 23px;\">\n<td style=\"background-color: #e6e6e6; height: 23px; width: 81px; text-align: center;\"><span style=\"font-size: 12pt; font-family: arial, helvetica, sans-serif;\">3<\/span><\/td>\n<td style=\"background-color: #e6e6e6; height: 23px; width: 81px; text-align: center;\"><span style=\"font-size: 12pt;\"><span style=\"font-family: arial, helvetica, sans-serif;\">1606<\/span><\/span><\/td>\n<td style=\"background-color: #e6e6e6; height: 23px; width: 181px;\"><span style=\"font-size: 12pt;\">Thalheim, Kai<\/span><\/td>\n<\/tr>\n<tr style=\"height: 23px;\">\n<td style=\"width: 81px; height: 23px; text-align: center;\"><span style=\"font-size: 12pt; font-family: arial, helvetica, sans-serif;\">4<\/span><\/td>\n<td style=\"width: 81px; height: 23px; text-align: center;\"><span style=\"font-size: 12pt; font-family: arial, helvetica, sans-serif;\">1582<\/span><\/td>\n<td style=\"width: 181px; height: 23px;\"><span style=\"font-size: 12pt;\">Trinkle, Haiko<\/span><\/td>\n<\/tr>\n<tr style=\"height: 23px;\">\n<td style=\"background-color: #e6e6e6; text-align: center;\"><span style=\"font-size: 12pt; font-family: arial, helvetica, sans-serif;\">5<\/span><\/td>\n<td style=\"background-color: #e6e6e6; text-align: center;\"><span style=\"font-size: 12pt; font-family: arial, helvetica, sans-serif;\">1577<\/span><\/td>\n<td style=\"background-color: #e6e6e6;\"><span style=\"font-size: 12pt;\">Braun, Marcel<\/span><\/td>\n<\/tr>\n<tr style=\"height: 23px;\">\n<td style=\"width: 81px; height: 23px; text-align: center;\"><span style=\"font-size: 12pt; font-family: arial, helvetica, sans-serif;\">6<\/span><\/td>\n<td style=\"width: 81px; height: 23px; text-align: center;\"><span style=\"font-size: 12pt; font-family: arial, helvetica, sans-serif;\">1561<\/span><\/td>\n<td style=\"width: 181px; height: 23px;\"><span style=\"font-size: 12pt;\">Titze, Ronald<\/span><\/td>\n<\/tr>\n<\/tbody>\n<\/table>\n<p><\/p>\n<div style=\"text-align: right;\"><span style=\"font-size: 14pt;\"><a href=\"https:\/\/www.mytischtennis.de\/clicktt\/TTBW\/22-23\/ligen\/Herren-Bezirksliga\/gruppe\/415752\/tabelle\/gesamt\/\" target=\"_blank\" rel=\"noopener noreferrer\">Tabelle und Spielplan<\/a><\/span><\/div>\n<p><strong><span style=\"font-size: 14pt;\"><br \/>R\u00fcckblick 2021-22<br \/><\/span><\/strong><\/p>\n<p>In der abgelaufenen Runde konnte man sich einen guten zweiten Platz hinter den TTF Neuhausen II sichern, womit man sich zur Relegation f\u00fcr die Landesklasse qualifizierte.\u00a0 Besonders hilfreich waren hierbei einerseits der sehr breite Kader sowie andererseits die Ersatzstellung durch den VfL 6, da immer wieder jemand ersetzt werden mussten. In der Relegation traf man schlie\u00dflich auf den TGV Rossw\u00e4lden und den TSV W\u00e4schenbeuren II. das erste Spiel gegen W\u00e4schenbeuren konnte man souver\u00e4n mit 9:3 f\u00fcr sich entscheiden. Nachdem nun die TGV Rossw\u00e4lden ebenfalls gegen W\u00e4schenbeuren gewann, gab ein echtes Endspiel, um den begehrten Platz in der Landesklasse.\u00a0 Die bis dahin so erfolgreichen Doppel des VfL hatten jedoch in diesem Spiel keine Wirkung. Leider hat man alle vier Doppel mit 3.2 denkbar knapp verloren, so dass am Ende eine 9:7 Niederlage zu Buche stand.<\/p>\n<p><span style=\"font-size: 14pt;\"><span style=\"font-size: 14pt;\"><strong>Vorschau 2022-23<\/strong><\/span><\/span><\/p>\n<p>Bedingt durch das Hochrutschen nahezu des gesamten Teams geht der VfL V mit einer deutlich ver\u00e4nderten Aufstellung in die neue Spielzeit. Ohne Frage ist dies eine gro\u00dfe Herausforderung, der wir uns jedoch gerne stellen. Auf dem Papier kann sich unsere Aufstellung auf jeden Fall sehen lassen. Es ist nur die Frage, wer letztendlich wie oft tats\u00e4chlich zum Schl\u00e4ger greifen wird. Wir verf\u00fcgen jedoch \u00fcber enorm starke Spieler aus den hinteren zwei Mannschaften, wobei wir besonders gerne auf unsere sehr starken Jugendlichen zur\u00fcck greifen werden. Mit TTC Esslingen I, SF Wernau I, TSV Wendlingen II sowie Musberg II gibt es einige Mannschaften, die mit uns um den Klassenerhalt k\u00e4mpfen werden. Den Meister wird aller Wahrscheinlich nach ein Team aus dem Trio Nabern II, TTF Neckartenzlingen II und TSV Sielmingen I stellen. Sehr viel vom Verlauf der Runde wird jedoch auch davon abh\u00e4ngen, inwiefern Corona eine Rolle spielen wird. Es bleibt somit sicher weiter spannend!<\/p>\n","protected":false},"excerpt":{"rendered":"<p>Herren 5\u00a0&#8211;\u00a0Bezirksliga \u00a02022-23\u00a0\u00a0 Zur\u00fcck zur \u00dcbersicht S. Steinh\u00fcbl, K. Thalheim, K. Bretz, R. Titze, H. Trinkle, M. Braun Aufstellung Rang Q-TTR Name, Vorname 1 1600 Zimmermann, Rene 2 1623 Bretz, Klaus 3 1606 Thalheim, Kai 4 1582 Trinkle, Haiko 5 1577 Braun, Marcel 6 1561 Titze, Ronald Tabelle und Spielplan R\u00fcckblick 2021-22 In der abgelaufenen [&hellip;]<\/p>\n","protected":false},"author":1,"featured_media":922,"parent":0,"menu_order":1010,"comment_status":"closed","ping_status":"closed","template":"","meta":{"_et_pb_use_builder":"","_et_pb_old_content":"","_et_gb_content_width":"","ngg_post_thumbnail":0},"_links":{"self":[{"href":"https:\/\/www.vfl-kirchheim.de\/tischtennis\/wp-json\/wp\/v2\/pages\/923"}],"collection":[{"href":"https:\/\/www.vfl-kirchheim.de\/tischtennis\/wp-json\/wp\/v2\/pages"}],"about":[{"href":"https:\/\/www.vfl-kirchheim.de\/tischtennis\/wp-json\/wp\/v2\/types\/page"}],"author":[{"embeddable":true,"href":"https:\/\/www.vfl-kirchheim.de\/tischtennis\/wp-json\/wp\/v2\/users\/1"}],"replies":[{"embeddable":true,"href":"https:\/\/www.vfl-kirchheim.de\/tischtennis\/wp-json\/wp\/v2\/comments?post=923"}],"version-history":[{"count":2,"href":"https:\/\/www.vfl-kirchheim.de\/tischtennis\/wp-json\/wp\/v2\/pages\/923\/revisions"}],"predecessor-version":[{"id":1427,"href":"https:\/\/www.vfl-kirchheim.de\/tischtennis\/wp-json\/wp\/v2\/pages\/923\/revisions\/1427"}],"wp:featuredmedia":[{"embeddable":true,"href":"https:\/\/www.vfl-kirchheim.de\/tischtennis\/wp-json\/wp\/v2\/media\/922"}],"wp:attachment":[{"href":"https:\/\/www.vfl-kirchheim.de\/tischtennis\/wp-json\/wp\/v2\/media?parent=923"}],"curies":[{"name":"wp","href":"https:\/\/api.w.org\/{rel}","templated":true}]}}