{"id":921,"date":"2022-09-17T08:48:03","date_gmt":"2022-09-17T06:48:03","guid":{"rendered":"https:\/\/www.vfl-kirchheim.de\/tischtennis\/\/ti-saison-22-23-herren4\/"},"modified":"2023-05-20T17:33:02","modified_gmt":"2023-05-20T15:33:02","slug":"ti-saison-22-23-herren4","status":"publish","type":"page","link":"https:\/\/www.vfl-kirchheim.de\/tischtennis\/ti-saison-22-23-herren4\/","title":{"rendered":"Saison_22-23_Herren4"},"content":{"rendered":"<p style=\"text-align: left;\"><span style=\"font-size: 18pt;\"><span style=\"font-size: 24pt;\"><strong>Herren 4<\/strong><\/span>\u00a0&#8211; Landesklasse\u00a0 2022-23\u00a0\u00a0<\/span><\/p>\n<div style=\"text-align: right;\"><span style=\"font-size: 14pt;\"><a href=\"https:\/\/www.vfl-kirchheim.de\/tischtennis\/\/ti-mannschaften-22-23\/\">Zur\u00fcck zur \u00dcbersicht<\/a><\/span><br \/><img decoding=\"async\" class=\" size-full wp-image-920\" style=\"display: block; margin-left: auto; margin-right: auto;\" src=\"https:\/\/www.vfl-kirchheim.de\/tischtennis\/\/wp-content\/uploads\/2022\/09\/H4_Team_k.jpg\" width=\"650\" srcset=\"https:\/\/www.vfl-kirchheim.de\/tischtennis\/wp-content\/uploads\/2022\/09\/H4_Team_k.jpg 1061w, https:\/\/www.vfl-kirchheim.de\/tischtennis\/wp-content\/uploads\/2022\/09\/H4_Team_k-300x210.jpg 300w, https:\/\/www.vfl-kirchheim.de\/tischtennis\/wp-content\/uploads\/2022\/09\/H4_Team_k-1024x718.jpg 1024w, https:\/\/www.vfl-kirchheim.de\/tischtennis\/wp-content\/uploads\/2022\/09\/H4_Team_k-768x539.jpg 768w\" sizes=\"(max-width: 1061px) 100vw, 1061px\" \/><\/div>\n<div style=\"text-align: center;\">A. Schorradt, J. Herrmann, E. Sch\u00f6ffler, J. Raichle, M. Opelland, R. Zimmermann<\/div>\n<p><span style=\"font-size: 14pt;\"><strong>Aufstellung<\/strong><\/span><\/p>\n<table style=\"border-color: #eaff00; height: 155px; margin-left: auto; margin-right: auto;\" width=\"359\" rules=\"none\" cellspacing=\"20\">\n<thead>\n<tr style=\"background-color: #fff700; height: 23px;\">\n<td style=\"width: 81px; height: 23px;\"><span style=\"font-size: 12pt; font-family: arial, helvetica, sans-serif;\"><strong>Rang<\/strong><\/span><\/td>\n<td style=\"width: 81px; height: 23px;\"><span style=\"font-size: 12pt; font-family: arial, helvetica, sans-serif;\"><strong>Q-TTR<\/strong><\/span><\/td>\n<td style=\"width: 181px; height: 23px;\"><span style=\"font-size: 12pt; font-family: arial, helvetica, sans-serif;\"><strong>Name, Vorname<\/strong><\/span><\/td>\n<\/tr>\n<\/thead>\n<tbody>\n<tr style=\"height: 17.5px;\">\n<td style=\"background-color: #e6e6e6; height: 17.5px; width: 81px; text-align: center;\"><span style=\"font-size: 12pt; font-family: arial, helvetica, sans-serif;\">1<\/span><\/td>\n<td style=\"background-color: #e6e6e6; height: 17.5px; width: 81px; text-align: center;\"><span style=\"font-size: 12pt; font-family: arial, helvetica, sans-serif;\">1751<\/span><\/td>\n<td style=\"background-color: #e6e6e6; height: 17.5px; width: 181px;\"><span style=\"font-size: 12pt;\">Schorradt, Axel<\/span><\/td>\n<\/tr>\n<tr style=\"height: 23px;\">\n<td style=\"width: 81px; height: 23px; text-align: center;\"><span style=\"font-size: 12pt; font-family: arial, helvetica, sans-serif;\">2<\/span><\/td>\n<td style=\"width: 81px; height: 23px; text-align: center;\"><span style=\"font-size: 12pt; font-family: arial, helvetica, sans-serif;\">1738<\/span><\/td>\n<td style=\"width: 181px; height: 23px;\"><span style=\"font-size: 12pt;\">Opelland, Magnus<\/span><\/td>\n<\/tr>\n<tr style=\"height: 23px;\">\n<td style=\"background-color: #e6e6e6; height: 23px; width: 81px; text-align: center;\"><span style=\"font-size: 12pt; font-family: arial, helvetica, sans-serif;\">3<\/span><\/td>\n<td style=\"background-color: #e6e6e6; height: 23px; width: 81px; text-align: center;\"><span style=\"font-size: 12pt;\"><span style=\"font-family: arial, helvetica, sans-serif;\">1706<\/span><\/span><\/td>\n<td style=\"background-color: #e6e6e6; height: 23px; width: 181px;\"><span style=\"font-size: 12pt;\">Hummel, Martin<\/span><\/td>\n<\/tr>\n<tr style=\"height: 23px;\">\n<td style=\"width: 81px; height: 23px; text-align: center;\"><span style=\"font-size: 12pt; font-family: arial, helvetica, sans-serif;\">4<\/span><\/td>\n<td style=\"width: 81px; height: 23px; text-align: center;\"><span style=\"font-size: 12pt; font-family: arial, helvetica, sans-serif;\">1695<\/span><\/td>\n<td style=\"width: 181px; height: 23px;\"><span style=\"font-size: 12pt;\">Raichle, J\u00fcrgen<\/span><\/td>\n<\/tr>\n<tr style=\"height: 23px;\">\n<td style=\"background-color: #e6e6e6; text-align: center;\"><span style=\"font-size: 12pt; font-family: arial, helvetica, sans-serif;\">5<\/span><\/td>\n<td style=\"background-color: #e6e6e6; text-align: center;\"><span style=\"font-size: 12pt; font-family: arial, helvetica, sans-serif;\">1676<\/span><\/td>\n<td style=\"background-color: #e6e6e6;\"><span style=\"font-size: 12pt;\">Goll, Roger<\/span><\/td>\n<\/tr>\n<tr style=\"height: 23px;\">\n<td style=\"width: 81px; height: 23px; text-align: center;\"><span style=\"font-size: 12pt; font-family: arial, helvetica, sans-serif;\">6<\/span><\/td>\n<td style=\"width: 81px; height: 23px; text-align: center;\"><span style=\"font-size: 12pt; font-family: arial, helvetica, sans-serif;\">1652<\/span><\/td>\n<td style=\"width: 181px; height: 23px;\"><span style=\"font-size: 12pt;\">Sch\u00f6ffler, Eberhard<\/span><\/td>\n<\/tr>\n<tr style=\"height: 23px;\">\n<td style=\"background-color: #e6e6e6; text-align: center;\"><span style=\"font-size: 12pt; font-family: arial, helvetica, sans-serif;\">7<\/span><\/td>\n<td style=\"background-color: #e6e6e6; text-align: center;\"><span style=\"font-size: 12pt; font-family: arial, helvetica, sans-serif;\">1650<\/span><\/td>\n<td style=\"background-color: #e6e6e6;\"><span style=\"font-size: 12pt;\">Braun, Tobias<\/span><\/td>\n<\/tr>\n<tr style=\"height: 23px;\">\n<td style=\"background-color: #ffffff; text-align: center;\"><span style=\"font-size: 12pt; font-family: arial, helvetica, sans-serif;\">8<\/span><\/td>\n<td style=\"background-color: #ffffff; text-align: center;\"><span style=\"font-size: 12pt; font-family: arial, helvetica, sans-serif;\">1649<\/span><\/td>\n<td style=\"background-color: #ffffff;\"><span style=\"font-size: 12pt;\">Herrmann, J\u00f6rg<\/span><\/td>\n<\/tr>\n<\/tbody>\n<\/table>\n<p><\/p>\n<div style=\"text-align: right;\"><span style=\"font-size: 14pt;\"><a href=\"https:\/\/www.mytischtennis.de\/clicktt\/TTBW\/22-23\/ligen\/Landesklasse-Gr-4\/gruppe\/415443\/tabelle\/gesamt\/\" target=\"_blank\" rel=\"noopener noreferrer\">Tabelle und Spielplan<\/a><\/span><\/div>\n<p><strong><span style=\"font-size: 14pt;\"><br \/>R\u00fcckblick 2021-22<br \/><\/span><\/strong>Letzte Runde verlief wie erwartet in der Bezirksliga. Wir spielten vorne mit und verloren nur gegen Neuhausen II, welche im direkten Duell mit Ihren Youngsters\u00a0 an 5 und 6 aufliefen, die in der gleichen Klasse in deren dritten Mannschaft auf\u00a0 1 und 2 spielten.\u00a0 Insofern hatte es schon ein gewisses Geschm\u00e4ckle. Das Spiel ging mit 9:6 an Neuhausen, im Werner Film h\u00e4tte man gesagt: \u201e Nicht ganz fair, aber fein\u201c.\u00a0 Den dritten Minuspunkt holten wir uns im letzten Saisonspiel gegen Oberesslingen 2.\u00a0 Nach einer 7:2 F\u00fchrung konnten wir das Spiel nicht heimbringen und mussten am Ende froh sein, noch ein Unentschieden zu holen. Am Ende der Saison hie\u00df es 17:3 Punkte und Aufstiegsrelegation zur Landesklasse. Diese verlief eigentlich gut. Wir starteten gegen W\u00e4schenbeuren 2 mit 9:3. Das Spiel gegen Rossw\u00e4lden sollte die Entscheidung bringen. Die Doppel verliefen kurios. Alle drei Doppel f\u00fchrten 2:0 und verloren noch. Danach ging es hin und her. Es stand 8:7 f\u00fcr Rossw\u00e4lden, und ein Unentschieden h\u00e4tte dem VFL gereicht, um aufzusteigen. Das Schlussdoppel mit Schorradt\/Zimmermann hatten im Vierten Satz einen Matchball, konnten aber das Spiel nicht heimbringen und verlor im F\u00fcnften mit 9:11. Am Ende des Tages waren wir schon zufrieden, denn realistisch gesehen w\u00e4re eine Klasse h\u00f6her mit der Mannschaftsaufstellung eh schwierig geworden.\u00a0<\/p>\n<p><span style=\"font-size: 14pt;\"><span style=\"font-size: 14pt;\"><strong>Vorschau 2022-23<\/strong><\/span><\/span><\/p>\n<p style=\"margin: 0cm 0cm 10pt;\">Durch den sehr ungl\u00fccklichen Abstieg unserer Ersten Mannschaft aus der Oberliga wurden alle unsere Mannschaften geh\u00f6rig durcheinandergewirbelt und alle unteren Mannschaften mussten aufr\u00fccken. Dies hat zur Folge, dass sich eine v\u00f6llig neue Vierte Mannschaft formiert. Das Team tritt an mit Axel Schorradt, Magnus Opelland, Martin Hummel, J\u00fcrgen Raichle, Roger Goll, Eberhard Sch\u00f6ffler, J\u00f6rg Herrmann und Ren\u00e9 Zimmermann (MF). Als Ziel in der Landesklasse kann dieses Jahr nicht der Aufstieg, sondern eher das Mittelfeld bzw. ein Nichtabstiegsplatz das Ziel sein. Die Teams um Hochdorf, Musberg, Oberesslingen und Wendlingen werden wohl den Titel unter sich ausmachen. Danach geht es schon um den Klassenerhalt. Wenn der VFL alle Ressourcen nutzt, werden wir wohl mit dem Abstieg nichts zu tun haben.\u00a0<br \/>\u00a0\u00a0\u00a0\u00a0\u00a0\u00a0\u00a0\u00a0\u00a0\u00a0\u00a0\u00a0\u00a0<\/p>\n","protected":false},"excerpt":{"rendered":"<p>Herren 4\u00a0&#8211; Landesklasse\u00a0 2022-23\u00a0\u00a0 Zur\u00fcck zur \u00dcbersicht A. Schorradt, J. Herrmann, E. Sch\u00f6ffler, J. Raichle, M. Opelland, R. Zimmermann Aufstellung Rang Q-TTR Name, Vorname 1 1751 Schorradt, Axel 2 1738 Opelland, Magnus 3 1706 Hummel, Martin 4 1695 Raichle, J\u00fcrgen 5 1676 Goll, Roger 6 1652 Sch\u00f6ffler, Eberhard 7 1650 Braun, Tobias 8 1649 Herrmann, [&hellip;]<\/p>\n","protected":false},"author":1,"featured_media":920,"parent":0,"menu_order":1011,"comment_status":"closed","ping_status":"closed","template":"","meta":{"_et_pb_use_builder":"","_et_pb_old_content":"","_et_gb_content_width":"","ngg_post_thumbnail":0},"_links":{"self":[{"href":"https:\/\/www.vfl-kirchheim.de\/tischtennis\/wp-json\/wp\/v2\/pages\/921"}],"collection":[{"href":"https:\/\/www.vfl-kirchheim.de\/tischtennis\/wp-json\/wp\/v2\/pages"}],"about":[{"href":"https:\/\/www.vfl-kirchheim.de\/tischtennis\/wp-json\/wp\/v2\/types\/page"}],"author":[{"embeddable":true,"href":"https:\/\/www.vfl-kirchheim.de\/tischtennis\/wp-json\/wp\/v2\/users\/1"}],"replies":[{"embeddable":true,"href":"https:\/\/www.vfl-kirchheim.de\/tischtennis\/wp-json\/wp\/v2\/comments?post=921"}],"version-history":[{"count":2,"href":"https:\/\/www.vfl-kirchheim.de\/tischtennis\/wp-json\/wp\/v2\/pages\/921\/revisions"}],"predecessor-version":[{"id":1428,"href":"https:\/\/www.vfl-kirchheim.de\/tischtennis\/wp-json\/wp\/v2\/pages\/921\/revisions\/1428"}],"wp:featuredmedia":[{"embeddable":true,"href":"https:\/\/www.vfl-kirchheim.de\/tischtennis\/wp-json\/wp\/v2\/media\/920"}],"wp:attachment":[{"href":"https:\/\/www.vfl-kirchheim.de\/tischtennis\/wp-json\/wp\/v2\/media?parent=921"}],"curies":[{"name":"wp","href":"https:\/\/api.w.org\/{rel}","templated":true}]}}