{"id":917,"date":"2022-09-11T22:57:57","date_gmt":"2022-09-11T20:57:57","guid":{"rendered":"https:\/\/www.vfl-kirchheim.de\/tischtennis\/\/ti-saison-22-23-herren2\/"},"modified":"2023-05-20T17:33:26","modified_gmt":"2023-05-20T15:33:26","slug":"ti-saison-22-23-herren2","status":"publish","type":"page","link":"https:\/\/www.vfl-kirchheim.de\/tischtennis\/ti-saison-22-23-herren2\/","title":{"rendered":"Saison_22-23-Herren2"},"content":{"rendered":"<p style=\"text-align: left;\"><span style=\"font-size: 18pt;\"><span style=\"font-size: 24pt;\"><strong>Herren 2<\/strong><\/span>\u00a0&#8211; Verbandsoberliga\u00a0 2022-23\u00a0\u00a0<\/span><\/p>\n<div style=\"text-align: right;\"><span style=\"font-size: 14pt;\"><a href=\"https:\/\/www.vfl-kirchheim.de\/tischtennis\/\/ti-mannschaften-22-23\/\">Zur\u00fcck zur \u00dcbersicht<\/a><\/span><br \/><img decoding=\"async\" class=\" size-full wp-image-916\" style=\"display: block; margin-left: auto; margin-right: auto;\" src=\"https:\/\/www.vfl-kirchheim.de\/tischtennis\/\/wp-content\/uploads\/2022\/09\/H2_Team.jpg\" width=\"650\" srcset=\"https:\/\/www.vfl-kirchheim.de\/tischtennis\/wp-content\/uploads\/2022\/09\/H2_Team.jpg 757w, https:\/\/www.vfl-kirchheim.de\/tischtennis\/wp-content\/uploads\/2022\/09\/H2_Team-300x235.jpg 300w\" sizes=\"(max-width: 757px) 100vw, 757px\" \/><\/div>\n<div style=\"text-align: center;\">hinten: K. Hummel, S. K\u00f6rner, D. Gelfert<br \/>vorne: P. Strauch, M. Holzer, M. Hohl<\/div>\n<p><span style=\"font-size: 14pt;\"><strong>Aufstellung<\/strong><\/span><\/p>\n<table style=\"border-color: #eaff00; height: 155px; margin-left: auto; margin-right: auto;\" width=\"359\" rules=\"none\" cellspacing=\"20\">\n<thead>\n<tr style=\"background-color: #fff700; height: 23px;\">\n<td style=\"width: 81px; height: 23px;\"><span style=\"font-size: 12pt; font-family: arial, helvetica, sans-serif;\"><strong>Rang<\/strong><\/span><\/td>\n<td style=\"width: 81px; height: 23px;\"><span style=\"font-size: 12pt; font-family: arial, helvetica, sans-serif;\"><strong>Q-TTR<\/strong><\/span><\/td>\n<td style=\"width: 181px; height: 23px;\"><span style=\"font-size: 12pt; font-family: arial, helvetica, sans-serif;\"><strong>Name, Vorname<\/strong><\/span><\/td>\n<\/tr>\n<\/thead>\n<tbody>\n<tr style=\"height: 17.5px;\">\n<td style=\"background-color: #e6e6e6; height: 17.5px; width: 81px; text-align: center;\"><span style=\"font-size: 12pt; font-family: arial, helvetica, sans-serif;\">1<\/span><\/td>\n<td style=\"background-color: #e6e6e6; height: 17.5px; width: 81px; text-align: center;\"><span style=\"font-size: 12pt; font-family: arial, helvetica, sans-serif;\">1942<\/span><\/td>\n<td style=\"background-color: #e6e6e6; height: 17.5px; width: 181px;\"><span style=\"font-size: 12pt;\">Pavics, Peter<\/span><\/td>\n<\/tr>\n<tr style=\"height: 23px;\">\n<td style=\"width: 81px; height: 23px; text-align: center;\"><span style=\"font-size: 12pt; font-family: arial, helvetica, sans-serif;\">2<\/span><\/td>\n<td style=\"width: 81px; height: 23px; text-align: center;\"><span style=\"font-size: 12pt; font-family: arial, helvetica, sans-serif;\">1937<\/span><\/td>\n<td style=\"width: 181px; height: 23px;\"><span style=\"font-size: 12pt;\">Strauch, Patrick<\/span><\/td>\n<\/tr>\n<tr style=\"height: 23px;\">\n<td style=\"background-color: #e6e6e6; height: 23px; width: 81px; text-align: center;\"><span style=\"font-size: 12pt; font-family: arial, helvetica, sans-serif;\">3<\/span><\/td>\n<td style=\"background-color: #e6e6e6; height: 23px; width: 81px; text-align: center;\"><span style=\"font-size: 12pt;\"><span style=\"font-family: arial, helvetica, sans-serif;\">1925<\/span><\/span><\/td>\n<td style=\"background-color: #e6e6e6; height: 23px; width: 181px;\"><span style=\"font-size: 12pt;\">Holzer, Markus<\/span><\/td>\n<\/tr>\n<tr style=\"height: 23px;\">\n<td style=\"width: 81px; height: 23px; text-align: center;\"><span style=\"font-size: 12pt; font-family: arial, helvetica, sans-serif;\">4<\/span><\/td>\n<td style=\"width: 81px; height: 23px; text-align: center;\"><span style=\"font-size: 12pt; font-family: arial, helvetica, sans-serif;\">1897<\/span><\/td>\n<td style=\"width: 181px; height: 23px;\"><span style=\"font-size: 12pt;\">Hummel, Klaus<\/span><\/td>\n<\/tr>\n<tr style=\"height: 23px;\">\n<td style=\"background-color: #e6e6e6; text-align: center;\"><span style=\"font-size: 12pt; font-family: arial, helvetica, sans-serif;\">5<\/span><\/td>\n<td style=\"background-color: #e6e6e6; text-align: center;\"><span style=\"font-size: 12pt; font-family: arial, helvetica, sans-serif;\">1877<\/span><\/td>\n<td style=\"background-color: #e6e6e6;\"><span style=\"font-size: 12pt;\">K\u00f6rner, Sven<\/span><\/td>\n<\/tr>\n<tr style=\"height: 23px;\">\n<td style=\"width: 81px; height: 23px; text-align: center;\"><span style=\"font-family: arial, helvetica, sans-serif;\"><span style=\"font-size: 16px;\">6<\/span><\/span><\/td>\n<td style=\"width: 81px; height: 23px; text-align: center;\"><span style=\"font-size: 12pt; font-family: arial, helvetica, sans-serif;\">1865<\/span><\/td>\n<td style=\"width: 181px; height: 23px;\"><span style=\"font-size: 12pt;\">Hohl, Michael<\/span><\/td>\n<\/tr>\n<tr style=\"height: 23px;\">\n<td style=\"background-color: #e6e6e6; text-align: center;\"><span style=\"font-family: arial, helvetica, sans-serif;\"><span style=\"font-size: 16px;\">7<\/span><\/span><\/td>\n<td style=\"background-color: #e6e6e6; text-align: center;\"><span style=\"font-size: 12pt; font-family: arial, helvetica, sans-serif;\">1842<\/span><\/td>\n<td style=\"background-color: #e6e6e6;\"><span style=\"font-size: 12pt;\">Gelfert, Daniel<\/span><\/td>\n<\/tr>\n<\/tbody>\n<\/table>\n<p><\/p>\n<div style=\"text-align: right;\"><span style=\"font-size: 14pt;\"><a href=\"https:\/\/www.mytischtennis.de\/clicktt\/VOL%20R5\/22-23\/ligen\/VOL-Gr-2\/gruppe\/423009\/tabelle\/gesamt\" target=\"_blank\" rel=\"noopener noreferrer\">Tabelle und Spielplan<\/a><\/span><\/div>\n<p><strong><span style=\"font-size: 14pt;\"><br \/>R\u00fcckblick 2021-22<br \/><\/span><\/strong>Rettung in letzter Sekunde. So k\u00f6nnte man die letzte Runde zusammenfassen, denn 2 Spieltage vor Schluss standen wir noch auf dem letzten Tabellenplatz. Durch Siege gegen die direkten Konkurrenten Altshausen und Deuchelried konnten wir am letzten Spieltag den Klassenerhalt klarmachen. Dies gelang durch eine geschlossene Mannschaftsleistung und nicht zuletzt durch die Reaktivierung unseres Edeljokers Michael Klyeisen. Damit waren die Weichen f\u00fcr ein weiteres Jahr Verbandsoberliga gestellt.<\/p>\n<p><span style=\"font-size: 14pt;\"><span style=\"font-size: 14pt;\"><strong>Vorschau 2022-23<\/strong><\/span><\/span><\/p>\n<p style=\"margin: 0cm 0cm 10pt;\">Durch den schmerzhaften Abstieg der ersten Mannschaft aus der Oberliga und der damit verbundenen \u00c4nderung der Mannschaftsst\u00e4rke von 4 auf 6 \u00a0Spieler im Team, musste die \u201eZweite\u201c gleich zwei Spieler an die \u201eErste\u201c abtreten. F\u00fcr die erste Mannschaft werden nun zuk\u00fcnftig Dominik Goll und Michael Roll aufschlagen. Durch einen beruflichen Umzug konnte man gl\u00fccklicherweise Peter Pavics als neue Nummer 1 f\u00fcr die \u201eZweite gewinnen\u201c, au\u00dferdem wurde die Mannschaft von unten durch Sven K\u00f6rner verst\u00e4rkt, welcher fortan am hinteren Paarkreuz an Position 5 aufspielen wird. Die vormals schon in der Zweiten auf Punktejagd gehenden Patrick Strauch, Markus Holzer sowie Klaus Hummel (an den Positionen 2,3 und 4) bleiben der Mannschaft erhalten, komplettiert wird die Mannschaft durch Daniel Gelfert (Position 7), welcher nach langwierigen R\u00fcckenproblemen wieder zu alter St\u00e4rke zur\u00fcckfinden m\u00f6chte. Ob man die Abg\u00e4nge von Dominik und Michael einigerma\u00dfen kompensieren kann, bleibt nat\u00fcrlich abzuwarten, und somit wurde beim get together f\u00fcr das diesj\u00e4hrige Mannschaftsfoto in Hinsicht auf die kommende Saison unisono eher kleinere Br\u00f6tchen gebacken. Als erkl\u00e4rtes Saisonziel wurde somit der Nichtabstieg verk\u00fcndet, denn vergleicht man die TTR Statistiken aller Mannschaften, findet sich unsere Zweite abgeschlagen auf dem letzten Platz. Durch gute Doppel sowie die ein oder andere \u00dcberraschung im Einzel kann jedoch sicher dem ein oder anderen Favoriten ein oder sogar zwei Punkte abgerungen werde. Als Meisterschaftskandidaten wurden vom Team der TB Untert\u00fcrkheim auserkoren, aber auch unsere Erste d\u00fcrfte durchaus ein Wort um die vorderen Pl\u00e4tze mitzureden haben. Zum Start der Saison steht gleich ein kleines Highlight an, muss man ja aufgrund der gleichen Ligenzugeh\u00f6rigkeit mit unsrer Herren I gleich am ersten Spieltag gegen just diese jungen Wilden an die Platte. Alles andere als 2 Punkte w\u00e4re hier nat\u00fcrlich eine gro\u00dfe Entt\u00e4uschung.<\/p>\n","protected":false},"excerpt":{"rendered":"<p>Herren 2\u00a0&#8211; Verbandsoberliga\u00a0 2022-23\u00a0\u00a0 Zur\u00fcck zur \u00dcbersicht hinten: K. Hummel, S. K\u00f6rner, D. Gelfertvorne: P. Strauch, M. Holzer, M. Hohl Aufstellung Rang Q-TTR Name, Vorname 1 1942 Pavics, Peter 2 1937 Strauch, Patrick 3 1925 Holzer, Markus 4 1897 Hummel, Klaus 5 1877 K\u00f6rner, Sven 6 1865 Hohl, Michael 7 1842 Gelfert, Daniel Tabelle und [&hellip;]<\/p>\n","protected":false},"author":1,"featured_media":916,"parent":0,"menu_order":1013,"comment_status":"closed","ping_status":"closed","template":"","meta":{"_et_pb_use_builder":"","_et_pb_old_content":"","_et_gb_content_width":"","ngg_post_thumbnail":0},"_links":{"self":[{"href":"https:\/\/www.vfl-kirchheim.de\/tischtennis\/wp-json\/wp\/v2\/pages\/917"}],"collection":[{"href":"https:\/\/www.vfl-kirchheim.de\/tischtennis\/wp-json\/wp\/v2\/pages"}],"about":[{"href":"https:\/\/www.vfl-kirchheim.de\/tischtennis\/wp-json\/wp\/v2\/types\/page"}],"author":[{"embeddable":true,"href":"https:\/\/www.vfl-kirchheim.de\/tischtennis\/wp-json\/wp\/v2\/users\/1"}],"replies":[{"embeddable":true,"href":"https:\/\/www.vfl-kirchheim.de\/tischtennis\/wp-json\/wp\/v2\/comments?post=917"}],"version-history":[{"count":2,"href":"https:\/\/www.vfl-kirchheim.de\/tischtennis\/wp-json\/wp\/v2\/pages\/917\/revisions"}],"predecessor-version":[{"id":1430,"href":"https:\/\/www.vfl-kirchheim.de\/tischtennis\/wp-json\/wp\/v2\/pages\/917\/revisions\/1430"}],"wp:featuredmedia":[{"embeddable":true,"href":"https:\/\/www.vfl-kirchheim.de\/tischtennis\/wp-json\/wp\/v2\/media\/916"}],"wp:attachment":[{"href":"https:\/\/www.vfl-kirchheim.de\/tischtennis\/wp-json\/wp\/v2\/media?parent=917"}],"curies":[{"name":"wp","href":"https:\/\/api.w.org\/{rel}","templated":true}]}}