{"id":914,"date":"2022-09-11T22:00:58","date_gmt":"2022-09-11T20:00:58","guid":{"rendered":"https:\/\/www.vfl-kirchheim.de\/tischtennis\/\/ti-saison-22-23-herren1\/"},"modified":"2023-05-20T17:33:47","modified_gmt":"2023-05-20T15:33:47","slug":"ti-saison-22-23-herren1","status":"publish","type":"page","link":"https:\/\/www.vfl-kirchheim.de\/tischtennis\/ti-saison-22-23-herren1\/","title":{"rendered":"Saison_22-23_Herren1"},"content":{"rendered":"<p style=\"text-align: left;\"><span style=\"font-size: 18pt;\"><span style=\"font-size: 24pt;\"><strong>Herren 1<\/strong><\/span>\u00a0&#8211; Verbandsoberliga\u00a0 2022-23\u00a0\u00a0<\/span><\/p>\n<div style=\"text-align: right;\"><span style=\"font-size: 14pt;\"><a href=\"https:\/\/www.vfl-kirchheim.de\/tischtennis\/\/ti-mannschaften-22-23\/\">Zur\u00fcck zur \u00dcbersicht<\/a><\/span><br \/><img decoding=\"async\" class=\" size-full wp-image-834\" style=\"display: block; margin-left: auto; margin-right: auto;\" src=\"https:\/\/www.vfl-kirchheim.de\/tischtennis\/\/wp-content\/uploads\/2020\/09\/H1_Team.jpg\" width=\"650\" srcset=\"https:\/\/www.vfl-kirchheim.de\/tischtennis\/wp-content\/uploads\/2020\/09\/H1_Team.jpg 1000w, https:\/\/www.vfl-kirchheim.de\/tischtennis\/wp-content\/uploads\/2020\/09\/H1_Team-300x200.jpg 300w, https:\/\/www.vfl-kirchheim.de\/tischtennis\/wp-content\/uploads\/2020\/09\/H1_Team-768x512.jpg 768w\" sizes=\"(max-width: 1000px) 100vw, 1000px\" \/><\/div>\n<div style=\"text-align: center;\">hinten: S. Ge\u00dfner, M. Mangold, M. Gantert<br \/>vorne: D. Goll, M. Roll<\/div>\n<p><span style=\"font-size: 14pt;\"><strong>Aufstellung<\/strong><\/span><\/p>\n<table style=\"border-color: #eaff00; height: 155px; margin-left: auto; margin-right: auto;\" width=\"359\" rules=\"none\" cellspacing=\"20\">\n<thead>\n<tr style=\"background-color: #fff700; height: 23px;\">\n<td style=\"width: 81px; height: 23px;\"><span style=\"font-size: 12pt; font-family: arial, helvetica, sans-serif;\"><strong>Rang<\/strong><\/span><\/td>\n<td style=\"width: 81px; height: 23px;\"><span style=\"font-size: 12pt; font-family: arial, helvetica, sans-serif;\"><strong>Q-TTR<\/strong><\/span><\/td>\n<td style=\"width: 181px; height: 23px;\"><span style=\"font-size: 12pt; font-family: arial, helvetica, sans-serif;\"><strong>Name, Vorname<\/strong><\/span><\/td>\n<\/tr>\n<\/thead>\n<tbody>\n<tr style=\"height: 17.5px;\">\n<td style=\"background-color: #e6e6e6; height: 17.5px; width: 81px; text-align: center;\"><span style=\"font-size: 12pt; font-family: arial, helvetica, sans-serif;\">1<\/span><\/td>\n<td style=\"background-color: #e6e6e6; height: 17.5px; width: 81px; text-align: center;\"><span style=\"font-size: 12pt; font-family: arial, helvetica, sans-serif;\">2060<\/span><\/td>\n<td style=\"background-color: #e6e6e6; height: 17.5px; width: 181px;\"><span style=\"font-size: 12pt;\">Mangold, Manuel<\/span><\/td>\n<\/tr>\n<tr style=\"height: 23px;\">\n<td style=\"width: 81px; height: 23px; text-align: center;\"><span style=\"font-size: 12pt; font-family: arial, helvetica, sans-serif;\">2<\/span><\/td>\n<td style=\"width: 81px; height: 23px; text-align: center;\"><span style=\"font-size: 12pt; font-family: arial, helvetica, sans-serif;\">2023<\/span><\/td>\n<td style=\"width: 181px; height: 23px;\"><span style=\"font-size: 12pt;\">Ge\u00dfner, Simon<\/span><\/td>\n<\/tr>\n<tr style=\"height: 23px;\">\n<td style=\"background-color: #e6e6e6; height: 23px; width: 81px; text-align: center;\"><span style=\"font-size: 12pt; font-family: arial, helvetica, sans-serif;\">3<\/span><\/td>\n<td style=\"background-color: #e6e6e6; height: 23px; width: 81px; text-align: center;\"><span style=\"font-size: 12pt;\"><span style=\"font-family: arial, helvetica, sans-serif;\">2015<\/span><\/span><\/td>\n<td style=\"background-color: #e6e6e6; height: 23px; width: 181px;\"><span style=\"font-size: 12pt;\">Gantert, Matthias<\/span><\/td>\n<\/tr>\n<tr style=\"height: 23px;\">\n<td style=\"width: 81px; height: 23px; text-align: center;\"><span style=\"font-size: 12pt; font-family: arial, helvetica, sans-serif;\">4<\/span><\/td>\n<td style=\"width: 81px; height: 23px; text-align: center;\"><span style=\"font-size: 12pt; font-family: arial, helvetica, sans-serif;\">1977<\/span><\/td>\n<td style=\"width: 181px; height: 23px;\"><span style=\"font-size: 12pt;\">Roll, Michael<\/span><\/td>\n<\/tr>\n<tr style=\"height: 23px;\">\n<td style=\"background-color: #e6e6e6; text-align: center;\"><span style=\"font-size: 12pt; font-family: arial, helvetica, sans-serif;\">5<\/span><\/td>\n<td style=\"background-color: #e6e6e6; text-align: center;\"><span style=\"font-size: 12pt; font-family: arial, helvetica, sans-serif;\">1937<\/span><\/td>\n<td style=\"background-color: #e6e6e6;\"><span style=\"font-size: 12pt;\">Goll, Dominik<\/span><\/td>\n<\/tr>\n<tr style=\"height: 23px;\">\n<td style=\"width: 81px; height: 23px; text-align: center;\"><span style=\"font-size: 12pt; font-family: arial, helvetica, sans-serif;\">6<\/span><\/td>\n<td style=\"width: 81px; height: 23px; text-align: center;\"><span style=\"font-size: 12pt; font-family: arial, helvetica, sans-serif;\">1898<\/span><\/td>\n<td style=\"width: 181px; height: 23px;\"><span style=\"font-size: 12pt;\">Klyeisen, Michael<\/span><\/td>\n<\/tr>\n<\/tbody>\n<\/table>\n<p><\/p>\n<div style=\"text-align: right;\"><span style=\"font-size: 14pt;\"><a href=\"https:\/\/www.mytischtennis.de\/clicktt\/VOL%20R5\/22-23\/ligen\/VOL-Gr-2\/gruppe\/423009\/tabelle\/gesamt\" target=\"_blank\" rel=\"noopener noreferrer\">Tabelle und Spielplan<\/a><\/span><\/div>\n<p><strong><span style=\"font-size: 14pt;\"><br \/>R\u00fcckblick 2021-22<br \/><\/span><\/strong>Erstmalig traten die Ballk\u00fcnstler mit Viererteams im Bundesspielsystem an. Auf dem Papier geh\u00f6rte man schon vor der Runde zu den Abstiegskandidaten. Dennoch \u00fcberzeugte das durch Luis Hornstein verst\u00e4rkte Team im Laufe der Runde mit zahlreichen Unentschieden und \u00fcberraschenden Siegen, unter anderem auch gegen stark favorisierte Mannschaften. Durch die guten Leistungen schien der Klassenerhalt f\u00fcr den VfL bereits mehrere Spieltage vor Saisonende gesichert.<br \/>Ein unerwartetes Nichtantreten des SV Salamander Kornwestheim am drittletzten Spieltag, mischte zwangsl\u00e4ufig die Karten neu. Der SV Salamander Kornwestheim wurde aus der Liga gestrichen und die Spiele wurden zum Nachteil der Kirchheimer nachtr\u00e4glich annulliert. Der sicher geglaubte Klassenerhalt stand somit wieder auf wackeligen Beinen. Es folgten zwei hauchd\u00fcnne Niederlagen gegen den Tabellenersten und -dritten, so dass der VfL zum Ende der Runde auf dem Relegationsplatz landete. Ein alles entscheidender Showdown mit dem SV Niklashausen sollte also \u00fcber den Klassenerhalt entscheiden. Auch in der Relegation setzte sich die Misere fort: Eine weitere 4:6 Niederlage besiegelte den Abstieg in die Verbandsoberliga.<\/p>\n<p><span style=\"font-size: 14pt;\"><span style=\"font-size: 14pt;\"><strong>Vorschau 2022-23<\/strong><\/span><\/span><\/p>\n<p style=\"margin: 0cm 0cm 10pt;\">Zusammen mit der zweiten Mannschaft des VfL geht die Erste dieses Jahr in der Verbandsoberliga an den Start, mit dem Ziel, den direkten Wiederaufstieg in die Oberliga zu erreichen. Gr\u00f6\u00dfter Konkurrent wird dabei voraussichtlich die TB Untert\u00fcrkheim sein, die wieder in altbekannter Aufstellung an den Start gehen wird. Dar\u00fcber hinaus sind auch die beiden Aufsteiger aus Beinstein und Ulm nicht zu untersch\u00e4tzen, die beide als Geheimfavorit in die Saison starten. Das st\u00e4rkste vordere Paarkreuz kommt diese Runde aus Satteldorf, mit Spitzenspieler Gabriel Stephan (2225 TTR).<br \/>Mit Manu und Simon geht diese Saison unser vorderes Paarkreuz der letzten Jahre aus der Oberliga an den Start, die nun eine Spielklasse tiefer die Mannschaft anf\u00fchren sollen. Die Weichen f\u00fcr m\u00f6glichst viele Siege, gilt es anschlie\u00dfend im mittleren Paarkreuz zu stellen, in dem Matze und Michi in die meisten Spiele als Favoriten gehen werden. Wie das hintere Paarkreuz in dieser Saison gebildet wird, ist aktuell noch offen und wird von Spiel zu Spiel variieren, da Dominik Baden-W\u00fcrttemberg ab November h\u00f6chstwahrscheinlich verlassen wird und Kly die ganze Vorrunde in Paris ist. Hier werden dann voraussichtlich die Routiniers aus der Zweiten sowie Neuzugang Peter Pavics aushelfen und wertvolle Punkte zum anvisierten Aufstieg beitragen. Dar\u00fcber hinaus sind die Doppel aufgrund von bis zu drei Linksh\u00e4ndern im Team diese Saison sehr vielversprechend. Zur R\u00fcckrunde wird es ab Januar dann noch interessanter, da Simon Ge\u00dfner eine Weltreise antreten wird und somit nur in der Vorrunde zur Verf\u00fcgung steht.<\/p>\n","protected":false},"excerpt":{"rendered":"<p>Herren 1\u00a0&#8211; Verbandsoberliga\u00a0 2022-23\u00a0\u00a0 Zur\u00fcck zur \u00dcbersicht hinten: S. Ge\u00dfner, M. Mangold, M. Gantertvorne: D. Goll, M. Roll Aufstellung Rang Q-TTR Name, Vorname 1 2060 Mangold, Manuel 2 2023 Ge\u00dfner, Simon 3 2015 Gantert, Matthias 4 1977 Roll, Michael 5 1937 Goll, Dominik 6 1898 Klyeisen, Michael Tabelle und Spielplan R\u00fcckblick 2021-22Erstmalig traten die Ballk\u00fcnstler [&hellip;]<\/p>\n","protected":false},"author":1,"featured_media":834,"parent":0,"menu_order":1015,"comment_status":"closed","ping_status":"closed","template":"","meta":{"_et_pb_use_builder":"","_et_pb_old_content":"","_et_gb_content_width":"","ngg_post_thumbnail":0},"_links":{"self":[{"href":"https:\/\/www.vfl-kirchheim.de\/tischtennis\/wp-json\/wp\/v2\/pages\/914"}],"collection":[{"href":"https:\/\/www.vfl-kirchheim.de\/tischtennis\/wp-json\/wp\/v2\/pages"}],"about":[{"href":"https:\/\/www.vfl-kirchheim.de\/tischtennis\/wp-json\/wp\/v2\/types\/page"}],"author":[{"embeddable":true,"href":"https:\/\/www.vfl-kirchheim.de\/tischtennis\/wp-json\/wp\/v2\/users\/1"}],"replies":[{"embeddable":true,"href":"https:\/\/www.vfl-kirchheim.de\/tischtennis\/wp-json\/wp\/v2\/comments?post=914"}],"version-history":[{"count":2,"href":"https:\/\/www.vfl-kirchheim.de\/tischtennis\/wp-json\/wp\/v2\/pages\/914\/revisions"}],"predecessor-version":[{"id":1432,"href":"https:\/\/www.vfl-kirchheim.de\/tischtennis\/wp-json\/wp\/v2\/pages\/914\/revisions\/1432"}],"wp:featuredmedia":[{"embeddable":true,"href":"https:\/\/www.vfl-kirchheim.de\/tischtennis\/wp-json\/wp\/v2\/media\/834"}],"wp:attachment":[{"href":"https:\/\/www.vfl-kirchheim.de\/tischtennis\/wp-json\/wp\/v2\/media?parent=914"}],"curies":[{"name":"wp","href":"https:\/\/api.w.org\/{rel}","templated":true}]}}