{"id":879,"date":"2021-08-22T11:33:50","date_gmt":"2021-08-22T09:33:50","guid":{"rendered":"https:\/\/www.vfl-kirchheim.de\/tischtennis\/\/ti-saison-21-22-herren3\/"},"modified":"2023-06-19T08:45:42","modified_gmt":"2023-06-19T06:45:42","slug":"ti-saison-21-22-herren3","status":"publish","type":"page","link":"https:\/\/www.vfl-kirchheim.de\/tischtennis\/ti-saison-21-22-herren3\/","title":{"rendered":"TI_Saison_21-22_Herren3"},"content":{"rendered":"<p style=\"text-align: left;\"><span style=\"font-size: 18pt;\"><span style=\"font-size: 24pt;\"><strong>Herren 3<\/strong><\/span>\u00a0&#8211; Landesliga \u00a02021-22\u00a0\u00a0<\/span><\/p>\n<div style=\"text-align: right;\"><span style=\"font-size: 14pt;\"><a title=\"Zur\u00fcck zur \u00dcbersicht\" href=\"https:\/\/www.vfl-kirchheim.de\/tischtennis\/\/ti-mannschaften-21-22\/\">Zur\u00fcck zur \u00dcbersicht<\/a><\/span><br \/><img decoding=\"async\" loading=\"lazy\" class=\" size-full wp-image-718\" style=\"display: block; margin-left: auto; margin-right: auto;\" src=\"https:\/\/www.vfl-kirchheim.de\/tischtennis\/\/wp-content\/uploads\/2018\/09\/H3_Team_klein.jpg\" alt=\"\" width=\"534\" height=\"400\" srcset=\"https:\/\/www.vfl-kirchheim.de\/tischtennis\/wp-content\/uploads\/2018\/09\/H3_Team_klein.jpg 534w, https:\/\/www.vfl-kirchheim.de\/tischtennis\/wp-content\/uploads\/2018\/09\/H3_Team_klein-300x225.jpg 300w\" sizes=\"(max-width: 534px) 100vw, 534px\" \/><\/div>\n<div style=\"text-align: center;\">Michael Goll, Manfred Scholdt, Ricky M\u00fcller, Sven K\u00f6rner<\/div>\n<p><span style=\"font-size: 14pt;\"><strong>Aufstellung<\/strong><\/span><\/p>\n<table style=\"border-color: #eaff00; height: 171px; margin-left: auto; margin-right: auto;\" width=\"359\" rules=\"none\" cellspacing=\"20\">\n<thead>\n<tr style=\"background-color: #fff700; height: 23px;\">\n<td style=\"text-align: center; width: 81px; height: 23px;\"><span style=\"font-size: 12pt; font-family: arial, helvetica, sans-serif;\"><strong>Rang<\/strong><\/span><\/td>\n<td style=\"text-align: center; width: 81px; height: 23px;\"><span style=\"font-size: 12pt; font-family: arial, helvetica, sans-serif;\"><strong>Q-TTR<\/strong><\/span><\/td>\n<td style=\"text-align: left; width: 181px; height: 23px;\"><span style=\"font-size: 12pt; font-family: arial, helvetica, sans-serif;\"><strong>Name, Vorname<\/strong><\/span><\/td>\n<\/tr>\n<\/thead>\n<tbody>\n<tr style=\"height: 17.5px;\">\n<td style=\"background-color: #e6e6e6; text-align: center; height: 17.5px;\"><span style=\"font-size: 12pt; font-family: arial, helvetica, sans-serif;\">1<\/span><\/td>\n<td style=\"background-color: #e6e6e6; text-align: center; height: 17.5px;\"><span style=\"font-family: arial, helvetica, sans-serif;\"><span style=\"font-size: 16px;\">1892<\/span><\/span><\/td>\n<td style=\"background-color: #e6e6e6; height: 17.5px;\"><span style=\"font-size: 12pt;\">Klyeisen, Michael<\/span><\/td>\n<\/tr>\n<tr style=\"height: 23px;\">\n<td style=\"text-align: center; width: 81px; height: 23px;\"><span style=\"font-size: 12pt; font-family: arial, helvetica, sans-serif;\">2<\/span><\/td>\n<td style=\"text-align: center; width: 81px; height: 23px;\"><span style=\"font-size: 12pt; font-family: arial, helvetica, sans-serif;\">1888<\/span><\/td>\n<td style=\"width: 181px; height: 23px;\"><span style=\"font-family: arial, helvetica, sans-serif; font-size: 12pt;\">K\u00f6rner, Sven<\/span><\/td>\n<\/tr>\n<tr style=\"height: 23px;\">\n<td style=\"background-color: #e6e6e6; text-align: center; height: 23px;\"><span style=\"font-size: 12pt; font-family: arial, helvetica, sans-serif;\">3<\/span><\/td>\n<td style=\"background-color: #e6e6e6; text-align: center; height: 23px;\"><span style=\"font-size: 12pt; font-family: arial, helvetica, sans-serif;\">1856<\/span><\/td>\n<td style=\"background-color: #e6e6e6; height: 23px;\"><span style=\"font-size: 12pt; font-family: arial, helvetica, sans-serif;\">Gelfert, Daniel<\/span><\/td>\n<\/tr>\n<tr style=\"height: 23px;\">\n<td style=\"text-align: center; width: 81px; height: 23px;\"><span style=\"font-size: 12pt; font-family: arial, helvetica, sans-serif;\">4<\/span><\/td>\n<td style=\"text-align: center; width: 81px; height: 23px;\"><span style=\"font-size: 12pt; font-family: arial, helvetica, sans-serif;\">1875<\/span><\/td>\n<td style=\"width: 181px; height: 23px;\"><span style=\"font-size: 12pt;\">M\u00fcller, Patrick<\/span><\/td>\n<\/tr>\n<tr style=\"height: 23px;\">\n<td style=\"background-color: #e6e6e6; text-align: center; height: 23px;\"><span style=\"font-size: 12pt; font-family: arial, helvetica, sans-serif;\">5<\/span><\/td>\n<td style=\"background-color: #e6e6e6; text-align: center; height: 23px;\"><span style=\"font-size: 12pt; font-family: arial, helvetica, sans-serif;\">1821<\/span><\/td>\n<td style=\"background-color: #e6e6e6; height: 23px;\"><span style=\"font-size: 12pt;\">Goll, Michael<\/span><\/td>\n<\/tr>\n<tr style=\"height: 23px;\">\n<td style=\"text-align: center; width: 81px; height: 23px;\"><span style=\"font-size: 12pt; font-family: arial, helvetica, sans-serif;\">6<\/span><\/td>\n<td style=\"text-align: center; width: 81px; height: 23px;\"><span style=\"font-size: 12pt; font-family: arial, helvetica, sans-serif;\">1826<\/span><\/td>\n<td style=\"width: 181px; height: 23px;\"><span style=\"font-size: 12pt;\">Scholdt, Manfred<\/span><\/td>\n<\/tr>\n<tr style=\"height: 23px;\">\n<td style=\"background-color: #e6e6e6; text-align: center;\"><span style=\"font-size: 12pt; font-family: arial, helvetica, sans-serif;\">7<\/span><\/td>\n<td style=\"background-color: #e6e6e6; text-align: center;\"><span style=\"font-size: 12pt; font-family: arial, helvetica, sans-serif;\">1809<\/span><\/td>\n<td style=\"background-color: #e6e6e6;\"><span style=\"font-size: 12pt;\">Eder, Jan<\/span><\/td>\n<\/tr>\n<\/tbody>\n<\/table>\n<p><\/p>\n<div style=\"text-align: right;\"><span style=\"font-size: 14pt;\"><a href=\"https:\/\/www.mytischtennis.de\/clicktt\/TTBW\/21-22\/ligen\/Herren-Landesliga-Gr-2\/gruppe\/397508\/tabelle\/gesamt\/\" target=\"_blank\" rel=\"noopener noreferrer\">Tabelle und Spielplan<\/a><\/span><\/div>\n<p><strong><span style=\"font-size: 14pt;\"><br \/>R\u00fcckblick 2020-21<br \/><\/span><\/strong><br \/>Nach einem Auftaktsieg folgen drei Niederlagen, dann war die Saison leider schon vorbei. Somit kann man die letzte Saison auch gedanklich annullieren und sich auf die kommende Runde konzentrieren.<\/p>\n<p><span style=\"font-size: 14pt;\"><span style=\"font-size: 14pt;\"><strong>Vorschau 2021-22<\/strong><\/span><\/span><\/p>\n<p style=\"margin: 0cm 0cm 10pt;\">\u00a0<br \/>Die neue Runde steht bei der Landesligamannschaft des VfL unter dem Motto: \u201eEinfach nur Tischtennis.\u201c Nach dem Motto hoffen wir, dass wir nur \u00fcber Tischtennis reden k\u00f6nnen \u2013 auch wenn es schwer zu glauben ist.\u00a0Von der Aufstellung her geht die 3. des VfL v\u00f6llig runderneuert an den Start. So kommen aufgrund von Verkleinerung der 1. und einigen Neuzug\u00e4ngen mit Sven K\u00f6rner, Daniel Gelfert, Patrick M\u00fcller, Manfred Scholdt und Jan Eder gleich f\u00fcnf Akteure zum Einsatz, die letzte Saison noch in der W\u00fcrttembergliga gespielt haben. Mit Michael Goll ist somit nur ein Spieler aus der alten 3. erhalten geblieben. Somit gilt f\u00fcr die neue Runde der Blick auch eher nach oben in der Tabelle. \u201eWenn wir komplett spielen, sollten wir zwischen Platz eins bis drei landen\u201c sagt Mannschaftsf\u00fchrer Manfred Scholdt, wohl wissend, dass komplett \u00f6fter mal ein Problem werden k\u00f6nnte. Von den Gegnern her werden jeweils die 2. bzw. 3. Mannschaften von Sportbund Stuttgart Birkmannsweiler und Donzdorf als stark eingesch\u00e4tzt, die ebenfalls von reduzierten 1. Mannschaften oder Zug\u00e4ngen in h\u00f6heren Mannschaften profitieren. Im Mittelfeld k\u00f6nnten Stuttgart-M\u00fchlhausen, Musberg, Nabern und Neuhausen landen, w\u00e4hrend W\u00e4schenbeuren, Oeffingen und Hochdorf eher um den Klassenerhalt k\u00e4mpfen m\u00fcssen. Als Spitzenspieler der Liga werden Ogunrinde (Oeffingen), Teliysky (Birkmannsweiler) und Felder (Sportbund Stuttgart) erwartet. Aber wie gesagt, jedes Spiel muss erst gespielt werden. Diese alte Weisheit hat allerdings mehr Aktualit\u00e4t denn je und wir hoffen auf eine spannende und stattfindende Runde.<\/p>\n","protected":false},"excerpt":{"rendered":"<p>Herren 3\u00a0&#8211; Landesliga \u00a02021-22\u00a0\u00a0 Zur\u00fcck zur \u00dcbersicht Michael Goll, Manfred Scholdt, Ricky M\u00fcller, Sven K\u00f6rner Aufstellung Rang Q-TTR Name, Vorname 1 1892 Klyeisen, Michael 2 1888 K\u00f6rner, Sven 3 1856 Gelfert, Daniel 4 1875 M\u00fcller, Patrick 5 1821 Goll, Michael 6 1826 Scholdt, Manfred 7 1809 Eder, Jan Tabelle und Spielplan R\u00fcckblick 2020-21Nach einem Auftaktsieg [&hellip;]<\/p>\n","protected":false},"author":1,"featured_media":718,"parent":0,"menu_order":1030,"comment_status":"closed","ping_status":"closed","template":"","meta":{"_et_pb_use_builder":"","_et_pb_old_content":"","_et_gb_content_width":"","ngg_post_thumbnail":0},"_links":{"self":[{"href":"https:\/\/www.vfl-kirchheim.de\/tischtennis\/wp-json\/wp\/v2\/pages\/879"}],"collection":[{"href":"https:\/\/www.vfl-kirchheim.de\/tischtennis\/wp-json\/wp\/v2\/pages"}],"about":[{"href":"https:\/\/www.vfl-kirchheim.de\/tischtennis\/wp-json\/wp\/v2\/types\/page"}],"author":[{"embeddable":true,"href":"https:\/\/www.vfl-kirchheim.de\/tischtennis\/wp-json\/wp\/v2\/users\/1"}],"replies":[{"embeddable":true,"href":"https:\/\/www.vfl-kirchheim.de\/tischtennis\/wp-json\/wp\/v2\/comments?post=879"}],"version-history":[{"count":1,"href":"https:\/\/www.vfl-kirchheim.de\/tischtennis\/wp-json\/wp\/v2\/pages\/879\/revisions"}],"predecessor-version":[{"id":1062,"href":"https:\/\/www.vfl-kirchheim.de\/tischtennis\/wp-json\/wp\/v2\/pages\/879\/revisions\/1062"}],"wp:featuredmedia":[{"embeddable":true,"href":"https:\/\/www.vfl-kirchheim.de\/tischtennis\/wp-json\/wp\/v2\/media\/718"}],"wp:attachment":[{"href":"https:\/\/www.vfl-kirchheim.de\/tischtennis\/wp-json\/wp\/v2\/media?parent=879"}],"curies":[{"name":"wp","href":"https:\/\/api.w.org\/{rel}","templated":true}]}}