{"id":841,"date":"2020-09-09T15:52:47","date_gmt":"2020-09-09T13:52:47","guid":{"rendered":"https:\/\/www.vfl-kirchheim.de\/tischtennis\/\/ti-saison-20-21-herren4\/"},"modified":"2023-06-19T08:42:48","modified_gmt":"2023-06-19T06:42:48","slug":"ti-saison-20-21-herren4","status":"publish","type":"page","link":"https:\/\/www.vfl-kirchheim.de\/tischtennis\/ti-saison-20-21-herren4\/","title":{"rendered":"TI_Saison_20-21_Herren4"},"content":{"rendered":"<p><\/p>\n<table style=\"height: 405px;\" width=\"915\">\n<tbody>\n<tr>\n<td><span style=\"font-family: arial,helvetica,sans-serif; font-size: 24pt;\"><strong>Herren 4<\/strong> <span style=\"font-size: 18pt;\">&#8211; Bezirksliga 2020-21<\/span><\/span><\/td>\n<td>\u00a0<\/td>\n<td style=\"text-align: right;\"><a href=\"https:\/\/www.vfl-kirchheim.de\/tischtennis\/\/ti-mannschaften-20-21\/\">Zur\u00fcck zur \u00dcbersicht<\/a><\/td>\n<\/tr>\n<tr>\n<td>\u00a0<img decoding=\"async\" class=\" size-full wp-image-840\" src=\"https:\/\/www.vfl-kirchheim.de\/tischtennis\/\/wp-content\/uploads\/2020\/09\/H4_Team.jpg\" width=\"500\" srcset=\"https:\/\/www.vfl-kirchheim.de\/tischtennis\/wp-content\/uploads\/2020\/09\/H4_Team.jpg 1000w, https:\/\/www.vfl-kirchheim.de\/tischtennis\/wp-content\/uploads\/2020\/09\/H4_Team-300x200.jpg 300w, https:\/\/www.vfl-kirchheim.de\/tischtennis\/wp-content\/uploads\/2020\/09\/H4_Team-768x512.jpg 768w\" sizes=\"(max-width: 1000px) 100vw, 1000px\" \/><\/td>\n<td>\u00a0<\/td>\n<td style=\"text-align: right;\">\n<table style=\"border-color: #fff700; margin-left: auto; margin-right: auto; height: 171px;\" border=\"1\" width=\"359\" rules=\"none\" cellspacing=\"20\">\n<thead>\n<tr style=\"border-color: #fff700; background-color: #fff700;\">\n<td style=\"text-align: center;\" width=\"86\"><strong>Rang<\/strong><\/td>\n<td style=\"text-align: center;\" width=\"86\"><strong>Q-TTR<\/strong><\/td>\n<td style=\"text-align: left;\" width=\"191\"><strong>Name, Vorname<\/strong><\/td>\n<\/tr>\n<\/thead>\n<tbody>\n<tr>\n<td style=\"text-align: center;\">1<\/td>\n<td style=\"text-align: center;\">1760<\/td>\n<td>Schorradt, Axel<\/td>\n<\/tr>\n<tr>\n<td style=\"text-align: center;\">2<\/td>\n<td style=\"text-align: center;\">1719<\/td>\n<td>Knapp, Thassilo<\/td>\n<\/tr>\n<tr>\n<td style=\"text-align: center;\">3<\/td>\n<td style=\"text-align: center;\">1680<\/td>\n<td>Opelland, Magnus<\/td>\n<\/tr>\n<tr>\n<td style=\"text-align: center;\">4<\/td>\n<td style=\"text-align: center;\">1685<\/td>\n<td>Sch\u00f6ffler, Eberhard<\/td>\n<\/tr>\n<tr>\n<td style=\"text-align: center;\">5<\/td>\n<td style=\"text-align: center;\">1653<\/td>\n<td><span style=\"display: inline !important; float: none; background-color: #ffffff; color: inherit; font-family: inherit; font-size: inherit; font-style: normal; font-variant: normal; font-weight: 400; letter-spacing: normal; orphans: 2; text-align: left; text-decoration: none; text-indent: 0px; text-transform: none; -webkit-text-stroke-width: 0px; white-space: normal; word-spacing: 0px;\">Goll, Roger<\/span><\/td>\n<\/tr>\n<tr>\n<td style=\"text-align: center;\">6<\/td>\n<td style=\"text-align: center;\">1660<\/td>\n<td><span style=\"display: inline !important; float: none; background-color: #ffffff; color: inherit; font-family: inherit; font-size: inherit; font-style: normal; font-variant: normal; font-weight: 400; letter-spacing: normal; orphans: 2; text-align: left; text-decoration: none; text-indent: 0px; text-transform: none; -webkit-text-stroke-width: 0px; white-space: normal; word-spacing: 0px;\">Herrmann, J\u00f6rg<\/span><\/td>\n<\/tr>\n<tr>\n<td style=\"text-align: center;\">7<\/td>\n<td style=\"text-align: center;\">1647<\/td>\n<td><span style=\"display: inline !important; float: none; background-color: #ffffff; color: inherit; font-family: inherit; font-size: inherit; font-style: normal; font-variant: normal; font-weight: 400; letter-spacing: normal; orphans: 2; text-align: left; text-decoration: none; text-indent: 0px; text-transform: none; -webkit-text-stroke-width: 0px; white-space: normal; word-spacing: 0px;\">Braun, Tobias<\/span><\/td>\n<\/tr>\n<tr>\n<td style=\"text-align: center;\">8<\/td>\n<td style=\"text-align: center;\">1611<\/td>\n<td><span style=\"background-color: #ffffff;\">Zimmermann, Rene<\/span><\/td>\n<\/tr>\n<tr>\n<td style=\"text-align: center;\">9<\/td>\n<td style=\"text-align: center;\">1578<\/td>\n<td>Trinkle, Haiko<\/td>\n<\/tr>\n<\/tbody>\n<\/table>\n<p><strong><span style=\"font-size: 12pt;\">Links:<\/span><\/strong><br \/><a href=\"https:\/\/www.mytischtennis.de\/clicktt\/TTBW\/20-21\/ligen\/Bezirksliga\/gruppe\/367359\/tabelle\/gesamt\/\" target=\"_blank\" rel=\"alternate noopener noreferrer\">Tabelle und Spielplan<\/a><\/td>\n<\/tr>\n<tr>\n<td style=\"text-align: center;\"><span style=\"font-size: 10pt;\">hinten: H. Trinkle, R. Goll, M. Opelland, T. Braun, R. Zimmermann,<br \/>vorne: J. Herrmann, T. Knapp, E. Sch\u00f6ffler, A. Schorradt<br \/><\/span><\/td>\n<td>\u00a0<\/td>\n<td style=\"text-align: right;\">\u00a0<\/td>\n<\/tr>\n<\/tbody>\n<\/table>\n<p><strong><span style=\"font-size: 14pt;\"><br \/>R\u00fcckblick 2019-20<br \/><\/span><\/strong><\/p>\n<p>Eine etwas ungl\u00fcckliche Vorrunde in der Landesklasse, bei der wir gegen den sp\u00e4teren Konkurrenten um den Nichtabstieg, Rossw\u00e4lden, regelrecht mit 2:9 untergingen und mit einer sehr ungl\u00fccklichen 7:9 Niederlage gegen Aichtal verspielten wir uns den Grundstein, um in der R\u00fcckrunde noch einmal anzugreifen. Auch die Einzelbilanzen waren von vorne bis hinten leicht negativ, letztendlich zu wenig, um in der Landesklasse zu bestehen. Die R\u00fcckrunde tr\u00f6pfelte dann so vor sich hin, au\u00dfer einem 8:8 gegen Aichtal und einem Sieg gegen Donzdorf\u00a0 war nichts z\u00e4hlbares dabei\u2026dann kam die Corona-Pandemie und brachte den Abstieg. Mit 3 Punkten R\u00fcckstand zu Rossw\u00e4lden w\u00e4re es eh nur noch rechnerisch zu verhindern gewesen.<\/p>\n<p>Positiv in der R\u00fcckrunde kann man nur unser 1. Paarkreuz erw\u00e4hnen, wo Alex Braun einen riesen Leistungssprung machte und mit 9:3 eine der besten Einzelbilanzen erzielte. Unser Zweier Thassilo Knapp erspielt mit 7:5 ebenfalls ein vers\u00f6hnliches positives Ergebnis.<\/p>\n<p><span style=\"font-size: 14pt;\"><span style=\"font-size: 14pt;\"><strong>Vorschau 2020-21<\/strong><\/span><\/span><\/p>\n<p>Nach dem Abstieg schlagen wir n\u00e4chste Saison wieder in der Bezirksliga auf. Mit Alex Braun verl\u00e4sst \u00a0unser Team ein junger talentierter Spieler, der nun in unserer Dritten in der Landesliga ran darf. Ein wichtiger und notwendiger Schritt in seiner Entwicklung. Als Austausch haben wir mit Axel Schorradt einen ad\u00e4quaten und erfahrenen Einser bekommen, der sich nicht verstecken muss. Ebenfalls neu im Team ist unser Neuzugang Eberhard Sch\u00f6ffler, der aus G\u00e4rtringen den Weg zum VfL fand. Mit Eberhard sind wir nun in der Leistungsdichte noch st\u00e4rker aufgestellt. Uns erwarten altbekannte Teams, mit denen wir uns schon vor 2 Jahren enge und spannende Fights geliefert haben. Am st\u00e4rksten sch\u00e4tzen wir Neuhausen 2 ein, gefolgt von\u00a0 Notzingen, Sielmingen und \u00a0Neckartenzlingen 2. Eine sehr ausgeglichene Liga, bei der fast jeder jeden schlagen kann. Ein hei\u00dfer Tanz ist vorprogrammiert. Dennoch kann unser Anspruch nur sein, wieder um den Aufstieg mitzuspielen. Etwas anderes w\u00e4re entt\u00e4uschend. Wir gehen an den Start mit Axel Schorradt, Thassilo Knapp, Magnus Oppelland, Eberhard Sch\u00f6ffler, Roger Goll, J\u00f6rg Herrmann, Tobias Braun, Ren\u00e9 Zimmermann (MF) und Haiko Trinkle. Voraussetzung f\u00fcr eine gute und erfolgreiche Saison ist aber auch regelm\u00e4\u00dfiges Training und eine gute Saisonvorbereitung. Auch unser Getr\u00e4nkeservice sollte unbedingt beibehalten werden. Bleibt abzuwarten, wie sich die Corona-Pandemie weiterentwickelt. Hoffen wir das Beste, dass eine neue Runde m\u00f6glich wird und etwas Normalit\u00e4t zur\u00fcckkommt.<\/p>\n<p><span style=\"font-size: 14pt;\"><strong><br \/><\/strong><\/span><\/p>\n","protected":false},"excerpt":{"rendered":"<p>Herren 4 &#8211; Bezirksliga 2020-21 \u00a0 Zur\u00fcck zur \u00dcbersicht \u00a0 \u00a0 Rang Q-TTR Name, Vorname 1 1760 Schorradt, Axel 2 1719 Knapp, Thassilo 3 1680 Opelland, Magnus 4 1685 Sch\u00f6ffler, Eberhard 5 1653 Goll, Roger 6 1660 Herrmann, J\u00f6rg 7 1647 Braun, Tobias 8 1611 Zimmermann, Rene 9 1578 Trinkle, Haiko Links:Tabelle und Spielplan hinten: [&hellip;]<\/p>\n","protected":false},"author":1,"featured_media":840,"parent":0,"menu_order":1043,"comment_status":"closed","ping_status":"closed","template":"","meta":{"_et_pb_use_builder":"","_et_pb_old_content":"","_et_gb_content_width":"","ngg_post_thumbnail":0},"_links":{"self":[{"href":"https:\/\/www.vfl-kirchheim.de\/tischtennis\/wp-json\/wp\/v2\/pages\/841"}],"collection":[{"href":"https:\/\/www.vfl-kirchheim.de\/tischtennis\/wp-json\/wp\/v2\/pages"}],"about":[{"href":"https:\/\/www.vfl-kirchheim.de\/tischtennis\/wp-json\/wp\/v2\/types\/page"}],"author":[{"embeddable":true,"href":"https:\/\/www.vfl-kirchheim.de\/tischtennis\/wp-json\/wp\/v2\/users\/1"}],"replies":[{"embeddable":true,"href":"https:\/\/www.vfl-kirchheim.de\/tischtennis\/wp-json\/wp\/v2\/comments?post=841"}],"version-history":[{"count":1,"href":"https:\/\/www.vfl-kirchheim.de\/tischtennis\/wp-json\/wp\/v2\/pages\/841\/revisions"}],"predecessor-version":[{"id":1051,"href":"https:\/\/www.vfl-kirchheim.de\/tischtennis\/wp-json\/wp\/v2\/pages\/841\/revisions\/1051"}],"wp:featuredmedia":[{"embeddable":true,"href":"https:\/\/www.vfl-kirchheim.de\/tischtennis\/wp-json\/wp\/v2\/media\/840"}],"wp:attachment":[{"href":"https:\/\/www.vfl-kirchheim.de\/tischtennis\/wp-json\/wp\/v2\/media?parent=841"}],"curies":[{"name":"wp","href":"https:\/\/api.w.org\/{rel}","templated":true}]}}