{"id":733,"date":"2018-09-04T23:15:49","date_gmt":"2018-09-04T21:15:49","guid":{"rendered":"https:\/\/www.vfl-kirchheim.de\/tischtennis\/\/ti-saison-18-19-jungenu15\/"},"modified":"2023-06-05T20:56:01","modified_gmt":"2023-06-05T18:56:01","slug":"ti-saison-18-19-jungenu15","status":"publish","type":"page","link":"https:\/\/www.vfl-kirchheim.de\/tischtennis\/ti-saison-18-19-jungenu15\/","title":{"rendered":"TI_Saison_18-19_JungenU15"},"content":{"rendered":"<p><\/p>\n<table style=\"height: 405px;\" width=\"915\">\n<tbody>\n<tr style=\"height: 29px;\">\n<td style=\"height: 29px;\"><span style=\"font-family: arial,helvetica,sans-serif; font-size: 24pt;\"><strong>Jungen U15<\/strong> <span style=\"font-size: 18pt;\">&#8211; Bezirksklasse 2018-19<\/span><\/span><\/td>\n<td style=\"height: 29px;\">\u00a0<\/td>\n<td style=\"text-align: right; height: 29px;\"><a href=\"https:\/\/www.vfl-kirchheim.de\/tischtennis\/\/ti-mannschaften-18-19x\/\">Zur\u00fcck zur \u00dcbersicht<\/a><\/td>\n<\/tr>\n<tr style=\"height: 343px;\">\n<td style=\"height: 343px;\"><img decoding=\"async\" class=\" size-full wp-image-732\" style=\"display: block; margin-left: auto; margin-right: auto;\" src=\"https:\/\/www.vfl-kirchheim.de\/tischtennis\/\/wp-content\/uploads\/2018\/09\/U15_Team_klein.jpg\" width=\"450\" srcset=\"https:\/\/www.vfl-kirchheim.de\/tischtennis\/wp-content\/uploads\/2018\/09\/U15_Team_klein.jpg 534w, https:\/\/www.vfl-kirchheim.de\/tischtennis\/wp-content\/uploads\/2018\/09\/U15_Team_klein-300x225.jpg 300w\" sizes=\"(max-width: 534px) 100vw, 534px\" \/><\/td>\n<td style=\"height: 343px;\">\u00a0<\/td>\n<td style=\"text-align: right; height: 343px;\">\n<table style=\"border-color: #fff700; margin-left: auto; margin-right: auto; height: 171px;\" border=\"1\" width=\"359\" rules=\"none\" cellspacing=\"20\">\n<thead>\n<tr style=\"border-color: #fff700; background-color: #fff700;\">\n<td style=\"text-align: center;\" width=\"86\"><strong>Rang<\/strong><\/td>\n<td style=\"text-align: center;\" width=\"86\"><strong>Q-TTR<\/strong><\/td>\n<td style=\"text-align: left;\" width=\"191\"><strong>Name, Vorname<\/strong><\/td>\n<\/tr>\n<\/thead>\n<tbody>\n<tr>\n<td style=\"text-align: center;\">1<\/td>\n<td style=\"text-align: center;\">1009<\/td>\n<td>Nieters, Simon<\/td>\n<\/tr>\n<tr>\n<td style=\"text-align: center;\">2<\/td>\n<td style=\"text-align: center;\">944<\/td>\n<td>Steinh\u00fcbl, Kilian<\/td>\n<\/tr>\n<tr>\n<td style=\"text-align: center;\">3<\/td>\n<td style=\"text-align: center;\">822<\/td>\n<td>Chaudry, Abdullah<\/td>\n<\/tr>\n<tr>\n<td style=\"text-align: center;\">4<\/td>\n<td style=\"text-align: center;\">794<\/td>\n<td>Ritter, Lukas<\/td>\n<\/tr>\n<tr>\n<td style=\"text-align: center;\">5<\/td>\n<td style=\"text-align: center;\">783<\/td>\n<td>Harbort, Kevin<\/td>\n<\/tr>\n<tr>\n<td style=\"text-align: center;\">6<\/td>\n<td style=\"text-align: center;\">&#8211;<\/td>\n<td>Schumer, Jan<\/td>\n<\/tr>\n<tr>\n<td style=\"text-align: center;\">7<\/td>\n<td style=\"text-align: center;\">&#8211;<\/td>\n<td>Gottlieb, Raphael<\/td>\n<\/tr>\n<tr>\n<td style=\"text-align: center;\">8<\/td>\n<td style=\"text-align: center;\">&#8211;<\/td>\n<td>Selck, Levin<\/td>\n<\/tr>\n<\/tbody>\n<\/table>\n<p><strong><span style=\"font-size: 12pt;\">Links:<\/span><\/strong><br \/><a href=\"https:\/\/www.mytischtennis.de\/clicktt\/TTVWH\/18-19\/ligen\/Bezirksklasse-Gr-1\/gruppe\/339219\/tabelle\/gesamt\" target=\"_blank\" rel=\"alternate noopener noreferrer\">Tabelle und Spielplan<\/a><\/td>\n<\/tr>\n<tr style=\"height: 20.9667px;\">\n<td style=\"height: 20.9667px; text-align: center;\"><span style=\"font-size: 10pt;\">Hinten (ehem. U15-2): T. Kungel, L. Hangleiter, V. Sautter, K. Pregizer<br \/>Vorne: L. Ritter, L. K\u00f6nig, M. Leidel, S. Nieters<br \/><\/span><\/td>\n<td style=\"height: 20.9667px;\">\u00a0<\/td>\n<td style=\"text-align: right; height: 20.9667px;\">\u00a0<\/td>\n<\/tr>\n<\/tbody>\n<\/table>\n<p><strong><span style=\"font-size: 14pt;\"><br \/>R\u00fcckblick 2017-18 und Ausblick 2018-19<\/span><\/strong><\/p>\n<p><span style=\"font-family: verdana, geneva, sans-serif;\">Nachdem letztes Jahr noch zwei U15-Mannschaften am Spielbetrieb teilgenommen haben, wird in der kommenden Saison nur eine U15 gemeldet. Die U15-2 schlug sich sehr gut und wurde in der R\u00fcckrunde sogar noch von Simon Nieters verst\u00e4rkt. Dadurch war der zweite Tabellenplatz nie gef\u00e4hrdet. Diese Mannschaft startet in der kommenden Saison in der U18 Bezirksklasse.<\/span><\/p>\n<p><span style=\"font-family: verdana, geneva, sans-serif;\">Als mit Abstand j\u00fcngste Mannschaft in der h\u00f6chsten U15-Liga konnten die Jungs der U15-1 von Anfang an mit dem Mittelfeld mithalten. In der R\u00fcckrunde spielte die Mannschaft dann so souver\u00e4n auf, dass mit nur 3 Verlustpunkten sogar noch der zweite Tabellenplatz erreicht wurde. Auch im Einzel waren Sebastian bei der U11 und David bei der U12 in dieser Saison sehr erfolgreich und konnten sich als Vertreter des Bezirks Esslingen f\u00fcr die W\u00fcrttembergischen Meisterschaften qualifizieren. Um die Entwicklung weiter zu unterst\u00fctzen, werden die trainingsflei\u00dfigen Jungs in der kommenden Saison den Sprung in die starke U18 Bezirksliga machen.<\/span><\/p>\n<p><span style=\"font-family: verdana, geneva, sans-serif;\">Die verbliebene U15 Mannschaft wird haupts\u00e4chlich gebildet von den vielen Spielern, die zwar regelm\u00e4\u00dfig ins Training kommen und oft schon beachtliche Fortschritte gemacht haben, aber in der letzten Runde in den bisherigen Teams nur als Ersatzspieler zum Zuge kamen. Dies gibt ihnen die M\u00f6glichkeit, Wettkampferfahrung zu sammeln und hoffentlich genauso motiviert weiter zu machen, wie im letzten Jahr.<\/span><\/p>\n<p><span style=\"font-size: 10pt; font-family: verdana, geneva, sans-serif;\"><br \/><\/span><\/p>\n","protected":false},"excerpt":{"rendered":"<p>Jungen U15 &#8211; Bezirksklasse 2018-19 \u00a0 Zur\u00fcck zur \u00dcbersicht \u00a0 Rang Q-TTR Name, Vorname 1 1009 Nieters, Simon 2 944 Steinh\u00fcbl, Kilian 3 822 Chaudry, Abdullah 4 794 Ritter, Lukas 5 783 Harbort, Kevin 6 &#8211; Schumer, Jan 7 &#8211; Gottlieb, Raphael 8 &#8211; Selck, Levin Links:Tabelle und Spielplan Hinten (ehem. U15-2): T. Kungel, L. [&hellip;]<\/p>\n","protected":false},"author":1,"featured_media":732,"parent":0,"menu_order":1080,"comment_status":"closed","ping_status":"closed","template":"","meta":{"_et_pb_use_builder":"","_et_pb_old_content":"","_et_gb_content_width":"","ngg_post_thumbnail":0},"_links":{"self":[{"href":"https:\/\/www.vfl-kirchheim.de\/tischtennis\/wp-json\/wp\/v2\/pages\/733"}],"collection":[{"href":"https:\/\/www.vfl-kirchheim.de\/tischtennis\/wp-json\/wp\/v2\/pages"}],"about":[{"href":"https:\/\/www.vfl-kirchheim.de\/tischtennis\/wp-json\/wp\/v2\/types\/page"}],"author":[{"embeddable":true,"href":"https:\/\/www.vfl-kirchheim.de\/tischtennis\/wp-json\/wp\/v2\/users\/1"}],"replies":[{"embeddable":true,"href":"https:\/\/www.vfl-kirchheim.de\/tischtennis\/wp-json\/wp\/v2\/comments?post=733"}],"version-history":[{"count":1,"href":"https:\/\/www.vfl-kirchheim.de\/tischtennis\/wp-json\/wp\/v2\/pages\/733\/revisions"}],"predecessor-version":[{"id":1024,"href":"https:\/\/www.vfl-kirchheim.de\/tischtennis\/wp-json\/wp\/v2\/pages\/733\/revisions\/1024"}],"wp:featuredmedia":[{"embeddable":true,"href":"https:\/\/www.vfl-kirchheim.de\/tischtennis\/wp-json\/wp\/v2\/media\/732"}],"wp:attachment":[{"href":"https:\/\/www.vfl-kirchheim.de\/tischtennis\/wp-json\/wp\/v2\/media?parent=733"}],"curies":[{"name":"wp","href":"https:\/\/api.w.org\/{rel}","templated":true}]}}