{"id":721,"date":"2018-09-04T21:47:31","date_gmt":"2018-09-04T19:47:31","guid":{"rendered":"https:\/\/www.vfl-kirchheim.de\/tischtennis\/\/ti-saison-18-19-herren4\/"},"modified":"2023-06-05T20:56:41","modified_gmt":"2023-06-05T18:56:41","slug":"ti-saison-18-19-herren4","status":"publish","type":"page","link":"https:\/\/www.vfl-kirchheim.de\/tischtennis\/ti-saison-18-19-herren4\/","title":{"rendered":"TI_Saison_18-19_Herren4"},"content":{"rendered":"<p><\/p>\n<table style=\"height: 405px;\" width=\"915\">\n<tbody>\n<tr>\n<td><span style=\"font-family: arial,helvetica,sans-serif; font-size: 24pt;\"><strong>Herren 4<\/strong> <span style=\"font-size: 18pt;\">&#8211; Bezirksliga 2018-19<\/span><\/span><\/td>\n<td>\u00a0<\/td>\n<td style=\"text-align: right;\"><a href=\"https:\/\/www.vfl-kirchheim.de\/tischtennis\/\/ti-mannschaften-18-19x\/\">Zur\u00fcck zur \u00dcbersicht<\/a><\/td>\n<\/tr>\n<tr>\n<td><img decoding=\"async\" class=\" size-full wp-image-720\" style=\"display: block; margin-left: auto; margin-right: auto;\" src=\"https:\/\/www.vfl-kirchheim.de\/tischtennis\/\/wp-content\/uploads\/2018\/09\/H4_Team_klein.jpg\" width=\"450\" srcset=\"https:\/\/www.vfl-kirchheim.de\/tischtennis\/wp-content\/uploads\/2018\/09\/H4_Team_klein.jpg 534w, https:\/\/www.vfl-kirchheim.de\/tischtennis\/wp-content\/uploads\/2018\/09\/H4_Team_klein-300x225.jpg 300w\" sizes=\"(max-width: 534px) 100vw, 534px\" \/><\/td>\n<td>\u00a0<\/td>\n<td style=\"text-align: right;\">\n<table style=\"border-color: #fff700; margin-left: auto; margin-right: auto; height: 171px;\" border=\"1\" width=\"359\" rules=\"none\" cellspacing=\"20\">\n<thead>\n<tr style=\"border-color: #fff700; background-color: #fff700;\">\n<td style=\"text-align: center;\" width=\"86\"><strong>Rang<\/strong><\/td>\n<td style=\"text-align: center;\" width=\"86\"><strong>Q-TTR<\/strong><\/td>\n<td style=\"text-align: left;\" width=\"191\"><strong>Name, Vorname<\/strong><\/td>\n<\/tr>\n<\/thead>\n<tbody>\n<tr>\n<td style=\"text-align: center;\">1<\/td>\n<td style=\"text-align: center;\">1703<\/td>\n<td>Sensbach, Martin<\/td>\n<\/tr>\n<tr>\n<td style=\"text-align: center;\">2<\/td>\n<td style=\"text-align: center;\">1700<\/td>\n<td>Herrmann, J\u00f6rg<\/td>\n<\/tr>\n<tr>\n<td style=\"text-align: center;\">3<\/td>\n<td style=\"text-align: center;\">1679<\/td>\n<td>Nieters, Jan<\/td>\n<\/tr>\n<tr>\n<td style=\"text-align: center;\">4<\/td>\n<td style=\"text-align: center;\">1665<\/td>\n<td>Goll, Michael<\/td>\n<\/tr>\n<tr>\n<td style=\"text-align: center;\">5<\/td>\n<td style=\"text-align: center;\">1668<\/td>\n<td>Zimmermann, Rene<\/td>\n<\/tr>\n<tr>\n<td style=\"text-align: center;\">6<\/td>\n<td style=\"text-align: center;\">1668<\/td>\n<td>Braun, Tobias<\/td>\n<\/tr>\n<tr>\n<td style=\"text-align: center;\">7<\/td>\n<td style=\"text-align: center;\">1652<\/td>\n<td>Goll, Roger<\/td>\n<\/tr>\n<tr>\n<td style=\"text-align: center;\">8<\/td>\n<td style=\"text-align: center;\">1612<\/td>\n<td>Trinkle, Haiko<\/td>\n<\/tr>\n<\/tbody>\n<\/table>\n<p><strong><span style=\"font-size: 12pt;\">Links:<\/span><\/strong><br \/><a href=\"https:\/\/www.mytischtennis.de\/clicktt\/TTVWH\/18-19\/ligen\/Bezirksliga\/gruppe\/336136\/tabelle\/gesamt\" target=\"_blank\" rel=\"alternate noopener noreferrer\">Tabelle und Spielplan<\/a><\/td>\n<\/tr>\n<tr>\n<td style=\"text-align: center;\"><span style=\"font-size: 10pt;\">H. Trinkle, R. Zimmermann, M. Goll, K. Thalheim, J. Nieters, T. Braun<br \/><\/span><\/td>\n<td>\u00a0<\/td>\n<td style=\"text-align: right;\">\u00a0<\/td>\n<\/tr>\n<\/tbody>\n<\/table>\n<p><strong><span style=\"font-size: 14pt;\"><br \/>R\u00fcckblick 2017-18<br \/><\/span><\/strong><br \/><span style=\"font-family: verdana, geneva, sans-serif;\">Als Aufsteiger wollten wir gleich zu Beginn der Saison zeigen, dass wir in die Bezirksliga geh\u00f6ren. Aber gleich im ersten Spiel gegen den Mitaufsteiger Bissingen setzte es eine 2:9 Ausw\u00e4rtsniederlage. Auch die restliche Vorrunde glich einer Achterbahnfahrt. 4 Heimsiegen standen 3 Ausw\u00e4rtsniederlagen und ein Unentschieden bei nur einem Ausw\u00e4rtserfolg gegen\u00fcber. Mit dem 4. Platz konnten wir hier zufrieden sein. Nachdem wir uns zur R\u00fcckrunde noch mit J\u00f6rg Herrmann und Jan Nieters verst\u00e4rken konnten, reichte es sogar gleich noch zur Vizemeisterschaft und damit zur Relegationsteilnahme. Jedoch verlief dieser Tag nicht mit dem gew\u00fcnschten Erfolg, so dass wir ein weiteres Jahr in der Bezirksliga spielen.<\/span><\/p>\n<p><span style=\"font-size: 14pt;\"><span style=\"font-size: 14pt;\"><strong>Vorschau 2018-19<\/strong><\/span><\/span><\/p>\n<p><span style=\"font-size: 10pt; font-family: verdana, geneva, sans-serif;\">Wir blicken sehr gespannt\u00a0 auf die neue Saison. Dank unserer beiden Neuzug\u00e4nge Michael und Roger Goll sollten wir in dieser Saison in der Lage sein, ebenfalls im vorderen Drittel mitzuspielen. Allerdings haben wir mit Nabern 2 einen starken Absteiger, der das Potenzial zum sofortigen Wiederaufstieg hat. Die Mannschaft ist in jedem Paarkreuz von den Punkten her top. Aber auch die Mannschaften aus Plattenhardt und Unterboihingen stellen starke Teams. Der ehemalige Bundesligaspieler Gabor Roth vom TV Unterboihingen hat nach wie vor den h\u00f6chsten TTR-Wert der Liga und wird auch in der kommenden Saison wohl wieder eine der besten Bilanzen spielen. Aber auch das vordere Paarkreuz von Plattenhardt kann sich sehen lassen. Die Spitzenspieler Sch\u00f6llkopf und Schaaf sind in Kirchheim seit Jahrzehnten bekannt. Spielten diese doch fr\u00fcher schon gegen unsere erste und zweite Mannschaft.<br \/>Es folgt ein starkes Mittelfeld mit den Mannschaften Sielmingen um Spitzenspieler Sven Timke, Bissingen mit Gerhard Pollak, Neuhausen mit Frank Kilian und Neckartenzlingen mit Tobias Wei\u00df an Nummer 1. Gegen diese Teams wird vermutlich jeweils die Tagesform \u00fcber Sieg oder Niederlage entscheiden.<br \/>Sehr gespannt sind wir auch wie sich die Aufsteiger von der SGEH, Aichtal 2 und Nabern 3 schlagen werden. Insbesondere Aichtal mit dem Spitzenspieler Markus Mezger ist f\u00fcr die ein oder andere \u00dcberraschung sicherlich gut. In jedem Fall ist f\u00fcr Spannung und Abwechslung gesorgt.<\/p>\n<p><\/span><\/p>\n","protected":false},"excerpt":{"rendered":"<p>Herren 4 &#8211; Bezirksliga 2018-19 \u00a0 Zur\u00fcck zur \u00dcbersicht \u00a0 Rang Q-TTR Name, Vorname 1 1703 Sensbach, Martin 2 1700 Herrmann, J\u00f6rg 3 1679 Nieters, Jan 4 1665 Goll, Michael 5 1668 Zimmermann, Rene 6 1668 Braun, Tobias 7 1652 Goll, Roger 8 1612 Trinkle, Haiko Links:Tabelle und Spielplan H. Trinkle, R. Zimmermann, M. Goll, [&hellip;]<\/p>\n","protected":false},"author":1,"featured_media":720,"parent":0,"menu_order":1086,"comment_status":"closed","ping_status":"closed","template":"","meta":{"_et_pb_use_builder":"","_et_pb_old_content":"","_et_gb_content_width":"","ngg_post_thumbnail":0},"_links":{"self":[{"href":"https:\/\/www.vfl-kirchheim.de\/tischtennis\/wp-json\/wp\/v2\/pages\/721"}],"collection":[{"href":"https:\/\/www.vfl-kirchheim.de\/tischtennis\/wp-json\/wp\/v2\/pages"}],"about":[{"href":"https:\/\/www.vfl-kirchheim.de\/tischtennis\/wp-json\/wp\/v2\/types\/page"}],"author":[{"embeddable":true,"href":"https:\/\/www.vfl-kirchheim.de\/tischtennis\/wp-json\/wp\/v2\/users\/1"}],"replies":[{"embeddable":true,"href":"https:\/\/www.vfl-kirchheim.de\/tischtennis\/wp-json\/wp\/v2\/comments?post=721"}],"version-history":[{"count":1,"href":"https:\/\/www.vfl-kirchheim.de\/tischtennis\/wp-json\/wp\/v2\/pages\/721\/revisions"}],"predecessor-version":[{"id":1018,"href":"https:\/\/www.vfl-kirchheim.de\/tischtennis\/wp-json\/wp\/v2\/pages\/721\/revisions\/1018"}],"wp:featuredmedia":[{"embeddable":true,"href":"https:\/\/www.vfl-kirchheim.de\/tischtennis\/wp-json\/wp\/v2\/media\/720"}],"wp:attachment":[{"href":"https:\/\/www.vfl-kirchheim.de\/tischtennis\/wp-json\/wp\/v2\/media?parent=721"}],"curies":[{"name":"wp","href":"https:\/\/api.w.org\/{rel}","templated":true}]}}