{"id":674,"date":"2017-08-30T23:29:43","date_gmt":"2017-08-30T21:29:43","guid":{"rendered":"https:\/\/www.vfl-kirchheim.de\/tischtennis\/\/ti-saison17-18-damen\/"},"modified":"2023-06-05T20:54:04","modified_gmt":"2023-06-05T18:54:04","slug":"ti-saison17-18-damen","status":"publish","type":"page","link":"https:\/\/www.vfl-kirchheim.de\/tischtennis\/ti-saison17-18-damen\/","title":{"rendered":"TI_Saison17-18_Damen"},"content":{"rendered":"<p><\/p>\n<table style=\"height: 405px;\" width=\"915\">\n<tbody>\n<tr>\n<td><span style=\"font-family: arial,helvetica,sans-serif; font-size: 24pt;\"><strong>Damen<\/strong> <span style=\"font-size: 18pt;\">&#8211; Bezirksklasse 2017-18<\/span><\/span><\/td>\n<td>\u00a0<\/td>\n<td style=\"text-align: right;\"><a href=\"https:\/\/www.vfl-kirchheim.de\/tischtennis\/\/ti-mannschaften-17-18\/\" rel=\"alternate\">zur\u00fcck zur \u00dcbersicht<\/a><\/td>\n<\/tr>\n<tr>\n<td><img decoding=\"async\" class=\" size-full wp-image-673\" src=\"https:\/\/www.vfl-kirchheim.de\/tischtennis\/\/wp-content\/uploads\/2017\/08\/D1_Team17-18.JPG\" alt=\"\" width=\"500\" srcset=\"https:\/\/www.vfl-kirchheim.de\/tischtennis\/wp-content\/uploads\/2017\/08\/D1_Team17-18.JPG 598w, https:\/\/www.vfl-kirchheim.de\/tischtennis\/wp-content\/uploads\/2017\/08\/D1_Team17-18-300x200.jpg 300w\" sizes=\"(max-width: 598px) 100vw, 598px\" \/><\/td>\n<td>\u00a0<\/td>\n<td style=\"text-align: right;\">\n<table style=\"border-color: #fff700; margin-left: auto; margin-right: auto; height: 171px;\" border=\"1\" width=\"359\" rules=\"none\" cellspacing=\"20\">\n<thead>\n<tr style=\"border-color: #fff700; background-color: #fff700;\">\n<td style=\"text-align: center;\" width=\"86\"><strong>Rang<\/strong><\/td>\n<td style=\"text-align: center;\" width=\"86\"><strong>Q-TTR<\/strong><\/td>\n<td style=\"text-align: left;\" width=\"191\"><strong>Name, Vorname<\/strong><\/td>\n<\/tr>\n<\/thead>\n<tbody>\n<tr>\n<td style=\"text-align: center;\">1<\/td>\n<td style=\"text-align: center;\">1524<\/td>\n<td>Frasch, Carina<\/td>\n<\/tr>\n<tr>\n<td style=\"text-align: center;\">2<\/td>\n<td style=\"text-align: center;\">1383<\/td>\n<td>Zimmermann, Tetiana<\/td>\n<\/tr>\n<tr>\n<td style=\"text-align: center;\">3<\/td>\n<td style=\"text-align: center;\">1290<\/td>\n<td>Fischer, Marlen<\/td>\n<\/tr>\n<tr>\n<td style=\"text-align: center;\">4<\/td>\n<td style=\"text-align: center;\">1261<\/td>\n<td>Schuster, Jasmin<\/td>\n<\/tr>\n<tr>\n<td style=\"text-align: center;\">5<\/td>\n<td style=\"text-align: center;\">1133<\/td>\n<td>Blankenhorn, Astrid<\/td>\n<\/tr>\n<tr>\n<td style=\"text-align: center;\">6<\/td>\n<td style=\"text-align: center;\">1130<\/td>\n<td>Burger, Dagmar<\/td>\n<\/tr>\n<tr>\n<td style=\"text-align: center;\">7<\/td>\n<td style=\"text-align: center;\">1115<\/td>\n<td>G\u00f6lz, Rike<\/td>\n<\/tr>\n<tr>\n<td style=\"text-align: center;\">8<\/td>\n<td style=\"text-align: center;\">1043<\/td>\n<td>Djedovic, Danijela<\/td>\n<\/tr>\n<tr>\n<td style=\"text-align: center;\">9<\/td>\n<td style=\"text-align: center;\">1018<\/td>\n<td>Raab, Angela<\/td>\n<\/tr>\n<tr>\n<td style=\"text-align: center;\">10<\/td>\n<td style=\"text-align: center;\">975<\/td>\n<td>Hummel, Martina<\/td>\n<\/tr>\n<\/tbody>\n<\/table>\n<p><strong><span style=\"font-size: 12pt;\">Links:<\/span><\/strong><br \/><a href=\"http:\/\/ttvwh.click-tt.de\/cgi-bin\/WebObjects\/nuLigaTTDE.woa\/wa\/groupPage?championship=SK+Bez.+ES+17%2F18&amp;group=308461\" target=\"_blank\" rel=\"alternate noopener\">Tabelle und Spielplan<\/a><\/td>\n<\/tr>\n<tr>\n<td style=\"text-align: center;\"><span style=\"font-size: 10pt;\">D. Burger, J. Schuster, M. Hummel, R. G\u00f6lz, A. Blankenhorn<br \/><\/span><\/td>\n<td>\u00a0<\/td>\n<td style=\"text-align: right;\">\u00a0<\/td>\n<\/tr>\n<\/tbody>\n<\/table>\n<p><strong><span style=\"font-size: 14pt;\"><br \/>R\u00fcckblick 2016-17<br \/><\/span><\/strong><br \/>Nachdem es zu Beginn der Vorrunde auf Grund von Verletzungen und terminlichen Engp\u00e4ssen fraglich schien, ob die Damen die Punktspielrunde \u00fcberhaupt w\u00fcrden bestreiten k\u00f6nnen, entspannte sich die Situation im Laufe des Herbstes und das Team um Jasmin Vierthaler schloss die Vorrunde als Tabellenf\u00fcnfter mit zwei Punkten Vorsprung auf einen Abstiegsrang ab. Und weitere Entspannung schien in Sicht, denn in Dagmar Burger (ehemals TSV \u00d6tlingen) konnten die Damen zur R\u00fcckrunde einen spielstarken Neuzugang vermelden mit der Option, &#8222;das eine oder andere Spiel&#8220; zu bestreiten. Doch dann die Hiobsbotschaft kurz vor Weihnachten: Astrid Blankenhorn hatte sich beim Skifahren eine schwere Knieverletzung zugezogen und w\u00fcrde, das war sofort klar, die komplette R\u00fcckrunde ausfallen. Also wurde aus Dagmar, der Edeljokerin, Dagmar, die Stammspielerin, die so gut wie jedes Spiel bestritt. Und trotzdem wurde es eng. Nicht, weil sie nicht gut gespielt h\u00e4tte (im Gegenteil!), sondern weil pl\u00f6tzlich Teams, die in der Vorrunde erfolgreich gespielt hatten, schw\u00e4chelten und daf\u00fcr Abstiegskandidaten der Vorrunde pl\u00f6tzlich Gas gaben. Und so kam es, dass die VfL-Damen das letzte Spiel der Saison in Oberboihingen unbedingt gewinnen mussten, um die Klasse zu halten. Nach kuriosem Spielverlauf und gro\u00dfem Kampf hatten die &#8222;Blauen&#8220; am Ende tats\u00e4chlich mit 8:5 die Nase vorn und d\u00fcrfen nun dank der neuen Spielklasseneinteilung in der n\u00e4chsten Saison sogar in der Bezirksklasse aufschlagen. <\/p>\n<p><span style=\"font-size: 14pt;\"><strong>Vorschau 2017-18<br \/><\/strong><\/span><br \/>Alte Sorgen, neue Sorgen: Rein von der Papierform her w\u00e4ren die VfL-Damen bestimmt in der Lage, in der Bezirksklasse im Kampf um den Titel ein W\u00f6rtchen mitzureden. Nur leider hat Marlen Fischer bereits vor Rundenbeginn signalisiert, dass sie auf Grund privater und beruflicher Verpflichtungen so gut\u00a0 wie nicht zur Verf\u00fcgung stehen wird, und auch der Rest der Truppe ist famili\u00e4r und\/oder beruflich so eingespannt, dass es die vorrangige Herausforderung f\u00fcr Mannschaftsf\u00fchrerin Jasmin Schuster sein wird, jeweils vier einsatzf\u00e4hige Damen an den Tisch zu bringen. Deshalb ist der Klassenerhalt das erkl\u00e4rte Ziel der &#8222;Blauen&#8220;. F\u00fcr sie spricht, dass sie in den letzten Jahren reichlich Erfahrung im Abstiegskampf gesammelt und das Motto &#8222;aufgeben gilt nicht und abgerechnet wird eh erst ganz am Schluss&#8220; dabei wirklich verinnerlicht haben. Also: Auf ein Neues!<\/p>\n","protected":false},"excerpt":{"rendered":"<p>Damen &#8211; Bezirksklasse 2017-18 \u00a0 zur\u00fcck zur \u00dcbersicht \u00a0 Rang Q-TTR Name, Vorname 1 1524 Frasch, Carina 2 1383 Zimmermann, Tetiana 3 1290 Fischer, Marlen 4 1261 Schuster, Jasmin 5 1133 Blankenhorn, Astrid 6 1130 Burger, Dagmar 7 1115 G\u00f6lz, Rike 8 1043 Djedovic, Danijela 9 1018 Raab, Angela 10 975 Hummel, Martina Links:Tabelle und [&hellip;]<\/p>\n","protected":false},"author":1,"featured_media":673,"parent":0,"menu_order":1103,"comment_status":"closed","ping_status":"closed","template":"","meta":{"_et_pb_use_builder":"","_et_pb_old_content":"","_et_gb_content_width":"","ngg_post_thumbnail":0},"_links":{"self":[{"href":"https:\/\/www.vfl-kirchheim.de\/tischtennis\/wp-json\/wp\/v2\/pages\/674"}],"collection":[{"href":"https:\/\/www.vfl-kirchheim.de\/tischtennis\/wp-json\/wp\/v2\/pages"}],"about":[{"href":"https:\/\/www.vfl-kirchheim.de\/tischtennis\/wp-json\/wp\/v2\/types\/page"}],"author":[{"embeddable":true,"href":"https:\/\/www.vfl-kirchheim.de\/tischtennis\/wp-json\/wp\/v2\/users\/1"}],"replies":[{"embeddable":true,"href":"https:\/\/www.vfl-kirchheim.de\/tischtennis\/wp-json\/wp\/v2\/comments?post=674"}],"version-history":[{"count":1,"href":"https:\/\/www.vfl-kirchheim.de\/tischtennis\/wp-json\/wp\/v2\/pages\/674\/revisions"}],"predecessor-version":[{"id":1011,"href":"https:\/\/www.vfl-kirchheim.de\/tischtennis\/wp-json\/wp\/v2\/pages\/674\/revisions\/1011"}],"wp:featuredmedia":[{"embeddable":true,"href":"https:\/\/www.vfl-kirchheim.de\/tischtennis\/wp-json\/wp\/v2\/media\/673"}],"wp:attachment":[{"href":"https:\/\/www.vfl-kirchheim.de\/tischtennis\/wp-json\/wp\/v2\/media?parent=674"}],"curies":[{"name":"wp","href":"https:\/\/api.w.org\/{rel}","templated":true}]}}