{"id":668,"date":"2017-08-30T23:01:42","date_gmt":"2017-08-30T21:01:42","guid":{"rendered":"https:\/\/www.vfl-kirchheim.de\/tischtennis\/\/ti-saison17-18-u18\/"},"modified":"2023-06-05T20:54:23","modified_gmt":"2023-06-05T18:54:23","slug":"ti-saison17-18-u18","status":"publish","type":"page","link":"https:\/\/www.vfl-kirchheim.de\/tischtennis\/ti-saison17-18-u18\/","title":{"rendered":"TI_Saison17-18_JungenU18"},"content":{"rendered":"<p><\/p>\n<table style=\"height: 405px;\" width=\"915\">\n<tbody>\n<tr>\n<td><span style=\"font-family: arial,helvetica,sans-serif; font-size: 24pt;\"><strong>Jungen U18<\/strong> <span style=\"font-size: 18pt;\">&#8211; Bezirksliga 2017-18<\/span><\/span><\/td>\n<td>\u00a0<\/td>\n<td style=\"text-align: right;\"><a href=\"https:\/\/www.vfl-kirchheim.de\/tischtennis\/\/ti-mannschaften-17-18\/\" rel=\"alternate\">zur\u00fcck zur \u00dcbersicht<\/a><\/td>\n<\/tr>\n<tr>\n<td><img decoding=\"async\" class=\" size-full wp-image-667\" src=\"https:\/\/www.vfl-kirchheim.de\/tischtennis\/\/wp-content\/uploads\/2017\/08\/U18_Team17-18.jpeg\" alt=\"\" width=\"500\" srcset=\"https:\/\/www.vfl-kirchheim.de\/tischtennis\/wp-content\/uploads\/2017\/08\/U18_Team17-18.jpeg 532w, https:\/\/www.vfl-kirchheim.de\/tischtennis\/wp-content\/uploads\/2017\/08\/U18_Team17-18-300x225.jpeg 300w\" sizes=\"(max-width: 532px) 100vw, 532px\" \/><\/td>\n<td>\u00a0<\/td>\n<td style=\"text-align: right;\">\n<table style=\"border-color: #fff700; margin-left: auto; margin-right: auto; height: 145px;\" border=\"1\" width=\"358\" rules=\"none\" cellspacing=\"20\">\n<thead>\n<tr style=\"border-color: #fff700; background-color: #fff700;\">\n<td style=\"text-align: center;\" width=\"86\"><strong>Rang<\/strong><\/td>\n<td style=\"text-align: center;\" width=\"86\"><strong>Q-TTR<\/strong><\/td>\n<td style=\"text-align: left;\" width=\"191\"><strong>Name, Vorname<\/strong><\/td>\n<\/tr>\n<\/thead>\n<tbody>\n<tr>\n<td style=\"text-align: center;\">1<\/td>\n<td style=\"text-align: center;\">1163<\/td>\n<td>Harbort, Robin<\/td>\n<\/tr>\n<tr>\n<td style=\"text-align: center;\">2<\/td>\n<td style=\"text-align: center;\">1001<\/td>\n<td>Yildirim, Samet<\/td>\n<\/tr>\n<tr>\n<td style=\"text-align: center;\">3<\/td>\n<td style=\"text-align: center;\">1029<\/td>\n<td>Gl\u00f6ckner, Christian<\/td>\n<\/tr>\n<tr>\n<td style=\"text-align: center;\">4<\/td>\n<td style=\"text-align: center;\">900<\/td>\n<td>Navarro Alonso, Leon<\/td>\n<\/tr>\n<tr>\n<td style=\"text-align: center;\">5<\/td>\n<td style=\"text-align: center;\">883<\/td>\n<td>Leidel, Marvin<\/td>\n<\/tr>\n<\/tbody>\n<\/table>\n<p><strong><span style=\"font-size: 12pt;\">Links:<\/span><\/strong><br \/><a href=\"http:\/\/ttvwh.click-tt.de\/cgi-bin\/WebObjects\/nuLigaTTDE.woa\/wa\/groupPage?championship=SK+Bez.+ES+17%2F18&amp;group=312167\" target=\"_blank\" rel=\"alternate noopener\">Tabelle und Spielplan<\/a><\/td>\n<\/tr>\n<tr>\n<td style=\"text-align: center;\"><span style=\"font-size: 10pt;\">C. Gl\u00f6ckner, R. Harbort, L. Hangleiter, L. Navarro Alonso<br \/><\/span><\/td>\n<td>\u00a0<\/td>\n<td style=\"text-align: right;\">\u00a0<\/td>\n<\/tr>\n<\/tbody>\n<\/table>\n<p><strong><span style=\"font-size: 14pt;\"><br \/>R\u00fcckblick 2016-17<br \/><\/span><\/strong><br \/>Die \u00e4lteste Jungenmannschaft des VfL, hatte in der letzten Saison mit zahlreichen Ersatzgestellungen zu k\u00e4mpfen. Dadurch konnte man die M\u00f6glichkeiten nicht aussch\u00f6pfen und landete am Ende auf dem 7. Tabellenplatz. Robin und Christian konnten jedoch mit ihren deutlich positiven Bilanzen \u00fcberzeugen.<\/p>\n<p><span style=\"font-size: 14pt;\"><strong>Vorschau 2017-18<br \/><\/strong><\/span><br \/>F\u00fcr die kommende Spielzeit will man mit der Erfahrung der letzten Runde erneut versuchen, der etablierten Konkurrenz Paroli zu bieten. Die Meisterschaft werden wohl der SV Nabern III und der TTC Notzingen-Wellingen unter sich ausmachen. Das Ziel der noch jungen Mannschaft ist, weitere Erfahrung gegen starke Gegner zu sammeln und am Ende nichts mit dem Abstieg zu tun zu bekommen.<\/p>\n","protected":false},"excerpt":{"rendered":"<p>Jungen U18 &#8211; Bezirksliga 2017-18 \u00a0 zur\u00fcck zur \u00dcbersicht \u00a0 Rang Q-TTR Name, Vorname 1 1163 Harbort, Robin 2 1001 Yildirim, Samet 3 1029 Gl\u00f6ckner, Christian 4 900 Navarro Alonso, Leon 5 883 Leidel, Marvin Links:Tabelle und Spielplan C. Gl\u00f6ckner, R. Harbort, L. Hangleiter, L. Navarro Alonso \u00a0 \u00a0 R\u00fcckblick 2016-17Die \u00e4lteste Jungenmannschaft des VfL, [&hellip;]<\/p>\n","protected":false},"author":1,"featured_media":667,"parent":0,"menu_order":1106,"comment_status":"closed","ping_status":"closed","template":"","meta":{"_et_pb_use_builder":"","_et_pb_old_content":"","_et_gb_content_width":"","ngg_post_thumbnail":0},"_links":{"self":[{"href":"https:\/\/www.vfl-kirchheim.de\/tischtennis\/wp-json\/wp\/v2\/pages\/668"}],"collection":[{"href":"https:\/\/www.vfl-kirchheim.de\/tischtennis\/wp-json\/wp\/v2\/pages"}],"about":[{"href":"https:\/\/www.vfl-kirchheim.de\/tischtennis\/wp-json\/wp\/v2\/types\/page"}],"author":[{"embeddable":true,"href":"https:\/\/www.vfl-kirchheim.de\/tischtennis\/wp-json\/wp\/v2\/users\/1"}],"replies":[{"embeddable":true,"href":"https:\/\/www.vfl-kirchheim.de\/tischtennis\/wp-json\/wp\/v2\/comments?post=668"}],"version-history":[{"count":1,"href":"https:\/\/www.vfl-kirchheim.de\/tischtennis\/wp-json\/wp\/v2\/pages\/668\/revisions"}],"predecessor-version":[{"id":1008,"href":"https:\/\/www.vfl-kirchheim.de\/tischtennis\/wp-json\/wp\/v2\/pages\/668\/revisions\/1008"}],"wp:featuredmedia":[{"embeddable":true,"href":"https:\/\/www.vfl-kirchheim.de\/tischtennis\/wp-json\/wp\/v2\/media\/667"}],"wp:attachment":[{"href":"https:\/\/www.vfl-kirchheim.de\/tischtennis\/wp-json\/wp\/v2\/media?parent=668"}],"curies":[{"name":"wp","href":"https:\/\/api.w.org\/{rel}","templated":true}]}}