{"id":666,"date":"2017-08-30T00:11:18","date_gmt":"2017-08-29T22:11:18","guid":{"rendered":"https:\/\/www.vfl-kirchheim.de\/tischtennis\/\/ti-saison17-18-herren6\/"},"modified":"2023-06-05T20:54:31","modified_gmt":"2023-06-05T18:54:31","slug":"ti-saison17-18-herren6","status":"publish","type":"page","link":"https:\/\/www.vfl-kirchheim.de\/tischtennis\/ti-saison17-18-herren6\/","title":{"rendered":"TI_Saison17-18_Herren6"},"content":{"rendered":"<p><\/p>\n<table style=\"height: 405px;\" width=\"915\">\n<tbody>\n<tr>\n<td><span style=\"font-family: arial,helvetica,sans-serif; font-size: 24pt;\"><strong>Herren 6<\/strong> <span style=\"font-size: 18pt;\">&#8211; Kreisliga A 2017-18<\/span><\/span><\/td>\n<td>\u00a0<\/td>\n<td style=\"text-align: right;\"><a href=\"https:\/\/www.vfl-kirchheim.de\/tischtennis\/\/ti-mannschaften-17-18\/\" rel=\"alternate\">zur\u00fcck zur \u00dcbersicht<\/a><\/td>\n<\/tr>\n<tr>\n<td>\u00a0<img decoding=\"async\" class=\" size-full wp-image-665\" src=\"https:\/\/www.vfl-kirchheim.de\/tischtennis\/\/wp-content\/uploads\/2017\/08\/H6_Team17-18.jpg\" alt=\"\" width=\"500\" srcset=\"https:\/\/www.vfl-kirchheim.de\/tischtennis\/wp-content\/uploads\/2017\/08\/H6_Team17-18.jpg 598w, https:\/\/www.vfl-kirchheim.de\/tischtennis\/wp-content\/uploads\/2017\/08\/H6_Team17-18-300x200.jpg 300w\" sizes=\"(max-width: 598px) 100vw, 598px\" \/><\/td>\n<td>\u00a0<\/td>\n<td style=\"text-align: right;\">\n<table style=\"border-color: #fff700; margin-left: auto; margin-right: auto; height: 171px;\" border=\"1\" width=\"359\" rules=\"none\" cellspacing=\"20\">\n<thead>\n<tr style=\"border-color: #fff700; background-color: #fff700;\">\n<td style=\"text-align: center;\" width=\"86\"><strong>Rang<\/strong><\/td>\n<td style=\"text-align: center;\" width=\"86\"><strong>Q-TTR<\/strong><\/td>\n<td style=\"text-align: left;\" width=\"191\"><strong>Name, Vorname<\/strong><\/td>\n<\/tr>\n<\/thead>\n<tbody>\n<tr>\n<td style=\"text-align: center;\">1<\/td>\n<td style=\"text-align: center;\">1493<\/td>\n<td>Hees, Carsten<\/td>\n<\/tr>\n<tr>\n<td style=\"text-align: center;\">2<\/td>\n<td style=\"text-align: center;\">1434<\/td>\n<td>Frey, Gunther<\/td>\n<\/tr>\n<tr>\n<td style=\"text-align: center;\">3<\/td>\n<td style=\"text-align: center;\">1432<\/td>\n<td>Raichle, Albert<\/td>\n<\/tr>\n<tr>\n<td style=\"text-align: center;\">4<\/td>\n<td style=\"text-align: center;\">1387<\/td>\n<td>Gutberlet, Bernd<\/td>\n<\/tr>\n<tr>\n<td style=\"text-align: center;\">5<\/td>\n<td style=\"text-align: center;\">1352<\/td>\n<td>Lingner, Bernhard<\/td>\n<\/tr>\n<tr>\n<td style=\"text-align: center;\">6<\/td>\n<td style=\"text-align: center;\">1296<\/td>\n<td>Traversi, Antonio<\/td>\n<\/tr>\n<tr>\n<td style=\"text-align: center;\">7<\/td>\n<td style=\"text-align: center;\">1261<\/td>\n<td>St\u00f6ckel, Heinz<\/td>\n<\/tr>\n<tr>\n<td style=\"text-align: center;\">8<\/td>\n<td style=\"text-align: center;\">1261<\/td>\n<td>Schuster, Jasmin<\/td>\n<\/tr>\n<tr>\n<td style=\"text-align: center;\">9<\/td>\n<td style=\"text-align: center;\">1189<\/td>\n<td>Grimmeisen, Oliver<\/td>\n<\/tr>\n<tr>\n<td style=\"text-align: center;\">10<\/td>\n<td style=\"text-align: center;\">1163<\/td>\n<td>Harbort, Robin<\/td>\n<\/tr>\n<tr>\n<td style=\"text-align: center;\">11<\/td>\n<td style=\"text-align: center;\">1127<\/td>\n<td>Pirnack, Jens<\/td>\n<\/tr>\n<tr>\n<td style=\"text-align: center;\">12<\/td>\n<td style=\"text-align: center;\">1107<\/td>\n<td>Locher, Helmut<\/td>\n<\/tr>\n<\/tbody>\n<\/table>\n<p><strong><span style=\"font-size: 12pt;\">Links:<\/span><\/strong><br \/><a href=\"http:\/\/ttvwh.click-tt.de\/cgi-bin\/WebObjects\/nuLigaTTDE.woa\/wa\/groupPage?championship=SK+Bez.+ES+17%2F18&amp;group=305147\" target=\"_blank\" rel=\"alternate noopener\">Tabelle und Spielplan<\/a><\/td>\n<\/tr>\n<tr>\n<td style=\"text-align: center;\"><span style=\"font-size: 10pt;\">A. Raichle, B. Lingner, G. Frey, H. Locher<br \/>A. Traversi, B. Gutberlet, <br \/><\/span><\/td>\n<td>\u00a0<\/td>\n<td style=\"text-align: right;\">\u00a0<\/td>\n<\/tr>\n<\/tbody>\n<\/table>\n<p><strong><span style=\"font-size: 14pt;\">R\u00fcckblick Saison 2016-17<\/span><\/strong><\/p>\n<p>Die letztj\u00e4hrige Saison verlief f\u00fcr unser Team wie erwartet. Wir waren st\u00e4ndig im unteren Tabellenbereich angesiedelt. Als dann zur R\u00fcckrunde der TTC Aichtal seine Mannschaft zur\u00fcckzog, stand der einzige Absteiger schon fr\u00fchzeitig fest. Der erreichte Platz sechs von neun Mannschaften war f\u00fcr uns ein ganz ordentlicher Erfolg.<\/p>\n<p> <span style=\"font-size: 14pt;\"><strong>Vorschau Saison 2017-18<\/strong><\/span><\/p>\n<p>Die neue Saison wird sich f\u00fcr unser Team sehr schwierig gestalten. Im vorderen Paarkreuz wird uns Gunther Frey, aufgrund von langwierigen Schulterproblemen, die ganze Vorrunde fehlen. Die aufr\u00fcckenden Teamkameraden, alle schon deutlich im Seniorenalter, haben es schwer gegen die \u00fcberwiegend j\u00fcngere Konkurrenz. Bei gl\u00fccklichem Verlauf k\u00f6nnte Platz acht (Nichtabstiegsplatz) erreicht werden, etwa in Konkurrenz mit den Teams vom TV Unterlenningen und\u00a0dem\u00a0TSV Wendlingen IV. Um die Meisterschaft k\u00f6nnten sich TV Hochdorf III und\u00a0 der TSV Weilheim streiten. Realistisch gesehen k\u00e4me es f\u00fcr uns, in Anbetracht der spielstarken Konkurrenz, nicht total \u00fcberraschend, wenn wir am Ende auf einem Abstiegsplatz landen w\u00fcrden. Wir werden auf jeden Fall k\u00e4mpfen und wir wollen Freude am Spiel haben.<\/p>\n","protected":false},"excerpt":{"rendered":"<p>Herren 6 &#8211; Kreisliga A 2017-18 \u00a0 zur\u00fcck zur \u00dcbersicht \u00a0 \u00a0 Rang Q-TTR Name, Vorname 1 1493 Hees, Carsten 2 1434 Frey, Gunther 3 1432 Raichle, Albert 4 1387 Gutberlet, Bernd 5 1352 Lingner, Bernhard 6 1296 Traversi, Antonio 7 1261 St\u00f6ckel, Heinz 8 1261 Schuster, Jasmin 9 1189 Grimmeisen, Oliver 10 1163 Harbort, [&hellip;]<\/p>\n","protected":false},"author":1,"featured_media":665,"parent":0,"menu_order":1107,"comment_status":"closed","ping_status":"closed","template":"","meta":{"_et_pb_use_builder":"","_et_pb_old_content":"","_et_gb_content_width":"","ngg_post_thumbnail":0},"_links":{"self":[{"href":"https:\/\/www.vfl-kirchheim.de\/tischtennis\/wp-json\/wp\/v2\/pages\/666"}],"collection":[{"href":"https:\/\/www.vfl-kirchheim.de\/tischtennis\/wp-json\/wp\/v2\/pages"}],"about":[{"href":"https:\/\/www.vfl-kirchheim.de\/tischtennis\/wp-json\/wp\/v2\/types\/page"}],"author":[{"embeddable":true,"href":"https:\/\/www.vfl-kirchheim.de\/tischtennis\/wp-json\/wp\/v2\/users\/1"}],"replies":[{"embeddable":true,"href":"https:\/\/www.vfl-kirchheim.de\/tischtennis\/wp-json\/wp\/v2\/comments?post=666"}],"version-history":[{"count":1,"href":"https:\/\/www.vfl-kirchheim.de\/tischtennis\/wp-json\/wp\/v2\/pages\/666\/revisions"}],"predecessor-version":[{"id":1007,"href":"https:\/\/www.vfl-kirchheim.de\/tischtennis\/wp-json\/wp\/v2\/pages\/666\/revisions\/1007"}],"wp:featuredmedia":[{"embeddable":true,"href":"https:\/\/www.vfl-kirchheim.de\/tischtennis\/wp-json\/wp\/v2\/media\/665"}],"wp:attachment":[{"href":"https:\/\/www.vfl-kirchheim.de\/tischtennis\/wp-json\/wp\/v2\/media?parent=666"}],"curies":[{"name":"wp","href":"https:\/\/api.w.org\/{rel}","templated":true}]}}