{"id":664,"date":"2017-08-30T00:02:36","date_gmt":"2017-08-29T22:02:36","guid":{"rendered":"https:\/\/www.vfl-kirchheim.de\/tischtennis\/\/ti-saison17-18-herren5\/"},"modified":"2023-06-05T20:54:37","modified_gmt":"2023-06-05T18:54:37","slug":"ti-saison17-18-herren5","status":"publish","type":"page","link":"https:\/\/www.vfl-kirchheim.de\/tischtennis\/ti-saison17-18-herren5\/","title":{"rendered":"TI_Saison17-18_Herren5"},"content":{"rendered":"<p><\/p>\n<table style=\"height: 405px;\" width=\"915\">\n<tbody>\n<tr>\n<td><span style=\"font-family: arial,helvetica,sans-serif; font-size: 24pt;\"><strong>Herren 5<\/strong> <span style=\"font-size: 18pt;\">&#8211; Bezirksklasse 2017-18<\/span><\/span><\/td>\n<td>\u00a0<\/td>\n<td style=\"text-align: right;\"><a href=\"https:\/\/www.vfl-kirchheim.de\/tischtennis\/\/ti-mannschaften-17-18\/\" rel=\"alternate\">zur\u00fcck zur \u00dcbersicht<\/a><\/td>\n<\/tr>\n<tr>\n<td>\u00a0<img decoding=\"async\" loading=\"lazy\" class=\" size-full wp-image-663\" src=\"https:\/\/www.vfl-kirchheim.de\/tischtennis\/\/wp-content\/uploads\/2017\/08\/H5_Team17-18.jpg\" alt=\"\" width=\"438\" height=\"400\" srcset=\"https:\/\/www.vfl-kirchheim.de\/tischtennis\/wp-content\/uploads\/2017\/08\/H5_Team17-18.jpg 438w, https:\/\/www.vfl-kirchheim.de\/tischtennis\/wp-content\/uploads\/2017\/08\/H5_Team17-18-300x274.jpg 300w\" sizes=\"(max-width: 438px) 100vw, 438px\" \/><\/td>\n<td>\u00a0<\/td>\n<td style=\"text-align: right;\">\n<table style=\"border-color: #fff700; margin-left: auto; margin-right: auto; height: 171px;\" border=\"1\" width=\"359\" rules=\"none\" cellspacing=\"20\">\n<thead>\n<tr style=\"border-color: #fff700; background-color: #fff700;\">\n<td style=\"text-align: center;\" width=\"86\"><strong>Rang<\/strong><\/td>\n<td style=\"text-align: center;\" width=\"86\"><strong>Q-TTR<\/strong><\/td>\n<td style=\"text-align: left;\" width=\"191\"><strong>Name, Vorname<\/strong><\/td>\n<\/tr>\n<\/thead>\n<tbody>\n<tr>\n<td style=\"text-align: center;\">1<\/td>\n<td style=\"text-align: center;\">1561<\/td>\n<td>Braun, Marcel<\/td>\n<\/tr>\n<tr>\n<td style=\"text-align: center;\">2<\/td>\n<td style=\"text-align: center;\">1556<\/td>\n<td>Titze, Ronald<\/td>\n<\/tr>\n<tr>\n<td style=\"text-align: center;\">3<\/td>\n<td style=\"text-align: center;\">1548<\/td>\n<td>Bretz, Klaus<\/td>\n<\/tr>\n<tr>\n<td style=\"text-align: center;\">4<\/td>\n<td style=\"text-align: center;\">1495<\/td>\n<td>Brandl, Walter<\/td>\n<\/tr>\n<tr>\n<td style=\"text-align: center;\">5<\/td>\n<td style=\"text-align: center;\">1448<\/td>\n<td>St\u00e4bler, Karl-Heinz<\/td>\n<\/tr>\n<tr>\n<td style=\"text-align: center;\">6<\/td>\n<td style=\"text-align: center;\">1437<\/td>\n<td>Schatschneider, Johann<\/td>\n<\/tr>\n<\/tbody>\n<\/table>\n<p><strong><span style=\"font-size: 12pt;\">Links:<\/span><\/strong><br \/><a href=\"http:\/\/ttvwh.click-tt.de\/cgi-bin\/WebObjects\/nuLigaTTDE.woa\/wa\/groupPage?championship=SK+Bez.+ES+17%2F18&amp;group=304968\" target=\"_blank\" rel=\"alternate noopener\">Tabelle und Spielplan<\/a><\/td>\n<\/tr>\n<tr>\n<td style=\"text-align: center;\"><span style=\"font-size: 10pt;\">K. Bretz, W. Brandl, M. Braun, K.-H. St\u00e4bler, R. Titze, J. Schatschneider<br \/><\/span><\/td>\n<td>\u00a0<\/td>\n<td style=\"text-align: right;\">\u00a0<\/td>\n<\/tr>\n<\/tbody>\n<\/table>\n<p><strong><span style=\"font-size: 14pt;\"><br \/>R\u00fcckblick 2016-17<br \/><\/span><\/strong><br \/>Zugegeben das Bild ist leicht \u00fcbertrieben! Bei genauer Betrachtung allerdings spiegelt es jedoch die Vergangenheit und auch die Zukunft gleicherma\u00dfen wieder. Eine Reihe von Verletzungen beutelten das Team um Kapit\u00e4n Karl-Heinz St\u00e4bler. Insgesamt war man nach Ablauf der regul\u00e4ren Runde daher heilfroh, hinter Nabern IV den Relegationsplatz zu erreichen. Doch selbst im ersten von insgesamt zwei Relegationsspielen um den Aufstieg in die Bezirksklasse wurde man nicht von Verletzungen verschont. So traf es dieses Mal Gunther Frey. Trotz Schulterverletzung konnte er gegen die SpVgg Stetten den \u00e4u\u00dferst wichtigen\u00a0 9.Z\u00e4hler einfahren und so die Hoffnungen auf den Aufstieg weiterleben lassen. Im zweiten und zugleich entscheidenden Spiel gegen Gro\u00dfbettlingen wurde daraufhin Edeljoker Johann Schatschneider verpflichtet. Dank einer geschlossenen Mannschaftsleistung konnte man schlie\u00dflich einen hart umk\u00e4mpften 9:5-Sieg feiern und anschlie\u00dfend den Abend geb\u00fchrend ausklingen lassen.<\/p>\n<p><span style=\"font-size: 14pt;\"><strong>Vorschau 2017-18<br \/><\/strong><\/span><br \/>In den neuen Spielklasse gilt es, sich zun\u00e4chst einmal zu akklimatisieren, da man es als Aufsteiger immer schwer hat. Falls wir vom Verletzungspech einigerma\u00dfen verschont bleiben, sind wir uns allerdings sicher, dass der Klassenerhalt allemal m\u00f6glich ist. Uns spielt vielleicht auch in die Karten, dass es eine Bandbreite von Mannschaften gibt, die in etwa von unserem Niveau sind. Bei einem Blick auf die Aufstellungen wird einem klar, dass es wohl eine Spitzengruppe um Nabern III, Wernau I, Neuhausen III ,TTF Neckartenzlingen III geben wird, die den Titel unter sich ausmachen werden, wobei kein genanntes Teams einen Spieler unter 1500 TTR-Punkten in seinen Reihen hat. Dies spricht f\u00fcr eine hohe und zugleich auch sehr ausgeglichene Qualit\u00e4t. Knapp die H\u00e4lfte der Teams hingegen wird sich mit uns jedoch im Abstiegskampf befinden. Dettingen I, Jesingen I, Plattenhardt II, Neuffen I gelten hierbei als unsere direkten Konkurrenten. Wie dem auch sei, wir freuen uns auf die Saison und werden alles geben.<\/p>\n","protected":false},"excerpt":{"rendered":"<p>Herren 5 &#8211; Bezirksklasse 2017-18 \u00a0 zur\u00fcck zur \u00dcbersicht \u00a0 \u00a0 Rang Q-TTR Name, Vorname 1 1561 Braun, Marcel 2 1556 Titze, Ronald 3 1548 Bretz, Klaus 4 1495 Brandl, Walter 5 1448 St\u00e4bler, Karl-Heinz 6 1437 Schatschneider, Johann Links:Tabelle und Spielplan K. Bretz, W. Brandl, M. Braun, K.-H. St\u00e4bler, R. Titze, J. Schatschneider \u00a0 [&hellip;]<\/p>\n","protected":false},"author":1,"featured_media":663,"parent":0,"menu_order":1108,"comment_status":"closed","ping_status":"closed","template":"","meta":{"_et_pb_use_builder":"","_et_pb_old_content":"","_et_gb_content_width":"","ngg_post_thumbnail":0},"_links":{"self":[{"href":"https:\/\/www.vfl-kirchheim.de\/tischtennis\/wp-json\/wp\/v2\/pages\/664"}],"collection":[{"href":"https:\/\/www.vfl-kirchheim.de\/tischtennis\/wp-json\/wp\/v2\/pages"}],"about":[{"href":"https:\/\/www.vfl-kirchheim.de\/tischtennis\/wp-json\/wp\/v2\/types\/page"}],"author":[{"embeddable":true,"href":"https:\/\/www.vfl-kirchheim.de\/tischtennis\/wp-json\/wp\/v2\/users\/1"}],"replies":[{"embeddable":true,"href":"https:\/\/www.vfl-kirchheim.de\/tischtennis\/wp-json\/wp\/v2\/comments?post=664"}],"version-history":[{"count":1,"href":"https:\/\/www.vfl-kirchheim.de\/tischtennis\/wp-json\/wp\/v2\/pages\/664\/revisions"}],"predecessor-version":[{"id":1006,"href":"https:\/\/www.vfl-kirchheim.de\/tischtennis\/wp-json\/wp\/v2\/pages\/664\/revisions\/1006"}],"wp:featuredmedia":[{"embeddable":true,"href":"https:\/\/www.vfl-kirchheim.de\/tischtennis\/wp-json\/wp\/v2\/media\/663"}],"wp:attachment":[{"href":"https:\/\/www.vfl-kirchheim.de\/tischtennis\/wp-json\/wp\/v2\/media?parent=664"}],"curies":[{"name":"wp","href":"https:\/\/api.w.org\/{rel}","templated":true}]}}