{"id":662,"date":"2017-08-29T23:48:52","date_gmt":"2017-08-29T21:48:52","guid":{"rendered":"https:\/\/www.vfl-kirchheim.de\/tischtennis\/\/ti-saison17-18-herren4\/"},"modified":"2023-06-05T20:54:49","modified_gmt":"2023-06-05T18:54:49","slug":"ti-saison17-18-herren4","status":"publish","type":"page","link":"https:\/\/www.vfl-kirchheim.de\/tischtennis\/ti-saison17-18-herren4\/","title":{"rendered":"TI_Saison17-18_Herren4"},"content":{"rendered":"<p><\/p>\n<table style=\"height: 405px;\" width=\"915\">\n<tbody>\n<tr>\n<td><span style=\"font-family: arial,helvetica,sans-serif; font-size: 24pt;\"><strong>Herren 4<\/strong> <span style=\"font-size: 18pt;\">&#8211; Bezirksliga 2017-18<\/span><\/span><\/td>\n<td>\u00a0<\/td>\n<td style=\"text-align: right;\"><a href=\"https:\/\/www.vfl-kirchheim.de\/tischtennis\/\/ti-mannschaften-17-18\/\" rel=\"alternate\">zur\u00fcck zur \u00dcbersicht<\/a><\/td>\n<\/tr>\n<tr>\n<td>\u00a0<img decoding=\"async\" class=\" size-full wp-image-661\" src=\"https:\/\/www.vfl-kirchheim.de\/tischtennis\/\/wp-content\/uploads\/2017\/08\/H4_Team17-18.JPG\" alt=\"\" width=\"500\" srcset=\"https:\/\/www.vfl-kirchheim.de\/tischtennis\/wp-content\/uploads\/2017\/08\/H4_Team17-18.JPG 532w, https:\/\/www.vfl-kirchheim.de\/tischtennis\/wp-content\/uploads\/2017\/08\/H4_Team17-18-300x225.jpg 300w\" sizes=\"(max-width: 532px) 100vw, 532px\" \/><\/td>\n<td>\u00a0<\/td>\n<td style=\"text-align: right;\">\n<table style=\"border-color: #fff700; margin-left: auto; margin-right: auto; height: 171px;\" border=\"1\" width=\"359\" rules=\"none\" cellspacing=\"20\">\n<thead>\n<tr style=\"border-color: #fff700; background-color: #fff700;\">\n<td style=\"text-align: center;\" width=\"86\"><strong>Rang<\/strong><\/td>\n<td style=\"text-align: center;\" width=\"86\"><strong>Q-TTR<\/strong><\/td>\n<td style=\"text-align: left;\" width=\"191\"><strong>Name, Vorname<\/strong><\/td>\n<\/tr>\n<\/thead>\n<tbody>\n<tr>\n<td style=\"text-align: center;\">1<\/td>\n<td style=\"text-align: center;\">1658<\/td>\n<td>Sensbach, Martin<\/td>\n<\/tr>\n<tr>\n<td style=\"text-align: center;\">2<\/td>\n<td style=\"text-align: center;\">1669<\/td>\n<td>Zimmermann, Rene<\/td>\n<\/tr>\n<tr>\n<td style=\"text-align: center;\">3<\/td>\n<td style=\"text-align: center;\">1664<\/td>\n<td>Braun, Tobias<\/td>\n<\/tr>\n<tr>\n<td style=\"text-align: center;\">4<\/td>\n<td style=\"text-align: center;\">1653<\/td>\n<td>Thalheim, Kai<\/td>\n<\/tr>\n<tr>\n<td style=\"text-align: center;\">5<\/td>\n<td style=\"text-align: center;\">1607<\/td>\n<td>Steinh\u00fcbl, Simon<\/td>\n<\/tr>\n<tr>\n<td style=\"text-align: center;\">6<\/td>\n<td style=\"text-align: center;\">1602<\/td>\n<td>Trinkle, Haiko<\/td>\n<\/tr>\n<\/tbody>\n<\/table>\n<p><strong><span style=\"font-size: 12pt;\">Links:<\/span><\/strong><br \/><a href=\"http:\/\/ttvwh.click-tt.de\/cgi-bin\/WebObjects\/nuLigaTTDE.woa\/wa\/groupPage?championship=SK+Bez.+ES+17%2F18&amp;group=304967\" target=\"_blank\" rel=\"alternate noopener\">Tabelle und Spielplan<\/a><\/td>\n<\/tr>\n<tr>\n<td style=\"text-align: center;\"><span style=\"font-size: 10pt;\">S. Steinh\u00fcbl, T. Braun, K. Thalheim, R. Zimmermann, H. Trinkle<br \/><\/span><\/td>\n<td>\u00a0<\/td>\n<td style=\"text-align: right;\">\u00a0<\/td>\n<\/tr>\n<\/tbody>\n<\/table>\n<p><strong><span style=\"font-size: 14pt;\"><br \/>R\u00fcckblick 2016-17<br \/><\/span><\/strong><br \/>Die als Favorit auf den Kreisligatitel gestartete 4. Mannschaft hatte f\u00fcr die abgelaufene Saison das Motto \u201eOperation Aufstieg\u201c ausgegeben, und sie lie\u00df den gro\u00dfen Worten auch gro\u00dfe Taten folgen. Nicht nur der \u00fcberragende Spitzenspieler Sven K\u00f6rner kam nach seiner mehrj\u00e4hrigen Pause immer besser in Fahrt und konnte sogar den Bezirksmeistertitel der Herren A gewinnen, sondern jeder einzelne Spieler erspielte sich hoch positive Bilanzen. Martin und Simon konnten die gesamte Runde sogar ohne Niederlage abschlie\u00dfen. Zur R\u00fcckrunde musste Sven wegen seiner vielen Ranglistenpunkte in die 3. Mannschaft wechseln, wodurch Zimmi aus der Bezirksliga zur Mannschaft stie\u00df und sich ebenfalls keine Niederlage leistete. Die vielen klaren Siege w\u00e4ren auch nicht ohne die starken Ersatzspieler Marcel und Ronald m\u00f6glich gewesen, die mit zusammen 11:1 Siegen immer eine sichere Bank waren. So ist es nicht verwunderlich, dass die Vierte am Ende der Saison ohne Verlustpunkte die Meisterschaft der Kreisliga 2 feiern konnte.<\/p>\n<p><span style=\"font-size: 14pt;\"><strong>Vorschau 2017-18<br \/><\/strong><\/span><br \/>In der kommenden Runde darf man damit in der frisch umbenannten Bezirksliga antreten, die letztes Jahr noch Bezirksklasse hie\u00df. Leider muss die Mannschaft im Vergleich zur letzten Saison J\u00f6rg Herrmann an die 3. Mannschaft abgeben. Dies schmerzt umso mehr, da Kai wegen einer Knie-OP einen Teil der Vorrunde ausfallen wird. Mit Tobias Braun verst\u00e4rkt jedoch ein sehr erfahrener Spieler den Kader, und damit sollte das Potenzial der Mannschaft gro\u00df genug sein, um auch in der h\u00f6chsten Klasse des Bezirks eine gute Rolle zu spielen. Der gro\u00dfe Vorteil der Vierten ist die Ausgeglichenheit innerhalb der Mannschaft. Bei vielen Gegnern spielen ein oder zwei extrem starke Spieler wie z.B. der Ex-Nationalspieler Gabor Roth vom TV Unterboihingen. Die Unterboihinger z\u00e4hlen damit zusammen mit dem TSV Sielmingen und dem TSV Oberboihingen zu den Titelfavoriten. Jedoch stellen die Kirchheimer auf dem Papier das st\u00e4rkste hintere Paarkreuz der Liga und sollten dadurch in der Lage sein, jedem Gegner Paroli zu bieten. Es wird jedoch viel davon abh\u00e4ngen, wie schnell Kai im Laufe der Vorrunde wieder einsteigen kann, damit in der Weihnachtspause ein Platz im sicheren Mittelfeld herausspringt.<\/p>\n","protected":false},"excerpt":{"rendered":"<p>Herren 4 &#8211; Bezirksliga 2017-18 \u00a0 zur\u00fcck zur \u00dcbersicht \u00a0 \u00a0 Rang Q-TTR Name, Vorname 1 1658 Sensbach, Martin 2 1669 Zimmermann, Rene 3 1664 Braun, Tobias 4 1653 Thalheim, Kai 5 1607 Steinh\u00fcbl, Simon 6 1602 Trinkle, Haiko Links:Tabelle und Spielplan S. Steinh\u00fcbl, T. Braun, K. Thalheim, R. Zimmermann, H. Trinkle \u00a0 \u00a0 R\u00fcckblick [&hellip;]<\/p>\n","protected":false},"author":1,"featured_media":661,"parent":0,"menu_order":1110,"comment_status":"closed","ping_status":"closed","template":"","meta":{"_et_pb_use_builder":"","_et_pb_old_content":"","_et_gb_content_width":"","ngg_post_thumbnail":0},"_links":{"self":[{"href":"https:\/\/www.vfl-kirchheim.de\/tischtennis\/wp-json\/wp\/v2\/pages\/662"}],"collection":[{"href":"https:\/\/www.vfl-kirchheim.de\/tischtennis\/wp-json\/wp\/v2\/pages"}],"about":[{"href":"https:\/\/www.vfl-kirchheim.de\/tischtennis\/wp-json\/wp\/v2\/types\/page"}],"author":[{"embeddable":true,"href":"https:\/\/www.vfl-kirchheim.de\/tischtennis\/wp-json\/wp\/v2\/users\/1"}],"replies":[{"embeddable":true,"href":"https:\/\/www.vfl-kirchheim.de\/tischtennis\/wp-json\/wp\/v2\/comments?post=662"}],"version-history":[{"count":1,"href":"https:\/\/www.vfl-kirchheim.de\/tischtennis\/wp-json\/wp\/v2\/pages\/662\/revisions"}],"predecessor-version":[{"id":1005,"href":"https:\/\/www.vfl-kirchheim.de\/tischtennis\/wp-json\/wp\/v2\/pages\/662\/revisions\/1005"}],"wp:featuredmedia":[{"embeddable":true,"href":"https:\/\/www.vfl-kirchheim.de\/tischtennis\/wp-json\/wp\/v2\/media\/661"}],"wp:attachment":[{"href":"https:\/\/www.vfl-kirchheim.de\/tischtennis\/wp-json\/wp\/v2\/media?parent=662"}],"curies":[{"name":"wp","href":"https:\/\/api.w.org\/{rel}","templated":true}]}}