{"id":660,"date":"2017-08-29T23:25:21","date_gmt":"2017-08-29T21:25:21","guid":{"rendered":"https:\/\/www.vfl-kirchheim.de\/tischtennis\/\/ti-saison17-18-herren3\/"},"modified":"2023-06-05T20:55:08","modified_gmt":"2023-06-05T18:55:08","slug":"ti-saison17-18-herren3","status":"publish","type":"page","link":"https:\/\/www.vfl-kirchheim.de\/tischtennis\/ti-saison17-18-herren3\/","title":{"rendered":"TI_Saison17-18_Herren3"},"content":{"rendered":"<p><\/p>\n<table style=\"height: 405px;\" width=\"915\">\n<tbody>\n<tr>\n<td><span style=\"font-family: arial,helvetica,sans-serif; font-size: 24pt;\"><strong>Herren 3<\/strong> <span style=\"font-size: 18pt;\">&#8211; Landesklasse 2017-18<\/span><\/span><\/td>\n<td>\u00a0<\/td>\n<td style=\"text-align: right;\"><a href=\"https:\/\/www.vfl-kirchheim.de\/tischtennis\/\/ti-mannschaften-17-18\/\" rel=\"alternate\">zur\u00fcck zur \u00dcbersicht<\/a><\/td>\n<\/tr>\n<tr>\n<td>\u00a0<img decoding=\"async\" class=\" size-full wp-image-659\" src=\"https:\/\/www.vfl-kirchheim.de\/tischtennis\/\/wp-content\/uploads\/2017\/08\/H3_Team17-18.jpg\" alt=\"\" width=\"500\" srcset=\"https:\/\/www.vfl-kirchheim.de\/tischtennis\/wp-content\/uploads\/2017\/08\/H3_Team17-18.jpg 847w, https:\/\/www.vfl-kirchheim.de\/tischtennis\/wp-content\/uploads\/2017\/08\/H3_Team17-18-300x217.jpg 300w, https:\/\/www.vfl-kirchheim.de\/tischtennis\/wp-content\/uploads\/2017\/08\/H3_Team17-18-768x556.jpg 768w\" sizes=\"(max-width: 847px) 100vw, 847px\" \/><\/td>\n<td>\u00a0<\/td>\n<td style=\"text-align: right;\">\n<table style=\"border-color: #fff700; margin-left: auto; margin-right: auto; height: 171px;\" border=\"1\" width=\"359\" rules=\"none\" cellspacing=\"20\">\n<thead>\n<tr style=\"border-color: #fff700; background-color: #fff700;\">\n<td style=\"text-align: center;\" width=\"86\"><strong>Rang<\/strong><\/td>\n<td style=\"text-align: center;\" width=\"86\"><strong>Q-TTR<\/strong><\/td>\n<td style=\"text-align: left;\" width=\"191\"><strong>Name, Vorname<\/strong><\/td>\n<\/tr>\n<\/thead>\n<tbody>\n<tr>\n<td style=\"text-align: center;\">1<\/td>\n<td style=\"text-align: center;\">1782<\/td>\n<td>Schorradt, Axel<\/td>\n<\/tr>\n<tr>\n<td style=\"text-align: center;\">2<\/td>\n<td style=\"text-align: center;\">1713<\/td>\n<td>Knapp, Thassilo<\/td>\n<\/tr>\n<tr>\n<td style=\"text-align: center;\">3<\/td>\n<td style=\"text-align: center;\">1732<\/td>\n<td>Rohr, Andreas<\/td>\n<\/tr>\n<tr>\n<td style=\"text-align: center;\">4<\/td>\n<td style=\"text-align: center;\">1732<\/td>\n<td>Hummel, Martin<\/td>\n<\/tr>\n<tr>\n<td style=\"text-align: center;\">5<\/td>\n<td style=\"text-align: center;\">1691<\/td>\n<td>Opelland, Magnus<\/td>\n<\/tr>\n<tr>\n<td style=\"text-align: center;\">6<\/td>\n<td style=\"text-align: center;\">1686<\/td>\n<td>Raichle, J\u00fcrgen<\/td>\n<\/tr>\n<tr>\n<td style=\"text-align: center;\">7<\/td>\n<td style=\"text-align: center;\">1657<\/td>\n<td>Herrmann, J\u00f6rg<\/td>\n<\/tr>\n<\/tbody>\n<\/table>\n<p><strong><span style=\"font-size: 12pt;\">Links:<\/span><\/strong><br \/><a href=\"http:\/\/ttvwh.click-tt.de\/cgi-bin\/WebObjects\/nuLigaTTDE.woa\/wa\/groupPage?championship=SK+TTVWH+17%2F18&amp;group=307434\" target=\"_blank\" rel=\"alternate noopener\">Tabelle und Spielplan<\/a><\/td>\n<\/tr>\n<tr>\n<td style=\"text-align: center;\"><span style=\"font-size: 10pt;\">A. Schorradt, M. Opelland, T. Knapp, A. Rohr, M. Hummel, J. Raichle<br \/><\/span><\/td>\n<td>\u00a0<\/td>\n<td style=\"text-align: right;\">\u00a0<\/td>\n<\/tr>\n<\/tbody>\n<\/table>\n<p><strong><span style=\"font-size: 14pt;\">R\u00fcckblick auf die Saison 2016-17<\/span><\/strong><\/p>\n<p>Nach einem Auf- und Ab in der Vorrunde, mit teilweise knapp verlorenen Partien gegen Donzdorf und Neuhausen, konnte sich die Mannschaft mit einer starken R\u00fcckrunde noch auf Tabellenplatz 3 vork\u00e4mpfen. Punktgleich mit Neuhausen h\u00e4tte man fast noch die Relegation geschafft, in der man dann auf die vereinseigene Zweite getroffen w\u00e4re. Am Ende entschied hier\u00fcber das bessere Spielverh\u00e4ltnis zu Gunsten von Neuhausen.<\/p>\n<p><span style=\"font-size: 14pt;\"><strong>Ausblick auf die Saison 2016-17<\/strong><\/span><\/p>\n<p>Neues Jahr, neues Gl\u00fcck. Aufgrund der neuen Klasseneinteilung, spielt die Dritte in der neuen Saison in der Landesklasse. Hier wird sich zeigen, wie sich das neu formierte Team schlagen kann. Aufgrund der TTR Entwicklung der Spieler, hat sich die Mannschaft auf insgesamt 4 Positionen ver\u00e4ndert. Aber auch mit der neuen Aufstellung sollte es m\u00f6glich sein, einen Platz im vorderen Mittelfeld zu erspielen.<\/p>\n<p>Zwar haben viele Mannschaften Spitzenspieler, die nur schwer zu bezwingen sein d\u00fcrften, jedoch \u00fcberzeugt das Team durch Ausgeglichenheit. Als Meisterschaftsfavorit z\u00e4hlt f\u00fcr uns die TTF Neuhausen. Mit Ihrem erfahrenen Team zeigen sie in keinem Paarkreuz Schw\u00e4chen.<\/p>\n<p>Gespannt darf man vor allem aber auch auf den TSV Frickenhausen sein, der sich mit den Ex-Kirchheimern Christian Leopold und Michael Hohl verst\u00e4rkt hat. Hier wird es vor allem darauf ankommen, wie oft die Mannschaft in Bestbesetzung antreten kann. Das gleiche gilt f\u00fcr den TSV Wendlingen. Auf dem Papier ebenfalls eine Spitzen-Mannschaft. Jedoch zeigt die Mannschaftsaufstellung (es wurden f\u00fcr das Team 10 Spieler gemeldet), dass hier wohl oftmals nicht die ersten Sechs zum Einsatz kommen werden. Ansonsten freuen wir uns wieder auf unsere Nachbarschaftsduelle mit Nabern und Hochdorf. <\/p>\n<p>Auch wenn W\u00e4schenbeuren 2 mit Sebastian Assmann vom TTR Wert den Zweitbesten Spieler stellt, wird das Team den Abstieg wohl nicht verhindern k\u00f6nnen. Hiervon abgesehen wird es sicherlich eine spannende Runde, mit vielen engen Begegnungen und hoffentlich einem Happy End f\u00fcr unsere Mannschaft!<\/p>\n","protected":false},"excerpt":{"rendered":"<p>Herren 3 &#8211; Landesklasse 2017-18 \u00a0 zur\u00fcck zur \u00dcbersicht \u00a0 \u00a0 Rang Q-TTR Name, Vorname 1 1782 Schorradt, Axel 2 1713 Knapp, Thassilo 3 1732 Rohr, Andreas 4 1732 Hummel, Martin 5 1691 Opelland, Magnus 6 1686 Raichle, J\u00fcrgen 7 1657 Herrmann, J\u00f6rg Links:Tabelle und Spielplan A. Schorradt, M. Opelland, T. Knapp, A. Rohr, M. [&hellip;]<\/p>\n","protected":false},"author":1,"featured_media":659,"parent":0,"menu_order":1113,"comment_status":"closed","ping_status":"closed","template":"","meta":{"_et_pb_use_builder":"","_et_pb_old_content":"","_et_gb_content_width":"","ngg_post_thumbnail":0},"_links":{"self":[{"href":"https:\/\/www.vfl-kirchheim.de\/tischtennis\/wp-json\/wp\/v2\/pages\/660"}],"collection":[{"href":"https:\/\/www.vfl-kirchheim.de\/tischtennis\/wp-json\/wp\/v2\/pages"}],"about":[{"href":"https:\/\/www.vfl-kirchheim.de\/tischtennis\/wp-json\/wp\/v2\/types\/page"}],"author":[{"embeddable":true,"href":"https:\/\/www.vfl-kirchheim.de\/tischtennis\/wp-json\/wp\/v2\/users\/1"}],"replies":[{"embeddable":true,"href":"https:\/\/www.vfl-kirchheim.de\/tischtennis\/wp-json\/wp\/v2\/comments?post=660"}],"version-history":[{"count":1,"href":"https:\/\/www.vfl-kirchheim.de\/tischtennis\/wp-json\/wp\/v2\/pages\/660\/revisions"}],"predecessor-version":[{"id":1004,"href":"https:\/\/www.vfl-kirchheim.de\/tischtennis\/wp-json\/wp\/v2\/pages\/660\/revisions\/1004"}],"wp:featuredmedia":[{"embeddable":true,"href":"https:\/\/www.vfl-kirchheim.de\/tischtennis\/wp-json\/wp\/v2\/media\/659"}],"wp:attachment":[{"href":"https:\/\/www.vfl-kirchheim.de\/tischtennis\/wp-json\/wp\/v2\/media?parent=660"}],"curies":[{"name":"wp","href":"https:\/\/api.w.org\/{rel}","templated":true}]}}