{"id":658,"date":"2017-08-29T23:16:30","date_gmt":"2017-08-29T21:16:30","guid":{"rendered":"https:\/\/www.vfl-kirchheim.de\/tischtennis\/\/ti-saison17-18-herren2\/"},"modified":"2023-06-05T20:55:20","modified_gmt":"2023-06-05T18:55:20","slug":"ti-saison17-18-herren2","status":"publish","type":"page","link":"https:\/\/www.vfl-kirchheim.de\/tischtennis\/ti-saison17-18-herren2\/","title":{"rendered":"TI_Saison17-18_Herren2"},"content":{"rendered":"<p><\/p>\n<table style=\"height: 405px;\" width=\"915\">\n<tbody>\n<tr>\n<td><span style=\"font-family: arial,helvetica,sans-serif; font-size: 24pt;\"><strong>Herren 2<\/strong> <span style=\"font-size: 18pt;\">&#8211; Landesliga 2017-18<\/span><\/span><\/td>\n<td>\u00a0<\/td>\n<td style=\"text-align: right;\"><a href=\"https:\/\/www.vfl-kirchheim.de\/tischtennis\/\/ti-mannschaften-17-18\/\" rel=\"alternate\">zur\u00fcck zur \u00dcbersicht<\/a><\/td>\n<\/tr>\n<tr>\n<td><img decoding=\"async\" class=\" size-full wp-image-657\" src=\"https:\/\/www.vfl-kirchheim.de\/tischtennis\/\/wp-content\/uploads\/2017\/08\/H2_Team17-18.JPG\" alt=\"\" width=\"500\" srcset=\"https:\/\/www.vfl-kirchheim.de\/tischtennis\/wp-content\/uploads\/2017\/08\/H2_Team17-18.JPG 598w, https:\/\/www.vfl-kirchheim.de\/tischtennis\/wp-content\/uploads\/2017\/08\/H2_Team17-18-300x200.jpg 300w\" sizes=\"(max-width: 598px) 100vw, 598px\" \/><\/td>\n<td>\u00a0<\/td>\n<td style=\"text-align: right;\">\n<table style=\"border-color: #fff700; margin-left: auto; margin-right: auto; height: 171px;\" border=\"1\" width=\"359\" rules=\"none\" cellspacing=\"20\">\n<thead>\n<tr style=\"border-color: #fff700; background-color: #fff700;\">\n<td style=\"text-align: center;\" width=\"86\"><strong>Rang<\/strong><\/td>\n<td style=\"text-align: center;\" width=\"86\"><strong>Q-TTR<\/strong><\/td>\n<td style=\"text-align: left;\" width=\"191\"><strong>Name, Vorname<\/strong><\/td>\n<\/tr>\n<\/thead>\n<tbody>\n<tr>\n<td style=\"text-align: center;\">1<\/td>\n<td style=\"text-align: center;\">1866<\/td>\n<td>Holzer, Markus<\/td>\n<\/tr>\n<tr>\n<td style=\"text-align: center;\">2<\/td>\n<td style=\"text-align: center;\">1864<\/td>\n<td>Eder, Jan<\/td>\n<\/tr>\n<tr>\n<td style=\"text-align: center;\">3<\/td>\n<td style=\"text-align: center;\">1832<\/td>\n<td>K\u00f6rner, Sven<\/td>\n<\/tr>\n<tr>\n<td style=\"text-align: center;\">4<\/td>\n<td style=\"text-align: center;\">1784<\/td>\n<td>M\u00fcller, Patrick<\/td>\n<\/tr>\n<tr>\n<td style=\"text-align: center;\">5<\/td>\n<td style=\"text-align: center;\">1790<\/td>\n<td>Scholdt, Manfred<\/td>\n<\/tr>\n<tr>\n<td style=\"text-align: center;\">6<\/td>\n<td style=\"text-align: center;\">1755<\/td>\n<td>Gl\u00f6ckner, Franz<\/td>\n<\/tr>\n<\/tbody>\n<\/table>\n<p><strong><span style=\"font-size: 12pt;\">Links:<\/span><\/strong><br \/><a href=\"http:\/\/ttvwh.click-tt.de\/cgi-bin\/WebObjects\/nuLigaTTDE.woa\/wa\/groupPage?championship=SK+TTVWH+17%2F18&amp;group=307350\" target=\"_blank\" rel=\"alternate noopener\">Tabelle und Spielplan<\/a><\/td>\n<\/tr>\n<tr>\n<td style=\"text-align: center;\"><span style=\"font-size: 10pt;\">hinten: S. K\u00f6rner, M. Holzer, M. Scholdt<br \/>vorne: P. M\u00fcller, F. Gl\u00f6ckner, J. Eder <\/span><\/td>\n<\/tr>\n<\/tbody>\n<\/table>\n<p><span style=\"font-size: 14pt;\"><strong>R\u00fcckblick 2016-17<\/strong><\/span><\/p>\n<p>\u201eLieber sp\u00e4t als nie\u201c, so k\u00f6nnte eine \u00dcberschrift lauten, wenn man sich die Leistungskurven unserer Jungs in der vergangenen Saison einmal genauer anschaut. Wie wir letztlich in die Strafrunde \u201eRelegation\u201c gerutscht sind, l\u00e4sst sich nur schwer an einzelnen offenen Baustellen eruieren. Allein der Blick auf die tats\u00e4chlich gespielten Einzel- und Doppelbilanzen und hierzu ein Vergleich der gezeigten Trainingsleistungen macht deutlich: \u201eWir standen uns gr\u00f6\u00dften Teils selber im Weg!\u201c Familie, Beruf, Hobbies, Tischtennis \u2013 in dieser Reihenfolge mussten wir nicht nur der Zeit sondern nat\u00fcrlich auch ein bisschen dem \u201eAlter\u201c bzw. den jeweiligen Lebensphasen Tribut zollen. Aber egal: \u201eAm Ende kackt die Ente\u201c und mit einer souver\u00e4nen Vorstellung in beiden Relegationsbegegnungen gegen den TSV Georgii Allianz (9:1) und die TTF Neuhausen\/Fildern (9:3) haben wir nochmals zeigen k\u00f6nnen, dass die einzelnen Saisonleistungen gegen die ganz vorne platzierten Teams (Oberbr\u00fcden, Pl\u00fcderhausen, Murrhardt und Beinstein) durchaus keine Eintagsfliegen waren.<\/p>\n<p><strong><span style=\"font-size: 14pt;\">Ausblick auf die Saison 2017-18<\/span><\/strong><\/p>\n<p>Besonders freuen wir uns \u00fcber den Wechsel von Markus Holzer unter die Teck. Nachdem er in den letzten Jahren nicht nur als Gegner in Diensten der \u201eNeckarg\u00e4nse\u201c und N\u2019Tenzlingen sondern auch als Trainingspartner stets den Kontakt zum VfL gehalten hat, ist er nun ein \u201eBlauer\u201c! Schmerzlich vermissen werden wir dagegen Michael Hohl, der mit dem Einzug ins neue Haus nach Frickenhausen auch ein langj\u00e4hriges Versprechen eingel\u00f6st hat und seine Jugend- und Tenniskumpels nun auch an der Platte unterst\u00fctzen wird. \u201eVersprochen ist versprochen &#8211; zumindest mal f\u00fcr ein Jahr!\u201c Nach einigen vereinsinternen Wechseln zwischen den Teams zwei und drei gehen wir ab der 16. September in \u201efast\u201c komplett neuer Formation auf Punktejagd.\u00a0 Mit Markus Holzer und Team-Captain Jan Eder an Position eins und zwei m\u00fcssen wir uns im vorderen Paarkreuz der Landesliga sicher nicht verstecken. Die Mitte hat TTR-bedingt ein komplett neues Gesicht bekommen. Sven K\u00f6rner und Patrick M\u00fcller setzen hoffentlich ihren Leistungsanstieg auch in Team 2 fort, so dass die beiden \u201elinken\u201c Jungs hinten, Manfred Scholdt und Franz Gl\u00f6ckner, nicht nur aufgrund ihrer \u201efalschen\u201c Schlaghand die Gegner aus dem Konzept bringen, sondern auch die Doppel bestens ausstatten.<br \/>Hier ein kurzes Briefing unserer Gegner mit kleiner Vorschau und unserer Einsch\u00e4tzung. Als Titelanw\u00e4rter Nummer eins haben wir f\u00fcr uns den SV Pl\u00fcderhausen auserkoren. <br \/>TB Beinstein: Um Neuzugang Michael Marte (Verbandsliga DJKSB Stuttgart) und Marco Bebion konnten die Waiblinger Vorst\u00e4dter ein Team bilden, welches sicherlich mit zu den ersten Aufstiegsaspiranten z\u00e4hlen d\u00fcrfte. Bis auf Position 6 zieht sich ein spielerisch starker, roter Faden durch, der erstmal durchtrennt werden muss. <br \/>VfR Birkmannsweiler II: Gespickt mit Spielern, die in den letzten Jahren nur aus pers\u00f6nlichen Gr\u00fcnden (Familie, Beruf\u2026) etwas k\u00fcrzer treten mussten, jedoch das TT-Spielen sicher nicht verlernt haben d\u00fcrften, k\u00f6nnen wir auf die Leistungen des \u201eAbsteigers\u201c gespannt sein. Mal schauen, wie sich die Oberliga-Reserve in einer der st\u00e4rksten Landesligen der letzten Jahre schlagen wird.<br \/>TTV Burgstetten: Nach den Abg\u00e4ngen der Spieler auf 1,3 und 6 sind die St\u00fctzen des Teams etwas ins Wanken geraten. Gespannt darf man darauf sein, wie die Jungs um Spitzenspieler Nico Kutschera diese Ausf\u00e4lle kompensieren. Spielerisch sind die Matches immer klasse anzuschauen!<br \/>TG Donzdorf: Nach den Duellen in der Ober- und Bezirksliga im vergangenen Jahr wartet die TG nun mit einer Landesliga-Mannschaft auf. Formuliertes Ziel unter dem Hohenstaufen ist es \u201ev\u00f6llig befreit in jede Partie\u201c zu gehen. Eigentlich m\u00fcssen TTR-m\u00e4\u00dfig immer die Anderen gewinnen. Das kann die n\u00f6tige Portion \u201eCoolness\u201c mitbringen.<br \/>TV Murrhardt: Der stille \u201eRiese\u201c der letzten Saison h\u00e4tte beinahe den Clou und den Aufstieg verbuchen k\u00f6nnen. Drei Mal \u201eW\u00f6rner\u201c bildet auf jeden Fall ein stabiles Ger\u00fcst. Ob eine \u00e4hnlich starke \u201eRunde\u201c wie 2016\/17 rausspringt, h\u00e4ngt auch davon ab, wie h\u00e4ufig alle drei \u201eW\u2019s\u201c an die Tische gehen werden.<br \/>SV Nabern: Einer \u00fcberragenden LL-Saison \u00a016\/17wollen die \u201eGr\u00fcnen\u201c ein weiteres Highlight in ihrer Vereinsgeschichte folgen lassen und gegebenenfalls auch mal etwas weiter \u201eoben\u201c anklopfen. Mit dem absoluten Heimvorteil auf ihrer Seite k\u00f6nnen die \u201eYoung Boys\u201c jedem noch so hoch favorisierten Gegner gef\u00e4hrlich werden.<br \/>Wir erwarten bereits schon zur R\u00fcckrunde mindestens einen der \u201eHiller-Br\u00fcder\u201c im vorderen Paarkreuz, was die Mannschaft aus unserer Sicht sogar noch st\u00e4rker machen wird. <br \/>TSV Oberbr\u00fcden: Nach der verpatzten Chance in der Relegation den Sprung nach oben in die Verbandsklasse anzutreten, d\u00fcrfte die Mannschaft um Daniel Quiram und Heiko Tomaschek darauf bedacht sein auch in dieser Saison wieder ganz, ganz vorne mitzuspielen. Spielerisch sind die TSV\u2019ler definitiv zu den Teams wie Beinstein und Pl\u00fcderhausen, was die spielerische Dichte angeht, zu z\u00e4hlen.<br \/>Sportkultur Stuttgart: Ein absoluter \u201eNeuling\u201c in der Landesliga, so dass wir unser besonderes Augenmerk auf unserer ersten Gegner der Saison 2017\/18 werfen werden. Auch wenn die \u201eKultur\u201c noch nicht ganz vorne mitspielen d\u00fcrfte: Wir freuen uns auf einen weiteren, neuen Gegner! Immer wieder sch\u00f6n neue Fights auszutragen!<br \/>SV Pl\u00fcderhausen II: Einer \u201egew\u00f6hnungsbed\u00fcrftigen\u201c Runde k\u00f6nnte diese Saison ein Jahr mit einem Durchmarsch folgen. Alles h\u00e4ngt \u2013 wie immer \u2013 im Remstal davon ab, wer spielt wann bzw. wie oft! Wie auch schon 2016\/17 vom Papier her der klare Titelfavorit.<\/p>\n","protected":false},"excerpt":{"rendered":"<p>Herren 2 &#8211; Landesliga 2017-18 \u00a0 zur\u00fcck zur \u00dcbersicht \u00a0 Rang Q-TTR Name, Vorname 1 1866 Holzer, Markus 2 1864 Eder, Jan 3 1832 K\u00f6rner, Sven 4 1784 M\u00fcller, Patrick 5 1790 Scholdt, Manfred 6 1755 Gl\u00f6ckner, Franz Links:Tabelle und Spielplan hinten: S. K\u00f6rner, M. Holzer, M. Scholdtvorne: P. M\u00fcller, F. Gl\u00f6ckner, J. Eder R\u00fcckblick [&hellip;]<\/p>\n","protected":false},"author":1,"featured_media":657,"parent":0,"menu_order":1115,"comment_status":"closed","ping_status":"closed","template":"","meta":{"_et_pb_use_builder":"","_et_pb_old_content":"","_et_gb_content_width":"","ngg_post_thumbnail":0},"_links":{"self":[{"href":"https:\/\/www.vfl-kirchheim.de\/tischtennis\/wp-json\/wp\/v2\/pages\/658"}],"collection":[{"href":"https:\/\/www.vfl-kirchheim.de\/tischtennis\/wp-json\/wp\/v2\/pages"}],"about":[{"href":"https:\/\/www.vfl-kirchheim.de\/tischtennis\/wp-json\/wp\/v2\/types\/page"}],"author":[{"embeddable":true,"href":"https:\/\/www.vfl-kirchheim.de\/tischtennis\/wp-json\/wp\/v2\/users\/1"}],"replies":[{"embeddable":true,"href":"https:\/\/www.vfl-kirchheim.de\/tischtennis\/wp-json\/wp\/v2\/comments?post=658"}],"version-history":[{"count":1,"href":"https:\/\/www.vfl-kirchheim.de\/tischtennis\/wp-json\/wp\/v2\/pages\/658\/revisions"}],"predecessor-version":[{"id":1003,"href":"https:\/\/www.vfl-kirchheim.de\/tischtennis\/wp-json\/wp\/v2\/pages\/658\/revisions\/1003"}],"wp:featuredmedia":[{"embeddable":true,"href":"https:\/\/www.vfl-kirchheim.de\/tischtennis\/wp-json\/wp\/v2\/media\/657"}],"wp:attachment":[{"href":"https:\/\/www.vfl-kirchheim.de\/tischtennis\/wp-json\/wp\/v2\/media?parent=658"}],"curies":[{"name":"wp","href":"https:\/\/api.w.org\/{rel}","templated":true}]}}