{"id":643,"date":"2017-01-09T22:11:54","date_gmt":"2017-01-09T21:11:54","guid":{"rendered":"https:\/\/www.vfl-kirchheim.de\/tischtennis\/\/ti-sm-2017-ergebnisse\/"},"modified":"2023-06-05T20:55:03","modified_gmt":"2023-06-05T18:55:03","slug":"ti-sm-2017-ergebnisse","status":"publish","type":"page","link":"https:\/\/www.vfl-kirchheim.de\/tischtennis\/ti-sm-2017-ergebnisse\/","title":{"rendered":"TI_SM_2017_Ergebnisse"},"content":{"rendered":"<p><span style=\"font-size: 18pt;\"><strong>Alle Ergebnisse der Kirchheimer Stadtmeisterschaften 2017<\/strong><\/span><\/p>\n<table style=\"height: 29px;\" width=\"800\">\n<tbody>\n<tr>\n<td>\u00a0<\/td>\n<td style=\"text-align: right;\"><a href=\"https:\/\/www.vfl-kirchheim.de\/tischtennis\/\/ti-sm-2017-uebersicht\/\" rel=\"alternate\">Zur\u00fcck zur \u00dcbersicht<\/a><\/td>\n<\/tr>\n<\/tbody>\n<\/table>\n<p><strong>Mini-Meisterschaften Kirchheim-Teck<\/strong><br \/>1. Kilian Steinh\u00fcbl<br \/>2. David H\u00e4user<br \/>3. Benjamin Fekete-Nester<br \/>4. Sandra Wagner<\/p>\n<p><strong>Bambina U 11<\/strong><br \/> 1. Hanna Karsunke TV Unterlenningen<br \/> 2. Anne Sch\u00e4fer TSV Sielmingen<br \/> 3. Jule Stuhlm\u00fcller TSV Wendlingen<br \/> 4. Franziska Weber TV Unterlenningen<\/p>\n<p><strong>Bambino U 11<\/strong><br \/> 1. Niko Hiller TSV Neckartailfingen<br \/> 2. Sebastian Steinh\u00fcbl TSV Weilheim<br \/> 3.\/4. Robin Eppinger TV Hochdorf<br \/> 3.\/4. Giouse Pellegrino TSV Wendlingen<\/p>\n<p><strong>Jungen U 13<\/strong><br \/> 1. Maxim Smirnov TV Kemnat<br \/> 2. Lukas Faigle SPV 05 N\u00fcrtingen<br \/> 3.\/4. Max Nething SV Nabern<br \/> 3.\/4. Simon Gr\u00fcnzweig TV Bissingen<\/p>\n<p><strong>M\u00e4dchen U 15<\/strong><br \/> -leider keine Teilnehmer<\/p>\n<p><strong>Jungen U 15<\/strong><br \/> 1. Tim Kiesinger TTC Notzingen-Wellingen<br \/> 2. Robin Harbort VfL Kirchheim<br \/> 3.\/4. Kilian Schilling TSV Neckartailfingen<br \/> 3.\/4. Alexander Wagner SPV 05 N\u00fcrtingen<\/p>\n<p><strong>M\u00e4dchen U 18<\/strong><br \/> 1. Liana Gerber SPV 05 N\u00fcrtingen<br \/> 2. Lena Locher TV Bissingen<br \/> 3. Lisa Leiter TV Bissingen<br \/>4. Lisa Knauer SV Nabern<\/p>\n<p><strong>Jungen U 18<\/strong><br \/> 1. Mark H\u00e4gele TTC Notzingen-Wellingen<br \/> 2. Jonas Schachner TV Reichenbach<br \/> 3.\/4. Matthias Trabandt TB Neuffen<br \/> 3.\/4. Julian Krohmer SV Nabern<\/p>\n<p><strong>Herren B Doppel<\/strong><br \/> 1. Nico Peller \/ Tim St\u00e4bler TV Hochdorf<br \/>2. Norman Zin\u00dfer \/ Oliver Rataj TTC Notzingen-Wellingen<br \/>3.\/4. Alexander Maier \/ Mario Schwartz SV Hardt<br \/>3.\/4. Hans-Peter K\u00fchn \/ Walter Brandl TSV Wendlingen, VfL Kirchheim<\/p>\n<p><strong>Herren B\u00a0 Einzel<\/strong><br \/> 1. Nico Peller TV Hochdorf <br \/> 2. Norman Zin\u00dfer TTC Notzingen-Wellingen<br \/> 3.\/4. Joshua N\u00f6fer TTC Notzingen-Wellingen<br \/> 3.\/4. Dirk Kramer TB Neuffen<\/p>\n<p><strong>Herren D Doppel<\/strong><br \/> 1. J\u00fcrgen Marks \/ Ralf Elsner VfB Oberesslingen, TSV \u00d6tlingen<br \/> 2. Willi Sch\u00f6ffel \/ Ramis Gerzic TV Unterlenningen <br \/> 3.\/4. Rudi Kern \/ Helmut Locher TSV Jesingen, VfL Kirchheim<br \/> 3.\/4. Eberhard Herb \/ Andreas Beckel TV Hochdorf<\/p>\n<p><strong>Herren D Einzel<\/strong><br \/> 1. Paul Siebert SPV 05 N\u00fcrtingen<br \/> 2. Thomas Hanak TSGV Gro\u00dfbettlingen<br \/> 3.\/4. Oliver Stalzer TTF Neckartenzlingen<br \/> 3.\/4. Simon Krieg TSV Wendlingen<\/p>\n<p><strong>Herren C Doppel<\/strong><br \/> 1. Marcel Autenrieth \/ Michael Klaiber SV Nabern<br \/> 2. Andreas Strauss \/ Stefan O\u00dfwald TSV Scharnhausen \/ TSV Jesingen<br \/> 3.\/4. Klaus Bretz \/ Bernhard Lingner VfL Kirchheim<br \/> 3.\/4. Kai Wunner \/ Andreas Lang VfB Oberessingen\/Zell<\/p>\n<p><strong>Herren C Einzel<\/strong><br \/> 1. Klaus Bretz VfL Kirchheim<br \/> 2. Mike Nachtnebel SV Nabern<br \/> 3.\/4. Necdet Mantar SV Nabern<br \/> 3.\/4. Andreas Strauss TSV Scharnhausen<\/p>\n<p><strong>Damen B Doppel<\/strong><br \/> 1. Renate Unterseher \/ Birgit Strohmeyer TV Bissingen<br \/> 2. Vanessa Ebenh\u00f6ch \/ Lisa Knauer SV Nabern<\/p>\n<p><strong>Damen B Einzel<\/strong><br \/> 1. Renate Unterseher TV Bissingen<br \/> 2. Stephanie Schnell TV Hochdorf<br \/> 3.\/4. Birgit Strohmeyer TV Bissingen<br \/> 3.\/4. Linda Kirsamer TSV Wendlingen<\/p>\n<p><strong>Damen A Doppel<\/strong><br \/> 1. Simone Tomaschek \/ Sara Feirer TSV Lichtenwald<br \/> 2. Ana Ladan \/ Lea Feirer SV Nabern \/ TSV Lichtenwald<br \/> 3.\/4. Monja Metz \/ Stephanie Schnell TV Hochdorf<br \/>3.\/4. Isabel K\u00f6ngeter \/ Kristin M\u00fcller TV Reichenbach<\/p>\n<p><strong>Damen A Einzel<\/strong><br \/> 1. Ana Ladan SV Nabern<br \/> 2. Claudia Braun TSV Eningen<br \/> 3.\/4. Monja Metz TV Hochdorf<br \/> 3.\/4. Daniela Brucker TSV Musberg<\/p>\n<p><strong>Herren A Doppel<\/strong><br \/> 1. Simon Ge\u00dfner \/ Matthias Gantert VfL Kirchheim<br \/> 2. Daniel Gelfert \/ Johannes Palm TSV Musberg \/ TTV Zell<br \/> 3.\/4. Mike Juretzka \/ Christian Leopold SV Nabern \/ TSV Wendlingen<br \/> 3.\/4. Michael Klyeisen \/ Patrick Strauch VfL Kirchheim<\/p>\n<p><strong>Herren A Einzel<\/strong><br \/> 1. Matthias Gantert VfL Kirchheim <br \/> 2. Markus Teichert TTC M\u00fchringen<br \/> 3.\/4. Michael Klyeisen VfL Kirchheim<br \/> 3.\/4. Christian Leopold TSV Wendlingen<\/p>\n<p><strong>Mixed<\/strong><br \/> 1. Simone Tomaschek \/ Simon Ge\u00dfner TSV Lichtenwald \/ VfL Kirchheim<br \/> 2. Claudia Braun \/ Markus Teichert TSV Eningen \/ TTC M\u00fchringen<br \/> 3.\/4. Sara Feirer \/ Matthias Gantert TSV Lichtenwald \/ VfL Kirchheim<br \/> 3.\/4. Ana Ladan \/ Jakob Baum SV Nabern<\/p>\n<p><strong>\u00a0<\/strong><\/p>\n","protected":false},"excerpt":{"rendered":"<p>Alle Ergebnisse der Kirchheimer Stadtmeisterschaften 2017 \u00a0 Zur\u00fcck zur \u00dcbersicht Mini-Meisterschaften Kirchheim-Teck1. Kilian Steinh\u00fcbl2. David H\u00e4user3. Benjamin Fekete-Nester4. Sandra Wagner Bambina U 11 1. Hanna Karsunke TV Unterlenningen 2. Anne Sch\u00e4fer TSV Sielmingen 3. Jule Stuhlm\u00fcller TSV Wendlingen 4. Franziska Weber TV Unterlenningen Bambino U 11 1. Niko Hiller TSV Neckartailfingen 2. Sebastian Steinh\u00fcbl TSV [&hellip;]<\/p>\n","protected":false},"author":1,"featured_media":0,"parent":0,"menu_order":1112,"comment_status":"closed","ping_status":"closed","template":"","meta":{"_et_pb_use_builder":"","_et_pb_old_content":"","_et_gb_content_width":"","ngg_post_thumbnail":0},"_links":{"self":[{"href":"https:\/\/www.vfl-kirchheim.de\/tischtennis\/wp-json\/wp\/v2\/pages\/643"}],"collection":[{"href":"https:\/\/www.vfl-kirchheim.de\/tischtennis\/wp-json\/wp\/v2\/pages"}],"about":[{"href":"https:\/\/www.vfl-kirchheim.de\/tischtennis\/wp-json\/wp\/v2\/types\/page"}],"author":[{"embeddable":true,"href":"https:\/\/www.vfl-kirchheim.de\/tischtennis\/wp-json\/wp\/v2\/users\/1"}],"replies":[{"embeddable":true,"href":"https:\/\/www.vfl-kirchheim.de\/tischtennis\/wp-json\/wp\/v2\/comments?post=643"}],"version-history":[{"count":1,"href":"https:\/\/www.vfl-kirchheim.de\/tischtennis\/wp-json\/wp\/v2\/pages\/643\/revisions"}],"predecessor-version":[{"id":998,"href":"https:\/\/www.vfl-kirchheim.de\/tischtennis\/wp-json\/wp\/v2\/pages\/643\/revisions\/998"}],"wp:attachment":[{"href":"https:\/\/www.vfl-kirchheim.de\/tischtennis\/wp-json\/wp\/v2\/media?parent=643"}],"curies":[{"name":"wp","href":"https:\/\/api.w.org\/{rel}","templated":true}]}}