{"id":576,"date":"2016-01-05T22:45:56","date_gmt":"2016-01-05T21:45:56","guid":{"rendered":"https:\/\/www.vfl-kirchheim.de\/tischtennis\/\/ti-sm-2016-berichte\/"},"modified":"2023-06-05T20:48:52","modified_gmt":"2023-06-05T18:48:52","slug":"ti-sm-2016-berichte","status":"publish","type":"page","link":"https:\/\/www.vfl-kirchheim.de\/tischtennis\/ti-sm-2016-berichte\/","title":{"rendered":"TI_SM_2016_Berichte"},"content":{"rendered":"<p><span style=\"font-size: 18pt;\"><strong>Presseberichte zu den Kirchheimer Stadtmeisterschaften 2016<br \/><\/strong><\/span><\/p>\n<table style=\"height: 29px;\" width=\"800\">\n<tbody>\n<tr>\n<td style=\"width: 100px;\">\u00a0<\/td>\n<td style=\"text-align: right;\"><strong> <a href=\"https:\/\/www.vfl-kirchheim.de\/tischtennis\/\/ti-sm-2016-uebersicht\/\" rel=\"alternate\">Zur\u00fcck zur \u00dcbersicht<\/a><\/strong><\/td>\n<\/tr>\n<tr>\n<td>\n<hr \/>\n<\/td>\n<td style=\"text-align: right;\">\n<hr \/>\n<\/td>\n<\/tr>\n<tr>\n<td><strong>19.01.2016<\/strong><\/td>\n<td style=\"text-align: left;\"><span style=\"font-size: 18pt;\"><strong>Elegant, effektiv und erfolgreich: Matthias Gantert<\/strong><\/span><\/p>\n<p><strong>375 Teilnehmer konnte der VfL Kirchheim zur Jubil\u00e4umsausgabe seiner Kirchheimer Tischtennis-Stadtmeisterschaften in der LUG-Arena begr\u00fc\u00dfen. Die Tatsache, dass es nicht nur eines der gr\u00f6\u00dften sondern auch qualitativ eines der bestbesetzten Turniere werden sollte, versprach f\u00fcr den Verlauf der einzelnen Wettbewerbe Tischtennis-Sport vom Feinsten. An Position eins gesetzt lie\u00df sich VfL-Spieler Matthias Gantert seinen Heimvorteil nicht nehmen und war mit gerade mal zwei Satzverlusten der \u00fcberragende Spieler des Turniers. Den Titel bei den Damen A holte sich Svenja Maurer im Trikot des SV Nabern, der erneut mit knapp 50 Aktiven die meisten Teilnehmer stellte.<\/strong> <\/p>\n<p>Samstagmorgen um 8.00 Uhr \u00f6ffnete VfL-Cheforganisatorin Rike G\u00f6lz die Tore f\u00fcr die Austragung der 50. Kirchheimer Stadtmeisterschaften. Das Turnier abschlie\u00dfen sollte am Sonntagabend um 20.45 Uhr Herren-A Sieger, Matthias Gantert, der gegen den an Position zwei gesetzten Dominik W\u00f6rner (TV Murrhardt) eine Gala-Vorstellung in Sachen Tischtennis zum Besten gab und auch noch fast alle drei Titel (Einzel, Doppel, Mixed) holte.<\/p>\n<p>In ein turbulentes Tischtennis-Wochenende starteten am Samstag die Bambinas und Bambinos bis elf Jahre. Janina Habermann vom TSV Weilheim und der Favorit in seiner Altersstufe, Pascal Timke (TSV Sielmingen) hie\u00dfen hier die strahlenden Sieger. Dass sich auch schon bei den Kleinen am Ende ganz enge Kisten in den Finalspielen ergeben und eine Menge Spielverst\u00e4ndnis und Taktik gefordert sind, sahen die Zuschauer in den Konkurrenzen der M\u00e4dchen und Jungen bis 18 Jahre. Letztlich konnten im U13-Wettbewerb mit Lea Lachenmayer (TSV Frickenhausen) und Michael Goll (SV Nabern) dann doch die spielerisch Besten den Pokal mit nach Hause nehmen.<\/p>\n<p>Dass der SV Nabern derzeit im Gro\u00dfraum Kirchheim in der Jugendarbeit ganz weit vorne ist, verdeutlichte das Finale der Jungen U15. In einem sehenswerten Match behielt Mike Nachtnebel \u00fcber seinen Vereinskameraden Julian Krohmer (beide SV Nabern) die Oberhand, w\u00e4hrend Hanna Schnaible (SV Nabern) ihrer Gegnerin Melina Schruff (TSV Sielmingen) bei den M\u00e4dchen U15 knapp unterlag.<\/p>\n<p>Auch bei den Jungen U18 durfte sich der SV Nabern zumindest ein bisschen wie der Siegerverein f\u00fchlen. Das Naberner Eigengew\u00e4chs Dominik Goll, derzeit in den Farben des TSV Wendlingen, marschierte ohne Satzverlust zum Turniersieg, so dass die Wendlinger durch den Erfolg von Lena Kirsamer bei den M\u00e4dchen U18 hier im gro\u00dfen Stil abr\u00e4umten.<\/p>\n<p>Der Samstagmittag stand dann ganz im Zeichen der mit jeweils \u00fcber 50 Teilnehmern besetzten Herren B- und D-Konkurrenzen. Im B-Doppel konnte mit Andreas G\u00f6lz\/Alexander R\u00f6cker eine Paarung aus Nabern und Jesingen jubeln, wohingegen im Einzel Simon Maier (TTC Notzingen-Wellingen) denkbar knapp mit 13:11 im Entscheidungssatz den an eins gesetzten Andreas Braun (SV Nabern) niederk\u00e4mpfen konnte. Das Double aus Einzel und Doppel bei den Herren D sicherte sich Fabian Engelhardt vom TSV H\u00f6fingen, der zusammen mit seinem Mannschaftskameraden Robin K\u00f6stlmeier auch im Doppel nicht zu besiegen war.<\/p>\n<p>Der Start in den Finalsonntag war den Herren C und ihrer Doppelkonkurrenz vorbehalten. Andreas Sommer und Patrick Binzer (TTF Neuhausen) hie\u00dfen hier die Gewinner, nachdem sie die Kirchheimer Marcel Braun und Walter Brandl im Endspiel auf Platz zwei verweisen konnten. Im Einzel spielte Marcel Braun dann jedoch gro\u00df auf und konnte f\u00fcr sich den ersten Stadtmeistertitel \u00fcberhaupt und f\u00fcr den VfL den ersten Turniersieg 2016 einfahren.<\/p>\n<p>Als Favoritin der Damen B wurde Birgit Wieland dieser Rolle im Doppel mit ihrer Partnerin Doris Schmid (beide TSV Frickenhausen) noch gerecht. Im Einzel strengte sich Lena Kirsamer (TSV Wendlingen) an nach dem Sieg bei den M\u00e4dchen U18 am Vortag auch hier den gro\u00dfen Coup zu landen. Im Finale musste sie dann jedoch Sarah Haag (TSV Georgii Allianz Stuttgart) den Titel \u00fcberlassen.<\/p>\n<p>Bevor die K\u00f6nigsklassen bei den Damen und Herren A starten sollten, stand traditionell das Mixed an, welches Ana Ladan und Jakob Baum (SV Nabern) schlie\u00dflich gegen Sara Feirer und Matthias Ganter (TSV Lichtenwald\/VfL Kirchheim) gewinnen sollten. Der Angriff von Matthias Gantert auf das Triple aus Mixed, Doppel und Einzel war somit schon einmal ausgebremst.<\/p>\n<p>Ihre langj\u00e4hrige Erfahrung und Routine spielten Gudrun Fischer und Heike Eulenberg (beide TSV Weilheim) im Damen A-Doppel perfekt aus und holten sich in diesem Wettbewerb den Titel. Im Damen A-Einzel machten die Youngsters dann den Turniersieg unter sich aus. Das Finale dominierte Svenja Maurer (SV Nabern), die Tamara Prei\u00df (TSV K\u00f6ngen) nur wenige Chancen lie\u00df.<\/p>\n<p>Nachdem das Mixed schon mal weg war, galt der Fokus von Matthias Gantert dem Doppel- und nat\u00fcrlich dem Einzeltitel. An der Seite seines Partners Daniel Gelfert (TSV Musberg) spielte er sich ins Finale, wobei im Halbfinale bereits fast Endstation war, als die jungen Wilden Patrick M\u00fcller und Dominik Goll (VfL Kirchheim\/TSV Wendlingen) reichlich Gegenwehr leisteten. Auch das andere Halbfinale zwischen Klaus Hummel\/Michael Hohl (VfL Kirchheim) und Jan Eder\/Markus Holzer (VfL Kirchheim\/TTF Neckartenzlingen) entwickelte einiges an Spannung und Dramatik und viele sehenswerte Ballwechsel. Ins Finale zogen dann Hummel\/Hohl ein.<\/p>\n<p>Vor dem Herren A-Doppelfinale wurden dann die Gruppenspiele in der Einzelkonkurrenz ausgetragen. Einziger Wermutstropfen der Turnierorganisatoren und aller VfL-Spieler war die Verletzung von Tobias Braun, der mit Verdacht auf einen Abriss der Achillessehne sein Turnier beenden und von seinen Vereinskameraden aus der Halle gef\u00fchrt werden musste.<\/p>\n<p>Die Gruppenspiele sahen dann hochkar\u00e4tigen Tischtennis-Sport. In der Endabrechnung qualifizierten sich auch bis auf dann Daniel Gelfert (TSV Musberg) alle gesetzten Spieler f\u00fcr die K.O.-Runde. Bereits in den ersten Begegnungen kam es zu sehenswerten Duellen. Zum Dauerbrenner des Tages entwickelte sich Thiemo Holzh\u00e4user (TB Beinstein), der mit seinem spektakul\u00e4ren Abwehrspiel nicht nur die Zuschauer bereits in der Gruppe begeisterte, sondern nacheinander auch vier F\u00fcnfsatz-Spiele bestritt. Erstes Opfer in der Runde letzten 32 war dann VfL-Abteilungsleiter Axel Schorradt, der mit 12:14 am Ende ganz knapp das Nachsehen hatte. <\/p>\n<p>Das qualitativ \u00e4u\u00dferst gut besetzte Feld der Herren A sah dann das wahrscheinlich l\u00e4ngste Achtelfinale der Turniergeschichte. Bis auf VfL-Spieler Matthias Gantert, der seine Partie souver\u00e4n 3:0 gewinnen konnte, gingen alle anderen Duelle \u00fcber die volle Distanz. Aus Sicht des VfL Kirchheim leider mit weniger gl\u00fccklichem Ausgang.<\/p>\n<p>Erst verlor der Captain der Verbandsliga-Mannschaft Patrick Strauch sein Spiel mit 2:3 S\u00e4tzen gegen Tobias Holl (TTV Zell), dann musste Michael Hohl dem Mitfavoriten Dominik W\u00f6rner (TV Murrhardt) nach gro\u00dfem Kampf gratulieren und auch Jan Eder unterlag in einem denkbar engen Match mit 9:11 in Durchgang f\u00fcnf Marco Bebion (TB Beinstein). Letzte verbliebene VfL-Spieler im Starterfeld waren somit noch Matthias Gantert, Klaus Hummel und Patrick M\u00fcller, wobei die letzten Beiden auch noch gegeneinander antreten mussten. Bereits mit 2:0 S\u00e4tzen in F\u00fchrung feuerte der junge M\u00fcller gegen Hummel aus allen Rohren und hatte auch schon Matchb\u00e4lle in Durchgang vier und f\u00fcnf. Ins Viertelfinale zog dann jedoch zum x-ten Male Rekordsieger Klaus Hummel.<\/p>\n<p>Nach der Runde der letzten Acht fanden sich drei der vier Topgesetzten im Halbfinale. W\u00e4hrend Matthias Gantert seinem Gegen\u00fcber Fabian Dolderer (SV Salamander Kornwestheim) ein klares 3:0 aufdr\u00fcckte, entwickelte sich das zweite Semifinale zwischen Dominik W\u00f6rner und Klaus Hummel nach und nach gegen den VfL-Spieler und W\u00f6rner sollte das Finale der beiden besten Spieler im Turnier perfekt machen.<\/p>\n<p>Nach seiner gezeigten Leistung in der Vorschlussrunde trauten einige Kenner der Szene Dominik W\u00f6rner den Sieg gegen den bislang unantastbar wirkenden Matthias Gantert zu. Andreas Stiffel vom SV Nabern (pro W\u00f6rner) und Ganterts Vereinskamerad Jan Eder (3:0 Gantert) hatten sogar eine kleine Wette laufen.<\/p>\n<p>Als ob er seine Zweifler so richtig abstrafen wollte, zeigte Gantert in den ersten beiden S\u00e4tzen den zahlreichen Zuschauern, wie elegant und gleichzeitig auch noch erfolgreich modernes Tischtennis aussehen kann. Auf fast jeden Ball seines Gegen\u00fcbers hatte er eine oftmals nicht nur bessere sondern auch noch spektakul\u00e4re Antwort. Ein ums andere Mal schlug die R\u00fcckhand des VfL-Akteurs, egal ob parallel oder quer \u00fcber den Tisch ein. Nach den drei S\u00e4tzen des Finales h\u00e4tten sich die Zuschauer sicherlich noch den einen oder anderen Extradurchgang gew\u00fcnscht, doch da war es dann auch schon vorbei und Matthias Gantert stand zum zweiten Mal nach 2014 wieder ganz oben auf dem Treppchen.<\/p>\n<p>Nachdem er sich einige Stunden zuvor auch schon den Titel im Herren A-Doppel mit Daniel Gelfert und einem 3:1-Sieg \u00fcber Klaus Hummel und Michael Hohl gesichert hatte, wurde es dann doch noch etwas mit dem Double, wenn schon keinem Triple. jce<\/p>\n<\/td>\n<\/tr>\n<tr>\n<td>\n<hr \/>\n<\/td>\n<td style=\"text-align: right;\">\n<hr \/>\n<\/td>\n<\/tr>\n<tr>\n<td>\u00a0<strong>15.01.2016<\/strong><\/td>\n<td style=\"text-align: left;\"><span style=\"font-size: 18pt;\"><strong>Jubil\u00e4umsturnier mit ausgeglichenstem Feld aller Zeiten<\/strong><\/span><\/p>\n<p><strong>Ein Zugpferd feiert Jubil\u00e4um: Auch zur 50. Auflage der Kirchheimer Tischtennis-Stadtmeisterschaften rennen Zelluloidk\u00fcnstler aus nah und fern dem gastgebenden VfL die Bude ein. \u00dcber 300 Teilnehmer werden am Samstag und Sonntag in der LUG-Sporthalle erwartet.<\/strong><\/p>\n<p>Kirchheim. Seit einem halben Jahrhundert steht der VfL Kirchheim nun bereits mit seinen Tischtennis-Stadtmeisterschaften weit \u00fcber die Grenzen des Bezirks Esslingen hinaus f\u00fcr ein nahezu perfektes Turnier mit Tischtennissport auf Top-Niveau. Wie es der Zufall bei der \u202850. Auflage der Wettbewerbe so will, erwarten die Organisatoren in allen vier Herrenkonkurrenzen nicht nur das wahrscheinlich ausgeglichenste Feld aller Zeiten, sondern jeweils auch um die 50 Starter. In der K\u00f6nigsklasse der Herren A sind es sogar genau 50 gemeldete Spieler. Die Gesamtzahl der Akteure von Klein bis Gro\u00df \u00fcbersteigt im Jubil\u00e4umsjahr deutlich die 300er-Marke und best\u00e4tigt die Entscheidung, weiterhin auf den Spa\u00df am Spiel mit Vorbereitungscharakter zu setzen.<\/p>\n<p>Aufgrund der hohen Leistungsdichte \u2013 allein schon in den Reihen des VfL \u2013 erscheinen sichere Tipps auf einen Sieger fast unm\u00f6glich. Dennoch d\u00fcrfte der Weg zum Turniersieg in der h\u00f6chsten Herrenklasse nur \u00fcber die Kirchheimer Matthias Gantert und Rekordsieger Klaus Hummel, die an Position eins und drei gesetzt sein werden, f\u00fchren.<\/p>\n<p>Inwieweit andere VfL-Spieler wie Patrick Strauch, Michael Hohl oder Jan Eder eventuell vorne zu finden sein werden, bleibt abzuwarten. Dominik W\u00f6rner (TV Murrhardt), an zwei gesetzt, oder auch Markus Holzer (TTF Neckartenzlingen) werden als ausgezeichnete Turnierspieler sicherlich ebenfalls um den Sieg mitspielen. Diesen haben auch die Aufschlagk\u00fcnstler Matthias Schulze-Kadelbach (DJK-SB Stuttgart) und Andrej Plantikow (SV Nabern) im Visier. <\/p>\n<p>Die Damen-A-Klasse k\u00f6nnte sich zu einem vereinsinternen Duell der Naberner Ana Ladan und Svenja Maurer entwickeln. Der Ausgang der Spiele ist jedoch mit gleich f\u00fcnf Spielerinnen auf ann\u00e4hernd gleichem TTR-Niveau kaum vorhersehbar.<\/p>\n<p>Traditionell er\u00f6ffnen die Kleinsten, die Bambinas und Bambinos, am Samstagmorgen das gr\u00f6\u00dfte Tischtennisturnier der Region. In diesem Jahr finden sich erneut Nabern, N\u00fcrtingen, Notzingen-Wellingen und auch erstmals Neckartailfingen unter den Vereinen mit den meisten Teilnehmern in den Altersklassen U\u200918. Interessante Begegnungen sind auch hier vorprogrammiert, trennen doch die gesetzten Spieler oftmals nur wenige TTR-Punkte.<\/p>\n<p>W\u00e4hrend die Kids bereits in den jeweiligen Finalbegegnungen ihre Sieger ausspielen, steigen die Herren-D- und -B-Konkurrenzen am Samstagnachmittag ins Spielgeschehen ein. Mit zusammen \u00fcber 100 Meldungen f\u00fcr Einzel und Doppel bringen die Herren \u201eNonstop-Action\u201c auf das Parkett der LUG-Arena.<\/p>\n<p>Wer sich die Krone des 50. Kirchheimer Stadtmeisters am Ende aufsetzen darf, wird sowohl in der B- als auch der D-Klasse eine spannende Angelegenheit. Bei den B-Herren ist Andreas Braun (SV Nabern) zwar an eins gesetzt, doch wie bei den Herren D, die von Jakov Sapina (TTC Esslingen) angef\u00fchrt werden, finden sich die n\u00e4chsten Konkurrenten bereits nur wenige TTR-Punkte dahinter. <\/p>\n<p>Bevor es am Sonntagvormittag bei den Damen und Herren A erst im Mixed, dann in den Doppeln und schlie\u00dflich in den Einzeln um die Titel geht, startet die Herren-C-Klasse. Gejagter hier d\u00fcrfte Adrian Becker vom TSV Frickenhausen sein, doch ihm auf den Fersen sind zehn weitere Spieler \u00e4hnlicher St\u00e4rke. Inwieweit Birgit Wieland (TSV Frickenhausen) und Inge Henzler (TV Bissingen) ihrer Favoritenrolle bei den B-Damen gerecht werden, bleibt v\u00f6llig offen.<\/p>\n<p>An beiden Turniertagen werden die Halbfinal- und Finalspiele gegen 18 Uhr erwartet, wobei oftmals die spannendsten und besten Matches in der K.-o.-Runde ab dem Achtelfinale, wenn die Favoriten zu straucheln beginnen, verfolgt werden k\u00f6nnen.jce<\/p>\n<p>\u00a0<\/td>\n<\/tr>\n<\/tbody>\n<\/table>\n","protected":false},"excerpt":{"rendered":"<p>Presseberichte zu den Kirchheimer Stadtmeisterschaften 2016 \u00a0 Zur\u00fcck zur \u00dcbersicht 19.01.2016 Elegant, effektiv und erfolgreich: Matthias Gantert 375 Teilnehmer konnte der VfL Kirchheim zur Jubil\u00e4umsausgabe seiner Kirchheimer Tischtennis-Stadtmeisterschaften in der LUG-Arena begr\u00fc\u00dfen. Die Tatsache, dass es nicht nur eines der gr\u00f6\u00dften sondern auch qualitativ eines der bestbesetzten Turniere werden sollte, versprach f\u00fcr den Verlauf der [&hellip;]<\/p>\n","protected":false},"author":1,"featured_media":0,"parent":0,"menu_order":1139,"comment_status":"closed","ping_status":"closed","template":"","meta":{"_et_pb_use_builder":"","_et_pb_old_content":"","_et_gb_content_width":"","ngg_post_thumbnail":0},"_links":{"self":[{"href":"https:\/\/www.vfl-kirchheim.de\/tischtennis\/wp-json\/wp\/v2\/pages\/576"}],"collection":[{"href":"https:\/\/www.vfl-kirchheim.de\/tischtennis\/wp-json\/wp\/v2\/pages"}],"about":[{"href":"https:\/\/www.vfl-kirchheim.de\/tischtennis\/wp-json\/wp\/v2\/types\/page"}],"author":[{"embeddable":true,"href":"https:\/\/www.vfl-kirchheim.de\/tischtennis\/wp-json\/wp\/v2\/users\/1"}],"replies":[{"embeddable":true,"href":"https:\/\/www.vfl-kirchheim.de\/tischtennis\/wp-json\/wp\/v2\/comments?post=576"}],"version-history":[{"count":1,"href":"https:\/\/www.vfl-kirchheim.de\/tischtennis\/wp-json\/wp\/v2\/pages\/576\/revisions"}],"predecessor-version":[{"id":985,"href":"https:\/\/www.vfl-kirchheim.de\/tischtennis\/wp-json\/wp\/v2\/pages\/576\/revisions\/985"}],"wp:attachment":[{"href":"https:\/\/www.vfl-kirchheim.de\/tischtennis\/wp-json\/wp\/v2\/media?parent=576"}],"curies":[{"name":"wp","href":"https:\/\/api.w.org\/{rel}","templated":true}]}}