{"id":570,"date":"2015-12-06T23:50:05","date_gmt":"2015-12-06T22:50:05","guid":{"rendered":"https:\/\/www.vfl-kirchheim.de\/tischtennis\/\/ti-sm-2016-uebersicht\/"},"modified":"2023-06-05T20:50:28","modified_gmt":"2023-06-05T18:50:28","slug":"ti-sm-2016-uebersicht","status":"publish","type":"page","link":"https:\/\/www.vfl-kirchheim.de\/tischtennis\/ti-sm-2016-uebersicht\/","title":{"rendered":"TI_SM_2016_\u00dcbersicht"},"content":{"rendered":"<p><span style=\"font-size: 18pt; color: #333333;\"><strong>Das waren die 50. Kirchheimer Stadtmeisterschaften 2016<\/strong><\/span><\/p>\n<table style=\"height: 95px;\" width=\"799\">\n<tbody>\n<tr>\n<td><img decoding=\"async\" loading=\"lazy\" class=\" size-full wp-image-567\" src=\"https:\/\/www.vfl-kirchheim.de\/tischtennis\/\/wp-content\/uploads\/2015\/12\/Halle_SM2016_quer.JPG\" alt=\"\" width=\"794\" height=\"159\" srcset=\"https:\/\/www.vfl-kirchheim.de\/tischtennis\/wp-content\/uploads\/2015\/12\/Halle_SM2016_quer.JPG 1553w, https:\/\/www.vfl-kirchheim.de\/tischtennis\/wp-content\/uploads\/2015\/12\/Halle_SM2016_quer-300x60.jpg 300w, https:\/\/www.vfl-kirchheim.de\/tischtennis\/wp-content\/uploads\/2015\/12\/Halle_SM2016_quer-1024x205.jpg 1024w, https:\/\/www.vfl-kirchheim.de\/tischtennis\/wp-content\/uploads\/2015\/12\/Halle_SM2016_quer-768x154.jpg 768w, https:\/\/www.vfl-kirchheim.de\/tischtennis\/wp-content\/uploads\/2015\/12\/Halle_SM2016_quer-1536x308.jpg 1536w\" sizes=\"(max-width: 794px) 100vw, 794px\" \/><\/td>\n<\/tr>\n<tr>\n<td><span style=\"color: #333333;\">Mit <span style=\"color: #000000;\">375 <\/span>Teilnehmern war das erstmals landesoffen ausgeschriebene\u00a0Turnier in der Turnhalle des Ludwig-Uhland-Gymnasiums in Kirchheim wieder ein voller Erfolg.<\/span><\/td>\n<\/tr>\n<tr>\n<td><span style=\"color: #333333;\">Die Tischtennisabteilung des VfL Kirchheim als Ausrichter bedankt sich bei allen Teilnehmern f\u00fcr die fairen und spannenden Spiele und bei allen flei\u00dfigen Helfern, die eine solche Veranstaltung erst m\u00f6glich machen.<\/span><\/td>\n<\/tr>\n<\/tbody>\n<\/table>\n<p><\/p>\n<table style=\"height: 250px;\" width=\"803\">\n<tbody>\n<tr>\n<td style=\"height: 40px; text-align: center; vertical-align: bottom;\" scope=\"row\"><span style=\"font-size: 18pt;\"><strong><a href=\"https:\/\/www.vfl-kirchheim.de\/tischtennis\/\/ti-sm-2016-einladung\/\">Einladung<\/a><\/strong><\/span><\/td>\n<td style=\"height: 40px; text-align: center; vertical-align: bottom;\" scope=\"row\"><span style=\"font-size: 18pt;\"><strong><a href=\"https:\/\/www.vfl-kirchheim.de\/tischtennis\/\/ti-sm-2016-ergebnisse\/\" rel=\"alternate\">Ergebnisse<\/a><\/strong><\/span><\/td>\n<td style=\"height: 40px; text-align: center; vertical-align: bottom;\" scope=\"row\"><span style=\"font-size: 18pt;\"><strong><a href=\"https:\/\/www.vfl-kirchheim.de\/tischtennis\/\/ti-sm-2016-bilder\/\">Bilder<\/a><\/strong><\/span><\/td>\n<td style=\"height: 40px; text-align: center; vertical-align: bottom;\" scope=\"row\"><span style=\"font-size: 18pt; color: #333333;\"><strong> <a href=\"https:\/\/www.vfl-kirchheim.de\/tischtennis\/\/ti-sm-2016-berichte\/\">Berichte<\/a><\/strong><\/span><\/td>\n<\/tr>\n<tr>\n<td style=\"width: 250px; text-align: center; vertical-align: bottom;\" scope=\"col\">\n<hr \/>\n<\/td>\n<td style=\"width: 250px; text-align: center; vertical-align: bottom;\" scope=\"col\">\n<hr \/>\n<\/td>\n<td style=\"width: 250px; text-align: center; vertical-align: bottom;\" scope=\"col\">\n<hr \/>\n<\/td>\n<td style=\"width: 250px; text-align: center; vertical-align: bottom;\" scope=\"col\">\n<hr \/>\n<\/td>\n<\/tr>\n<tr>\n<td style=\"width: 250px; text-align: center; vertical-align: bottom;\" scope=\"col\"><span style=\"color: #333333;\"> <a href=\"https:\/\/www.vfl-kirchheim.de\/tischtennis\/\/ti-sm-2016-einladung\/\" rel=\"alternate\"><img decoding=\"async\" class=\" size-full wp-image-483\" src=\"https:\/\/www.vfl-kirchheim.de\/tischtennis\/\/wp-content\/uploads\/2015\/01\/Thumb_Einladung.JPG\" alt=\"\" width=\"150\" srcset=\"https:\/\/www.vfl-kirchheim.de\/tischtennis\/wp-content\/uploads\/2015\/01\/Thumb_Einladung.JPG 772w, https:\/\/www.vfl-kirchheim.de\/tischtennis\/wp-content\/uploads\/2015\/01\/Thumb_Einladung-300x180.jpg 300w, https:\/\/www.vfl-kirchheim.de\/tischtennis\/wp-content\/uploads\/2015\/01\/Thumb_Einladung-768x460.jpg 768w\" sizes=\"(max-width: 772px) 100vw, 772px\" \/><\/a><\/span><\/td>\n<td style=\"width: 250px; text-align: center; vertical-align: bottom;\" scope=\"col\"><a href=\"https:\/\/www.vfl-kirchheim.de\/tischtennis\/\/ti-sm-2016-ergebnisse\/\" rel=\"alternate\"><span style=\"color: #333333;\"><img decoding=\"async\" class=\" size-full wp-image-568\" src=\"https:\/\/www.vfl-kirchheim.de\/tischtennis\/\/wp-content\/uploads\/2015\/12\/Thumb_Sieger2016.JPG\" alt=\"\" width=\"150\" srcset=\"https:\/\/www.vfl-kirchheim.de\/tischtennis\/wp-content\/uploads\/2015\/12\/Thumb_Sieger2016.JPG 354w, https:\/\/www.vfl-kirchheim.de\/tischtennis\/wp-content\/uploads\/2015\/12\/Thumb_Sieger2016-300x202.jpg 300w\" sizes=\"(max-width: 354px) 100vw, 354px\" \/> <\/span><\/a><\/td>\n<td style=\"width: 250px; text-align: center; vertical-align: bottom;\" scope=\"col\"><a href=\"https:\/\/www.vfl-kirchheim.de\/tischtennis\/\/ti-sm-2016-bilder\/\" rel=\"alternate\"><span style=\"color: #333333;\"> <img decoding=\"async\" class=\" size-full wp-image-569\" src=\"https:\/\/www.vfl-kirchheim.de\/tischtennis\/\/wp-content\/uploads\/2015\/12\/Thumb_Bilder2016.JPG\" alt=\"\" width=\"145\" srcset=\"https:\/\/www.vfl-kirchheim.de\/tischtennis\/wp-content\/uploads\/2015\/12\/Thumb_Bilder2016.JPG 388w, https:\/\/www.vfl-kirchheim.de\/tischtennis\/wp-content\/uploads\/2015\/12\/Thumb_Bilder2016-300x213.jpg 300w\" sizes=\"(max-width: 388px) 100vw, 388px\" \/><\/span><\/a><\/td>\n<td style=\"width: 250px; text-align: center; vertical-align: bottom;\" scope=\"col\"><span style=\"color: #333333;\"> <a href=\"https:\/\/www.vfl-kirchheim.de\/tischtennis\/\/ti-sm-2016-berichte\/\" rel=\"alternate\"><img decoding=\"async\" class=\" size-full wp-image-486\" src=\"https:\/\/www.vfl-kirchheim.de\/tischtennis\/\/wp-content\/uploads\/2015\/01\/Thumb_Berichte.JPG\" alt=\"\" width=\"150\" srcset=\"https:\/\/www.vfl-kirchheim.de\/tischtennis\/wp-content\/uploads\/2015\/01\/Thumb_Berichte.JPG 866w, https:\/\/www.vfl-kirchheim.de\/tischtennis\/wp-content\/uploads\/2015\/01\/Thumb_Berichte-300x180.jpg 300w, https:\/\/www.vfl-kirchheim.de\/tischtennis\/wp-content\/uploads\/2015\/01\/Thumb_Berichte-768x461.jpg 768w\" sizes=\"(max-width: 866px) 100vw, 866px\" \/><\/a><\/span><\/td>\n<\/tr>\n<tr>\n<td style=\"text-align: center; vertical-align: top;\" scope=\"row\"><span style=\"color: #333333;\"> Die Einladung mit allen relevanten Hinweisen zum Turnierablauf<\/span><\/td>\n<td style=\"text-align: center; vertical-align: top;\" scope=\"row\"><span style=\"color: #333333;\">Alle Ergebnisse auf einen Blick <\/span><\/td>\n<td style=\"text-align: center; vertical-align: top;\" scope=\"row\"><span style=\"color: #333333;\"> Bilder und Impressionen von den Turniertagen <\/span><\/td>\n<td style=\"text-align: center; vertical-align: top;\" scope=\"row\"><span style=\"color: #333333;\"><span style=\"color: #333333;\">Berichte aus der Presse<\/span> <\/span><\/td>\n<\/tr>\n<\/tbody>\n<\/table>\n<p><span style=\"font-size: 12pt;\"><a href=\"https:\/\/www.vfl-kirchheim.de\/tischtennis\/\/ti-sm-2015\/\">Zu den Stadtmeisterschaften 2015<\/a><\/span><\/p>\n","protected":false},"excerpt":{"rendered":"<p>Das waren die 50. Kirchheimer Stadtmeisterschaften 2016 Mit 375 Teilnehmern war das erstmals landesoffen ausgeschriebene\u00a0Turnier in der Turnhalle des Ludwig-Uhland-Gymnasiums in Kirchheim wieder ein voller Erfolg. Die Tischtennisabteilung des VfL Kirchheim als Ausrichter bedankt sich bei allen Teilnehmern f\u00fcr die fairen und spannenden Spiele und bei allen flei\u00dfigen Helfern, die eine solche Veranstaltung erst m\u00f6glich [&hellip;]<\/p>\n","protected":false},"author":1,"featured_media":567,"parent":0,"menu_order":1153,"comment_status":"closed","ping_status":"closed","template":"","meta":{"_et_pb_use_builder":"","_et_pb_old_content":"","_et_gb_content_width":"","ngg_post_thumbnail":0},"_links":{"self":[{"href":"https:\/\/www.vfl-kirchheim.de\/tischtennis\/wp-json\/wp\/v2\/pages\/570"}],"collection":[{"href":"https:\/\/www.vfl-kirchheim.de\/tischtennis\/wp-json\/wp\/v2\/pages"}],"about":[{"href":"https:\/\/www.vfl-kirchheim.de\/tischtennis\/wp-json\/wp\/v2\/types\/page"}],"author":[{"embeddable":true,"href":"https:\/\/www.vfl-kirchheim.de\/tischtennis\/wp-json\/wp\/v2\/users\/1"}],"replies":[{"embeddable":true,"href":"https:\/\/www.vfl-kirchheim.de\/tischtennis\/wp-json\/wp\/v2\/comments?post=570"}],"version-history":[{"count":1,"href":"https:\/\/www.vfl-kirchheim.de\/tischtennis\/wp-json\/wp\/v2\/pages\/570\/revisions"}],"predecessor-version":[{"id":982,"href":"https:\/\/www.vfl-kirchheim.de\/tischtennis\/wp-json\/wp\/v2\/pages\/570\/revisions\/982"}],"wp:featuredmedia":[{"embeddable":true,"href":"https:\/\/www.vfl-kirchheim.de\/tischtennis\/wp-json\/wp\/v2\/media\/567"}],"wp:attachment":[{"href":"https:\/\/www.vfl-kirchheim.de\/tischtennis\/wp-json\/wp\/v2\/media?parent=570"}],"curies":[{"name":"wp","href":"https:\/\/api.w.org\/{rel}","templated":true}]}}