{"id":566,"date":"2015-12-06T23:21:50","date_gmt":"2015-12-06T22:21:50","guid":{"rendered":"https:\/\/www.vfl-kirchheim.de\/tischtennis\/\/ti-sm-2016-einladung\/"},"modified":"2023-06-05T20:49:39","modified_gmt":"2023-06-05T18:49:39","slug":"ti-sm-2016-einladung","status":"publish","type":"page","link":"https:\/\/www.vfl-kirchheim.de\/tischtennis\/ti-sm-2016-einladung\/","title":{"rendered":"TI_SM_2016_Einladung"},"content":{"rendered":"<table style=\"height: 28px;\" width=\"750\">\n<tbody>\n<tr>\n<td>\u00a0<\/td>\n<td style=\"text-align: right;\">\u00a0<\/td>\n<\/tr>\n<\/tbody>\n<\/table>\n<p><span style=\"font-size: 12pt;\"><span style=\"font-size: 12pt;\"><strong><br \/><span style=\"color: #000000;\"><span style=\"font-size: 18pt;\">Einladung zu den Kirchheimer Stadtmeisterschaften <\/span><span style=\"font-size: medium;\"><span style=\"font-size: 18pt;\">2016<\/span><br \/><\/span><\/span><\/strong><\/span><\/span><\/p>\n<table style=\"height: 1604px;\" width=\"750\">\n<tbody>\n<tr>\n<td style=\"width: 150px;\" scope=\"col\">\u00a0<\/td>\n<td style=\"text-align: right;\"><span style=\"color: #ff6600; font-size: 12pt;\"><strong><span style=\"font-size: 10pt;\"><a href=\"https:\/\/www.vfl-kirchheim.de\/tischtennis\/\/ti-sm-2016-uebersicht\/\" rel=\"alternate\">Zur\u00fcck zur \u00dcbersicht<\/a><\/span>\u00a0<\/strong><\/span><\/td>\n<\/tr>\n<tr>\n<td style=\"width: 150px;\" scope=\"col\"><strong>Austragungsort<\/strong><\/td>\n<td>Sporthalle des Ludwig-Uhland-Gymnasiums Kirchheim, Hahnweidstr. 30<\/td>\n<\/tr>\n<tr>\n<td style=\"width: 150px;\" scope=\"col\"><strong>Termin<\/strong><\/td>\n<td><span style=\"color: #000042;\">16. und 17. Januar 2016<\/span><\/td>\n<\/tr>\n<tr>\n<td style=\"width: 150px;\" scope=\"col\"><strong>Teilnehmer<\/strong><\/td>\n<td style=\"vertical-align: top;\">Teilnahmeberechtigt sind alle Spielerinnen und Spieler, die einem Verein des TTVWH angeh\u00f6ren und dort in der Vorrunde in einer Mannschaft gemeldet waren, sowie eingeladene Spieler.<\/td>\n<\/tr>\n<tr>\n<td style=\"width: 150px;\" scope=\"col\"><strong>Austragungssystem<\/strong><\/td>\n<td style=\"vertical-align: top;\">Alle Doppelkonkurrenzen werden im einfachen KO-System ausgetragen. In den Einzelkonkurrenzen wird zun\u00e4chst in Gruppen mit 4-5 Teilnehmern gespielt. Die beiden Erstplazierten jeder Gruppe qualifizieren sich f\u00fcr die Endrunde, die dann im einfachen KO-System ausgetragen wird. Dritte Pl\u00e4tze werden nicht ausgespielt.<\/td>\n<\/tr>\n<tr>\n<td style=\"width: 150px;\" scope=\"col\"><strong>Turnierklassen<\/strong><\/td>\n<td>\n<table style=\"height: 278px;\" width=\"476\">\n<tbody>\n<tr>\n<td width=\"142\">Bambina\/Bambino U11:<\/td>\n<td width=\"175\">1.1.05 und j\u00fcnger<\/td>\n<\/tr>\n<tr>\n<td>M\u00e4dchen\/Jungen U13:<\/td>\n<td>1.1.03 &#8211; 31.12.04<\/td>\n<\/tr>\n<tr>\n<td>M\u00e4dchen\/Jungen U15:<\/td>\n<td>1.1.01 &#8211; 31.12.02<\/td>\n<\/tr>\n<tr>\n<td>M\u00e4dchen\/Jungen U18:<\/td>\n<td>1.1.98 &#8211; 31.12.00<\/td>\n<\/tr>\n<tr>\n<td>Damen A-Klasse<\/td>\n<td>QTTR-Wert 1301 und h\u00f6her<\/td>\n<\/tr>\n<tr>\n<td>Damen B-Klasse<\/td>\n<td>QTTR-Wert bis 1300<\/td>\n<\/tr>\n<tr>\n<td>Herren A-Klasse<\/td>\n<td>QTTR-Wert 1701 und h\u00f6her<\/td>\n<\/tr>\n<tr>\n<td>Herren B-Klasse<\/td>\n<td>QTTR-Wert 1551 &#8211; 1700<\/td>\n<\/tr>\n<tr>\n<td>Herren C-Klasse<\/td>\n<td>QTTR-Wert 1351 &#8211; 1550<\/td>\n<\/tr>\n<tr>\n<td>Herren D-Klasse<\/td>\n<td>QTTR-Wert bis 1350<\/td>\n<\/tr>\n<\/tbody>\n<\/table>\n<\/td>\n<\/tr>\n<tr>\n<td><strong>Hinweise<\/strong><\/td>\n<td>\n<table style=\"height: 230px;\" width=\"500\">\n<tbody>\n<tr>\n<td width=\"364\">Es werden keine TTR-Punkte vergeben!<\/td>\n<\/tr>\n<tr>\n<td>Die Setzung erfolgt anhand der QTTR-Rangliste, Stichtag 11.12.2015.<\/td>\n<\/tr>\n<tr>\n<td>Auf Wunsch kann in der gem\u00e4\u00df QTTR-Wert unmittelbar dar\u00fcberliegenden Turnierklasse gestartet werden.<\/td>\n<\/tr>\n<tr>\n<td>An einem Turniertag darf nur in einer Turnierklasse gespielt werden.<\/td>\n<\/tr>\n<tr>\n<td>Spieler der Herren C-Klasse k\u00f6nnen aus organisatorischen Gr\u00fcnden nicht am Mixed-Wettbewerb teilnehmen.<\/td>\n<\/tr>\n<tr>\n<td>In den Jugendklassen U11 &#8211; U18 werden nur Einzelwettbewerbe ausgetragen.<\/td>\n<\/tr>\n<\/tbody>\n<\/table>\n<\/td>\n<\/tr>\n<tr>\n<td><strong>Zeitplan<\/strong><\/td>\n<td>\n<table style=\"height: 333px;\" width=\"542\">\n<tbody>\n<tr>\n<td width=\"142\"><strong>Samstag, 16.1.2016<\/strong><\/td>\n<td style=\"width: 100px;\" scope=\"col\" width=\"175\">09.00 Uhr<\/td>\n<td width=\"269\">Bambina und Bambino U11 Einzel<\/td>\n<\/tr>\n<tr>\n<td>\u00a0<\/td>\n<td style=\"width: 100px;\" scope=\"col\">09.00 Uhr<\/td>\n<td>M\u00e4dchen und Jungen U13 Einzel<\/td>\n<\/tr>\n<tr>\n<td>\u00a0<\/td>\n<td style=\"width: 100px;\" scope=\"col\">10.30 Uhr<\/td>\n<td>M\u00e4dchen und Jungen U15 Einzel<\/td>\n<\/tr>\n<tr>\n<td>\u00a0<\/td>\n<td style=\"width: 100px;\" scope=\"col\">12.00 Uhr<\/td>\n<td>M\u00e4dchen und Jungen U18 Einzel<\/td>\n<\/tr>\n<tr>\n<td>\u00a0<\/td>\n<td style=\"width: 100px;\" scope=\"col\">13.30 Uhr<\/td>\n<td>Herren D- und B-Klasse Doppel<\/td>\n<\/tr>\n<tr>\n<td>\u00a0<\/td>\n<td style=\"width: 100px;\" scope=\"col\">15.30 Uhr<\/td>\n<td>Herren D- und B-Klasse Einzel<\/td>\n<\/tr>\n<tr>\n<td><strong>Sonntag, 17.1.2016<\/strong><\/td>\n<td style=\"width: 100px;\" scope=\"col\">09.00 Uhr<\/td>\n<td>Herren C-Klasse Doppel<\/td>\n<\/tr>\n<tr>\n<td>\u00a0<\/td>\n<td style=\"width: 100px;\" scope=\"col\">10.00 Uhr<\/td>\n<td>Mixed Aktive<\/td>\n<\/tr>\n<tr>\n<td>\u00a0<\/td>\n<td style=\"width: 100px;\" scope=\"col\">10.30 Uhr<\/td>\n<td>Herren C-Klasse Einzel<\/td>\n<\/tr>\n<tr>\n<td>\u00a0<\/td>\n<td style=\"width: 100px;\" scope=\"col\">12.00 Uhr<\/td>\n<td>Damen B-, Damen A-, Herren A-Klasse Doppel<\/td>\n<\/tr>\n<tr>\n<td>\u00a0<\/td>\n<td style=\"width: 100px;\" scope=\"col\">13.15 Uhr<\/td>\n<td>Damen B- und Damen A-Klasse Einzel<\/td>\n<\/tr>\n<tr>\n<td>\u00a0<\/td>\n<td style=\"width: 100px;\" scope=\"col\">14.00 Uhr<\/td>\n<td>Herren A-Klasse Einzel<\/td>\n<\/tr>\n<\/tbody>\n<\/table>\n<\/td>\n<\/tr>\n<tr>\n<td><strong>Meldungen<\/strong><\/td>\n<td>Ausschlie\u00dflich online bis<strong><strong> Mittwoch, 13.01.2016<br \/><\/strong><\/strong><\/p>\n<p>Bitte nach der erfolgreichen Online-Anmeldung die Best\u00e4tigungs-E-Mail bzw. die Anmeldebest\u00e4tigung ausdrucken und am Turniertag mitbringen.<\/p>\n<p>Die Teilnehmerzahl ist auf 450 begrenzt. <\/p>\n<p>F\u00fcr Gruppenanmeldungen gibt es die M\u00f6glichkeit, eine Excel-Liste auszuf\u00fcllen und bis zum Meldeschlu\u00df an folgende E-Mail zu schicken: <a href=\"mailto:vfl.kirchheim-tt@gmx.de\">vfl.kirchheim-tt@gmx.de<\/a><br \/>Eine entsprechende Vorlage kann unter der Rubrik\u00a0<a title=\"Downloads\" href=\"index.php\/downloads\" rel=\"alternate\"><strong><em>Downloads<\/em><\/strong> <\/a>heruntergeladen werden.<\/p>\n<p>Bei R\u00fcckfragen: Tel.: 07021\u00a0&#8211; 807101 oder 0177\u00a0&#8211; 2389441<\/p>\n<\/td>\n<\/tr>\n<tr>\n<td><strong>Startgeld<\/strong><\/td>\n<td>\n<table width=\"444\">\n<tbody>\n<tr>\n<td colspan=\"2\" width=\"444\">Jeweils pro Teilnehmer und Turnierklasse:<\/td>\n<\/tr>\n<tr>\n<td>M\u00e4dchen und Jungen U11, U13, U15<\/td>\n<td>5,00 \u20ac<\/td>\n<\/tr>\n<tr>\n<td>M\u00e4dchen und Jungen U18<\/td>\n<td>6,00 \u20ac<\/td>\n<\/tr>\n<tr>\n<td>Damen und Herren<\/td>\n<td>8,00 \u20ac<\/td>\n<\/tr>\n<tr>\n<td>Mixed Aktive<\/td>\n<td>2,00 \u20ac<\/td>\n<\/tr>\n<\/tbody>\n<\/table>\n<\/td>\n<\/tr>\n<tr>\n<td><strong>Urkunden, Preise<\/strong><\/td>\n<td>Die vier Erstplatzierten jeder Klasse erhalten Urkunden, die vier Erstplatzierten der Einzelkonkurrenzen erhalten zus\u00e4tzlich Geld- bzw. Sachpreise.<\/td>\n<\/tr>\n<tr>\n<td><strong>Sponsoren<\/strong><\/td>\n<td>Herren A-Klasse: <strong>SV SparkassenVersicherung<\/strong>, Gebietsdirektion Owen Vogel &#8211; Schmid &#8211; Precker<br \/>Damen A-Klasse: <strong>Augenoptik im Alten Haus<\/strong>, Dettinger Str. 2, 73230 Kirchheim\/Teck<br \/>Herren B-Klasse: <strong>Gemeinschaftspraxis Herrmann &amp; Diemer<\/strong>, Wellingstr. 20, 73230 Kirchheim\/Teck<\/td>\n<\/tr>\n<tr>\n<td><strong> Verpflegung<\/strong><\/td>\n<td>W\u00e4hrend der beiden Turniertage ist f\u00fcr die Verpflegung bestens gesorgt.<\/td>\n<\/tr>\n<tr>\n<td>\u00a0<\/td>\n<td style=\"text-align: right;\">\u00a0<\/td>\n<\/tr>\n<\/tbody>\n<\/table>\n","protected":false},"excerpt":{"rendered":"<p>\u00a0 \u00a0 Einladung zu den Kirchheimer Stadtmeisterschaften 2016 \u00a0 Zur\u00fcck zur \u00dcbersicht\u00a0 Austragungsort Sporthalle des Ludwig-Uhland-Gymnasiums Kirchheim, Hahnweidstr. 30 Termin 16. und 17. Januar 2016 Teilnehmer Teilnahmeberechtigt sind alle Spielerinnen und Spieler, die einem Verein des TTVWH angeh\u00f6ren und dort in der Vorrunde in einer Mannschaft gemeldet waren, sowie eingeladene Spieler. Austragungssystem Alle Doppelkonkurrenzen werden [&hellip;]<\/p>\n","protected":false},"author":1,"featured_media":0,"parent":0,"menu_order":1146,"comment_status":"closed","ping_status":"closed","template":"","meta":{"_et_pb_use_builder":"","_et_pb_old_content":"","_et_gb_content_width":"","ngg_post_thumbnail":0},"_links":{"self":[{"href":"https:\/\/www.vfl-kirchheim.de\/tischtennis\/wp-json\/wp\/v2\/pages\/566"}],"collection":[{"href":"https:\/\/www.vfl-kirchheim.de\/tischtennis\/wp-json\/wp\/v2\/pages"}],"about":[{"href":"https:\/\/www.vfl-kirchheim.de\/tischtennis\/wp-json\/wp\/v2\/types\/page"}],"author":[{"embeddable":true,"href":"https:\/\/www.vfl-kirchheim.de\/tischtennis\/wp-json\/wp\/v2\/users\/1"}],"replies":[{"embeddable":true,"href":"https:\/\/www.vfl-kirchheim.de\/tischtennis\/wp-json\/wp\/v2\/comments?post=566"}],"version-history":[{"count":1,"href":"https:\/\/www.vfl-kirchheim.de\/tischtennis\/wp-json\/wp\/v2\/pages\/566\/revisions"}],"predecessor-version":[{"id":981,"href":"https:\/\/www.vfl-kirchheim.de\/tischtennis\/wp-json\/wp\/v2\/pages\/566\/revisions\/981"}],"wp:attachment":[{"href":"https:\/\/www.vfl-kirchheim.de\/tischtennis\/wp-json\/wp\/v2\/media?parent=566"}],"curies":[{"name":"wp","href":"https:\/\/api.w.org\/{rel}","templated":true}]}}