{"id":492,"date":"2015-01-12T12:02:27","date_gmt":"2015-01-12T11:02:27","guid":{"rendered":"https:\/\/www.vfl-kirchheim.de\/tischtennis\/\/ti-sm-2015-presse\/"},"modified":"2023-05-20T17:24:52","modified_gmt":"2023-05-20T15:24:52","slug":"ti-sm-2015-presse","status":"publish","type":"page","link":"https:\/\/www.vfl-kirchheim.de\/tischtennis\/ti-sm-2015-presse\/","title":{"rendered":"SM_2015_Berichte"},"content":{"rendered":"<p><strong><span style=\"font-size: 18pt;\">Berichte \u00fcber die Kirchheimer Stadtmeisterschaften 2015\u00a0<\/span><\/strong><\/p>\n<table style=\"height: 160px;\" width=\"850\">\n<tbody>\n<tr>\n<td style=\"width: 90px; text-align: left; vertical-align: top;\" scope=\"col\">\u00a0<\/td>\n<td style=\"text-align: right;\"><a href=\"https:\/\/www.vfl-kirchheim.de\/tischtennis\/\/ti-sm-2015\/\">zur\u00fcck zur \u00dcbersicht<\/a><\/td>\n<\/tr>\n<tr>\n<td style=\"width: 90px; text-align: left; vertical-align: top;\" scope=\"col\"><strong>\u00a013.01.2015<\/strong><\/td>\n<td>\u00a0<img decoding=\"async\" class=\" size-full wp-image-490\" src=\"https:\/\/www.vfl-kirchheim.de\/tischtennis\/\/wp-content\/uploads\/2015\/01\/SM2015_Gantert_Endbericht.jpg\" alt=\"\" width=\"300\" srcset=\"https:\/\/www.vfl-kirchheim.de\/tischtennis\/wp-content\/uploads\/2015\/01\/SM2015_Gantert_Endbericht.jpg 470w, https:\/\/www.vfl-kirchheim.de\/tischtennis\/wp-content\/uploads\/2015\/01\/SM2015_Gantert_Endbericht-300x180.jpg 300w\" sizes=\"(max-width: 470px) 100vw, 470px\" \/>\u00a0<br \/>3. Sieger bei den Herren A: Mathias Gantert<\/p>\n<\/td>\n<\/tr>\n<tr>\n<td style=\"width: 90px; text-align: left; vertical-align: top;\" scope=\"col\">\u00a0<\/td>\n<td><span style=\"font-size: 18pt;\"><strong>Das Beste kommt ganz zum Schluss<\/strong><\/span><\/p>\n<p><strong>Nach insgesamt etwa 24 Stunden Tischtennis endeten die 49. Kirchheimer Stadtmeisterschaften mit dem hochklassigsten aller Turnier-Spiele: Im Finale der Herren A triumphierte Michael Klyeisen \u00fcber VfL-Teamkamerad Simon Gessner in einem innerst\u00e4dtischen Endspiel. Die Damenkrone setzte sich mit Gesa Schmid eine Kirchheimerin in Diensten der TTG S\u00fc\u00dfen auf.<\/strong><\/p>\n<p>Kirchheim. Das qualitativ wohl am besten besetzte Turnier in den letzten Jahren hielt, was es versprochen hatte: Spannung, \u00dcberraschungen und Amateursport vom Feinsten. In der K\u00f6nigsklasse Herren A lag die VfL-Riege bis zum Achtelfinale mit acht Spielern voll im Soll. In die Runde der letzten vier schafften es dann jedoch nur Simon Gessner, der auf Sabo treffen sollte, und Michael Klyeisen, dem eine Revanche gegen Matthias Gantert (TSV Wendlingen) f\u00fcr die Finalniederlage 2014 winkte.<\/p>\n<p>W\u00e4hrend sich an Tisch eins Simon Gessner per 3:1-Sieg ins Finale arbeiten konnte, entwickelte sich am Nebentisch ein wahrer Tischtennis-Thriller. St\u00e4ndig wechselte die F\u00fchrung, und ein Entscheidungssatz musste Klarheit bringen. Mit 11:8 hatte letztlich Michael Klyeisen das bessere Ende f\u00fcr sich. Klyeisen sah sich nun Simon Gessner gegen\u00fcber, der in seinem dritten Finale endlich den ersten Turniersieg wollte.<\/p>\n<p>Gessner kn\u00fcpfte direkt an seine gute Vorstellung im Halbfinale an und setzte sein Gegen\u00fcber mit kompromisslosem Angriffen unter Druck. Zu seinem Pech verfehlten im Laufe des Matches einige seiner \u201eWinner\u201c teilweise nur um Millimeter die Spielfl\u00e4che, sodass sich Klyeisen nach f\u00fcnf S\u00e4tzen auf der Siegerspur wiederfand und seinen ersten Kirchheimer Stadtmeister-Titel unter Dach und Fach brachte. <\/p>\n<p>Im Mixed mussten sich Victoria Frank\/Simon Gessner im Duell zweier VfL-Paarungen Carina Frasch\/Klaus Hummel knapp geschlagen geben.<\/p>\n<p>F\u00fcr die gr\u00f6\u00dfte \u00dcberraschung im Turnier sorgten Johannes Palm\/Fabian Tenzer (TTV Zell), die im Herren-A-Doppel nacheinander die Favoriten Matthias Gantert (TSV Wendlingen)\/Daniel Gelfert (TSV Musberg) und im Endspiel Simon Gessner\/Klaus Hummel (VfL Kirchheim) jeweils mit 3:2 besiegten und damit den Stadtmeistertitel einfuhren.<\/p>\n<p>Im Damen A-Doppel zeigten Svenja Maurer\/Ana Ladan (beide SV Nabern) bei ihrem Finalerfolg \u00fcber Gesa Schmid\/Petra Landfried (TTG S\u00fc\u00dfen\/TSV Oberboihingen) fehlerfreies Angriffstischtennis und sicherten sich so den Titel. Gesa Schmid gelang es dann jedoch im Einzel, sich die Krone aufzusetzen. Das Finale gewann sie gegen die top gesetzte Carina Frasch (VfL Kirchheim).<\/p>\n<p>Bei den U\u200918-Jungen waren sehenswerte Ballwechsel ab den Viertelfinals an der Tagesordnung. Den l\u00e4ngsten Atem hatte schlie\u00dflich Lukas Wagner (SpV 05 N\u00fcrtingen). Die \u00e4ltesten M\u00e4dchen standen dem in nichts nach. Letztlich sicherte sich Viviane Schnell (TSV Weilheim) den Titel.<\/p>\n<p>Im Herren-B-Halbfinale gesellte sich Kanada-R\u00fcckkehrer Christian Spelter (TV Hochdorf) zur Runde der jungen Wilden des SV Nabern. Dominik Goll, Jakob Baum und Mike Juretzka galten laut Setzliste als die Top-Favoriten und wurden dieser Rolle auch gerecht. Beide Semifinal-Matches als auch das Endspiel gingen \u00fcber die volle Distanz von f\u00fcnf S\u00e4tzen, bis schlie\u00dflich Jakob Baum seinen Mannschaftskameraden Mike Juretzka auf den zweiten Platz verwies. <\/p>\n<p>M\u00f6ritz P\u00f6ndl (TTC Notzingen-Wellingen) ging aus dem Feld der Herren C als Sieger hervor. <\/p>\n<p>Die Erstplatzierten der Herren-D-Konkurrenz mussten ebenfalls einen langen Atem und eine gute Konstitution mitbringen. Nachdem Lucas Viesel Gegner Jakov Sapina (beide TTC Esslingen) in der Runde der letzten vier bezwang und auch Vladimir Mihalcic (SpV 05 N\u00fcrtingen) seinen Siegeszug bis ins Finale fortsetzte, stand einem spannenden Endspiel ohne Kirchheimer Beteiligung nichts mehr im Wege. Lukas Viesel spielte hier gro\u00df auf, sodass er sich den Turniersieg sicherte.je<\/p>\n<\/td>\n<\/tr>\n<tr>\n<td style=\"width: 90px; text-align: left; vertical-align: top;\" scope=\"col\">\u00a0<\/p>\n<hr \/>\n<\/td>\n<td>\u00a0<\/p>\n<hr \/>\n<\/td>\n<\/tr>\n<tr>\n<td style=\"width: 90px; text-align: left; vertical-align: top;\" scope=\"col\"><strong>09.01.2015<\/strong><\/td>\n<td><img decoding=\"async\" class=\" size-full wp-image-491\" src=\"https:\/\/www.vfl-kirchheim.de\/tischtennis\/\/wp-content\/uploads\/2015\/01\/TI_SM2015_Gantert_Vorbericht.jpg\" alt=\"\" width=\"300\" srcset=\"https:\/\/www.vfl-kirchheim.de\/tischtennis\/wp-content\/uploads\/2015\/01\/TI_SM2015_Gantert_Vorbericht.jpg 470w, https:\/\/www.vfl-kirchheim.de\/tischtennis\/wp-content\/uploads\/2015\/01\/TI_SM2015_Gantert_Vorbericht-300x180.jpg 300w\" sizes=\"(max-width: 470px) 100vw, 470px\" \/><br \/>Kann er seinen Titel verteidigen? Mathias Gantert vom TSV Wendlingen<\/p>\n<\/td>\n<\/tr>\n<tr>\n<td style=\"width: 90px; text-align: left; vertical-align: top;\" scope=\"col\">\u00a0<\/td>\n<td><span style=\"font-size: 18pt;\"><span style=\"font-size: 10pt;\"><span style=\"font-size: 18pt;\"><strong>Favoritentippen schwer gemacht<\/strong><\/span><br \/>\u00a0<\/span><br \/><strong><span style=\"font-size: 10pt;\">Die neue Sporthalle des Ludwig-Uhland-Gymnasiums mutiert an diesem Wochenende zum \u201eCircus Maximus\u201c des regionalen Tischtennis-Sports. Am Samstag und Sonntag erwarten die Verantwortlichen des VfL Kirchheim knapp 300 Sportlerinnen und Sportler im Kampf um die prestigetr\u00e4chtigen Titel der Tischtennis-Stadtmeister, die zum 49. Mal ermittelt werden.<\/span><\/strong><\/p>\n<p><span style=\"font-size: 10pt;\"> Kirchheim. Aus den Reihen der gemeldeten Spieler in den einzelnen Klassen einen Favoriten auszumachen, scheint in diesem Jahr vor allem in den Herrenklassen \u00e4u\u00dferst schwierig. Von der Setzliste her ragen in der Herren A-Konkurrenz (Sonntag ab 14 Uhr) die mit Regional- und Oberligaerfahrung versehenen Simon Gessner, Michael Klyeisen und Benjamin Sabo aus der Verbandsliga-Equipe des Ausrichters VfL Kirchheim sowie Titelverteidiger Matthias Gantert (TSV Wendlingen) heraus. Doch die Turnierspieler und ehemaligen Sieger Klaus Hummel und Jan Eder (VfL Kirchheim) haben ebenso gemeldet wie die Landesliga-Spitzenspieler Dominik W\u00f6rner (TV Murrhardt), Materialspezialist Mark Neef (TTF Neckartenzlingen) und Vorjahres-Halbfinalist Fabian Dolderer (SV Salamander Kornwestheim). <\/span><\/p>\n<p><span style=\"font-size: 10pt;\"> Traditionell er\u00f6ffnen die Kleinsten, die Bambinas und Bambinos, am Samstagmorgen um 9 Uhr das gr\u00f6\u00dfte Tischtennis-Turnier der Region. Vor allem der ausrichtende VfL Kirchheim, die Vorst\u00e4dter aus Nabern sowie die Nachbarn aus N\u00fcrtingen und Unterensingen nutzen mit ihren Jugend-Teams den Samstag als ersten Test f\u00fcr die anstehende R\u00fcckrunde in den Verbandswettspielen.<\/span><\/p>\n<p><span style=\"font-size: 10pt;\"> Im Laufe des Vormittags steigen dann nach und nach auch die M\u00e4dchen- und Jungen U13 bis U18 ins Geschehen ein. Interessante Begegnungen sind auch hier vorprogrammiert, trennen die gesetzten Spieler doch oftmals nur wenige TTR-Punkte. Neben dem Spiel und dem Spa\u00df wird auch die Spannung sicherlich nicht zu kurz kommen.<\/span><\/p>\n<p><span style=\"font-size: 10pt;\"> Der Nachmittag des ersten Turniertages steht ab 13.30 Uhr ganz im Zeichen der Herren B- und D-Klassen. Im Pool der Herren B bahnt sich ein enges Rennen zwischen den jungen Wilden des SV Nabern, Mike Juretzka und Jakob Baum, sowie Ex-VfL-Spieler Alexander Bihr an, der in der R\u00fcckrunde f\u00fcr den TSV Oberboihingen in der Bezirksliga am Tisch agieren wird. Au\u00dfenseiter-Chancen d\u00fcrfen sich auch Kai Thalheim (VfL Kirchheim), Simon Maier (TTC Notzingen-Wellingen), Matthias Schaner (SV Nabern) und Christof Barth (TSV Wendlingen) ausrechnen. Bei den Herrn D an Position Eins gesetzt ist Vladimir Mihalcic (SPV N\u00fcrtingen). <\/span><\/p>\n<p><span style=\"font-size: 10pt;\"> Bevor es am Sonntag um 10 Uhr bei den Damen und Herren A erst im Mixed, dann in den Doppeln und schlie\u00dflich in den Einzeln um die Titel geht, startet um 9 Uhr die mit etwa 40 Spielern am zweitgr\u00f6\u00dften besetzte Herren C-Klasse. Hier f\u00fchrt Andreas Frie\u00df (SpVgg Stetten) das Feld an, der sicherlich in Frank Mentrop vom TV Reichenbach\/ Fils in der Endrunde herausgefordert wir.<\/span><\/p>\n<p><span style=\"font-size: 10pt;\"> Wie bei den Herren A ist auch das Feld bei den Damen A und B (ab 12 Uhr) stark besetzt. F\u00fchrt der Weg zum Sieg hier doch nur \u00fcber Carina Frasch (VfL Kirchheim) und Gesa Schmid (TTG S\u00fc\u00dfen) in der A-Konkurrenz. Bei den B-Damen d\u00fcrfte das Quintett Mara Heller (TTF Neuhausen), Sophie Blankenhorn (TTV Dettingen), Lena Kirsamer (TSV Wendlingen) sowie das Doppel Renate Unterseher und Inge Henzler (TV Bissingen) den Titel unter sich ausmachen.<\/span><\/p>\n<p><span style=\"font-size: 10pt;\">Jan Eder<\/span><\/span><\/td>\n<\/tr>\n<\/tbody>\n<\/table>\n","protected":false},"excerpt":{"rendered":"<p>Berichte \u00fcber die Kirchheimer Stadtmeisterschaften 2015\u00a0 \u00a0 zur\u00fcck zur \u00dcbersicht \u00a013.01.2015 \u00a0\u00a03. Sieger bei den Herren A: Mathias Gantert \u00a0 Das Beste kommt ganz zum Schluss Nach insgesamt etwa 24 Stunden Tischtennis endeten die 49. Kirchheimer Stadtmeisterschaften mit dem hochklassigsten aller Turnier-Spiele: Im Finale der Herren A triumphierte Michael Klyeisen \u00fcber VfL-Teamkamerad Simon Gessner in [&hellip;]<\/p>\n","protected":false},"author":1,"featured_media":490,"parent":0,"menu_order":1180,"comment_status":"closed","ping_status":"closed","template":"","meta":{"_et_pb_use_builder":"","_et_pb_old_content":"","_et_gb_content_width":"","ngg_post_thumbnail":0},"_links":{"self":[{"href":"https:\/\/www.vfl-kirchheim.de\/tischtennis\/wp-json\/wp\/v2\/pages\/492"}],"collection":[{"href":"https:\/\/www.vfl-kirchheim.de\/tischtennis\/wp-json\/wp\/v2\/pages"}],"about":[{"href":"https:\/\/www.vfl-kirchheim.de\/tischtennis\/wp-json\/wp\/v2\/types\/page"}],"author":[{"embeddable":true,"href":"https:\/\/www.vfl-kirchheim.de\/tischtennis\/wp-json\/wp\/v2\/users\/1"}],"replies":[{"embeddable":true,"href":"https:\/\/www.vfl-kirchheim.de\/tischtennis\/wp-json\/wp\/v2\/comments?post=492"}],"version-history":[{"count":2,"href":"https:\/\/www.vfl-kirchheim.de\/tischtennis\/wp-json\/wp\/v2\/pages\/492\/revisions"}],"predecessor-version":[{"id":1411,"href":"https:\/\/www.vfl-kirchheim.de\/tischtennis\/wp-json\/wp\/v2\/pages\/492\/revisions\/1411"}],"wp:featuredmedia":[{"embeddable":true,"href":"https:\/\/www.vfl-kirchheim.de\/tischtennis\/wp-json\/wp\/v2\/media\/490"}],"wp:attachment":[{"href":"https:\/\/www.vfl-kirchheim.de\/tischtennis\/wp-json\/wp\/v2\/media?parent=492"}],"curies":[{"name":"wp","href":"https:\/\/api.w.org\/{rel}","templated":true}]}}