{"id":487,"date":"2015-01-07T21:56:50","date_gmt":"2015-01-07T20:56:50","guid":{"rendered":"https:\/\/www.vfl-kirchheim.de\/tischtennis\/\/ti-sm-2015\/"},"modified":"2023-06-05T20:47:17","modified_gmt":"2023-06-05T18:47:17","slug":"ti-sm-2015","status":"publish","type":"page","link":"https:\/\/www.vfl-kirchheim.de\/tischtennis\/ti-sm-2015\/","title":{"rendered":"TI_SM_2015_\u00dcbersicht"},"content":{"rendered":"<p><span style=\"font-size: 18pt; color: #333333;\"><strong>Das waren die Kirchheimer Stadtmeisterschaften 2015<\/strong><\/span><\/p>\n<table style=\"height: 95px;\" width=\"799\">\n<tbody>\n<tr>\n<td><img decoding=\"async\" class=\" size-full wp-image-482\" src=\"https:\/\/www.vfl-kirchheim.de\/tischtennis\/\/wp-content\/uploads\/2015\/01\/Halle_SM2015_quer.JPG\" alt=\"\" width=\"800\" srcset=\"https:\/\/www.vfl-kirchheim.de\/tischtennis\/wp-content\/uploads\/2015\/01\/Halle_SM2015_quer.JPG 1824w, https:\/\/www.vfl-kirchheim.de\/tischtennis\/wp-content\/uploads\/2015\/01\/Halle_SM2015_quer-300x50.jpg 300w, https:\/\/www.vfl-kirchheim.de\/tischtennis\/wp-content\/uploads\/2015\/01\/Halle_SM2015_quer-1024x170.jpg 1024w, https:\/\/www.vfl-kirchheim.de\/tischtennis\/wp-content\/uploads\/2015\/01\/Halle_SM2015_quer-768x128.jpg 768w, https:\/\/www.vfl-kirchheim.de\/tischtennis\/wp-content\/uploads\/2015\/01\/Halle_SM2015_quer-1536x255.jpg 1536w, https:\/\/www.vfl-kirchheim.de\/tischtennis\/wp-content\/uploads\/2015\/01\/Halle_SM2015_quer-1568x260.jpg 1568w\" sizes=\"(max-width: 1824px) 100vw, 1824px\" \/><\/td>\n<\/tr>\n<tr>\n<td><span style=\"color: #333333;\">Mit\u00a0fast 300 Teilnehmern war das beliebte Turnier in der Turnhalle des Ludwig-Uhland-Gymnasiums in Kirchheim wieder ein voller Erfolg.<\/span><\/td>\n<\/tr>\n<tr>\n<td><span style=\"color: #333333;\">Die Tischtennisabteilung des VfL Kirchheim als Ausrichter bedankt sich bei allen Teilnehmern f\u00fcr die fairen und spannenden Spiele und bei allen flei\u00dfigen Helfern, die eine solche Veranstaltung erst m\u00f6glich machen.<\/span><\/td>\n<\/tr>\n<\/tbody>\n<\/table>\n<p><\/p>\n<table style=\"height: 250px;\" width=\"803\">\n<tbody>\n<tr>\n<td style=\"height: 40px; text-align: center; vertical-align: bottom;\" scope=\"row\"><span style=\"font-size: 18pt; color: #333333;\"><strong><a href=\"https:\/\/www.vfl-kirchheim.de\/tischtennis\/\/ti-sm-2015-einladung\/\">Einladung<\/a><\/strong><\/span><\/td>\n<td style=\"height: 40px; text-align: center; vertical-align: bottom;\" scope=\"row\"><span style=\"font-size: 18pt; color: #333333;\"><strong><a href=\"https:\/\/www.vfl-kirchheim.de\/tischtennis\/\/ti-sm-2015-ergebnis\/\">Ergebnisse<\/a><\/strong><\/span><\/td>\n<td style=\"height: 40px; text-align: center; vertical-align: bottom;\" scope=\"row\"><span style=\"font-size: 18pt; color: #333333;\"><strong><a href=\"https:\/\/www.vfl-kirchheim.de\/tischtennis\/\/ti-sm-2015-bilder\/\">Bilder<\/a><\/strong><\/span><\/td>\n<td style=\"height: 40px; text-align: center; vertical-align: bottom;\" scope=\"row\"><span style=\"font-size: 18pt; color: #333333;\"><strong>\u00a0<a href=\"https:\/\/www.vfl-kirchheim.de\/tischtennis\/\/ti-sm-2015-presse\/\">Berichte<\/a><\/strong><\/span><\/td>\n<\/tr>\n<tr>\n<td style=\"width: 250px; text-align: center; vertical-align: bottom;\" scope=\"col\">\n<hr \/>\n<\/td>\n<td style=\"width: 250px; text-align: center; vertical-align: bottom;\" scope=\"col\">\n<hr \/>\n<\/td>\n<td style=\"width: 250px; text-align: center; vertical-align: bottom;\" scope=\"col\">\n<hr \/>\n<\/td>\n<td style=\"width: 250px; text-align: center; vertical-align: bottom;\" scope=\"col\">\n<hr \/>\n<\/td>\n<\/tr>\n<tr>\n<td style=\"width: 250px; text-align: center; vertical-align: bottom;\" scope=\"col\"><span style=\"color: #333333;\">\u00a0<a href=\"https:\/\/www.vfl-kirchheim.de\/tischtennis\/\/ti-sm-2015-einladung\/\" rel=\"alternate\"><img decoding=\"async\" class=\" size-full wp-image-483\" src=\"https:\/\/www.vfl-kirchheim.de\/tischtennis\/\/wp-content\/uploads\/2015\/01\/Thumb_Einladung.JPG\" alt=\"\" width=\"150\" srcset=\"https:\/\/www.vfl-kirchheim.de\/tischtennis\/wp-content\/uploads\/2015\/01\/Thumb_Einladung.JPG 772w, https:\/\/www.vfl-kirchheim.de\/tischtennis\/wp-content\/uploads\/2015\/01\/Thumb_Einladung-300x180.jpg 300w, https:\/\/www.vfl-kirchheim.de\/tischtennis\/wp-content\/uploads\/2015\/01\/Thumb_Einladung-768x460.jpg 768w\" sizes=\"(max-width: 772px) 100vw, 772px\" \/><\/a><\/span><\/td>\n<td style=\"width: 250px; text-align: center; vertical-align: bottom;\" scope=\"col\"><span style=\"color: #333333;\"><a href=\"https:\/\/www.vfl-kirchheim.de\/tischtennis\/\/ti-sm-2015-ergebnis\/\" rel=\"alternate\"><img decoding=\"async\" class=\" size-full wp-image-484\" src=\"https:\/\/www.vfl-kirchheim.de\/tischtennis\/\/wp-content\/uploads\/2015\/01\/Thumb_Sieger.JPG\" alt=\"\" width=\"150\" srcset=\"https:\/\/www.vfl-kirchheim.de\/tischtennis\/wp-content\/uploads\/2015\/01\/Thumb_Sieger.JPG 359w, https:\/\/www.vfl-kirchheim.de\/tischtennis\/wp-content\/uploads\/2015\/01\/Thumb_Sieger-300x191.jpg 300w\" sizes=\"(max-width: 359px) 100vw, 359px\" \/><\/a>\u00a0<\/span><\/td>\n<td style=\"width: 250px; text-align: center; vertical-align: bottom;\" scope=\"col\"><span style=\"color: #333333;\">\u00a0<a href=\"https:\/\/www.vfl-kirchheim.de\/tischtennis\/\/ti-sm-2015-bilder\/\" rel=\"alternate\"><img decoding=\"async\" class=\" size-full wp-image-485\" src=\"https:\/\/www.vfl-kirchheim.de\/tischtennis\/\/wp-content\/uploads\/2015\/01\/Thumb_Bilder.JPG\" alt=\"\" width=\"150\" srcset=\"https:\/\/www.vfl-kirchheim.de\/tischtennis\/wp-content\/uploads\/2015\/01\/Thumb_Bilder.JPG 480w, https:\/\/www.vfl-kirchheim.de\/tischtennis\/wp-content\/uploads\/2015\/01\/Thumb_Bilder-300x196.jpg 300w\" sizes=\"(max-width: 480px) 100vw, 480px\" \/><\/a><\/span><\/td>\n<td style=\"width: 250px; text-align: center; vertical-align: bottom;\" scope=\"col\"><span style=\"color: #333333;\">\u00a0<a href=\"https:\/\/www.vfl-kirchheim.de\/tischtennis\/\/ti-sm-2015-presse\/\" rel=\"alternate\"><img decoding=\"async\" class=\" size-full wp-image-486\" src=\"https:\/\/www.vfl-kirchheim.de\/tischtennis\/\/wp-content\/uploads\/2015\/01\/Thumb_Berichte.JPG\" alt=\"\" width=\"150\" srcset=\"https:\/\/www.vfl-kirchheim.de\/tischtennis\/wp-content\/uploads\/2015\/01\/Thumb_Berichte.JPG 866w, https:\/\/www.vfl-kirchheim.de\/tischtennis\/wp-content\/uploads\/2015\/01\/Thumb_Berichte-300x180.jpg 300w, https:\/\/www.vfl-kirchheim.de\/tischtennis\/wp-content\/uploads\/2015\/01\/Thumb_Berichte-768x461.jpg 768w\" sizes=\"(max-width: 866px) 100vw, 866px\" \/><\/a><\/span><\/td>\n<\/tr>\n<tr>\n<td style=\"text-align: center; vertical-align: top;\" scope=\"row\"><span style=\"color: #333333;\">\u00a0Die Einladung mit allen relevanten Hinweisen zum Turnierablauf<\/span><\/td>\n<td style=\"text-align: center; vertical-align: top;\" scope=\"row\"><span style=\"color: #333333;\">Alle Ergebnisse auf einen Blick\u00a0<\/span><\/td>\n<td style=\"text-align: center; vertical-align: top;\" scope=\"row\"><span style=\"color: #333333;\">\u00a0Bilder und Impressionen von den Turniertagen\u00a0<\/span><\/td>\n<td style=\"text-align: center; vertical-align: top;\" scope=\"row\"><span style=\"color: #333333;\"><span style=\"color: #333333;\">Berichte\u00a0aus der Presse<\/span>\u00a0<\/span><\/td>\n<\/tr>\n<\/tbody>\n<\/table>\n","protected":false},"excerpt":{"rendered":"<p>Das waren die Kirchheimer Stadtmeisterschaften 2015 Mit\u00a0fast 300 Teilnehmern war das beliebte Turnier in der Turnhalle des Ludwig-Uhland-Gymnasiums in Kirchheim wieder ein voller Erfolg. Die Tischtennisabteilung des VfL Kirchheim als Ausrichter bedankt sich bei allen Teilnehmern f\u00fcr die fairen und spannenden Spiele und bei allen flei\u00dfigen Helfern, die eine solche Veranstaltung erst m\u00f6glich machen. Einladung [&hellip;]<\/p>\n","protected":false},"author":1,"featured_media":482,"parent":0,"menu_order":1172,"comment_status":"closed","ping_status":"closed","template":"","meta":{"_et_pb_use_builder":"","_et_pb_old_content":"","_et_gb_content_width":"","ngg_post_thumbnail":0},"_links":{"self":[{"href":"https:\/\/www.vfl-kirchheim.de\/tischtennis\/wp-json\/wp\/v2\/pages\/487"}],"collection":[{"href":"https:\/\/www.vfl-kirchheim.de\/tischtennis\/wp-json\/wp\/v2\/pages"}],"about":[{"href":"https:\/\/www.vfl-kirchheim.de\/tischtennis\/wp-json\/wp\/v2\/types\/page"}],"author":[{"embeddable":true,"href":"https:\/\/www.vfl-kirchheim.de\/tischtennis\/wp-json\/wp\/v2\/users\/1"}],"replies":[{"embeddable":true,"href":"https:\/\/www.vfl-kirchheim.de\/tischtennis\/wp-json\/wp\/v2\/comments?post=487"}],"version-history":[{"count":1,"href":"https:\/\/www.vfl-kirchheim.de\/tischtennis\/wp-json\/wp\/v2\/pages\/487\/revisions"}],"predecessor-version":[{"id":966,"href":"https:\/\/www.vfl-kirchheim.de\/tischtennis\/wp-json\/wp\/v2\/pages\/487\/revisions\/966"}],"wp:featuredmedia":[{"embeddable":true,"href":"https:\/\/www.vfl-kirchheim.de\/tischtennis\/wp-json\/wp\/v2\/media\/482"}],"wp:attachment":[{"href":"https:\/\/www.vfl-kirchheim.de\/tischtennis\/wp-json\/wp\/v2\/media?parent=487"}],"curies":[{"name":"wp","href":"https:\/\/api.w.org\/{rel}","templated":true}]}}