{"id":434,"date":"2014-08-25T22:12:50","date_gmt":"2014-08-25T20:12:50","guid":{"rendered":"https:\/\/www.vfl-kirchheim.de\/tischtennis\/\/ti-saison14-15-herren1\/"},"modified":"2023-06-05T20:49:47","modified_gmt":"2023-06-05T18:49:47","slug":"ti-saison14-15-herren1","status":"publish","type":"page","link":"https:\/\/www.vfl-kirchheim.de\/tischtennis\/ti-saison14-15-herren1\/","title":{"rendered":"TI_Saison14-15_Herren1"},"content":{"rendered":"<p><\/p>\n<table style=\"height: 443px;\" width=\"913\">\n<tbody>\n<tr style=\"height: 60px;\">\n<td><span style=\"font-family: arial,helvetica,sans-serif; font-size: 24pt;\"><strong>Herren 1<\/strong> <span style=\"font-size: 18pt;\">&#8211; Verbandsliga 2014-15<\/span><\/span><\/td>\n<td>\u00a0<\/td>\n<td style=\"text-align: right;\"><span style=\"font-size: 10pt; color: #00ccff;\"><a href=\"https:\/\/www.vfl-kirchheim.de\/tischtennis\/\/ti-mannschaften\/\">zur\u00fcck zur \u00dcbersicht\u00a0\u00a0 <\/a><\/span><\/td>\n<\/tr>\n<tr style=\"height: 400px;\">\n<td style=\"text-align: left;\"><img decoding=\"async\" class=\" size-full wp-image-433\" src=\"https:\/\/www.vfl-kirchheim.de\/tischtennis\/\/wp-content\/uploads\/2014\/08\/2014_TI_Herren1_Team.JPG\" alt=\"\" width=\"500\" srcset=\"https:\/\/www.vfl-kirchheim.de\/tischtennis\/wp-content\/uploads\/2014\/08\/2014_TI_Herren1_Team.JPG 700w, https:\/\/www.vfl-kirchheim.de\/tischtennis\/wp-content\/uploads\/2014\/08\/2014_TI_Herren1_Team-300x200.jpg 300w\" sizes=\"(max-width: 700px) 100vw, 700px\" \/><br \/><span style=\"font-size: 10pt;\">\u00a0M. Hohl, P. Strauch, C. \u00dcbelh\u00f6r, M. Klyeisen, S. Ge\u00dfner<\/span><\/td>\n<td>\u00a0<\/td>\n<td style=\"text-align: right;\">\n<table style=\"border-color: #fff700; margin-left: auto; margin-right: auto; height: 171px;\" border=\"1\" width=\"359\" rules=\"none\" cellspacing=\"20\">\n<thead>\n<tr style=\"border-color: #fff700; background-color: #fff700;\">\n<td style=\"text-align: center;\" width=\"86\"><strong>Rang<\/strong><\/td>\n<td style=\"text-align: center;\" width=\"86\"><strong>Q-TTR<\/strong><\/td>\n<td style=\"text-align: left;\" width=\"191\"><strong>Name, Vorname<\/strong><\/td>\n<\/tr>\n<\/thead>\n<tbody>\n<tr>\n<td style=\"text-align: center;\">1<\/td>\n<td style=\"text-align: center;\">2005<\/td>\n<td>Ge\u00dfner, Simon<\/td>\n<\/tr>\n<tr>\n<td style=\"text-align: center;\">2<\/td>\n<td style=\"text-align: center;\">1984<\/td>\n<td>Klyeisen, Michael<\/td>\n<\/tr>\n<tr>\n<td style=\"text-align: center;\">3<\/td>\n<td style=\"text-align: center;\">1983<\/td>\n<td>\u00dcbelh\u00f6r, Christian<\/td>\n<\/tr>\n<tr>\n<td style=\"text-align: center;\">4<\/td>\n<td style=\"text-align: center;\">1953<\/td>\n<td>Sabo, Benjamin<\/td>\n<\/tr>\n<tr>\n<td style=\"text-align: center;\">5<\/td>\n<td style=\"text-align: center;\">1846<\/td>\n<td>Hohl, Michael<\/td>\n<\/tr>\n<tr>\n<td style=\"text-align: center;\">6<\/td>\n<td style=\"text-align: center;\">1858<\/td>\n<td>Strauch, Patrick<\/td>\n<\/tr>\n<\/tbody>\n<\/table>\n<p><strong><span style=\"font-size: 12pt;\">Links:<\/span><\/strong><br \/><a href=\"http:\/\/ttvwh.click-tt.de\/cgi-bin\/WebObjects\/nuLigaTTDE.woa\/wa\/groupPage?championship=SK+TTVWH+14%2F15&amp;group=226037\" target=\"_blank\" rel=\"alternate noopener\">Tabelle und Spielplan<\/a><\/td>\n<\/tr>\n<\/tbody>\n<\/table>\n<p style=\"margin-bottom: 0cm;\"><span style=\"font-size: large; font-family: arial,helvetica,sans-serif;\"><b>R\u00fcckblick Saison 2013-14<\/b><\/span><\/p>\n<p><span style=\"font-family: arial,helvetica,sans-serif; font-size: 10pt;\">Mit \u201eHeimkehrer\u201c Simon Ge\u00dfner und den etablierten Jungs aus dem Vorjahr verteidigte die 1. Herrenmannschaft den 5. Platz aus der letzten Saison in der h\u00f6chsten Spielklasse W\u00fcrttembergs. Dabei war die Liga mit ehemaligen Bundesliga- und ausl\u00e4ndischen Jugendnationalspielern sehr stark besetzt. Da 11 Teams antraten gab es sogar 3 Absteiger.<\/span><\/p>\n<p><span style=\"font-family: arial,helvetica,sans-serif; font-size: 10pt;\">Durch die R\u00fcckkehr von Simon Ge\u00dfner konnte sich die Truppe nochmals verst\u00e4rken. Deswegen gaben sowohl Vorstand und Trainer als Saisonziel aus, sich erneut im Mittelfeld zu etablieren.<\/span><\/p>\n<p><span style=\"font-family: arial,helvetica,sans-serif; font-size: 10pt;\">In der Vorrunde stellte das Team die ersten Weichen um dieses Ziel zu erreichen. Gegen die vermeintlich schw\u00e4cheren Teams, bei denen es zu punkten galt,\u00a0 zeigte die Mannschaft gute Leistungen. So konnte man bereits zu Beginn der Saison wichtige Z\u00e4hler gegen die unangenehm zu spielende Truppe aus Eislingen sowie Aufsteiger TTF Altshausen einfahren. Erstes Highlight war die knappe 6:9 Niederlage\u00a0 gegen den Titelfavouriten TTC Gnadental, bei der die Spieler bewiesen, dass sie durchaus mit den Topmannschaften mithalten konnten. Nervenst\u00e4rke zeigte die Mannschaft gegen Aufsteiger Pl\u00fcderhausen. Bei den G\u00e4sten setzten sich die VfL-Cracks erst im Entscheidungsdoppel durch und gewannen mit 9:7. Am darauffolgenden Spieltag zeigte die 1. Mannschaft die beste Leistung der Vorrunde. Angstgegner Sportbund Stuttgart wurde vom VFL- Express ausw\u00e4rts mit 9:1 \u00fcberrollt.\u00a0\u00a0<\/span><\/p>\n<p><span style=\"font-family: arial,helvetica,sans-serif; font-size: 10pt;\">Dass der VfL trotz guter Vorrundenleistung noch nicht komplett aus dem Abstiegskampf raus war, lag \u00a0unteranderem daran, dass der bis\u00a0 dahin Tabellenvorletzte aus Pl\u00fcderhausen gleich 4 Neuzug\u00e4nge verpflichtete und somit die Liga aufmischte. So verlor der VfL gleich zum R\u00fcckrundenauftakt gegen Pl\u00fcderhausen klar mit 4:9. Umso wichtiger waren die darauffolgenden Siege gegen Buchenbach und M\u00f6ssingen, mit denen man sich nun im Mittelfeld etablierte und zugleich die besten Partien in der R\u00fcckrunde zeigte. Zum R\u00fcckspiel in Gnadental gingen die VfL-Jungs diesmal gnadenlos mit 1:9 unter. Doch das sollte die letzte Niederlage in der Saison werden. In der zweiten H\u00e4lfte der R\u00fcckrunde verlor die 1. Mannschaft kein Spiel mehr. 3 Unentschieden hintereinander gegen ebenb\u00fcrtige Gegner sowie ein Sieg gegen Eislingen zum Schluss rundeten die erfolgreiche Saison ab.<\/span><\/p>\n<p><span style=\"font-family: arial,helvetica,sans-serif; font-size: 10pt;\">Eine bemerkenswerte Leistung bot Christian \u00dcbelh\u00f6r. Er verlor im hinteren und mittleren Paarkreuz nur 3 Spiele in der Saison. \u00dcber die gesamte Spielzeit hinweg herrschte in der Mannschaft eine sehr gute Stimmung. Der Teamgeist sowie die mannschaftliche Geschlossenheit waren sicherlich die entscheidenden Pluspunkte um die ausgezeichnete Platzierung zu erreichen.<\/span><\/p>\n<p style=\"margin-bottom: 0cm;\">\u00a0<\/p>\n<p style=\"margin-bottom: 0cm;\"><span style=\"font-size: large; font-family: arial,helvetica,sans-serif;\"><b>Ausblick Saison 2014-15<\/b><\/span><\/p>\n<p>Nach zufriedenstellender Saison 2013\/2014, in der die Teckst\u00e4dter zum \u00a0Abschluss einen guten 5. Tabellenplatz belegten, geht es nun in leicht ver\u00e4nderter Aufstellung in die n\u00e4chste Verbandsliga-Runde.<\/p>\n<p style=\"margin-bottom: 0cm;\">\u00a0<\/p>\n<p>Mit Neuzugang Benjamin Sabo, der vom DJK Wasseralfingen zum VfL wechselte, gewinnt das Team um Mannschaftsf\u00fchrer Patrick Strauch weiter an St\u00e4rke. Benjamin, der zusammen mit seinem Bruder Manuel in Wasseralfingen das Spitzenpaarkreuz in der Verbandsklasse S\u00fcd bildete, wird zun\u00e4chst im mittleren Paarkreuz an Position 4 aufschlagen. Gemeinsam mit Christian \u00dcbelh\u00f6r stellt man ein schlagkr\u00e4ftiges mittleres Paarkreuz. Mit Simon Ge\u00dfner und Michael Klyeisen agieren zwei junge Spieler im vorderen Paarkreuz des VfL, die sicherlich einige Einzelpunkte einfahren werden. Das hintere Paarkreuz um Mannschaftsf\u00fchrer Patrick Strauch komplettiert Michael Hohl, der sich f\u00fcr die kommende Saison einiges vorgenommen hat.<\/p>\n<p style=\"margin-bottom: 0cm;\">\u00a0<\/p>\n<p>Da sich in der Liga zahlreiche \u00c4nderungen ergeben haben, sollte auch in dieser Saison ein Tabellenplatz im vorderen Drittel die absolute Ma\u00dfgabe sein. Hochkar\u00e4tige Teams wie der TTC Gnadental sind entweder in die Oberliga aufgestiegen, oder haben, wie im Falle des SC Buchenbach, in die Landesliga zur\u00fcckgezogen.<\/p>\n<p style=\"margin-bottom: 0cm;\">\u00a0<\/p>\n<p>Somit sollten zu den diesj\u00e4hrigen Favoriten sicherlich die Mannschaften vom SV Pl\u00fcderhausen, oder die 3.-Liga-Reserve vom TTC Bietigheim-Bissingen z\u00e4hlen. Gegen den Abstieg spielen voraussichtlich die Teams aus Neuenstein und M\u00fchringen.<\/p>\n<p style=\"margin-bottom: 0cm;\">\u00a0<\/p>\n","protected":false},"excerpt":{"rendered":"<p>Herren 1 &#8211; Verbandsliga 2014-15 \u00a0 zur\u00fcck zur \u00dcbersicht\u00a0\u00a0 \u00a0M. Hohl, P. Strauch, C. \u00dcbelh\u00f6r, M. Klyeisen, S. Ge\u00dfner \u00a0 Rang Q-TTR Name, Vorname 1 2005 Ge\u00dfner, Simon 2 1984 Klyeisen, Michael 3 1983 \u00dcbelh\u00f6r, Christian 4 1953 Sabo, Benjamin 5 1846 Hohl, Michael 6 1858 Strauch, Patrick Links:Tabelle und Spielplan R\u00fcckblick Saison 2013-14 Mit [&hellip;]<\/p>\n","protected":false},"author":1,"featured_media":433,"parent":0,"menu_order":1147,"comment_status":"closed","ping_status":"closed","template":"","meta":{"_et_pb_use_builder":"","_et_pb_old_content":"","_et_gb_content_width":"","ngg_post_thumbnail":0},"_links":{"self":[{"href":"https:\/\/www.vfl-kirchheim.de\/tischtennis\/wp-json\/wp\/v2\/pages\/434"}],"collection":[{"href":"https:\/\/www.vfl-kirchheim.de\/tischtennis\/wp-json\/wp\/v2\/pages"}],"about":[{"href":"https:\/\/www.vfl-kirchheim.de\/tischtennis\/wp-json\/wp\/v2\/types\/page"}],"author":[{"embeddable":true,"href":"https:\/\/www.vfl-kirchheim.de\/tischtennis\/wp-json\/wp\/v2\/users\/1"}],"replies":[{"embeddable":true,"href":"https:\/\/www.vfl-kirchheim.de\/tischtennis\/wp-json\/wp\/v2\/comments?post=434"}],"version-history":[{"count":1,"href":"https:\/\/www.vfl-kirchheim.de\/tischtennis\/wp-json\/wp\/v2\/pages\/434\/revisions"}],"predecessor-version":[{"id":961,"href":"https:\/\/www.vfl-kirchheim.de\/tischtennis\/wp-json\/wp\/v2\/pages\/434\/revisions\/961"}],"wp:featuredmedia":[{"embeddable":true,"href":"https:\/\/www.vfl-kirchheim.de\/tischtennis\/wp-json\/wp\/v2\/media\/433"}],"wp:attachment":[{"href":"https:\/\/www.vfl-kirchheim.de\/tischtennis\/wp-json\/wp\/v2\/media?parent=434"}],"curies":[{"name":"wp","href":"https:\/\/api.w.org\/{rel}","templated":true}]}}