{"id":432,"date":"2014-08-25T22:12:50","date_gmt":"2014-08-25T20:12:50","guid":{"rendered":"https:\/\/www.vfl-kirchheim.de\/tischtennis\/\/ti-saison14-15-herren2\/"},"modified":"2023-06-05T20:49:55","modified_gmt":"2023-06-05T18:49:55","slug":"ti-saison14-15-herren2","status":"publish","type":"page","link":"https:\/\/www.vfl-kirchheim.de\/tischtennis\/ti-saison14-15-herren2\/","title":{"rendered":"TI_Saison14-15_Herren2"},"content":{"rendered":"<p><\/p>\n<table style=\"height: 405px;\" width=\"915\">\n<tbody>\n<tr>\n<td><span style=\"font-family: arial,helvetica,sans-serif; font-size: 24pt;\"><strong>Herren 2<\/strong> <span style=\"font-size: 18pt;\">&#8211; Bezirksliga 2014-15<\/span><\/span><\/td>\n<td>\u00a0<\/td>\n<td style=\"text-align: right;\"><span style=\"font-size: 10pt; color: #00ccff;\"><a href=\"https:\/\/www.vfl-kirchheim.de\/tischtennis\/\/ti-mannschaften\/\">zur\u00fcck zur \u00dcbersicht\u00a0\u00a0 <\/a><\/span><\/td>\n<\/tr>\n<tr>\n<td><img decoding=\"async\" class=\" size-full wp-image-101\" src=\"https:\/\/www.vfl-kirchheim.de\/tischtennis\/\/wp-content\/uploads\/2014\/04\/2014_TI_Herren2_Team.jpg\" alt=\"\" width=\"500\" srcset=\"https:\/\/www.vfl-kirchheim.de\/tischtennis\/wp-content\/uploads\/2014\/04\/2014_TI_Herren2_Team.jpg 700w, https:\/\/www.vfl-kirchheim.de\/tischtennis\/wp-content\/uploads\/2014\/04\/2014_TI_Herren2_Team-300x200.jpg 300w\" sizes=\"(max-width: 700px) 100vw, 700px\" \/><\/td>\n<td>\u00a0<\/td>\n<td style=\"text-align: right;\">\n<table style=\"border-color: #fff700; margin-left: auto; margin-right: auto; height: 171px;\" border=\"1\" width=\"359\" rules=\"none\" cellspacing=\"20\">\n<thead>\n<tr style=\"border-color: #fff700; background-color: #fff700;\">\n<td style=\"text-align: center;\" width=\"86\"><strong>Rang<\/strong><\/td>\n<td style=\"text-align: center;\" width=\"86\"><strong>Q-TTR<\/strong><\/td>\n<td style=\"text-align: left;\" width=\"191\"><strong>Name, Vorname<\/strong><\/td>\n<\/tr>\n<\/thead>\n<tbody>\n<tr>\n<td style=\"text-align: center;\">1<\/td>\n<td style=\"text-align: center;\">1880<\/td>\n<td>Hummel, Klaus<\/td>\n<\/tr>\n<tr>\n<td style=\"text-align: center;\">2<\/td>\n<td style=\"text-align: center;\">1830<\/td>\n<td>Eder, Jan<\/td>\n<\/tr>\n<tr>\n<td style=\"text-align: center;\">3<\/td>\n<td style=\"text-align: center;\">1746<\/td>\n<td>Scholdt, Manfred<\/td>\n<\/tr>\n<tr>\n<td style=\"text-align: center;\">4<\/td>\n<td style=\"text-align: center;\">1751<\/td>\n<td>Knapp, Thassilo<\/td>\n<\/tr>\n<tr>\n<td style=\"text-align: center;\">5<\/td>\n<td style=\"text-align: center;\">1751<\/td>\n<td>Rohr, Andreas<\/td>\n<\/tr>\n<tr>\n<td style=\"text-align: center;\">6<\/td>\n<td style=\"text-align: center;\">1747<\/td>\n<td>Gl\u00f6ckner, Franz<\/td>\n<\/tr>\n<\/tbody>\n<\/table>\n<p><strong><span style=\"font-size: 12pt;\">Links:<\/span><\/strong><br \/><a href=\"http:\/\/ttvwh.click-tt.de\/cgi-bin\/WebObjects\/nuLigaTTDE.woa\/wa\/groupPage?championship=SK+TTVWH+14%2F15&amp;group=226146\" target=\"_blank\" rel=\"alternate noopener\">Tabelle und Spielplan<\/a><\/td>\n<\/tr>\n<tr>\n<td style=\"text-align: center;\"><span style=\"font-size: 10pt;\">K. Hummel, A. Rohr, M. Scholdt,\u00a0<\/span>T. Knapp, J. Eder<\/td>\n<td>\u00a0<\/td>\n<td style=\"text-align: right;\">\u00a0<\/td>\n<\/tr>\n<\/tbody>\n<\/table>\n<p style=\"margin-bottom: 0cm;\"><span style=\"font-size: large; font-family: arial,helvetica,sans-serif;\"><b>R\u00fcckblick Saison 2013-14<\/b><\/span><\/p>\n<p><span style=\"font-size: 10pt;\"><strong>Im LUG \u201eleider\u201c nichts Neues<\/strong><\/span><\/p>\n<p><span style=\"font-size: 10pt;\">So k\u00f6nnte der Titel eines Buches \u00fcber die Tischtennis-Saison des VfL II lauten, wenn man den Verlauf, und vor allem das Ende dieser Spielzeit, als Adaption an das Werk \u201eIm Westen nichts Neues\u201c zu Papier gebracht h\u00e4tte. Irgendwie \u00e4hnelt sich ja der Ausgang der Erz\u00e4hlung: \u201eAlles war vom Kampf zertr\u00fcmmert und bedarf eines Neuaufbaus\u201c!<\/span><\/p>\n<p><span style=\"font-size: 10pt;\">Viele Kleinigkeiten f\u00fchrten letztendlich dazu, dass mit dem TTV Zell wahrscheinlich nicht die unbedingt bessere, aber deutlich hungrigere und insgesamt auch homogenere Truppe, in Bezug auf die M\u00f6glichkeit Priorit\u00e4ten zu setzen, den Sprung in die Landesliga geschafft hat. <\/span><span style=\"font-size: 10pt;\">Auf unserer Seite kamen leider immer wieder ungeplante bzw. beruflich-, krankheits- oder famili\u00e4r bedingte Ausf\u00e4lle dazwischen, so dass uns in erster Linie die Doppel erneut einen gravierenden Strich durch die Rechnung machten. <\/span><span style=\"font-size: 10pt;\">Einer vom Ergebnis her deutlich zu hohen 3:9-Niederlage in Zell ging ein unerwarteter Punktverlust gegen den TSV Wendlingen voraus, der die Saison quasi bereits in der Vorrunde besiegelte. <\/span><span style=\"font-size: 10pt;\">Zwar konnten sich die meisten VfL-Akteure sowohl im Training als auch in den Verbands-, Pokal- oder Ranglistenspielen sehr gut behaupten und ihr Potential abrufen bzw. gar steigern, doch die Spielzeit 2013\/14 war ja bereits verloren.<\/span><\/p>\n<p><span style=\"font-size: 10pt;\">Drei Vize-Meisterschaften in drei Jahren machten ein Umdenken und Handeln in der Form notwendig die Pr\u00e4ferenzen aller beteiligten Spieler abzufragen, diese zu sortieren und dann in eine neu-aufgestellte Mannschaft als \u201eVfL II Matrix \u2013 reloaded\u201c einzubauen. <\/span><span style=\"font-size: 10pt;\">Mit einem eindeutig definierten, sportlichen Charakter und einer gesunden Portion \u201eCommitment\u201c soll nun schnellstm\u00f6glich die O-Ton Axel \u201eschlimmste Saison, seit ich Tischtennis spiele\u201c (bezogen auf unser 14-Spieler-Roulette) ad acta gelegt und die ersten Segel auf zu neuen Ufern gehisst werden. <\/span><span style=\"font-size: 10pt;\">Zum Gl\u00fcck konnten wie gemeinsam nach unseren teilweise recht maroden Leistungen am \u201eTisch\u201c immer wieder auch in geselliger Runde, zumeist mit anderen VfL-Teams in der \u201eBohnau\u201c, dem \u201eWollmarkt\u201c oder zahlreichen weiteren Lokalit\u00e4ten, lachen und witzeln.<\/span><\/p>\n<p><span style=\"font-size: 10pt;\">\u201eEs lebe der Sport \u2013 er ist gesund und macht uns hort!\u201c (Manchmal ist er aber auch grausam!)<\/span><\/p>\n<p style=\"margin-bottom: 0cm;\">\u00a0<\/p>\n<p style=\"margin-bottom: 0cm;\"><span style=\"font-size: large; font-family: arial,helvetica,sans-serif;\"><b>Ausblick Saison 2014-15<\/b><\/span><\/p>\n<p><span style=\"font-family: arial,helvetica,sans-serif; font-size: 10pt;\"><strong>Geht nicht, gibt\u2019s nicht \u2013 Versuch Nummer VIER!<\/strong><\/span><\/p>\n<p style=\"margin-bottom: 0cm;\">\u00a0<\/p>\n<p><span style=\"font-family: arial,helvetica,sans-serif; font-size: 10pt;\">Inwieweit die aktuelle Saison 2014\/15 eine M\u00f6glichkeit aufzeigen wird, dass wir nunmehr im vierten Jahr in der BL4, also im vierten Anlauf den Sprung in die Landesliga schaffen k\u00f6nnen, bleibt noch einige Spieltage abzuwarten. <\/span><span style=\"font-family: arial,helvetica,sans-serif; font-size: 10pt;\">Die Chancen stehen jedoch besonders in diesem Jahr, nach Einf\u00fchrung einer Relegation f\u00fcr den Zweitplatzierten<strong>, <\/strong>sicherlich nicht unbedingt schlechter als in den letzten drei Spielzeiten. <\/span><span style=\"font-family: arial,helvetica,sans-serif; font-size: 10pt;\">Die doch \u201eextreme\u201c Verj\u00fcngung im Team, bezogen auf den Altersdurchschnitt, wird genauso wie die \u201e\u00dcbergewalt\u201c der drei Links-Rechts-Doppelkonstellationen ihren Teil zu einem \u201ehoffentlich\u201c erfolgreichen Weg an die beiden Sonnenpl\u00e4tze entweder (eins oder zwei) beitragen k\u00f6nnen. Gen\u00fcgend Variationsm\u00f6glichkeiten sollten ja gegeben sein. <\/span><span style=\"font-family: arial,helvetica,sans-serif; font-size: 10pt;\">Trotz des \u201ejugendlichen\u201c Leichtsinns, den unsere drei Neulinge im Team: Klaus (vorher: VfL I), Manfred (TV05 W\u00f6rt) und Thassilo (VfL III) durch den R\u00fcckzug von Axel (jetzt: VfL III), Tobias (VfL III) und Steffen (Karriereende) mitbringen, bereichern sie die Mannschaft mit ihrer Erfahrung in deutlich h\u00f6heren Spielklassen. Von der Badenliga \u00fcber die Ober- bis hin zur Regionalliga waren unsere Jungs bereits im Einsatz. F\u00fcr den manchmal doch verschwindet klein wirkenden, aber entscheidenden Unterschied \u00fcber Sieg oder Niederlage scheinen wir also &#8211; durch dieses Mehr an Matchcleverness &#8211; bestens ger\u00fcstet.<\/span><\/p>\n<p style=\"margin-bottom: 0cm;\">\u00a0<\/p>\n<p><span style=\"font-family: arial,helvetica,sans-serif; font-size: 10pt;\">Was verspricht nun der beste \u00d8-TTR der gesamten Liga? Leider nicht viel, sonst w\u00fcrden wir ja bereits eine Klasse h\u00f6her auf Punktejagd gehen. Lediglich rein mathematisch sieht es so aus, als k\u00f6nnten wir diese Saison auf alle F\u00e4lle ein noch geh\u00f6rigeres Wort bei der Vergabe um den Titel mitspielen. Lassen wir es mal auf uns zukommen oder besser: \u201eSchau\u2019n mer mal!\u201c. <\/span><span style=\"font-family: arial,helvetica,sans-serif; font-size: 10pt;\">Dass die Konkurrenz alles andere als schl\u00e4ft, haben die zahlreichen Wechsel und die sich daraus ergebenden, starken Aufstellungen, besonders der Mannschaften aus Donzdorf, Neuhausen a.d.F. und Nabern, gezeigt. <\/span><span style=\"font-family: arial,helvetica,sans-serif; font-size: 10pt;\">Das definierte Ziel \u201eLandesliga\u201c bedeute f\u00fcr uns &#8211; also: Klaus, Jan, Manfred, Thassilo, Andreas und Franz <strong>\u201eGeht nicht \u2013 gibt\u2019s nicht!\u201c<\/strong><\/span><\/p>\n<p style=\"margin-bottom: 0cm;\">\u00a0<\/p>\n<p><span style=\"font-family: arial,helvetica,sans-serif; font-size: 10pt;\">Einer alles in allem viel versprechenden Saison steht also nichts mehr im Wege. Wenn wir jetzt dann auch 2014\/15 unsere beruflichen wie privaten Verpflichtungen und Interessen unter einen Hut bringen, f\u00fchrt der Weg, wie bereits weiter oben erw\u00e4hnt: \u201ehoffentlich\u201c nur \u00fcber uns!<\/span><\/p>\n<p style=\"margin-bottom: 0cm;\">\u00a0<\/p>\n","protected":false},"excerpt":{"rendered":"<p>Herren 2 &#8211; Bezirksliga 2014-15 \u00a0 zur\u00fcck zur \u00dcbersicht\u00a0\u00a0 \u00a0 Rang Q-TTR Name, Vorname 1 1880 Hummel, Klaus 2 1830 Eder, Jan 3 1746 Scholdt, Manfred 4 1751 Knapp, Thassilo 5 1751 Rohr, Andreas 6 1747 Gl\u00f6ckner, Franz Links:Tabelle und Spielplan K. Hummel, A. Rohr, M. Scholdt,\u00a0T. Knapp, J. Eder \u00a0 \u00a0 R\u00fcckblick Saison 2013-14 [&hellip;]<\/p>\n","protected":false},"author":1,"featured_media":101,"parent":0,"menu_order":1148,"comment_status":"closed","ping_status":"closed","template":"","meta":{"_et_pb_use_builder":"","_et_pb_old_content":"","_et_gb_content_width":"","ngg_post_thumbnail":0},"_links":{"self":[{"href":"https:\/\/www.vfl-kirchheim.de\/tischtennis\/wp-json\/wp\/v2\/pages\/432"}],"collection":[{"href":"https:\/\/www.vfl-kirchheim.de\/tischtennis\/wp-json\/wp\/v2\/pages"}],"about":[{"href":"https:\/\/www.vfl-kirchheim.de\/tischtennis\/wp-json\/wp\/v2\/types\/page"}],"author":[{"embeddable":true,"href":"https:\/\/www.vfl-kirchheim.de\/tischtennis\/wp-json\/wp\/v2\/users\/1"}],"replies":[{"embeddable":true,"href":"https:\/\/www.vfl-kirchheim.de\/tischtennis\/wp-json\/wp\/v2\/comments?post=432"}],"version-history":[{"count":1,"href":"https:\/\/www.vfl-kirchheim.de\/tischtennis\/wp-json\/wp\/v2\/pages\/432\/revisions"}],"predecessor-version":[{"id":960,"href":"https:\/\/www.vfl-kirchheim.de\/tischtennis\/wp-json\/wp\/v2\/pages\/432\/revisions\/960"}],"wp:featuredmedia":[{"embeddable":true,"href":"https:\/\/www.vfl-kirchheim.de\/tischtennis\/wp-json\/wp\/v2\/media\/101"}],"wp:attachment":[{"href":"https:\/\/www.vfl-kirchheim.de\/tischtennis\/wp-json\/wp\/v2\/media?parent=432"}],"curies":[{"name":"wp","href":"https:\/\/api.w.org\/{rel}","templated":true}]}}