{"id":431,"date":"2014-08-25T22:12:50","date_gmt":"2014-08-25T20:12:50","guid":{"rendered":"https:\/\/www.vfl-kirchheim.de\/tischtennis\/\/ti-saison14-15-herren3\/"},"modified":"2023-06-05T20:50:09","modified_gmt":"2023-06-05T18:50:09","slug":"ti-saison14-15-herren3","status":"publish","type":"page","link":"https:\/\/www.vfl-kirchheim.de\/tischtennis\/ti-saison14-15-herren3\/","title":{"rendered":"TI_Saison14-15_Herren3"},"content":{"rendered":"<p><\/p>\n<table style=\"height: 431px;\" width=\"915\">\n<tbody>\n<tr>\n<td><span style=\"font-family: arial,helvetica,sans-serif; font-size: 24pt;\"><strong>Herren 3<\/strong> <span style=\"font-size: 18pt;\">&#8211; Bezirksliga 2014-15<\/span><\/span><\/td>\n<td>\u00a0<\/td>\n<td style=\"text-align: right;\"><span style=\"font-size: 10pt; color: #00ccff;\"><a href=\"https:\/\/www.vfl-kirchheim.de\/tischtennis\/\/ti-mannschaften\/\">zur\u00fcck zur \u00dcbersicht\u00a0\u00a0 <\/a><\/span><\/td>\n<\/tr>\n<tr>\n<td><img decoding=\"async\" class=\" size-full wp-image-430\" src=\"https:\/\/www.vfl-kirchheim.de\/tischtennis\/\/wp-content\/uploads\/2014\/08\/2014_TI_Herren3_Team.jpg\" alt=\"\" width=\"500\" srcset=\"https:\/\/www.vfl-kirchheim.de\/tischtennis\/wp-content\/uploads\/2014\/08\/2014_TI_Herren3_Team.jpg 700w, https:\/\/www.vfl-kirchheim.de\/tischtennis\/wp-content\/uploads\/2014\/08\/2014_TI_Herren3_Team-300x200.jpg 300w\" sizes=\"(max-width: 700px) 100vw, 700px\" \/><\/td>\n<td>\u00a0<\/td>\n<td style=\"text-align: right;\">\n<table style=\"border-color: #fff700; margin-left: auto; margin-right: auto; height: 171px;\" border=\"1\" width=\"359\" rules=\"none\" cellspacing=\"20\">\n<thead>\n<tr style=\"border-color: #fff700; background-color: #fff700;\">\n<td style=\"text-align: center;\" width=\"86\"><strong>Rang<\/strong><\/td>\n<td style=\"text-align: center;\" width=\"86\"><strong>Q-TTR<\/strong><\/td>\n<td style=\"text-align: left;\" width=\"191\"><strong>Name, Vorname<\/strong><\/td>\n<\/tr>\n<\/thead>\n<tbody>\n<tr>\n<td style=\"text-align: center;\">1<\/td>\n<td style=\"text-align: center;\">1777<\/td>\n<td>Schorradt, Axel<\/td>\n<\/tr>\n<tr>\n<td style=\"text-align: center;\">2<\/td>\n<td style=\"text-align: center;\">1745<\/td>\n<td>Braun, Tobias<\/td>\n<\/tr>\n<tr>\n<td style=\"text-align: center;\">3<\/td>\n<td style=\"text-align: center;\">1677<\/td>\n<td>M\u00fcller, Patrick<\/td>\n<\/tr>\n<tr>\n<td style=\"text-align: center;\">4<\/td>\n<td style=\"text-align: center;\">1705<\/td>\n<td>Raichle, J\u00fcrgen<\/td>\n<\/tr>\n<tr>\n<td style=\"text-align: center;\">5<\/td>\n<td style=\"text-align: center;\">1649<\/td>\n<td>Zimmermann, Rene<\/td>\n<\/tr>\n<tr>\n<td style=\"text-align: center;\">6<\/td>\n<td style=\"text-align: center;\">1650<\/td>\n<td>Hummel, Martin<\/td>\n<\/tr>\n<tr>\n<td style=\"text-align: center;\">7<\/td>\n<td style=\"text-align: center;\">1646<\/td>\n<td>Trinkle, Haiko<\/td>\n<\/tr>\n<tr>\n<td style=\"text-align: center;\">8<\/td>\n<td style=\"text-align: center;\">1623<\/td>\n<td>Schuler, Heiko<\/td>\n<\/tr>\n<\/tbody>\n<\/table>\n<p><strong><span style=\"font-size: 12pt;\">Links:<\/span><\/strong><br \/><a href=\"http:\/\/ttvwh.click-tt.de\/cgi-bin\/WebObjects\/nuLigaTTDE.woa\/wa\/groupPage?championship=SK+TTVWH+14%2F15&amp;group=226146\" target=\"_blank\" rel=\"alternate noopener\">Tabelle und Spielplan<\/a><\/td>\n<\/tr>\n<tr>\n<td style=\"text-align: center;\"><span style=\"font-size: 10pt;\">\u00a0hinten v.l.: A. Schorradt, T. Braun, R. Zimmermann<\/span><br \/><span style=\"font-size: 10pt;\">vorne v.l.: M. Hummel, P. M\u00fcller, H. Trinkle<br \/><\/span><\/td>\n<td>\u00a0<\/td>\n<td style=\"text-align: right;\">\u00a0<\/td>\n<\/tr>\n<\/tbody>\n<\/table>\n<p style=\"margin-bottom: 0cm;\"><span style=\"font-size: large; font-family: arial,helvetica,sans-serif;\"><b>R\u00fcckblick Saison 2013-14<\/b><\/span><\/p>\n<p><span style=\"font-family: arial,helvetica,sans-serif; font-size: 10pt;\">Nachdem der Klassenerhalt in der Bezirksliga Gr. 4 erst im letzten Verbandsspiel gesichert werden konnte, war das Ziel der neuen Saison logischerweise der Klassenerhalt. Das Team um Mannschaftsf\u00fchrer Thassilo Knapp wurde personell zur neuen Saison kaum ver\u00e4ndert, lediglich Positionsver\u00e4nderungen innerhalb der Mannschaft standen zu Buche.<\/span><\/p>\n<p><span style=\"font-family: arial,helvetica,sans-serif; font-size: 10pt;\">Im ersten Punktspiel war wieder Derbytime: VfL Kirchheim III gegen VfL Kirchheim\u00a0II. Aufgrund diverser Ersatzgestellungen ging die Partie glatt 9:1 verloren. Das n\u00e4chste Duell war dann gleich ein enorm Wichtiges. Es stand dem VfL der TSV Oberboihingen gegen\u00fcber. Dieses Spiel war eines der Abstiegsduelle des vergangenen Jahres und sollte die Weichen f\u00fcr die noch junge Saison stellen. Hochmotiviert ging es in Kirchheim zur Sache, weshalb man schlussendlich einen verdienten 9:5 Heimsieg feiern konnte. Im kuriosen Heimspiel gegen die jungen Bezirksklassen-Aufsteiger vom TV Hochdorf musste eine\u00a0 6:2 F\u00fchrung noch mit \u00a07:9 abgegeben werden. Nach dem Spiel machte sich Ratlosigkeit in der Dritten breit. Man konnte nicht verstehen, wie man solch eine F\u00fchrung noch verspielen konnte. Nach diesem Spiel folgten allerdings ein Pflichtsieg gegen Eislingen sowie ein nicht f\u00fcr m\u00f6glich gehaltenes Unentschieden beim TSV Wendlingen. Im letzten Spiel der Vorrunde stand der TSGV Hattenhofen gegen\u00fcber, die knapp mit 9:7 besiegt wurden und eine gute Vorrunde im gesicherten Mittelfeld bedeutete.<\/span><\/p>\n<p><span style=\"font-family: arial,helvetica,sans-serif; font-size: 10pt;\">Zur R\u00fcckrunde wurde die Mannschaft durch Franz Gl\u00f6ckner, welcher zuvor in der Zweiten gespielt hatte, verst\u00e4rkt und Zimmi machte das hintere und mittlere Paarkreuz unsicher. Man startete mit zwei Niederlagen gegen VfL 2 und Zell in die R\u00fcckrunde, was nicht weiter schlimm war, da nun die zwei st\u00e4rksten Mannschaften der Liga schon mal gespielt waren. Das erste Ausw\u00e4rtsspiel war dann gegen den TV Hochdorf und es wurde wieder eine TT-Schlacht erwartet. So kam es schlie\u00dflich auch und nach ca. 4 Stunden hie\u00df der Sieger wieder TV Hochdorf mit 9:7. Nach drei Niederlagen in Folge sollte gegen die TG Donzdorf der erste R\u00fcckrundenerfolg her. Mit einer guten Mannschaftsleistung konnte sich die Dritte verdient mit 9:5 durchsetzen. Leicht ersatzgeschw\u00e4cht ging es nach Oberboihingen im n\u00e4chsten Verbandsspiel. Die Mannschaft kam aber nicht \u00fcber ein ern\u00fcchterndes 8:8 Unentschieden hinaus. Doch nun kam der VfL-Express doch noch ins Rollen. Nach dem knappen Pflichtsieg gegen Schlusslicht Plattenhardt folgten weitere gegen Eislingen, Wendlingen und Hattenhofen. Besonders gegen Wendlingen und Hattenhofen zeigte die Mannschaft um Mannschaftsf\u00fchrer Thassilo Knapp nochmal ihr Potenzial. Die beiden Spiele wurden souver\u00e4n mit jeweils 9:5 gewonnen, woraufhin am Ende der Saison ein sensationeller 3. Platz (direkt hinter der Zweiten) f\u00fcr die Mannschaft heraussprang. Dieses Ergebnis war nur durch die geschlossenen Mannschaftsleistungen in jedem Spiel zu erreichen.<\/span><\/p>\n<p style=\"margin-bottom: 0cm;\"><span style=\"font-family: arial,helvetica,sans-serif; font-size: 10pt;\">Aufstellung: Gl\u00f6ckner (RR), Knapp, M\u00fcller, Herrmann, Zimmermann, Hummel, Trinkle\u00a0<\/span><\/p>\n<p style=\"margin-bottom: 0cm;\"><span style=\"font-size: large; font-family: arial,helvetica,sans-serif;\"><b>Ausblick Saison 2014-15<\/b><\/span><\/p>\n<p style=\"margin: 0cm 0cm 0pt; text-align: justify;\"><span style=\"color: #000000; font-family: arial,helvetica,sans-serif; font-size: 10pt;\">Mit einem deutlich ver\u00e4nderten Team geht die dritte Mannschaft des VfL in die bevorstehende Bezirksliga-Saison. Gleich drei ehemalige Spieler der zweiten Mannschaft sollen in diesem Jahr f\u00fcr etwas mehr Stabilit\u00e4t als in den Vorjahren sorgen. Man m\u00f6chte fr\u00fchzeitig die Weichen stellen und den tabellarischen Blick eher nach oben als nach unten richten. <\/span><\/p>\n<p style=\"margin-bottom: 0cm;\">\u00a0<\/p>\n<p style=\"margin: 0cm 0cm 0pt; text-align: justify;\"><span style=\"color: #000000; font-family: arial,helvetica,sans-serif; font-size: 10pt;\">Oldie Axel Schorradt und Tobias Braun bilden dabei das erste Paarkreuz, in der Mitte werden Patrick M\u00fcller und J\u00fcrgen Raichle an die Platte gehen. Mit Rene Zimmermann, Martin Hummel und Haiko Trinkle ist auch das hintere Paarkreuz sehr stark besetzt.<\/span><\/p>\n<p style=\"margin-bottom: 0cm;\">\u00a0<\/p>\n<p style=\"margin: 0cm 0cm 0pt; text-align: justify;\"><span style=\"color: #000000; font-family: arial,helvetica,sans-serif; font-size: 10pt;\">Die in diesem Jahr sehr ausgeglichene Liga, in der die zweite Mannschaft des VfL sowie das Team aus Neuhausen leicht favorisiert sind, wird sicherlich einige \u00dcberraschungen bereit halten. Dabei m\u00f6chte die Dritte im positiven Sinne ihren Teil dazu beitragen. Auch wenn man nicht immer in nomineller Bestbesetzung wird antreten k\u00f6nnen, ist die Mannschaft in der Breite in diesem Jahr so gut besetzt, dass sich so mancher vermeintliche Favorit hoffentlich die Z\u00e4hne ausbei\u00dfen wird. <\/span><\/p>\n<p style=\"margin-bottom: 0cm;\">\u00a0<\/p>\n","protected":false},"excerpt":{"rendered":"<p>Herren 3 &#8211; Bezirksliga 2014-15 \u00a0 zur\u00fcck zur \u00dcbersicht\u00a0\u00a0 \u00a0 Rang Q-TTR Name, Vorname 1 1777 Schorradt, Axel 2 1745 Braun, Tobias 3 1677 M\u00fcller, Patrick 4 1705 Raichle, J\u00fcrgen 5 1649 Zimmermann, Rene 6 1650 Hummel, Martin 7 1646 Trinkle, Haiko 8 1623 Schuler, Heiko Links:Tabelle und Spielplan \u00a0hinten v.l.: A. Schorradt, T. Braun, [&hellip;]<\/p>\n","protected":false},"author":1,"featured_media":430,"parent":0,"menu_order":1150,"comment_status":"closed","ping_status":"closed","template":"","meta":{"_et_pb_use_builder":"","_et_pb_old_content":"","_et_gb_content_width":"","ngg_post_thumbnail":0},"_links":{"self":[{"href":"https:\/\/www.vfl-kirchheim.de\/tischtennis\/wp-json\/wp\/v2\/pages\/431"}],"collection":[{"href":"https:\/\/www.vfl-kirchheim.de\/tischtennis\/wp-json\/wp\/v2\/pages"}],"about":[{"href":"https:\/\/www.vfl-kirchheim.de\/tischtennis\/wp-json\/wp\/v2\/types\/page"}],"author":[{"embeddable":true,"href":"https:\/\/www.vfl-kirchheim.de\/tischtennis\/wp-json\/wp\/v2\/users\/1"}],"replies":[{"embeddable":true,"href":"https:\/\/www.vfl-kirchheim.de\/tischtennis\/wp-json\/wp\/v2\/comments?post=431"}],"version-history":[{"count":1,"href":"https:\/\/www.vfl-kirchheim.de\/tischtennis\/wp-json\/wp\/v2\/pages\/431\/revisions"}],"predecessor-version":[{"id":959,"href":"https:\/\/www.vfl-kirchheim.de\/tischtennis\/wp-json\/wp\/v2\/pages\/431\/revisions\/959"}],"wp:featuredmedia":[{"embeddable":true,"href":"https:\/\/www.vfl-kirchheim.de\/tischtennis\/wp-json\/wp\/v2\/media\/430"}],"wp:attachment":[{"href":"https:\/\/www.vfl-kirchheim.de\/tischtennis\/wp-json\/wp\/v2\/media?parent=431"}],"curies":[{"name":"wp","href":"https:\/\/api.w.org\/{rel}","templated":true}]}}