{"id":155,"date":"2014-04-21T15:33:22","date_gmt":"2014-04-21T13:33:22","guid":{"rendered":"https:\/\/www.vfl-kirchheim.de\/tischtennis\/\/ti-sm-2015-einladung\/"},"modified":"2023-06-05T20:47:54","modified_gmt":"2023-06-05T18:47:54","slug":"ti-sm-2015-einladung","status":"publish","type":"page","link":"https:\/\/www.vfl-kirchheim.de\/tischtennis\/ti-sm-2015-einladung\/","title":{"rendered":"TI_SM_2015_Einladung"},"content":{"rendered":"<p><span style=\"font-size: 12pt;\"><span style=\"font-size: 12pt;\"><strong><br \/><span style=\"color: #000000;\"><span style=\"font-size: 18pt;\">Einladung zu den Kirchheimer Stadtmeisterschaften <\/span><span style=\"font-size: medium;\"><span style=\"font-size: 18pt;\">2015<\/span><br \/><\/span><\/span><\/strong><\/span><\/span><\/p>\n<table style=\"height: 1604px;\" width=\"750\">\n<tbody>\n<tr>\n<td style=\"width: 150px;\" scope=\"col\"><span style=\"font-size: 12pt;\"><strong>\u00a0<\/strong><\/span><\/td>\n<td style=\"text-align: right;\"><span style=\"font-size: 12pt;\"><a href=\"https:\/\/www.vfl-kirchheim.de\/tischtennis\/\/ti-sm-2015\/\">zur\u00fcck zur \u00dcbersicht<\/a>\u00a0<\/span><\/td>\n<\/tr>\n<tr>\n<td style=\"width: 150px;\" scope=\"col\"><strong>Austragungsort<\/strong><\/td>\n<td>Sporthalle des Ludwig-Uhland-Gymnasiums Kirchheim, Hahnweidstr. 30<\/td>\n<\/tr>\n<tr>\n<td style=\"width: 150px;\" scope=\"col\"><strong>Termin<\/strong><\/td>\n<td>10. und 11. Januar 2015<\/td>\n<\/tr>\n<tr>\n<td style=\"width: 150px;\" scope=\"col\"><strong>Teilnehmer<\/strong><\/td>\n<td style=\"vertical-align: top;\">Teilnahmeberechtigt sind alle Spielerinnen und Spieler, die einem Verein der Bezirke Esslingen und Stuttgart angeh\u00f6ren und dort in einer aktiven Mannschaft gemeldet sind, sowie eingeladene Spieler.<\/td>\n<\/tr>\n<tr>\n<td style=\"width: 150px;\" scope=\"col\"><strong>Austragungssystem<\/strong><\/td>\n<td style=\"vertical-align: top;\">\u00a0Alle Doppelkonkurrenzen werden im einfachen KO-System ausgetragen. In den Einzelkonkurrenzen wird zun\u00e4chst in Gruppen mit 4-5 Teilnehmern gespielt. Die beiden Erstplazierten jeder Gruppe qualifizieren sich f\u00fcr die Endrunde, die dann im einfachen KO-System ausgetragen wird. Dritte Pl\u00e4tze werden nicht ausgespielt.<\/td>\n<\/tr>\n<tr>\n<td style=\"width: 150px;\" scope=\"col\"><strong>Turnierklassen<\/strong><\/td>\n<td>\u00a0<\/p>\n<table style=\"height: 278px;\" width=\"476\">\n<tbody>\n<tr>\n<td width=\"142\">Bambina\/Bambino U11:<\/td>\n<td width=\"175\">1.1.04 und j\u00fcnger<\/td>\n<\/tr>\n<tr>\n<td>M\u00e4dchen\/Jungen U13:<\/td>\n<td>1.1.02 &#8211; 31.12.03<\/td>\n<\/tr>\n<tr>\n<td>M\u00e4dchen\/Jungen U15:<\/td>\n<td>1.1.00 &#8211; 31.12.01<\/td>\n<\/tr>\n<tr>\n<td>M\u00e4dchen\/Jungen U18:<\/td>\n<td>1.1.97 &#8211; 31.12.99<\/td>\n<\/tr>\n<tr>\n<td>Damen A-Klasse<\/td>\n<td>QTTR-Wert 1301 und h\u00f6her<\/td>\n<\/tr>\n<tr>\n<td>Damen B-Klasse<\/td>\n<td>QTTR-Wert bis 1300<\/td>\n<\/tr>\n<tr>\n<td>Herren A-Klasse<\/td>\n<td>QTTR-Wert 1701 und h\u00f6her<\/td>\n<\/tr>\n<tr>\n<td>Herren B-Klasse<\/td>\n<td>QTTR-Wert 1551 &#8211; 1700<\/td>\n<\/tr>\n<tr>\n<td>Herren C-Klasse<\/td>\n<td>QTTR-Wert 1351 &#8211; 1550<\/td>\n<\/tr>\n<tr>\n<td>Herren D-Klasse<\/td>\n<td>QTTR-Wert bis 1350<\/td>\n<\/tr>\n<\/tbody>\n<\/table>\n<\/td>\n<\/tr>\n<tr>\n<td><strong>Hinweise<\/strong><\/td>\n<td>\u00a0<\/p>\n<table style=\"height: 230px;\" width=\"500\">\n<tbody>\n<tr>\n<td width=\"364\">Es werden keine TTR-Punkte vergeben!<\/td>\n<\/tr>\n<tr>\n<td>Die Setzung erfolgt anhand der QTTR-Rangliste, Stichtag 11.12.2014.<\/td>\n<\/tr>\n<tr>\n<td>Auf Wunsch kann in der gem\u00e4\u00df QTTR-Wert unmittelbar dar\u00fcberliegenden Turnierklasse gestartet werden.<\/td>\n<\/tr>\n<tr>\n<td>An einem Turniertag darf nur in einer Turnierklasse gespielt werden.<\/td>\n<\/tr>\n<tr>\n<td>Spieler der Herren C-Klasse k\u00f6nnen aus organisatorischen Gr\u00fcnden nicht am Mixed-Wettbewerb teilnehmen.<\/td>\n<\/tr>\n<\/tbody>\n<\/table>\n<\/td>\n<\/tr>\n<tr>\n<td><strong>Zeitplan<\/strong><\/td>\n<td>\u00a0<\/p>\n<table style=\"height: 333px;\" width=\"542\">\n<tbody>\n<tr>\n<td width=\"142\"><strong>Samstag, 10.1.2015<\/strong><\/td>\n<td style=\"width: 100px;\" scope=\"col\" width=\"175\">09.00 Uhr<\/td>\n<td width=\"269\">Bambina und Bambino U11 Einzel<\/td>\n<\/tr>\n<tr>\n<td>\u00a0<\/td>\n<td style=\"width: 100px;\" scope=\"col\">09.00 Uhr<\/td>\n<td>M\u00e4dchen und Jungen U13 Einzel<\/td>\n<\/tr>\n<tr>\n<td>\u00a0<\/td>\n<td style=\"width: 100px;\" scope=\"col\">10.30 Uhr<\/td>\n<td>M\u00e4dchen und Jungen U15 Einzel<\/td>\n<\/tr>\n<tr>\n<td>\u00a0<\/td>\n<td style=\"width: 100px;\" scope=\"col\">12.00 Uhr<\/td>\n<td>M\u00e4dchen und Jungen U18 Einzel<\/td>\n<\/tr>\n<tr>\n<td>\u00a0<\/td>\n<td style=\"width: 100px;\" scope=\"col\">13.30 Uhr<\/td>\n<td>Herren D- und B-Klasse Doppel<\/td>\n<\/tr>\n<tr>\n<td>\u00a0<\/td>\n<td style=\"width: 100px;\" scope=\"col\">15.30 Uhr<\/td>\n<td>Herren D- und B-Klasse Einzel<\/td>\n<\/tr>\n<tr>\n<td><strong>Sonntag, 11.1.2015<\/strong><\/td>\n<td style=\"width: 100px;\" scope=\"col\">09.00 Uhr<\/td>\n<td>Herren C-Klasse Doppel<\/td>\n<\/tr>\n<tr>\n<td>\u00a0<\/td>\n<td style=\"width: 100px;\" scope=\"col\">10.00 Uhr<\/td>\n<td>Mixed Aktive<\/td>\n<\/tr>\n<tr>\n<td>\u00a0<\/td>\n<td style=\"width: 100px;\" scope=\"col\">10.30 Uhr<\/td>\n<td>Herren C-Klasse Einzel<\/td>\n<\/tr>\n<tr>\n<td>\u00a0<\/td>\n<td style=\"width: 100px;\" scope=\"col\">12.00 Uhr<\/td>\n<td>Damen B-, Damen A-, Herren A-Klasse Doppel<\/td>\n<\/tr>\n<tr>\n<td>\u00a0<\/td>\n<td style=\"width: 100px;\" scope=\"col\">13.15 Uhr<\/td>\n<td>Damen B- und Damen A-Klasse Einzel<\/td>\n<\/tr>\n<tr>\n<td>\u00a0<\/td>\n<td style=\"width: 100px;\" scope=\"col\">14.00 Uhr<\/td>\n<td>Herren A-Klasse Einzel<\/td>\n<\/tr>\n<\/tbody>\n<\/table>\n<\/td>\n<\/tr>\n<tr>\n<td><strong>Meldungen<\/strong><\/td>\n<td>Ausschlie\u00dflich online bis<strong><strong> Mittwoch, 07.01.2015<br \/><\/strong><\/strong><\/p>\n<p>Bitte\u00a0nach der erfolgreichen Online-Anmeldung\u00a0die Anmeldebest\u00e4tigung ausdrucken und am Turniertag mitbringen.<\/p>\n<\/td>\n<\/tr>\n<tr>\n<td><strong>Startgeld<\/strong><\/td>\n<td>\u00a0<\/p>\n<table width=\"444\">\n<tbody>\n<tr>\n<td colspan=\"2\" width=\"444\">Jeweils pro Teilnehmer und Turnierklasse:<\/td>\n<\/tr>\n<tr>\n<td>M\u00e4dchen und Jungen U11, U13, U15<\/td>\n<td>5,00 \u20ac<\/td>\n<\/tr>\n<tr>\n<td>M\u00e4dchen und Jungen U18<\/td>\n<td>6,00 \u20ac<\/td>\n<\/tr>\n<tr>\n<td>Damen und Herren<\/td>\n<td>8,00 \u20ac<\/td>\n<\/tr>\n<tr>\n<td>Mixed Aktive<\/td>\n<td>2,00 \u20ac<\/td>\n<\/tr>\n<\/tbody>\n<\/table>\n<\/td>\n<\/tr>\n<tr>\n<td><strong>Urkunden, Preise<\/strong><\/td>\n<td>Die vier Erstplatzierten jeder Klasse erhalten Urkunden, die vier Erstplatzierten der\u00a0Einzelkonkurrenzen erhalten zus\u00e4tzlich Geld- bzw. Sachpreise.<\/td>\n<\/tr>\n<tr>\n<td><strong>Sponsoren<\/strong><\/td>\n<td>Herren A-Klasse: <strong>SV SparkassenVersicherung<\/strong>, Gebietsdirektion Owen Vogel &#8211; Schmid &#8211; Precker<br \/>Damen A-Klasse: <strong>Augenoptik im Alten Haus<\/strong>, Dettinger Str. 2, 73230 Kirchheim\/Teck<br \/>Herren B-Klasse: <strong>Prophylaxestudio Herrmann<\/strong>, Wellingstr. 20, 73230 Kirchheim\/Teck<\/td>\n<\/tr>\n<tr>\n<td><strong>\u00a0Verpflegung<\/strong><\/td>\n<td>W\u00e4hrend der beiden Turniertage ist f\u00fcr die Verpflegung bestens gesorgt.<\/td>\n<\/tr>\n<tr>\n<td>\u00a0<\/td>\n<td style=\"text-align: right;\"><span style=\"color: #000000;\"><strong><span style=\"font-size: medium;\"><span style=\"font-size: 14pt;\">\u00a0<\/span><\/span><\/strong><\/span><\/td>\n<\/tr>\n<\/tbody>\n<\/table>\n","protected":false},"excerpt":{"rendered":"<p>Einladung zu den Kirchheimer Stadtmeisterschaften 2015 \u00a0 zur\u00fcck zur \u00dcbersicht\u00a0 Austragungsort Sporthalle des Ludwig-Uhland-Gymnasiums Kirchheim, Hahnweidstr. 30 Termin 10. und 11. Januar 2015 Teilnehmer Teilnahmeberechtigt sind alle Spielerinnen und Spieler, die einem Verein der Bezirke Esslingen und Stuttgart angeh\u00f6ren und dort in einer aktiven Mannschaft gemeldet sind, sowie eingeladene Spieler. Austragungssystem \u00a0Alle Doppelkonkurrenzen werden im [&hellip;]<\/p>\n","protected":false},"author":1,"featured_media":0,"parent":0,"menu_order":1175,"comment_status":"closed","ping_status":"closed","template":"","meta":{"_et_pb_use_builder":"","_et_pb_old_content":"","_et_gb_content_width":"","ngg_post_thumbnail":0},"_links":{"self":[{"href":"https:\/\/www.vfl-kirchheim.de\/tischtennis\/wp-json\/wp\/v2\/pages\/155"}],"collection":[{"href":"https:\/\/www.vfl-kirchheim.de\/tischtennis\/wp-json\/wp\/v2\/pages"}],"about":[{"href":"https:\/\/www.vfl-kirchheim.de\/tischtennis\/wp-json\/wp\/v2\/types\/page"}],"author":[{"embeddable":true,"href":"https:\/\/www.vfl-kirchheim.de\/tischtennis\/wp-json\/wp\/v2\/users\/1"}],"replies":[{"embeddable":true,"href":"https:\/\/www.vfl-kirchheim.de\/tischtennis\/wp-json\/wp\/v2\/comments?post=155"}],"version-history":[{"count":1,"href":"https:\/\/www.vfl-kirchheim.de\/tischtennis\/wp-json\/wp\/v2\/pages\/155\/revisions"}],"predecessor-version":[{"id":951,"href":"https:\/\/www.vfl-kirchheim.de\/tischtennis\/wp-json\/wp\/v2\/pages\/155\/revisions\/951"}],"wp:attachment":[{"href":"https:\/\/www.vfl-kirchheim.de\/tischtennis\/wp-json\/wp\/v2\/media?parent=155"}],"curies":[{"name":"wp","href":"https:\/\/api.w.org\/{rel}","templated":true}]}}